{"id":1271,"date":"2024-02-08T14:52:56","date_gmt":"2024-02-08T12:52:56","guid":{"rendered":"https:\/\/blogi.eoppimispalvelut.fi\/opopaivat2024\/?page_id=1271"},"modified":"2024-02-08T15:02:43","modified_gmt":"2024-02-08T13:02:43","slug":"kuljetusaikataulut","status":"publish","type":"page","link":"https:\/\/blogi.eoppimispalvelut.fi\/opopaivat2024\/kuljetusaikataulut\/","title":{"rendered":"Kuljetusaikataulut"},"content":{"rendered":"\t\t<div data-elementor-type=\"wp-page\" data-elementor-id=\"1271\" class=\"elementor elementor-1271\">\n\t\t\t\t\t\t<section class=\"elementor-section elementor-top-section elementor-element elementor-element-02cae43 elementor-section-boxed elementor-section-height-default elementor-section-height-default\" data-id=\"02cae43\" data-element_type=\"section\" data-e-type=\"section\">\n\t\t\t\t\t\t<div class=\"elementor-container elementor-column-gap-default\">\n\t\t\t\t\t<div class=\"elementor-column elementor-col-100 elementor-top-column elementor-element elementor-element-ada18e9\" data-id=\"ada18e9\" data-element_type=\"column\" data-e-type=\"column\">\n\t\t\t<div class=\"elementor-widget-wrap elementor-element-populated\">\n\t\t\t\t\t\t<div class=\"elementor-element elementor-element-93c555a elementor-widget elementor-widget-text-editor\" data-id=\"93c555a\" data-element_type=\"widget\" data-e-type=\"widget\" data-widget_type=\"text-editor.default\">\n\t\t\t\t<div class=\"elementor-widget-container\">\n\t\t\t\t\t\t\t\t\t<div dir=\"ltr\">\n<div>\n<p><strong><span style=\"color: #ffffff\">KULJETUKSET TORSTAINA 8.2.2024<\/span><\/strong><\/p>\n<\/div>\n<\/div>\n<div dir=\"ltr\">\n<div>\n<p><span style=\"color: #ffffff\">TUTUSTUMISK\u00c4YNNIT 8.2.2024 (suluissa auton numero)<\/span><\/p>\n<ul>\n<li style=\"list-style-type: none\">\n<ul>\n<li style=\"list-style-type: none\">\n<ul>\n<li><span lang=\"en-US\" style=\"color: #ffffff\">Kemijoki Oy&nbsp; klo 12.00&nbsp; (1)<\/span><\/li>\n<li><span lang=\"en-US\" style=\"color: #ffffff\">Arctic Snowhotel &amp; Glass Igloos klo 12.00 ( 2)<\/span><\/li>\n<li><span style=\"color: #ffffff\">Lapin ammattikorkeakoulu klo 12.00 (3)<\/span><\/li>\n<li><span style=\"color: #ffffff\">REDU Lentokoneasennus&nbsp; klo 12.00 (5)<\/span><\/li>\n<li><span style=\"color: #ffffff\">LUOVI klo 12.00&nbsp; pikkubussit nro 6<\/span><\/li>\n<li><span style=\"color: #ffffff\">&nbsp;Ohjattu talvireippailu&nbsp; klo 12.00 ( 7)<\/span><\/li>\n<li><span style=\"color: #ffffff\">Lapin yliopisto Taiteiden tiedekunta klo 12.40 (3)<\/span><\/li>\n<li><span style=\"color: #ffffff\">LAPPSET GROUP Oy&nbsp; klo 12.40 (4)<\/span><\/li>\n<li><span style=\"color: #ffffff\">Maavoimat J\u00e4\u00e4k\u00e4riprikaati ( 8) klo 12.40<\/span><\/li>\n<li><span style=\"color: #ffffff\">BRP Finland OY ( 9) klo 12:50<\/span><\/li>\n<\/ul>\n<\/li>\n<\/ul>\n<\/li>\n<\/ul>\n<p><span style=\"color: #ffffff\">Kokoontuminen Hotelli Santa Clausin aulaan n 15 minuuttia ennen l\u00e4ht\u00f6aikaa. Siirtyminen oppaan johdolla ajoneuvoon. Ajoneuvot odottavat Korkalonkadun varressa hotellin sis\u00e4\u00e4nk\u00e4ynnin vasemmalla puolella.<\/span><\/p>\n<p><\/p>\n<p><span style=\"color: #ffffff\">L\u00c4HT\u00d6AJAT KOHTEISIIN ROVANIEMEN KESKUSTASSA JONNE MENN\u00c4\u00c4N K\u00c4VELLEN<\/span><\/p>\n<ul>\n<li style=\"list-style-type: none\">\n<ul>\n<li style=\"list-style-type: none\">\n<ul>\n<li><span style=\"color: #ffffff\">Taito Lappi klo 12.00<\/span><\/li>\n<li><span style=\"color: #ffffff\">Tiedekeskus Pilke klo 12.10<\/span><\/li>\n<li><span style=\"color: #ffffff\">Kulttuuritalo Korundi&nbsp; klo 12.15<\/span><\/li>\n<li><span style=\"color: #ffffff\">ARKTIKUM\/Arktinen keskus klo 12.30<\/span><\/li>\n<li><span style=\"color: #ffffff\">Rovaniemen teatteri klo 12.30<\/span><\/li>\n<\/ul>\n<\/li>\n<\/ul>\n<\/li>\n<\/ul>\n<p><span style=\"color: #ffffff\">Kokoontuminen hotellin aulaan n 15 minuuttia ennen l\u00e4ht\u00f6\u00e4.<\/span><br aria-hidden=\"true\"><span style=\"color: #ffffff\">Matkaan l\u00e4hdet\u00e4\u00e4n oppaan johdolla yhdess\u00e4. L\u00e4mmint\u00e4 p\u00e4\u00e4lle!<\/span><\/p>\n<p><\/p>\n<p><strong><span style=\"color: #ffffff\">KULJETUKSET PERJANTAINA 9.2.2024<\/span><\/strong><\/p>\n<p style=\"padding-left: 40px\"><span style=\"color: #ffffff\">Kuljetukset j\u00e4rjestet\u00e4\u00e4n 9.2.2024 aamulla ennen tilaisuuden alkua keskustasta Lapin amk:n kampukselle.&nbsp; L\u00e4ht\u00f6paikka Hotelli Santa Claus Korkalonkatu 29. Bussit odottavat Korkalonkadulla hotellin sis\u00e4\u00e4nk\u00e4ynnin vasemmalla puolella.<\/span><\/p>\n<p style=\"padding-left: 40px\"><span style=\"color: #ffffff\">Kuljetukset j\u00e4rjestet\u00e4\u00e4n klo 8.00 alkaen kolmella linja-autolla. Ensimm\u00e4inen kuljetus l\u00e4htee klo 8.00, toinen kuljetus arviolta klo 8.30.<\/span><\/p>\n<p style=\"padding-left: 40px\"><span style=\"color: #ffffff\">Paluukuljetukset p\u00e4iv\u00e4n p\u00e4\u00e4tteeksi Lapin amk campukselta klo 17.00 alkaen kolmella linja-autolla. Ensimm\u00e4inen kuljetus l\u00e4htee klo 17.00 ja toinen arviolta 17.30. Kuljetuksen l\u00e4ht\u00f6paikka l\u00f6ytyy campus kartalta.<\/span><\/p>\n<p><\/p>\n<\/div>\n<\/div>\n<div dir=\"ltr\">\n<div>\n<p><span style=\"color: #ffffff\">Kuljetuksia sponsoroivat Lapin koulutuskeskus REDU, Kemijoki Oy ja Ammattiopisto Luovi.<\/span><\/p>\n<\/div>\n<\/div>\t\t\t\t\t\t\t\t<\/div>\n\t\t\t\t<\/div>\n\t\t\t\t\t<\/div>\n\t\t<\/div>\n\t\t\t\t\t<\/div>\n\t\t<\/section>\n\t\t\t\t<\/div>\n\t\t","protected":false},"excerpt":{"rendered":"<p>KULJETUKSET TORSTAINA 8.2.2024 TUTUSTUMISK\u00c4YNNIT 8.2.2024 (suluissa auton numero) Kemijoki Oy&nbsp; klo 12.00&nbsp; (1) Arctic Snowhotel &amp; Glass Igloos klo 12.00 ( 2) Lapin ammattikorkeakoulu klo 12.00 (3) REDU Lentokoneasennus&nbsp; klo 12.00 (5) LUOVI klo 12.00&nbsp; pikkubussit nro 6 &nbsp;Ohjattu talvireippailu&nbsp; klo 12.00 ( 7) Lapin yliopisto Taiteiden tiedekunta klo 12.40 (3) LAPPSET GROUP Oy&nbsp; klo &hellip; <\/p>\n<p class=\"link-more\"><a href=\"https:\/\/blogi.eoppimispalvelut.fi\/opopaivat2024\/kuljetusaikataulut\/\" class=\"more-link\">Continue reading<span class=\"screen-reader-text\"> &#8221;Kuljetusaikataulut&#8221;<\/span><\/a><\/p>\n","protected":false},"author":20363,"featured_media":0,"parent":0,"menu_order":0,"comment_status":"closed","ping_status":"closed","template":"","meta":{"footnotes":""},"class_list":["post-1271","page","type-page","status-publish","hentry"],"_links":{"self":[{"href":"https:\/\/blogi.eoppimispalvelut.fi\/opopaivat2024\/wp-json\/wp\/v2\/pages\/1271","targetHints":{"allow":["GET"]}}],"collection":[{"href":"https:\/\/blogi.eoppimispalvelut.fi\/opopaivat2024\/wp-json\/wp\/v2\/pages"}],"about":[{"href":"https:\/\/blogi.eoppimispalvelut.fi\/opopaivat2024\/wp-json\/wp\/v2\/types\/page"}],"author":[{"embeddable":true,"href":"https:\/\/blogi.eoppimispalvelut.fi\/opopaivat2024\/wp-json\/wp\/v2\/users\/20363"}],"replies":[{"embeddable":true,"href":"https:\/\/blogi.eoppimispalvelut.fi\/opopaivat2024\/wp-json\/wp\/v2\/comments?post=1271"}],"version-history":[{"count":7,"href":"https:\/\/blogi.eoppimispalvelut.fi\/opopaivat2024\/wp-json\/wp\/v2\/pages\/1271\/revisions"}],"predecessor-version":[{"id":1279,"href":"https:\/\/blogi.eoppimispalvelut.fi\/opopaivat2024\/wp-json\/wp\/v2\/pages\/1271\/revisions\/1279"}],"wp:attachment":[{"href":"https:\/\/blogi.eoppimispalvelut.fi\/opopaivat2024\/wp-json\/wp\/v2\/media?parent=1271"}],"curies":[{"name":"wp","href":"https:\/\/api.w.org\/{rel}","templated":true}]}}