{"id":1296,"date":"2024-02-21T10:46:51","date_gmt":"2024-02-21T08:46:51","guid":{"rendered":"https:\/\/blogi.eoppimispalvelut.fi\/opopaivat2024\/?page_id=1296"},"modified":"2024-04-09T08:20:56","modified_gmt":"2024-04-09T05:20:56","slug":"opopaivien-2024-materiaalit","status":"publish","type":"page","link":"https:\/\/blogi.eoppimispalvelut.fi\/opopaivat2024\/opopaivien-2024-materiaalit\/","title":{"rendered":"Opop\u00e4ivien 2024 materiaalit"},"content":{"rendered":"\t\t<div data-elementor-type=\"wp-page\" data-elementor-id=\"1296\" class=\"elementor elementor-1296\">\n\t\t\t\t\t\t<section class=\"elementor-section elementor-top-section elementor-element elementor-element-8885c4e elementor-section-boxed elementor-section-height-default elementor-section-height-default\" data-id=\"8885c4e\" data-element_type=\"section\" data-e-type=\"section\">\n\t\t\t\t\t\t<div class=\"elementor-container elementor-column-gap-default\">\n\t\t\t\t\t<div class=\"elementor-column elementor-col-100 elementor-top-column elementor-element elementor-element-5b77add\" data-id=\"5b77add\" data-element_type=\"column\" data-e-type=\"column\">\n\t\t\t<div class=\"elementor-widget-wrap elementor-element-populated\">\n\t\t\t\t\t\t<div class=\"elementor-element elementor-element-d09c51c elementor-widget elementor-widget-heading\" data-id=\"d09c51c\" data-element_type=\"widget\" data-e-type=\"widget\" data-widget_type=\"heading.default\">\n\t\t\t\t<div class=\"elementor-widget-container\">\n\t\t\t\t\t<h2 class=\"elementor-heading-title elementor-size-default\">Soli rohki fiini\u00e4 puhetta.<\/h2>\t\t\t\t<\/div>\n\t\t\t\t<\/div>\n\t\t\t\t<div class=\"elementor-element elementor-element-f4e5043 elementor-widget elementor-widget-text-editor\" data-id=\"f4e5043\" data-element_type=\"widget\" data-e-type=\"widget\" data-widget_type=\"text-editor.default\">\n\t\t\t\t<div class=\"elementor-widget-container\">\n\t\t\t\t\t\t\t\t\t<p><span style=\"color: #ffffff\">T\u00e4lt\u00e4 sivulta l\u00f6yd\u00e4t materiaaleja opop\u00e4ivilt\u00e4!<\/span><\/p>\t\t\t\t\t\t\t\t<\/div>\n\t\t\t\t<\/div>\n\t\t\t\t<div class=\"elementor-element elementor-element-19bb676 elementor-widget elementor-widget-text-editor\" data-id=\"19bb676\" data-element_type=\"widget\" data-e-type=\"widget\" data-widget_type=\"text-editor.default\">\n\t\t\t\t<div class=\"elementor-widget-container\">\n\t\t\t\t\t\t\t\t\t<p><strong><span style=\"color: #ffffff\">Puhujia koskevat materiaalit ja nettisivustot<\/span><\/strong><\/p>\t\t\t\t\t\t\t\t<\/div>\n\t\t\t\t<\/div>\n\t\t\t\t<div class=\"elementor-element elementor-element-c9605d5 elementor-widget elementor-widget-text-editor\" data-id=\"c9605d5\" data-element_type=\"widget\" data-e-type=\"widget\" data-widget_type=\"text-editor.default\">\n\t\t\t\t<div class=\"elementor-widget-container\">\n\t\t\t\t\t\t\t\t\t<div dir=\"ltr\"><div class=\"x_WordSection1\"><p class=\"x_MsoNormal\"><em><span style=\"color: #ffffff\">Esko Valtaojan materiaali ei tule jakoon julkisesti opop\u00e4ivien kotisivuille!<\/span><\/em><\/p><\/div><\/div><p class=\"x_MsoNormal\"><em><span style=\"color: #ffffff\">Esko vastaa mielell\u00e4\u00e4n h\u00e4nen esitelm\u00e4\u00e4ns\u00e4 liittyviin kysymyksiin. Yhteystieto on <a style=\"color: #ffffff\" href=\"mailto:valtaoja@utu.fi\" data-linkindex=\"0\" data-ogsc=\"\">valtaoja@utu.fi<\/a><\/span><\/em><\/p>\t\t\t\t\t\t\t\t<\/div>\n\t\t\t\t<\/div>\n\t\t\t\t<div class=\"elementor-element elementor-element-61fa8d0 elementor-widget elementor-widget-text-editor\" data-id=\"61fa8d0\" data-element_type=\"widget\" data-e-type=\"widget\" data-widget_type=\"text-editor.default\">\n\t\t\t\t<div class=\"elementor-widget-container\">\n\t\t\t\t\t\t\t\t\t<div dir=\"ltr\"><div class=\"x_WordSection1\"><div dir=\"ltr\"><div class=\"x_WordSection1\"><p class=\"x_MsoNormal\"><span style=\"color: #ffffff\"><em>Mari Valonmeren materiaali ei tule jakoon julkisesti opop\u00e4ivien kotisivuille! T\u00e4m\u00e4 tieto kerrottiin my\u00f6s luennolla 10.2.2024<\/em><\/span><\/p><\/div><\/div><div dir=\"ltr\"><div class=\"x_WordSection1\"><p class=\"x_MsoNormal\"><span style=\"color: #ffffff\"><em>Jos aihe kiinnostaa voi Mariin ottaa yhteytt\u00e4 seuraavien kanavien kautta:<\/em><\/span><\/p><\/div><\/div><div dir=\"ltr\"><div class=\"x_WordSection1\"><p class=\"x_MsoNormal\"><span style=\"color: #ffffff\"><em><a style=\"color: #ffffff\" href=\"mailto:mari@marivalonmeri.com\" data-linkindex=\"1\" data-ogsc=\"\">mari@marivalonmeri.com<\/a>\u00a0\u00a0\u00a0\u00a0\u00a0 \u00a0IG\u00a0 @marivalonmeri\u00a0\u00a0\u00a0\u00a0\u00a0\u00a0\u00a0\u00a0\u00a0\u00a0<a style=\"color: #ffffff\" title=\"Original URL: http:\/\/www.marivalonmeri.com\/. Click or tap if you trust this link.\" href=\"https:\/\/www.marivalonmeri.com\" data-auth=\"Verified\" data-linkindex=\"2\" data-ogsc=\"\">www.marivalonmeri.com<\/a>\u00a0\u00a0\u00a0\u00a0 X@marivalonmeri\u00a0<\/em><\/span><\/p><\/div><\/div><\/div><\/div>\t\t\t\t\t\t\t\t<\/div>\n\t\t\t\t<\/div>\n\t\t\t\t<div class=\"elementor-element elementor-element-72f0d2e elementor-widget elementor-widget-text-editor\" data-id=\"72f0d2e\" data-element_type=\"widget\" data-e-type=\"widget\" data-widget_type=\"text-editor.default\">\n\t\t\t\t<div class=\"elementor-widget-container\">\n\t\t\t\t\t\t\t\t\t<p><a href=\"https:\/\/blogi.eoppimispalvelut.fi\/opopaivat2024\/files\/2024\/02\/OPO_paivat.pdf\"><span style=\"color: #ffffff\">Jaana Kettusen esitt\u00e4m\u00e4 materiaali<\/span><\/a><\/p>\t\t\t\t\t\t\t\t<\/div>\n\t\t\t\t<\/div>\n\t\t\t\t<div class=\"elementor-element elementor-element-8fbf8ad elementor-widget elementor-widget-text-editor\" data-id=\"8fbf8ad\" data-element_type=\"widget\" data-e-type=\"widget\" data-widget_type=\"text-editor.default\">\n\t\t\t\t<div class=\"elementor-widget-container\">\n\t\t\t\t\t\t\t\t\t<p><span style=\"color: #ffffff\">VAHTO-kortit ja ty\u00f6kirja (suom. ja engl.) on ladattavissa sivulta\u00a0<a style=\"color: #ffffff\" title=\"Original URL: http:\/\/www.vahtoohjaus.fi\/. Click or tap if you trust this link.\" href=\"https:\/\/blogi.eoppimispalvelut.fi\/vahto\/\" data-auth=\"Verified\" data-linkindex=\"0\" data-ogsc=\"\">www.vahtoohjaus.fi<\/a><\/span><\/p>\t\t\t\t\t\t\t\t<\/div>\n\t\t\t\t<\/div>\n\t\t\t\t<div class=\"elementor-element elementor-element-1302ae0 elementor-widget elementor-widget-text-editor\" data-id=\"1302ae0\" data-element_type=\"widget\" data-e-type=\"widget\" data-widget_type=\"text-editor.default\">\n\t\t\t\t<div class=\"elementor-widget-container\">\n\t\t\t\t\t\t\t\t\t<p><span style=\"color: #ffffff\"><strong>TEHEMM\u00c4 POIES &#8211; Ty\u00f6pajojen materiaaleja<\/strong><\/span><\/p><p><a href=\"https:\/\/blogi.eoppimispalvelut.fi\/opopaivat2024\/files\/2024\/02\/Ohjaa-nuori-tulevaan-tyopaja-l-Opopaivat-9.2.2024.pdf\"><span style=\"color: #ffffff\">Ohjaa nuori tulevaan &#8211; ty\u00f6paja<\/span><\/a><\/p><p><a href=\"https:\/\/blogi.eoppimispalvelut.fi\/opopaivat2024\/files\/2024\/02\/Opopaivat-2024-Osaamiskiekko.pdf\"><span style=\"color: #ffffff\">Osaamiskiekko &#8211; ty\u00f6paja<\/span><\/a><\/p><p><a href=\"https:\/\/blogi.eoppimispalvelut.fi\/opopaivat2024\/files\/2024\/02\/Ohjausosaaminen_opopaivat-09_02_2024_JK.pdf\"><span style=\"color: #ffffff\">Ohjausalan ammattilaisen osaamiskuvaukset<\/span><\/a><\/p><p><span style=\"color: #ffffff\"><a style=\"color: #ffffff\" href=\"https:\/\/blogi.eoppimispalvelut.fi\/opopaivat2024\/files\/2024\/02\/Vertaisohjaus-osana-ohjausjarjestelmaa-VALMIS.pdf\">Vertaisohjaus osana ohjausj\u00e4rjestelm\u00e4\u00e4<\/a><\/span><\/p><p><a href=\"https:\/\/sites.google.com\/roiedu.fi\/oppilaanohjaus-hanke\/Tehostettu-oppilaanohjaus\"><span style=\"color: #ffffff\">Mun juttu-pienryhm\u00e4ohjaus &#8211; ty\u00f6paja<\/span><\/a><\/p><p><a href=\"https:\/\/blogi.eoppimispalvelut.fi\/opopaivat2024\/files\/2024\/03\/Tukea-opiskeluun_NY_Klubitalot.pdf\"><span style=\"color: #ffffff\">Tukea opiskeluun &#8211; NY Klubitalot<\/span><\/a><\/p><p><a href=\"https:\/\/blogi.eoppimispalvelut.fi\/opopaivat2024\/files\/2024\/03\/Asuinkunnan-ohjaus-ja-valvonta-missa-mennaan.pdf\"><span style=\"color: #ffffff\">Asuinkunnan ohjaus ja valvonta &#8211; Miss\u00e4 menn\u00e4\u00e4n<\/span><\/a><\/p><p><a href=\"https:\/\/blogi.eoppimispalvelut.fi\/opopaivat2024\/files\/2024\/03\/tulevaisuusraportti_paja_laurivaara.pdf\"><span style=\"color: #ffffff\">Keskustelua nuorten ty\u00f6el\u00e4m\u00e4odotuksista ja arvoista &#8211; ty\u00f6paja<\/span><\/a><\/p><p><a href=\"https:\/\/blogi.eoppimispalvelut.fi\/opopaivat2024\/files\/2024\/03\/9.2.2024_RUORI-opinto-ohjaajan-tyokaluna_Jaana-Heikkinen.pdf\"><span style=\"color: #ffffff\">RUORI opinto-ohjauksen ty\u00f6kaluna\u00a0 &#8211; ty\u00f6paja\u00a0<\/span><\/a><\/p><p><a href=\"https:\/\/blogi.eoppimispalvelut.fi\/opopaivat2024\/files\/2024\/03\/Asuinkunnan-ohjaus-ja-valvonta-missa-mennaan.pdf\"><span style=\"color: #ffffff\">Asuinkunnan ohjaus- ja valvontavastuu &#8211; ty\u00f6paja<\/span><\/a><\/p><p><a href=\"https:\/\/blogi.eoppimispalvelut.fi\/opopaivat2024\/files\/2024\/03\/Tukea-opiskeluun_NY_Klubitalot.pdf\"><span style=\"color: #ffffff\">Opintojen tuki Nuorten Yst\u00e4vien Klubitalossa &#8211; ty\u00f6paja<\/span><\/a><\/p><div><span style=\"color: #ffffff\">Tutustu ty\u00f6el\u00e4m\u00e4\u00e4n<\/span><\/div><div><ul><li style=\"list-style-type: none\"><ul><li><span style=\"color: #ffffff\"><a style=\"color: #ffffff\" href=\"https:\/\/www.opopassi.com\/tyoelama\">Ty\u00f6el\u00e4m\u00e4<\/a>\u00a0(muuttuva ty\u00f6el\u00e4m\u00e4, ty\u00f6nhaun prosessi, matkalla ty\u00f6el\u00e4m\u00e4\u00e4n, min\u00e4 ty\u00f6el\u00e4m\u00e4ss\u00e4)<\/span><\/li><li><span style=\"color: #ffffff\"><a style=\"color: #ffffff\" href=\"https:\/\/www.opopassi.com\/tyoelamaan\">Ty\u00f6el\u00e4m\u00e4\u00e4n-osio<\/a> (<a style=\"color: #ffffff\" href=\"https:\/\/blogi.eoppimispalvelut.fi\/opopaivat2024\/files\/2024\/04\/Tyoelamaan-tuntisuunnitelma-Opopassi.pdf\">tuntisuunnitelma<\/a>\u00a0+ merkin takana)<\/span><\/li><\/ul><\/li><\/ul><div><div><span style=\"color: #ffffff\">Tutustu korkeakouluihin<\/span><\/div><\/div><div><ul><li style=\"list-style-type: none\"><ul><li><span style=\"color: #ffffff\"><a style=\"color: #ffffff\" href=\"https:\/\/www.opopassi.com\/jatko-opinnot\">Jatko-opinnot\u00a0<\/a>(<a style=\"color: #ffffff\" href=\"https:\/\/www.opopassi.com\/korkeaaste\">korkea-aste<\/a>)<\/span><\/li><li><span style=\"color: #ffffff\"><a style=\"color: #ffffff\" href=\"https:\/\/www.opopassi.com\/polut\">Polut<\/a><\/span><\/li><li><span style=\"color: #ffffff\"><a style=\"color: #ffffff\" href=\"https:\/\/www.opopassi.com\/korkeakouluun\">Korkeakouluun-osio<\/a> (<a style=\"color: #ffffff\" href=\"https:\/\/blogi.eoppimispalvelut.fi\/opopaivat2024\/files\/2024\/04\/Korkeakoulujen-maailma-tehtavan-ohjeistus.pdf\">tuntisuunnitelma<\/a>\u00a0+ merkin takana)<\/span><\/li><\/ul><\/li><\/ul><\/div><\/div>\t\t\t\t\t\t\t\t<\/div>\n\t\t\t\t<\/div>\n\t\t\t\t\t<\/div>\n\t\t<\/div>\n\t\t\t\t\t<\/div>\n\t\t<\/section>\n\t\t\t\t<\/div>\n\t\t","protected":false},"excerpt":{"rendered":"<p>\/*! elementor &#8211; v3.20.0 &#8211; 26-03-2024 *\/ .elementor-heading-title{padding:0;margin:0;line-height:1}.elementor-widget-heading .elementor-heading-title[class*=elementor-size-]&gt;a{color:inherit;font-size:inherit;line-height:inherit}.elementor-widget-heading .elementor-heading-title.elementor-size-small{font-size:15px}.elementor-widget-heading .elementor-heading-title.elementor-size-medium{font-size:19px}.elementor-widget-heading .elementor-heading-title.elementor-size-large{font-size:29px}.elementor-widget-heading .elementor-heading-title.elementor-size-xl{font-size:39px}.elementor-widget-heading .elementor-heading-title.elementor-size-xxl{font-size:59px} Soli rohki fiini\u00e4 puhetta. T\u00e4lt\u00e4 sivulta l\u00f6yd\u00e4t materiaaleja opop\u00e4ivilt\u00e4! Puhujia koskevat materiaalit ja nettisivustot Esko Valtaojan materiaali ei tule jakoon julkisesti opop\u00e4ivien kotisivuille! Esko vastaa mielell\u00e4\u00e4n h\u00e4nen esitelm\u00e4\u00e4ns\u00e4 liittyviin kysymyksiin. Yhteystieto on valtaoja@utu.fi Mari Valonmeren materiaali ei tule jakoon julkisesti opop\u00e4ivien &hellip; <\/p>\n<p class=\"link-more\"><a href=\"https:\/\/blogi.eoppimispalvelut.fi\/opopaivat2024\/opopaivien-2024-materiaalit\/\" class=\"more-link\">Continue reading<span class=\"screen-reader-text\"> &#8221;Opop\u00e4ivien 2024 materiaalit&#8221;<\/span><\/a><\/p>\n","protected":false},"author":20363,"featured_media":0,"parent":0,"menu_order":0,"comment_status":"closed","ping_status":"closed","template":"","meta":{"footnotes":""},"class_list":["post-1296","page","type-page","status-publish","hentry"],"_links":{"self":[{"href":"https:\/\/blogi.eoppimispalvelut.fi\/opopaivat2024\/wp-json\/wp\/v2\/pages\/1296","targetHints":{"allow":["GET"]}}],"collection":[{"href":"https:\/\/blogi.eoppimispalvelut.fi\/opopaivat2024\/wp-json\/wp\/v2\/pages"}],"about":[{"href":"https:\/\/blogi.eoppimispalvelut.fi\/opopaivat2024\/wp-json\/wp\/v2\/types\/page"}],"author":[{"embeddable":true,"href":"https:\/\/blogi.eoppimispalvelut.fi\/opopaivat2024\/wp-json\/wp\/v2\/users\/20363"}],"replies":[{"embeddable":true,"href":"https:\/\/blogi.eoppimispalvelut.fi\/opopaivat2024\/wp-json\/wp\/v2\/comments?post=1296"}],"version-history":[{"count":16,"href":"https:\/\/blogi.eoppimispalvelut.fi\/opopaivat2024\/wp-json\/wp\/v2\/pages\/1296\/revisions"}],"predecessor-version":[{"id":1330,"href":"https:\/\/blogi.eoppimispalvelut.fi\/opopaivat2024\/wp-json\/wp\/v2\/pages\/1296\/revisions\/1330"}],"wp:attachment":[{"href":"https:\/\/blogi.eoppimispalvelut.fi\/opopaivat2024\/wp-json\/wp\/v2\/media?parent=1296"}],"curies":[{"name":"wp","href":"https:\/\/api.w.org\/{rel}","templated":true}]}}