{"id":167,"date":"2022-11-23T13:34:07","date_gmt":"2022-11-23T11:34:07","guid":{"rendered":"https:\/\/blogi.eoppimispalvelut.fi\/opopaivat2021\/?page_id=167"},"modified":"2023-06-09T12:13:04","modified_gmt":"2023-06-09T09:13:04","slug":"saapuminen","status":"publish","type":"page","link":"https:\/\/blogi.eoppimispalvelut.fi\/opopaivat2024\/saapuminen\/","title":{"rendered":"Saapuminen"},"content":{"rendered":"\t\t<div data-elementor-type=\"wp-page\" data-elementor-id=\"167\" class=\"elementor elementor-167\">\n\t\t\t\t\t\t<section class=\"elementor-section elementor-top-section elementor-element elementor-element-4740d23 elementor-section-boxed elementor-section-height-default elementor-section-height-default\" data-id=\"4740d23\" data-element_type=\"section\" data-e-type=\"section\">\n\t\t\t\t\t\t<div class=\"elementor-container elementor-column-gap-no\">\n\t\t\t\t\t<div class=\"elementor-column elementor-col-100 elementor-top-column elementor-element elementor-element-32d589e\" data-id=\"32d589e\" data-element_type=\"column\" data-e-type=\"column\">\n\t\t\t<div class=\"elementor-widget-wrap elementor-element-populated\">\n\t\t\t\t\t\t<div class=\"elementor-element elementor-element-cd91d61 elementor-widget elementor-widget-text-editor\" data-id=\"cd91d61\" data-element_type=\"widget\" data-e-type=\"widget\" data-widget_type=\"text-editor.default\">\n\t\t\t\t<div class=\"elementor-widget-container\">\n\t\t\t\t\t\t\t\t\t<p><span style=\"font-weight: 400;color: #ffffff\">Rovaniemelle p\u00e4\u00e4see helposti lentokoneella, junalla, linja-autolla tai vaikkapa omalla autolla.\u00a0<\/span><\/p><p><span style=\"font-weight: 400;color: #ffffff\">P\u00e4ivien aikana j\u00e4rjestet\u00e4\u00e4n yhteiskuljetuksia mm. keskustan hotelleista Lapin ammattikorkeakoulun Jokiv\u00e4yl\u00e4n kampukselle ja kampukselta tutustumiskohteisiin. Tarkat kuljetusaikataulut tulevat n\u00e4ht\u00e4ville ennen p\u00e4ivien alkua t\u00e4lle sivustolle sek\u00e4 ohjelman yhteyteen.<\/span><\/p><p><span style=\"color: #ffffff\">Otathan my\u00f6s huomioon ett\u00e4 tapahtuma j\u00e4rjestet\u00e4\u00e4n turistikautena, jolloin matkaliput kannattaa varata hyviss\u00e4 ajoin!<\/span><\/p>\t\t\t\t\t\t\t\t<\/div>\n\t\t\t\t<\/div>\n\t\t\t\t\t<\/div>\n\t\t<\/div>\n\t\t\t\t\t<\/div>\n\t\t<\/section>\n\t\t\t\t<section class=\"elementor-section elementor-top-section elementor-element elementor-element-5b51a66 elementor-section-boxed elementor-section-height-default elementor-section-height-default\" data-id=\"5b51a66\" data-element_type=\"section\" data-e-type=\"section\">\n\t\t\t\t\t\t<div class=\"elementor-container elementor-column-gap-default\">\n\t\t\t\t\t<div class=\"elementor-column elementor-col-100 elementor-top-column elementor-element elementor-element-bd2df15\" data-id=\"bd2df15\" data-element_type=\"column\" data-e-type=\"column\">\n\t\t\t<div class=\"elementor-widget-wrap elementor-element-populated\">\n\t\t\t\t\t\t<div class=\"elementor-element elementor-element-42a4fa1 elementor-widget elementor-widget-heading\" data-id=\"42a4fa1\" data-element_type=\"widget\" data-e-type=\"widget\" data-widget_type=\"heading.default\">\n\t\t\t\t<div class=\"elementor-widget-container\">\n\t\t\t\t\t<h2 class=\"elementor-heading-title elementor-size-default\">Lentokone<\/h2>\t\t\t\t<\/div>\n\t\t\t\t<\/div>\n\t\t\t\t<section class=\"elementor-section elementor-inner-section elementor-element elementor-element-a4d9c4d elementor-section-boxed elementor-section-height-default elementor-section-height-default\" data-id=\"a4d9c4d\" data-element_type=\"section\" data-e-type=\"section\">\n\t\t\t\t\t\t<div class=\"elementor-container elementor-column-gap-narrow\">\n\t\t\t\t\t<div class=\"elementor-column elementor-col-50 elementor-inner-column elementor-element elementor-element-866ff06\" data-id=\"866ff06\" data-element_type=\"column\" data-e-type=\"column\">\n\t\t\t<div class=\"elementor-widget-wrap elementor-element-populated\">\n\t\t\t\t\t\t<div class=\"elementor-element elementor-element-2be0798 elementor-widget elementor-widget-image\" data-id=\"2be0798\" data-element_type=\"widget\" data-e-type=\"widget\" data-widget_type=\"image.default\">\n\t\t\t\t<div class=\"elementor-widget-container\">\n\t\t\t\t\t\t\t\t\t\t\t\t\t\t\t<img fetchpriority=\"high\" decoding=\"async\" width=\"740\" height=\"416\" src=\"https:\/\/blogi.eoppimispalvelut.fi\/opopaivat2024\/files\/2023\/04\/Lentokentta-1024x576.png\" class=\"attachment-large size-large wp-image-646\" alt=\"\" srcset=\"https:\/\/blogi.eoppimispalvelut.fi\/opopaivat2024\/files\/2023\/04\/Lentokentta-1024x576.png 1024w, https:\/\/blogi.eoppimispalvelut.fi\/opopaivat2024\/files\/2023\/04\/Lentokentta-300x169.png 300w, https:\/\/blogi.eoppimispalvelut.fi\/opopaivat2024\/files\/2023\/04\/Lentokentta-768x432.png 768w, https:\/\/blogi.eoppimispalvelut.fi\/opopaivat2024\/files\/2023\/04\/Lentokentta.png 1497w\" sizes=\"100vw\" \/>\t\t\t\t\t\t\t\t\t\t\t\t\t\t\t<\/div>\n\t\t\t\t<\/div>\n\t\t\t\t\t<\/div>\n\t\t<\/div>\n\t\t\t\t<div class=\"elementor-column elementor-col-50 elementor-inner-column elementor-element elementor-element-1ef1b20\" data-id=\"1ef1b20\" data-element_type=\"column\" data-e-type=\"column\">\n\t\t\t<div class=\"elementor-widget-wrap elementor-element-populated\">\n\t\t\t\t\t\t<div class=\"elementor-element elementor-element-8bb9b47 elementor-widget elementor-widget-google_maps\" data-id=\"8bb9b47\" data-element_type=\"widget\" data-e-type=\"widget\" data-widget_type=\"google_maps.default\">\n\t\t\t\t<div class=\"elementor-widget-container\">\n\t\t\t\t\t\t\t<div class=\"elementor-custom-embed\">\n\t\t\t<iframe loading=\"lazy\"\n\t\t\t\t\tsrc=\"https:\/\/maps.google.com\/maps?q=Rovaniemen%20Lentokentt%C3%A4&#038;t=m&#038;z=10&#038;output=embed&#038;iwloc=near\"\n\t\t\t\t\ttitle=\"Rovaniemen Lentokentt\u00e4\"\n\t\t\t\t\taria-label=\"Rovaniemen Lentokentt\u00e4\"\n\t\t\t><\/iframe>\n\t\t<\/div>\n\t\t\t\t\t\t<\/div>\n\t\t\t\t<\/div>\n\t\t\t\t\t<\/div>\n\t\t<\/div>\n\t\t\t\t\t<\/div>\n\t\t<\/section>\n\t\t\t\t<div class=\"elementor-element elementor-element-16a66a6 elementor-widget elementor-widget-text-editor\" data-id=\"16a66a6\" data-element_type=\"widget\" data-e-type=\"widget\" data-widget_type=\"text-editor.default\">\n\t\t\t\t<div class=\"elementor-widget-container\">\n\t\t\t\t\t\t\t\t\t<p><span style=\"color: #ffffff\"><b>Lentokoneella<\/b><span style=\"font-weight: 400\"> saavut Rovaniemen lentokent\u00e4lle, josta p\u00e4\u00e4set p\u00e4\u00e4hotellina toimivalle Santa Claus hotellille taksilla. <\/span><\/span><\/p>\t\t\t\t\t\t\t\t<\/div>\n\t\t\t\t<\/div>\n\t\t\t\t\t<\/div>\n\t\t<\/div>\n\t\t\t\t\t<\/div>\n\t\t<\/section>\n\t\t\t\t<section class=\"elementor-section elementor-top-section elementor-element elementor-element-d771551 elementor-section-boxed elementor-section-height-default elementor-section-height-default\" data-id=\"d771551\" data-element_type=\"section\" data-e-type=\"section\">\n\t\t\t\t\t\t<div class=\"elementor-container elementor-column-gap-default\">\n\t\t\t\t\t<div class=\"elementor-column elementor-col-100 elementor-top-column elementor-element elementor-element-0342073\" data-id=\"0342073\" data-element_type=\"column\" data-e-type=\"column\">\n\t\t\t<div class=\"elementor-widget-wrap elementor-element-populated\">\n\t\t\t\t\t\t<div class=\"elementor-element elementor-element-094d59b elementor-widget elementor-widget-heading\" data-id=\"094d59b\" data-element_type=\"widget\" data-e-type=\"widget\" data-widget_type=\"heading.default\">\n\t\t\t\t<div class=\"elementor-widget-container\">\n\t\t\t\t\t<h2 class=\"elementor-heading-title elementor-size-default\">Rautatieasema<\/h2>\t\t\t\t<\/div>\n\t\t\t\t<\/div>\n\t\t\t\t<section class=\"elementor-section elementor-inner-section elementor-element elementor-element-c1a8f59 elementor-section-boxed elementor-section-height-default elementor-section-height-default\" data-id=\"c1a8f59\" data-element_type=\"section\" data-e-type=\"section\">\n\t\t\t\t\t\t<div class=\"elementor-container elementor-column-gap-narrow\">\n\t\t\t\t\t<div class=\"elementor-column elementor-col-50 elementor-inner-column elementor-element elementor-element-8fd3028\" data-id=\"8fd3028\" data-element_type=\"column\" data-e-type=\"column\">\n\t\t\t<div class=\"elementor-widget-wrap elementor-element-populated\">\n\t\t\t\t\t\t<div class=\"elementor-element elementor-element-f8d2556 elementor-widget elementor-widget-image\" data-id=\"f8d2556\" data-element_type=\"widget\" data-e-type=\"widget\" data-widget_type=\"image.default\">\n\t\t\t\t<div class=\"elementor-widget-container\">\n\t\t\t\t\t\t\t\t\t\t\t\t\t\t\t<img decoding=\"async\" width=\"740\" height=\"424\" src=\"https:\/\/blogi.eoppimispalvelut.fi\/opopaivat2024\/files\/2023\/04\/Rovaniemi_rautatieasema-1024x587.jpg\" class=\"attachment-large size-large wp-image-648\" alt=\"\" srcset=\"https:\/\/blogi.eoppimispalvelut.fi\/opopaivat2024\/files\/2023\/04\/Rovaniemi_rautatieasema-1024x587.jpg 1024w, https:\/\/blogi.eoppimispalvelut.fi\/opopaivat2024\/files\/2023\/04\/Rovaniemi_rautatieasema-300x172.jpg 300w, https:\/\/blogi.eoppimispalvelut.fi\/opopaivat2024\/files\/2023\/04\/Rovaniemi_rautatieasema-768x440.jpg 768w, https:\/\/blogi.eoppimispalvelut.fi\/opopaivat2024\/files\/2023\/04\/Rovaniemi_rautatieasema-1536x880.jpg 1536w, https:\/\/blogi.eoppimispalvelut.fi\/opopaivat2024\/files\/2023\/04\/Rovaniemi_rautatieasema.jpg 1806w\" sizes=\"100vw\" \/>\t\t\t\t\t\t\t\t\t\t\t\t\t\t\t<\/div>\n\t\t\t\t<\/div>\n\t\t\t\t\t<\/div>\n\t\t<\/div>\n\t\t\t\t<div class=\"elementor-column elementor-col-50 elementor-inner-column elementor-element elementor-element-7d107e1\" data-id=\"7d107e1\" data-element_type=\"column\" data-e-type=\"column\">\n\t\t\t<div class=\"elementor-widget-wrap elementor-element-populated\">\n\t\t\t\t\t\t<div class=\"elementor-element elementor-element-d6c750a elementor-widget elementor-widget-google_maps\" data-id=\"d6c750a\" data-element_type=\"widget\" data-e-type=\"widget\" data-widget_type=\"google_maps.default\">\n\t\t\t\t<div class=\"elementor-widget-container\">\n\t\t\t\t\t\t\t<div class=\"elementor-custom-embed\">\n\t\t\t<iframe loading=\"lazy\"\n\t\t\t\t\tsrc=\"https:\/\/maps.google.com\/maps?q=Rovaniemen%20Rautatieasema&#038;t=m&#038;z=13&#038;output=embed&#038;iwloc=near\"\n\t\t\t\t\ttitle=\"Rovaniemen Rautatieasema\"\n\t\t\t\t\taria-label=\"Rovaniemen Rautatieasema\"\n\t\t\t><\/iframe>\n\t\t<\/div>\n\t\t\t\t\t\t<\/div>\n\t\t\t\t<\/div>\n\t\t\t\t\t<\/div>\n\t\t<\/div>\n\t\t\t\t\t<\/div>\n\t\t<\/section>\n\t\t\t\t<div class=\"elementor-element elementor-element-2769a11 elementor-widget elementor-widget-text-editor\" data-id=\"2769a11\" data-element_type=\"widget\" data-e-type=\"widget\" data-widget_type=\"text-editor.default\">\n\t\t\t\t<div class=\"elementor-widget-container\">\n\t\t\t\t\t\t\t\t\t<p><span style=\"color: #ffffff\"><b>Junalla<\/b><span style=\"font-weight: 400\"> saavut l\u00e4hell\u00e4 keskustaa olevalle <span style=\"text-decoration: underline;color: #88be65\"><a style=\"color: #88be65;text-decoration: underline\" href=\"https:\/\/www.vr.fi\/rautatieasemat-ja-reitit\/rovaniemi\"><span style=\"text-decoration: underline\"><span>rautatieasemalle<\/span><\/span><\/a><\/span>. <\/span><span style=\"font-weight: 400\">Rautatieasemalta p\u00e4\u00e4set p\u00e4\u00e4hotellina toimivalle Santa Clausille joko k\u00e4vellen (<span style=\"text-decoration: underline;color: #88be65\"><a style=\"color: #88be65;text-decoration: underline\" href=\"https:\/\/www.google.com\/maps\/dir\/Santa's+Hotel+Santa+Claus,+Korkalonkatu,+Rovaniemi\/Rautatieasema+piha,+Rovaniemi\/@66.5004759,25.7007628,14z\/data=!3m1!4b1!4m14!4m13!1m5!1m1!1s0x442b4bf31257c889:0x97b4242594fa1c29!2m2!1d25.7323819!2d66.5025177!1m5!1m1!1s0x442b4b9169622b47:0x6bca83c78d4ba70a!2m2!1d25.7038521!2d66.498445!3e2\">k\u00e4velyreitti<\/a><\/span>), <span style=\"text-decoration: underline;color: #88be65\"><a style=\"color: #88be65;text-decoration: underline\" href=\"https:\/\/www.linkkari.fi\/\">Linkkarilla<\/a><\/span> (linja 6 Ratakadulta ja linja 8 rautatieaseman pihalta) tai taksilla.<\/span><\/span><\/p>\t\t\t\t\t\t\t\t<\/div>\n\t\t\t\t<\/div>\n\t\t\t\t\t<\/div>\n\t\t<\/div>\n\t\t\t\t\t<\/div>\n\t\t<\/section>\n\t\t\t\t<section class=\"elementor-section elementor-top-section elementor-element elementor-element-9929e97 elementor-section-boxed elementor-section-height-default elementor-section-height-default\" data-id=\"9929e97\" data-element_type=\"section\" data-e-type=\"section\">\n\t\t\t\t\t\t<div class=\"elementor-container elementor-column-gap-default\">\n\t\t\t\t\t<div class=\"elementor-column elementor-col-100 elementor-top-column elementor-element elementor-element-8e9a37a\" data-id=\"8e9a37a\" data-element_type=\"column\" data-e-type=\"column\">\n\t\t\t<div class=\"elementor-widget-wrap elementor-element-populated\">\n\t\t\t\t\t\t<div class=\"elementor-element elementor-element-5a20a69 elementor-widget elementor-widget-heading\" data-id=\"5a20a69\" data-element_type=\"widget\" data-e-type=\"widget\" data-widget_type=\"heading.default\">\n\t\t\t\t<div class=\"elementor-widget-container\">\n\t\t\t\t\t<h2 class=\"elementor-heading-title elementor-size-default\">Linja-autoasema<\/h2>\t\t\t\t<\/div>\n\t\t\t\t<\/div>\n\t\t\t\t<section class=\"elementor-section elementor-inner-section elementor-element elementor-element-0a8d5db elementor-section-boxed elementor-section-height-default elementor-section-height-default\" data-id=\"0a8d5db\" data-element_type=\"section\" data-e-type=\"section\">\n\t\t\t\t\t\t<div class=\"elementor-container elementor-column-gap-narrow\">\n\t\t\t\t\t<div class=\"elementor-column elementor-col-50 elementor-inner-column elementor-element elementor-element-e8b3f17\" data-id=\"e8b3f17\" data-element_type=\"column\" data-e-type=\"column\">\n\t\t\t<div class=\"elementor-widget-wrap elementor-element-populated\">\n\t\t\t\t\t\t<div class=\"elementor-element elementor-element-44a15d4 elementor-widget elementor-widget-image\" data-id=\"44a15d4\" data-element_type=\"widget\" data-e-type=\"widget\" data-widget_type=\"image.default\">\n\t\t\t\t<div class=\"elementor-widget-container\">\n\t\t\t\t\t\t\t\t\t\t\t\t\t\t\t<img decoding=\"async\" width=\"740\" height=\"414\" src=\"https:\/\/blogi.eoppimispalvelut.fi\/opopaivat2024\/files\/2023\/04\/linjaautoasema-1024x573.png\" class=\"attachment-large size-large wp-image-649\" alt=\"\" srcset=\"https:\/\/blogi.eoppimispalvelut.fi\/opopaivat2024\/files\/2023\/04\/linjaautoasema-1024x573.png 1024w, https:\/\/blogi.eoppimispalvelut.fi\/opopaivat2024\/files\/2023\/04\/linjaautoasema-300x168.png 300w, https:\/\/blogi.eoppimispalvelut.fi\/opopaivat2024\/files\/2023\/04\/linjaautoasema-768x430.png 768w, https:\/\/blogi.eoppimispalvelut.fi\/opopaivat2024\/files\/2023\/04\/linjaautoasema-1536x860.png 1536w, https:\/\/blogi.eoppimispalvelut.fi\/opopaivat2024\/files\/2023\/04\/linjaautoasema.png 1647w\" sizes=\"100vw\" \/>\t\t\t\t\t\t\t\t\t\t\t\t\t\t\t<\/div>\n\t\t\t\t<\/div>\n\t\t\t\t\t<\/div>\n\t\t<\/div>\n\t\t\t\t<div class=\"elementor-column elementor-col-50 elementor-inner-column elementor-element elementor-element-9322ba7\" data-id=\"9322ba7\" data-element_type=\"column\" data-e-type=\"column\">\n\t\t\t<div class=\"elementor-widget-wrap elementor-element-populated\">\n\t\t\t\t\t\t<div class=\"elementor-element elementor-element-aee9eef elementor-widget elementor-widget-google_maps\" data-id=\"aee9eef\" data-element_type=\"widget\" data-e-type=\"widget\" data-widget_type=\"google_maps.default\">\n\t\t\t\t<div class=\"elementor-widget-container\">\n\t\t\t\t\t\t\t<div class=\"elementor-custom-embed\">\n\t\t\t<iframe loading=\"lazy\"\n\t\t\t\t\tsrc=\"https:\/\/maps.google.com\/maps?q=Rovaniemen%20Linja-autoasema&#038;t=m&#038;z=13&#038;output=embed&#038;iwloc=near\"\n\t\t\t\t\ttitle=\"Rovaniemen Linja-autoasema\"\n\t\t\t\t\taria-label=\"Rovaniemen Linja-autoasema\"\n\t\t\t><\/iframe>\n\t\t<\/div>\n\t\t\t\t\t\t<\/div>\n\t\t\t\t<\/div>\n\t\t\t\t\t<\/div>\n\t\t<\/div>\n\t\t\t\t\t<\/div>\n\t\t<\/section>\n\t\t\t\t<div class=\"elementor-element elementor-element-9909c54 elementor-widget elementor-widget-text-editor\" data-id=\"9909c54\" data-element_type=\"widget\" data-e-type=\"widget\" data-widget_type=\"text-editor.default\">\n\t\t\t\t<div class=\"elementor-widget-container\">\n\t\t\t\t\t\t\t\t\t<p><span style=\"font-weight: 400;color: #ffffff\">Kaukoliikenteen linja-autot saapuvat linja-autoasemalle, josta p\u00e4\u00e4set k\u00e4vellen (<span style=\"text-decoration: underline;color: #22b8c7\"><a style=\"color: #22b8c7;text-decoration: underline\" href=\"https:\/\/www.google.com\/maps\/dir\/Santa's+Hotel+Santa+Claus,+Korkalonkatu,+Rovaniemi\/Rovaniemi+linja-autoasema,+Rovaniemi\/@66.5005264,25.7144219,15z\/data=!3m1!4b1!4m14!4m13!1m5!1m1!1s0x442b4bf31257c889:0x97b4242594fa1c29!2m2!1d25.7323819!2d66.5025177!1m5!1m1!1s0x442b4b92f6adae95:0x5a94a4f653f5848c!2m2!1d25.715535!2d66.498882!3e2\"><span style=\"color: #88be65;text-decoration: underline\">k\u00e4velyreitti<\/span><\/a><\/span>) tai taksilla.<\/span><\/p>\t\t\t\t\t\t\t\t<\/div>\n\t\t\t\t<\/div>\n\t\t\t\t\t<\/div>\n\t\t<\/div>\n\t\t\t\t\t<\/div>\n\t\t<\/section>\n\t\t\t\t<section class=\"elementor-section elementor-top-section elementor-element elementor-element-036279c elementor-section-boxed elementor-section-height-default elementor-section-height-default\" data-id=\"036279c\" data-element_type=\"section\" data-e-type=\"section\">\n\t\t\t\t\t\t<div class=\"elementor-container elementor-column-gap-default\">\n\t\t\t\t\t<div class=\"elementor-column elementor-col-100 elementor-top-column elementor-element elementor-element-b65f3f5\" data-id=\"b65f3f5\" data-element_type=\"column\" data-e-type=\"column\">\n\t\t\t<div class=\"elementor-widget-wrap elementor-element-populated\">\n\t\t\t\t\t\t<div class=\"elementor-element elementor-element-459ad3e elementor-widget elementor-widget-heading\" data-id=\"459ad3e\" data-element_type=\"widget\" data-e-type=\"widget\" data-widget_type=\"heading.default\">\n\t\t\t\t<div class=\"elementor-widget-container\">\n\t\t\t\t\t<h2 class=\"elementor-heading-title elementor-size-default\">Autolla<\/h2>\t\t\t\t<\/div>\n\t\t\t\t<\/div>\n\t\t\t\t<section class=\"elementor-section elementor-inner-section elementor-element elementor-element-b78f2e8 elementor-section-boxed elementor-section-height-default elementor-section-height-default\" data-id=\"b78f2e8\" data-element_type=\"section\" data-e-type=\"section\">\n\t\t\t\t\t\t<div class=\"elementor-container elementor-column-gap-narrow\">\n\t\t\t\t\t<div class=\"elementor-column elementor-col-100 elementor-inner-column elementor-element elementor-element-6c83275\" data-id=\"6c83275\" data-element_type=\"column\" data-e-type=\"column\">\n\t\t\t<div class=\"elementor-widget-wrap elementor-element-populated\">\n\t\t\t\t\t\t<div class=\"elementor-element elementor-element-db52a92 elementor-widget__width-initial elementor-widget elementor-widget-google_maps\" data-id=\"db52a92\" data-element_type=\"widget\" data-e-type=\"widget\" data-widget_type=\"google_maps.default\">\n\t\t\t\t<div class=\"elementor-widget-container\">\n\t\t\t\t\t\t\t<div class=\"elementor-custom-embed\">\n\t\t\t<iframe loading=\"lazy\"\n\t\t\t\t\tsrc=\"https:\/\/maps.google.com\/maps?q=Korkalonkatu%2029&#038;t=m&#038;z=14&#038;output=embed&#038;iwloc=near\"\n\t\t\t\t\ttitle=\"Korkalonkatu 29\"\n\t\t\t\t\taria-label=\"Korkalonkatu 29\"\n\t\t\t><\/iframe>\n\t\t<\/div>\n\t\t\t\t\t\t<\/div>\n\t\t\t\t<\/div>\n\t\t\t\t\t<\/div>\n\t\t<\/div>\n\t\t\t\t\t<\/div>\n\t\t<\/section>\n\t\t\t\t<div class=\"elementor-element elementor-element-49c703f elementor-widget elementor-widget-text-editor\" data-id=\"49c703f\" data-element_type=\"widget\" data-e-type=\"widget\" data-widget_type=\"text-editor.default\">\n\t\t\t\t<div class=\"elementor-widget-container\">\n\t\t\t\t\t\t\t\t\t<p><span style=\"font-weight: 400;color: #000000\"><span style=\"color: #ffffff\">P\u00e4\u00e4hotelli Santa Claus sijaitsee ydinkeskustassa, josta l\u00f6ytyy useita<\/span> <span style=\"text-decoration: underline;color: #88be65\"><a style=\"color: #88be65;text-decoration: underline\" href=\"https:\/\/www.rovaniemi.fi\/Asuminen-ja-ymparisto\/Liikenne-ja-pysakointi\">parkkitaloja ja kadunvarsi parkkipaikkoja<\/a><\/span><span style=\"color: #ffffff\"><span style=\"color: #88be65\">.<\/span>\u00a0<\/span><\/span><\/p><p><span style=\"font-weight: 400;color: #000000\"><span style=\"color: #ffffff\">Lapin AMKin kampus sijaitsee Jokiv\u00e4yl\u00e4 11:ssa, jossa l\u00f6ytyy useita maksuttomia<\/span> <span style=\"color: #88be65\"><span style=\"text-decoration: underline\"><a style=\"color: #88be65;text-decoration: underline\" href=\"https:\/\/www.lapinamk.fi\/loader.aspx?id=07d33535-3a1d-4698-a2d6-d2a97479f5ef\"><span><span>pys\u00e4k\u00f6intialueita<\/span><\/span><\/a><\/span>.<\/span><\/span><\/p>\t\t\t\t\t\t\t\t<\/div>\n\t\t\t\t<\/div>\n\t\t\t\t\t<\/div>\n\t\t<\/div>\n\t\t\t\t\t<\/div>\n\t\t<\/section>\n\t\t\t\t<\/div>\n\t\t","protected":false},"excerpt":{"rendered":"<p>Rovaniemelle p\u00e4\u00e4see helposti lentokoneella, junalla, linja-autolla tai vaikkapa omalla autolla.\u00a0 P\u00e4ivien aikana j\u00e4rjestet\u00e4\u00e4n yhteiskuljetuksia mm. keskustan hotelleista Lapin ammattikorkeakoulun Jokiv\u00e4yl\u00e4n kampukselle ja kampukselta tutustumiskohteisiin. Tarkat kuljetusaikataulut tulevat n\u00e4ht\u00e4ville ennen p\u00e4ivien alkua t\u00e4lle sivustolle sek\u00e4 ohjelman yhteyteen. Otathan my\u00f6s huomioon ett\u00e4 tapahtuma j\u00e4rjestet\u00e4\u00e4n turistikautena, jolloin matkaliput kannattaa varata hyviss\u00e4 ajoin! \/*! elementor &#8211; v3.13.3 &#8211; 28-05-2023 &hellip; <\/p>\n<p class=\"link-more\"><a href=\"https:\/\/blogi.eoppimispalvelut.fi\/opopaivat2024\/saapuminen\/\" class=\"more-link\">Continue reading<span class=\"screen-reader-text\"> &#8221;Saapuminen&#8221;<\/span><\/a><\/p>\n","protected":false},"author":31,"featured_media":0,"parent":0,"menu_order":0,"comment_status":"closed","ping_status":"closed","template":"","meta":{"footnotes":""},"class_list":["post-167","page","type-page","status-publish","hentry"],"_links":{"self":[{"href":"https:\/\/blogi.eoppimispalvelut.fi\/opopaivat2024\/wp-json\/wp\/v2\/pages\/167","targetHints":{"allow":["GET"]}}],"collection":[{"href":"https:\/\/blogi.eoppimispalvelut.fi\/opopaivat2024\/wp-json\/wp\/v2\/pages"}],"about":[{"href":"https:\/\/blogi.eoppimispalvelut.fi\/opopaivat2024\/wp-json\/wp\/v2\/types\/page"}],"author":[{"embeddable":true,"href":"https:\/\/blogi.eoppimispalvelut.fi\/opopaivat2024\/wp-json\/wp\/v2\/users\/31"}],"replies":[{"embeddable":true,"href":"https:\/\/blogi.eoppimispalvelut.fi\/opopaivat2024\/wp-json\/wp\/v2\/comments?post=167"}],"version-history":[{"count":45,"href":"https:\/\/blogi.eoppimispalvelut.fi\/opopaivat2024\/wp-json\/wp\/v2\/pages\/167\/revisions"}],"predecessor-version":[{"id":761,"href":"https:\/\/blogi.eoppimispalvelut.fi\/opopaivat2024\/wp-json\/wp\/v2\/pages\/167\/revisions\/761"}],"wp:attachment":[{"href":"https:\/\/blogi.eoppimispalvelut.fi\/opopaivat2024\/wp-json\/wp\/v2\/media?parent=167"}],"curies":[{"name":"wp","href":"https:\/\/api.w.org\/{rel}","templated":true}]}}