{"id":279,"date":"2023-01-06T21:42:29","date_gmt":"2023-01-06T19:42:29","guid":{"rendered":"https:\/\/blogi.eoppimispalvelut.fi\/opopaivat2021\/?page_id=279"},"modified":"2024-02-09T09:55:25","modified_gmt":"2024-02-09T07:55:25","slug":"ota-yhteytta","status":"publish","type":"page","link":"https:\/\/blogi.eoppimispalvelut.fi\/opopaivat2024\/ota-yhteytta\/","title":{"rendered":"Ota yhteytt\u00e4"},"content":{"rendered":"\t\t<div data-elementor-type=\"wp-page\" data-elementor-id=\"279\" class=\"elementor elementor-279\">\n\t\t\t\t\t\t<section class=\"elementor-section elementor-top-section elementor-element elementor-element-ab278fb elementor-section-boxed elementor-section-height-default elementor-section-height-default\" data-id=\"ab278fb\" data-element_type=\"section\" data-e-type=\"section\">\n\t\t\t\t\t\t<div class=\"elementor-container elementor-column-gap-default\">\n\t\t\t\t\t<div class=\"elementor-column elementor-col-66 elementor-top-column elementor-element elementor-element-40e91cc\" data-id=\"40e91cc\" data-element_type=\"column\" data-e-type=\"column\">\n\t\t\t<div class=\"elementor-widget-wrap elementor-element-populated\">\n\t\t\t\t\t\t<div class=\"elementor-element elementor-element-e807f35 elementor-widget elementor-widget-text-editor\" data-id=\"e807f35\" data-element_type=\"widget\" data-e-type=\"widget\" data-widget_type=\"text-editor.default\">\n\t\t\t\t<div class=\"elementor-widget-container\">\n\t\t\t\t\t\t\t\t\t<p><span style=\"color: #ffffff\">Mik\u00e4li sik\u00e4li sinulle her\u00e4si kysymyksi\u00e4, voit laittaa meille viesti\u00e4 alla olevasta napista!\u00a0<\/span><\/p>\t\t\t\t\t\t\t\t<\/div>\n\t\t\t\t<\/div>\n\t\t\t\t<div class=\"elementor-element elementor-element-4d5d220 elementor-widget elementor-widget-button\" data-id=\"4d5d220\" data-element_type=\"widget\" data-e-type=\"widget\" data-widget_type=\"button.default\">\n\t\t\t\t<div class=\"elementor-widget-container\">\n\t\t\t\t\t\t\t\t\t<div class=\"elementor-button-wrapper\">\n\t\t\t\t\t<a class=\"elementor-button elementor-button-link elementor-size-sm\" href=\"mailto:opopaivat24@gmail.com\">\n\t\t\t\t\t\t<span class=\"elementor-button-content-wrapper\">\n\t\t\t\t\t\t\t\t\t<span class=\"elementor-button-text\">opopaivat24@gmail.com<\/span>\n\t\t\t\t\t<\/span>\n\t\t\t\t\t<\/a>\n\t\t\t\t<\/div>\n\t\t\t\t\t\t\t\t<\/div>\n\t\t\t\t<\/div>\n\t\t\t\t<div class=\"elementor-element elementor-element-71d5c22 elementor-widget elementor-widget-text-editor\" data-id=\"71d5c22\" data-element_type=\"widget\" data-e-type=\"widget\" data-widget_type=\"text-editor.default\">\n\t\t\t\t<div class=\"elementor-widget-container\">\n\t\t\t\t\t\t\t\t\t<p><span style=\"color: #ffffff\">Jos olet n\u00e4ytteileasettaja, ota yhteytt\u00e4 t\u00e4m\u00e4n s\u00e4hk\u00f6postin kautta!<\/span><\/p>\t\t\t\t\t\t\t\t<\/div>\n\t\t\t\t<\/div>\n\t\t\t\t<div class=\"elementor-element elementor-element-0ffbc2c elementor-widget elementor-widget-button\" data-id=\"0ffbc2c\" data-element_type=\"widget\" data-e-type=\"widget\" data-widget_type=\"button.default\">\n\t\t\t\t<div class=\"elementor-widget-container\">\n\t\t\t\t\t\t\t\t\t<div class=\"elementor-button-wrapper\">\n\t\t\t\t\t<a class=\"elementor-button elementor-button-link elementor-size-sm\" href=\"mailto:opoesittelijat24@gmail.com\">\n\t\t\t\t\t\t<span class=\"elementor-button-content-wrapper\">\n\t\t\t\t\t\t\t\t\t<span class=\"elementor-button-text\">opoesittelijat24@gmail.com<\/span>\n\t\t\t\t\t<\/span>\n\t\t\t\t\t<\/a>\n\t\t\t\t<\/div>\n\t\t\t\t\t\t\t\t<\/div>\n\t\t\t\t<\/div>\n\t\t\t\t\t<\/div>\n\t\t<\/div>\n\t\t\t\t<div class=\"elementor-column elementor-col-33 elementor-top-column elementor-element elementor-element-8e551d5\" data-id=\"8e551d5\" data-element_type=\"column\" data-e-type=\"column\">\n\t\t\t<div class=\"elementor-widget-wrap elementor-element-populated\">\n\t\t\t\t\t\t<div class=\"elementor-element elementor-element-e0c1e1b elementor-widget elementor-widget-image\" data-id=\"e0c1e1b\" data-element_type=\"widget\" data-e-type=\"widget\" data-widget_type=\"image.default\">\n\t\t\t\t<div class=\"elementor-widget-container\">\n\t\t\t\t\t\t\t\t\t\t\t\t<figure class=\"wp-caption\">\n\t\t\t\t\t\t\t\t\t\t<img fetchpriority=\"high\" decoding=\"async\" width=\"740\" height=\"637\" src=\"https:\/\/blogi.eoppimispalvelut.fi\/opopaivat2024\/files\/2022\/11\/MASKOTTI-HUIVI-SHADOW-WEB-e1702287358669-1024x882.png\" class=\"attachment-large size-large wp-image-175\" alt=\"\" srcset=\"https:\/\/blogi.eoppimispalvelut.fi\/opopaivat2024\/files\/2022\/11\/MASKOTTI-HUIVI-SHADOW-WEB-e1702287358669-1024x882.png 1024w, https:\/\/blogi.eoppimispalvelut.fi\/opopaivat2024\/files\/2022\/11\/MASKOTTI-HUIVI-SHADOW-WEB-e1702287358669-300x258.png 300w, https:\/\/blogi.eoppimispalvelut.fi\/opopaivat2024\/files\/2022\/11\/MASKOTTI-HUIVI-SHADOW-WEB-e1702287358669-768x661.png 768w, https:\/\/blogi.eoppimispalvelut.fi\/opopaivat2024\/files\/2022\/11\/MASKOTTI-HUIVI-SHADOW-WEB-e1702287358669.png 1355w\" sizes=\"100vw\" \/>\t\t\t\t\t\t\t\t\t\t\t<figcaption class=\"widget-image-caption wp-caption-text\">P\u00f6ll\u00f6n tekij\u00e4: kuvataiteilija (AMK) Anni Iisakka<\/figcaption>\n\t\t\t\t\t\t\t\t\t\t<\/figure>\n\t\t\t\t\t\t\t\t\t<\/div>\n\t\t\t\t<\/div>\n\t\t\t\t\t<\/div>\n\t\t<\/div>\n\t\t\t\t\t<\/div>\n\t\t<\/section>\n\t\t\t\t<\/div>\n\t\t","protected":false},"excerpt":{"rendered":"<p>Mik\u00e4li sik\u00e4li sinulle her\u00e4si kysymyksi\u00e4, voit laittaa meille viesti\u00e4 alla olevasta napista!\u00a0 opopaivat24@gmail.com Jos olet n\u00e4ytteileasettaja, ota yhteytt\u00e4 t\u00e4m\u00e4n s\u00e4hk\u00f6postin kautta! opoesittelijat24@gmail.com \/*! elementor &#8211; v3.19.0 &#8211; 29-01-2024 *\/ .elementor-widget-image{text-align:center}.elementor-widget-image a{display:inline-block}.elementor-widget-image a img[src$=&#8221;.svg&#8221;]{width:48px}.elementor-widget-image img{vertical-align:middle;display:inline-block} P\u00f6ll\u00f6n tekij\u00e4: kuvataiteilija (AMK) Anni Iisakka<\/p>\n","protected":false},"author":31,"featured_media":0,"parent":0,"menu_order":0,"comment_status":"closed","ping_status":"closed","template":"","meta":{"footnotes":""},"class_list":["post-279","page","type-page","status-publish","hentry"],"_links":{"self":[{"href":"https:\/\/blogi.eoppimispalvelut.fi\/opopaivat2024\/wp-json\/wp\/v2\/pages\/279","targetHints":{"allow":["GET"]}}],"collection":[{"href":"https:\/\/blogi.eoppimispalvelut.fi\/opopaivat2024\/wp-json\/wp\/v2\/pages"}],"about":[{"href":"https:\/\/blogi.eoppimispalvelut.fi\/opopaivat2024\/wp-json\/wp\/v2\/types\/page"}],"author":[{"embeddable":true,"href":"https:\/\/blogi.eoppimispalvelut.fi\/opopaivat2024\/wp-json\/wp\/v2\/users\/31"}],"replies":[{"embeddable":true,"href":"https:\/\/blogi.eoppimispalvelut.fi\/opopaivat2024\/wp-json\/wp\/v2\/comments?post=279"}],"version-history":[{"count":15,"href":"https:\/\/blogi.eoppimispalvelut.fi\/opopaivat2024\/wp-json\/wp\/v2\/pages\/279\/revisions"}],"predecessor-version":[{"id":1292,"href":"https:\/\/blogi.eoppimispalvelut.fi\/opopaivat2024\/wp-json\/wp\/v2\/pages\/279\/revisions\/1292"}],"wp:attachment":[{"href":"https:\/\/blogi.eoppimispalvelut.fi\/opopaivat2024\/wp-json\/wp\/v2\/media?parent=279"}],"curies":[{"name":"wp","href":"https:\/\/api.w.org\/{rel}","templated":true}]}}