{"id":285,"date":"2023-01-06T21:55:40","date_gmt":"2023-01-06T19:55:40","guid":{"rendered":"https:\/\/blogi.eoppimispalvelut.fi\/opopaivat2021\/?page_id=285"},"modified":"2023-09-19T13:43:31","modified_gmt":"2023-09-19T10:43:31","slug":"infoa-rovaniemesta","status":"publish","type":"page","link":"https:\/\/blogi.eoppimispalvelut.fi\/opopaivat2024\/infoa-rovaniemesta\/","title":{"rendered":"Infoa Rovaniemest\u00e4"},"content":{"rendered":"\t\t<div data-elementor-type=\"wp-page\" data-elementor-id=\"285\" class=\"elementor elementor-285\">\n\t\t\t\t\t\t<section class=\"elementor-section elementor-top-section elementor-element elementor-element-e4ba295 elementor-section-boxed elementor-section-height-default elementor-section-height-default\" data-id=\"e4ba295\" data-element_type=\"section\" data-e-type=\"section\">\n\t\t\t\t\t\t<div class=\"elementor-container elementor-column-gap-default\">\n\t\t\t\t\t<div class=\"elementor-column elementor-col-100 elementor-top-column elementor-element elementor-element-cde253a\" data-id=\"cde253a\" data-element_type=\"column\" data-e-type=\"column\">\n\t\t\t<div class=\"elementor-widget-wrap elementor-element-populated\">\n\t\t\t\t\t\t<div class=\"elementor-element elementor-element-faf00d7 elementor-widget elementor-widget-text-editor\" data-id=\"faf00d7\" data-element_type=\"widget\" data-e-type=\"widget\" data-widget_type=\"text-editor.default\">\n\t\t\t\t<div class=\"elementor-widget-container\">\n\t\t\t\t\t\t\t\t\t<p><span style=\"font-weight: 400;color: #ffffff\"><strong>Rovaniemi<\/strong>, Lapin p\u00e4\u00e4kaupunki on Lapin maakuntakeskus, joka sijaitsee napapiirin tuntumassa keskell\u00e4 kaunista luontoa. Rovaniemi on alueensa kaupan, hallinnon ja koulutuksen keskus sek\u00e4 urheilu- ja kulttuurikaupunki. Sana rova tarkoittaa mets\u00e4ist\u00e4 harjua tai harvapuustoista yl\u00e4nk\u00f6\u00e4. Sana on laina saamen kielest\u00e4, jossa roavvi merkitsee vanhaa paloaluetta tai mets\u00e4ist\u00e4 vaaraa tai harjua.<\/span><\/p>\t\t\t\t\t\t\t\t<\/div>\n\t\t\t\t<\/div>\n\t\t\t\t<div class=\"elementor-element elementor-element-6421d73 elementor-widget elementor-widget-text-editor\" data-id=\"6421d73\" data-element_type=\"widget\" data-e-type=\"widget\" data-widget_type=\"text-editor.default\">\n\t\t\t\t<div class=\"elementor-widget-container\">\n\t\t\t\t\t\t\t\t\t<p><span style=\"font-weight: 400;color: #ffffff\">Rovaniemen kaupunkialue sijaitsee Kemi- ja Ounasjokien liittym\u00e4kohdassa. Sit\u00e4 rajoittaa kolme korkealle kohoavaa vaaraa: l\u00e4nness\u00e4 Korkalovaara, id\u00e4ss\u00e4 Kemijoen takana Ounasvaara ja pohjoisessa jokien yhtym\u00e4kohdan takana Syv\u00e4senvaara. Kaupunkialueella Kemijoen yli johtaa kolme siltaa; Ounaskosken rautatie- ja maantiesilta, J\u00e4tk\u00e4nkynttil\u00e4 ja Suutarinkorvan silta.<\/span><\/p>\t\t\t\t\t\t\t\t<\/div>\n\t\t\t\t<\/div>\n\t\t\t\t<div class=\"elementor-element elementor-element-fb915c2 elementor-widget elementor-widget-text-editor\" data-id=\"fb915c2\" data-element_type=\"widget\" data-e-type=\"widget\" data-widget_type=\"text-editor.default\">\n\t\t\t\t<div class=\"elementor-widget-container\">\n\t\t\t\t\t\t\t\t\t<p><span style=\"font-weight: 400;color: #ffffff\">Rovaniemell\u00e4 on lukuisia kiinnostavia k\u00e4yntikohteita. Rovaniemi on Joulupukin kotikaupunki, jossa joulutunnelman voi aistia vuoden jokaisena p\u00e4iv\u00e4n\u00e4 muun muassa Joulupukin Pajakyl\u00e4ss\u00e4. Rovaniemi on my\u00f6s Lapin kulttuurip\u00e4\u00e4kaupunki, ja kaupungista l\u00f6ytyy mm. Alvar Aallon suunnittelemat Lappia-talo ja Rovaniemen kaupunginteatteri, mm. arktinen tiedekeskus ja Lapin maakuntamuseo Arktikum, Kulttuuritalo Korundi, Rovaniemen kirkko sek\u00e4 Lapin mets\u00e4museo.<\/span><\/p>\t\t\t\t\t\t\t\t<\/div>\n\t\t\t\t<\/div>\n\t\t\t\t<div class=\"elementor-element elementor-element-4cab5b1 elementor-widget elementor-widget-text-editor\" data-id=\"4cab5b1\" data-element_type=\"widget\" data-e-type=\"widget\" data-widget_type=\"text-editor.default\">\n\t\t\t\t<div class=\"elementor-widget-container\">\n\t\t\t\t\t\t\t\t\t<p><span style=\"font-weight: 400;color: #ffffff\">Rovaniemell\u00e4 l\u00f6ytyy tekemist\u00e4 ymp\u00e4ri vuoden. Rovaniemell\u00e4 hulppeat vaaramaisemat ja joki sek\u00e4 talvella lumi- ja j\u00e4\u00e4kohteet tarjoavat upeita luonto- ja liikuntael\u00e4myksi\u00e4. Rovaniemelt\u00e4 l\u00f6ytyy my\u00f6s lukuisia ravintoloita ja illanviettopaikkoja iltael\u00e4m\u00e4st\u00e4 nauttiville.<\/span><\/p><p><span style=\"color: #ffffff\"><span style=\"font-weight: 400\">Lis\u00e4\u00e4 tietoa Rovaniemest\u00e4 ja erilaisista el\u00e4myksist\u00e4 l\u00f6yd\u00e4t<\/span> <span style=\"color: #88be65\"><a style=\"color: #88be65\" href=\"https:\/\/www.visitrovaniemi.fi\/fi\/\"><span style=\"font-weight: 400\">https:\/\/www.visitrovaniemi.fi\/fi\/<\/span><\/a><\/span><\/span><\/p>\t\t\t\t\t\t\t\t<\/div>\n\t\t\t\t<\/div>\n\t\t\t\t<div class=\"elementor-element elementor-element-faf488d elementor-widget elementor-widget-video\" data-id=\"faf488d\" data-element_type=\"widget\" data-e-type=\"widget\" data-settings=\"{&quot;youtube_url&quot;:&quot;https:\\\/\\\/youtu.be\\\/XQZmHQTJVT8?si=8TStJvSdh8dXieGV&quot;,&quot;start&quot;:&quot;0&quot;,&quot;video_type&quot;:&quot;youtube&quot;,&quot;controls&quot;:&quot;yes&quot;}\" data-widget_type=\"video.default\">\n\t\t\t\t<div class=\"elementor-widget-container\">\n\t\t\t\t\t\t\t<div class=\"elementor-wrapper elementor-open-inline\">\n\t\t\t<div class=\"elementor-video\"><\/div>\t\t<\/div>\n\t\t\t\t\t\t<\/div>\n\t\t\t\t<\/div>\n\t\t\t\t\t<\/div>\n\t\t<\/div>\n\t\t\t\t\t<\/div>\n\t\t<\/section>\n\t\t\t\t<\/div>\n\t\t","protected":false},"excerpt":{"rendered":"<p>Rovaniemi, Lapin p\u00e4\u00e4kaupunki on Lapin maakuntakeskus, joka sijaitsee napapiirin tuntumassa keskell\u00e4 kaunista luontoa. Rovaniemi on alueensa kaupan, hallinnon ja koulutuksen keskus sek\u00e4 urheilu- ja kulttuurikaupunki. Sana rova tarkoittaa mets\u00e4ist\u00e4 harjua tai harvapuustoista yl\u00e4nk\u00f6\u00e4. Sana on laina saamen kielest\u00e4, jossa roavvi merkitsee vanhaa paloaluetta tai mets\u00e4ist\u00e4 vaaraa tai harjua. Rovaniemen kaupunkialue sijaitsee Kemi- ja Ounasjokien liittym\u00e4kohdassa. &hellip; <\/p>\n<p class=\"link-more\"><a href=\"https:\/\/blogi.eoppimispalvelut.fi\/opopaivat2024\/infoa-rovaniemesta\/\" class=\"more-link\">Continue reading<span class=\"screen-reader-text\"> &#8221;Infoa Rovaniemest\u00e4&#8221;<\/span><\/a><\/p>\n","protected":false},"author":31,"featured_media":0,"parent":0,"menu_order":0,"comment_status":"closed","ping_status":"closed","template":"","meta":{"footnotes":""},"class_list":["post-285","page","type-page","status-publish","hentry"],"_links":{"self":[{"href":"https:\/\/blogi.eoppimispalvelut.fi\/opopaivat2024\/wp-json\/wp\/v2\/pages\/285","targetHints":{"allow":["GET"]}}],"collection":[{"href":"https:\/\/blogi.eoppimispalvelut.fi\/opopaivat2024\/wp-json\/wp\/v2\/pages"}],"about":[{"href":"https:\/\/blogi.eoppimispalvelut.fi\/opopaivat2024\/wp-json\/wp\/v2\/types\/page"}],"author":[{"embeddable":true,"href":"https:\/\/blogi.eoppimispalvelut.fi\/opopaivat2024\/wp-json\/wp\/v2\/users\/31"}],"replies":[{"embeddable":true,"href":"https:\/\/blogi.eoppimispalvelut.fi\/opopaivat2024\/wp-json\/wp\/v2\/comments?post=285"}],"version-history":[{"count":34,"href":"https:\/\/blogi.eoppimispalvelut.fi\/opopaivat2024\/wp-json\/wp\/v2\/pages\/285\/revisions"}],"predecessor-version":[{"id":810,"href":"https:\/\/blogi.eoppimispalvelut.fi\/opopaivat2024\/wp-json\/wp\/v2\/pages\/285\/revisions\/810"}],"wp:attachment":[{"href":"https:\/\/blogi.eoppimispalvelut.fi\/opopaivat2024\/wp-json\/wp\/v2\/media?parent=285"}],"curies":[{"name":"wp","href":"https:\/\/api.w.org\/{rel}","templated":true}]}}