{"id":438,"date":"2023-01-30T10:49:36","date_gmt":"2023-01-30T08:49:36","guid":{"rendered":"https:\/\/blogi.eoppimispalvelut.fi\/opopaivat2024\/?page_id=438"},"modified":"2024-02-09T09:50:29","modified_gmt":"2024-02-09T07:50:29","slug":"naytteilleasettajille","status":"publish","type":"page","link":"https:\/\/blogi.eoppimispalvelut.fi\/opopaivat2024\/naytteilleasettajille\/","title":{"rendered":"N\u00e4ytteilleasettajille"},"content":{"rendered":"\t\t<div data-elementor-type=\"wp-page\" data-elementor-id=\"438\" class=\"elementor elementor-438\">\n\t\t\t\t\t\t<section class=\"elementor-section elementor-top-section elementor-element elementor-element-7142fa5 elementor-section-boxed elementor-section-height-default elementor-section-height-default\" data-id=\"7142fa5\" data-element_type=\"section\" data-e-type=\"section\">\n\t\t\t\t\t\t<div class=\"elementor-container elementor-column-gap-no\">\n\t\t\t\t\t<div class=\"elementor-column elementor-col-100 elementor-top-column elementor-element elementor-element-1c7b129\" data-id=\"1c7b129\" data-element_type=\"column\" data-e-type=\"column\">\n\t\t\t<div class=\"elementor-widget-wrap elementor-element-populated\">\n\t\t\t\t\t\t<div class=\"elementor-element elementor-element-a289c46 elementor-widget elementor-widget-text-editor\" data-id=\"a289c46\" data-element_type=\"widget\" data-e-type=\"widget\" data-widget_type=\"text-editor.default\">\n\t\t\t\t<div class=\"elementor-widget-container\">\n\t\t\t\t\t\t\t\t\t<p><strong><a href=\"https:\/\/blogi.eoppimispalvelut.fi\/opopaivat2024\/files\/2024\/02\/opopaivat-Taulukko1-3.pdf\"><span style=\"color: #ffffff\">Lista n\u00e4ytteilleasettajista!<\/span><\/a><\/strong><\/p>\t\t\t\t\t\t\t\t<\/div>\n\t\t\t\t<\/div>\n\t\t\t\t<div class=\"elementor-element elementor-element-575a65b elementor-widget elementor-widget-text-editor\" data-id=\"575a65b\" data-element_type=\"widget\" data-e-type=\"widget\" data-widget_type=\"text-editor.default\">\n\t\t\t\t<div class=\"elementor-widget-container\">\n\t\t\t\t\t\t\t\t\t<p><span style=\"color: #ffffff\">Ilmoittautuminen n\u00e4ytteilleasettajille alkaa 23.10.2023 s\u00e4hk\u00f6isess\u00e4 j\u00e4rjestelm\u00e4ss\u00e4mme: <a href=\"https:\/\/www.lyyti.in\/opopaivat2024naytteilleasettajat\">https:\/\/www.lyyti.in\/opopaivat2024naytteilleasettajat<\/a>\u00a0<\/span><\/p><p><span style=\"color: #ffffff\">Ilmoittautuminen p\u00e4\u00e4ttyy 17.1.2024!<\/span><\/p>\t\t\t\t\t\t\t\t<\/div>\n\t\t\t\t<\/div>\n\t\t\t\t\t<\/div>\n\t\t<\/div>\n\t\t\t\t\t<\/div>\n\t\t<\/section>\n\t\t\t\t<section class=\"elementor-section elementor-top-section elementor-element elementor-element-639632e elementor-section-boxed elementor-section-height-default elementor-section-height-default\" data-id=\"639632e\" data-element_type=\"section\" data-e-type=\"section\">\n\t\t\t\t\t\t<div class=\"elementor-container elementor-column-gap-default\">\n\t\t\t\t\t<div class=\"elementor-column elementor-col-100 elementor-top-column elementor-element elementor-element-95a9e16\" data-id=\"95a9e16\" data-element_type=\"column\" data-e-type=\"column\">\n\t\t\t<div class=\"elementor-widget-wrap elementor-element-populated\">\n\t\t\t\t\t\t<div class=\"elementor-element elementor-element-8dce13f elementor-widget elementor-widget-text-editor\" data-id=\"8dce13f\" data-element_type=\"widget\" data-e-type=\"widget\" data-widget_type=\"text-editor.default\">\n\t\t\t\t<div class=\"elementor-widget-container\">\n\t\t\t\t\t\t\t\t\t<p><span style=\"font-weight: 400;color: #ffffff\">Odotamme Opop\u00e4iv\u00e4t 2024 &#8211; Solekko Ohjata! -p\u00e4iville n. 400-500 osallistujaa ja n. 70 n\u00e4ytteilleasettajaa. Perjantaina 9.2. opop\u00e4ivien ohjelmassa ovat perinteiset n\u00e4ytteilleasettajien messuosastot Lapin ammattikorkeakoululla osoitteessa Jokiv\u00e4yl\u00e4 11, Rovaniemi. N\u00e4ytteilleasettajien messuosastot ovat aina her\u00e4tt\u00e4neet paljon mielenkiintoa opojen keskuudessa.<\/span><\/p>\t\t\t\t\t\t\t\t<\/div>\n\t\t\t\t<\/div>\n\t\t\t\t<div class=\"elementor-element elementor-element-062abaa elementor-widget elementor-widget-heading\" data-id=\"062abaa\" data-element_type=\"widget\" data-e-type=\"widget\" data-widget_type=\"heading.default\">\n\t\t\t\t<div class=\"elementor-widget-container\">\n\t\t\t\t\t<h6 class=\"elementor-heading-title elementor-size-default\">St\u00e4ndi\/messuosasto<\/h6>\t\t\t\t<\/div>\n\t\t\t\t<\/div>\n\t\t\t\t<section class=\"elementor-section elementor-inner-section elementor-element elementor-element-416d429 elementor-section-boxed elementor-section-height-default elementor-section-height-default\" data-id=\"416d429\" data-element_type=\"section\" data-e-type=\"section\">\n\t\t\t\t\t\t<div class=\"elementor-container elementor-column-gap-narrow\">\n\t\t\t\t\t<div class=\"elementor-column elementor-col-50 elementor-inner-column elementor-element elementor-element-f5cd45e\" data-id=\"f5cd45e\" data-element_type=\"column\" data-e-type=\"column\">\n\t\t\t<div class=\"elementor-widget-wrap elementor-element-populated\">\n\t\t\t\t\t\t<div class=\"elementor-element elementor-element-a3d94d0 elementor-widget elementor-widget-text-editor\" data-id=\"a3d94d0\" data-element_type=\"widget\" data-e-type=\"widget\" data-widget_type=\"text-editor.default\">\n\t\t\t\t<div class=\"elementor-widget-container\">\n\t\t\t\t\t\t\t\t\t<p>\u00a0<\/p><p><span style=\"color: #ffffff\">P\u00f6yt\u00e4paikka (<\/span><span style=\"color: #ffffff;font-family: var( --e-global-typography-text-font-family ), Sans-serif;font-weight: var( --e-global-typography-text-font-weight );font-size: 1rem\">koko 140cm x 60cm tai 140cm x 40cm)<\/span><\/p><p><span style=\"color: #ffffff\">Noin 10 neli\u00f6n tila x3<\/span><\/p><p><span style=\"color: #ffffff\">Iso tila\/huone\/luokkahuone<\/span><\/p>\t\t\t\t\t\t\t\t<\/div>\n\t\t\t\t<\/div>\n\t\t\t\t\t<\/div>\n\t\t<\/div>\n\t\t\t\t<div class=\"elementor-column elementor-col-50 elementor-inner-column elementor-element elementor-element-4412df3\" data-id=\"4412df3\" data-element_type=\"column\" data-e-type=\"column\">\n\t\t\t<div class=\"elementor-widget-wrap elementor-element-populated\">\n\t\t\t\t\t\t<div class=\"elementor-element elementor-element-06ffa8b elementor-widget elementor-widget-text-editor\" data-id=\"06ffa8b\" data-element_type=\"widget\" data-e-type=\"widget\" data-widget_type=\"text-editor.default\">\n\t\t\t\t<div class=\"elementor-widget-container\">\n\t\t\t\t\t\t\t\t\t<p><strong><span style=\"color: #ffffff\">\u00c1-hinta<\/span><\/strong><\/p><p><span style=\"color: #ffffff\">500\u20ac<\/span><\/p><p><span style=\"color: #ffffff\">800\u20ac<\/span><\/p><p><span style=\"color: #ffffff\">1000\u20ac<\/span><\/p>\t\t\t\t\t\t\t\t<\/div>\n\t\t\t\t<\/div>\n\t\t\t\t\t<\/div>\n\t\t<\/div>\n\t\t\t\t\t<\/div>\n\t\t<\/section>\n\t\t\t\t<div class=\"elementor-element elementor-element-1b5679f elementor-widget elementor-widget-text-editor\" data-id=\"1b5679f\" data-element_type=\"widget\" data-e-type=\"widget\" data-widget_type=\"text-editor.default\">\n\t\t\t\t<div class=\"elementor-widget-container\">\n\t\t\t\t\t\t\t\t\t<p><span style=\"color: #ffffff\">Messuosastot on ryhmitelty tuntureittain (kts. <a href=\"https:\/\/www.thinglink.com\/card\/1805630434453750246\" target=\"_blank\" rel=\"noopener\">messuosaston kartta<\/a>)<\/span><\/p>\t\t\t\t\t\t\t\t<\/div>\n\t\t\t\t<\/div>\n\t\t\t\t<div class=\"elementor-element elementor-element-b2c5545 elementor-widget elementor-widget-heading\" data-id=\"b2c5545\" data-element_type=\"widget\" data-e-type=\"widget\" data-widget_type=\"heading.default\">\n\t\t\t\t<div class=\"elementor-widget-container\">\n\t\t\t\t\t<h6 class=\"elementor-heading-title elementor-size-default\"><br><br>Messuosaston lis\u00e4ksi voit ostaa n\u00e4kyvyytt\u00e4 Lapin opop\u00e4iville seuraavilla tavoilla:<\/h6>\t\t\t\t<\/div>\n\t\t\t\t<\/div>\n\t\t\t\t<div class=\"elementor-element elementor-element-4ac0711 elementor-widget elementor-widget-text-editor\" data-id=\"4ac0711\" data-element_type=\"widget\" data-e-type=\"widget\" data-widget_type=\"text-editor.default\">\n\t\t\t\t<div class=\"elementor-widget-container\">\n\t\t\t\t\t\t\t\t\t<p><span style=\"color: #ffffff\"><b>200 \u20ac<\/b><span style=\"font-weight: 400\">, Saan LOGOni n\u00e4kyviin opop\u00e4ivien Facebookiin ja Instagramiin<\/span><\/span><\/p><p><span style=\"color: #ffffff\"><b>300 \u20ac<\/b><\/span><span style=\"font-weight: 400;color: #ffffff\">, LOGO opop\u00e4ivien nettisivuilla, resoluutio n. 1000 pix<\/span><\/p><p><span style=\"color: #ffffff\"><b>400 \u20ac<\/b><\/span><span style=\"font-weight: 400;color: #ffffff\">, TUOTE 1-3 (heijastin\/hakuopas\/pastilli tms.) jaettaviin opokasseihin (400-500 kpl)<\/span><\/p><p><span style=\"color: #ffffff;font-family: var( --e-global-typography-text-font-family ), Sans-serif;font-size: 1rem\"><b>1000 \u20ac<\/b>, YRITYKSEN VIDEO Opop\u00e4ivien internetsivuston p\u00e4\u00e4sivulle hyperlinkin kanssa<\/span><\/p><p><span style=\"color: #ffffff\"><b>1500 \u20ac<\/b><\/span><span style=\"font-weight: 400;color: #ffffff\">, SPONSOROIN opop\u00e4ivien esiintyji\u00e4, bussikuljetuksia yms. Saan LOGOni n\u00e4kyviin opop\u00e4ivien internetsivuille ja digitaalisiin n\u00e4ytt\u00f6ihin.<\/span><\/p><p><span style=\"color: #ffffff\"><b>2000 \u20ac<\/b><\/span><span style=\"font-weight: 400;color: #ffffff\">, SPONSOROIN opop\u00e4ivien esiintyji\u00e4, bussikuljetuksia yms. Saan LOGOni n\u00e4kyviin opop\u00e4ivien internetsivuille ja digitaalisiin n\u00e4ytt\u00f6ihin, opastekyltteihin.<\/span><\/p><p><span style=\"color: #ffffff\"><b>ILMAINEN<\/b><\/span><span style=\"font-weight: 400;color: #ffffff\">: Arvokkaampi yrityslahja opokassiin (sy\u00f6t\u00e4v\u00e4\u00e4, juotavaa, tuote). Yritys saa logonsa ilmaiseksi opop\u00e4iv\u00e4t-sivustolle. Tuotteita n. 400-500 kpl.<\/span><\/p><p><span style=\"color: #ffffff\"><b>MAINOS <\/b><span style=\"font-weight: 400\">Valtakunnalliseen Opinto-ohjaaja lehteen: Mainos numeroon 4\/2023 (aineisto 3.11, julkaisu 24.11.23), <\/span><a style=\"color: #ffffff\" href=\"https:\/\/www.sopo.fi\/mediamyynti\/lehden-ilmoitusmyynti\/\"><span style=\"font-weight: 400\">https:\/\/www.sopo.fi\/mediamyynti\/lehden-ilmoitusmyynti\/<\/span><\/a><span style=\"font-weight: 400\">\u00a0<\/span><\/span><\/p><p><span style=\"color: #ffffff\"><b>Ota yhteys <span style=\"color: #ffffff\"><a style=\"color: #ffffff\" href=\"mailto:opopaivat24@gmail.com\">opopaivat24@gmail.com<\/a><\/span>.<\/b><\/span><\/p>\t\t\t\t\t\t\t\t<\/div>\n\t\t\t\t<\/div>\n\t\t\t\t<div class=\"elementor-element elementor-element-c6f1e1e elementor-widget elementor-widget-heading\" data-id=\"c6f1e1e\" data-element_type=\"widget\" data-e-type=\"widget\" data-widget_type=\"heading.default\">\n\t\t\t\t<div class=\"elementor-widget-container\">\n\t\t\t\t\t<h6 class=\"elementor-heading-title elementor-size-default\">Messuosastot<\/h6>\t\t\t\t<\/div>\n\t\t\t\t<\/div>\n\t\t\t\t<div class=\"elementor-element elementor-element-b447219 elementor-widget elementor-widget-text-editor\" data-id=\"b447219\" data-element_type=\"widget\" data-e-type=\"widget\" data-widget_type=\"text-editor.default\">\n\t\t\t\t<div class=\"elementor-widget-container\">\n\t\t\t\t\t\t\t\t\t<p><span style=\"font-weight: 400;color: #ffffff\">Opop\u00e4ivien n\u00e4ytteilleasettajien osastot ovat avoinna perjantaina 9.2. klo 9.00-16.00 Lapin ammattikorkeakoulun tiloissa, Jokiv\u00e4yl\u00e4 11, Rovaniemi. Messuosasto sis\u00e4lt\u00e4\u00e4: wlan, p\u00f6yd\u00e4n ja tuolin. S\u00e4hk\u00f6 pyydett\u00e4ess\u00e4. Jos olet varannut osastollesi s\u00e4hk\u00f6n, ota mukaan jatkojohto(ja). N\u00e4yttelytilojen seiniin tai laseihin kiinteist\u00f6jen ohjeiden mukaisesti ei saa kiinnitt\u00e4\u00e4 mit\u00e4\u00e4n. Messuosastolla ei saa myyd\u00e4 kahvilatuotteita.<\/span><\/p><p><span style=\"font-weight: 400;color: #ffffff\">Pys\u00e4k\u00f6inti: Lapin ammattikorkeakoulun virallinen parkkipaikka, Jokiv\u00e4yl\u00e4 11, Rovaniemi.<\/span><\/p><p><span style=\"font-weight: 400;color: #ffffff\">Tavaroiden kuljetus ja osastojen rakentaminen tehd\u00e4\u00e4n Lapin amkin tiloissa.<\/span><\/p><p><span style=\"color: #ffffff\"><b>Torstaina 8.2.2024 <\/b><\/span><span style=\"font-weight: 400;color: #ffffff\">klo 16.00-18.00 (Sis\u00e4\u00e4nk\u00e4ynti A- tai B-rakennuksen ovista. Kartta tulee my\u00f6hemmin)<\/span><\/p><p><span style=\"color: #ffffff\"><b>Perjantaina 9.2.2024 <\/b><\/span><span style=\"font-weight: 400;color: #ffffff\">klo 7.30-9.00<\/span><\/p><p><span style=\"font-weight: 400;color: #ffffff\">N\u00e4ytteilleasettajat saavat n\u00e4ytteilleasettajien ohjeet messuosaston p\u00f6yd\u00e4lt\u00e4 ja\/tai infopisteilt\u00e4.<\/span><\/p><p><span style=\"font-weight: 400;color: #ffffff\">Messuosasto tulee purkaa ja Lapin amkin tiloista tulee poistua perjantaina 9.2. viimeist\u00e4\u00e4n klo 18.00.<\/span><\/p><p><span style=\"color: #ffffff\"><span style=\"font-weight: 400\">N\u00e4yttelytiloja koskevissa asioissa ole yhteydess\u00e4 <\/span><a style=\"color: #ffffff\" href=\"mailto:opoesittelijat24@gmail.com\"><b>opoesittelijat24@gmail.com<\/b><\/a><\/span><\/p><p><span style=\"color: #ffffff\"><span style=\"font-weight: 400\">N\u00e4ytteilleasettajat voivat ostaa lounaan omakustanteisesti paikan p\u00e4\u00e4ll\u00e4 perjantaina 9.2. <\/span><span style=\"font-weight: 400\">Ravintola Tekuilasta. <\/span><span style=\"font-weight: 400\">Caf\u00e9 Lumenista voi ostaa kahvilatuotteita.<\/span><\/span><\/p><p><span style=\"font-weight: 400;color: #ffffff\">Opop\u00e4iville osallistuvat k\u00e4yv\u00e4t sy\u00f6m\u00e4ss\u00e4 ravintola Tekuilassa klo 11.30-13.00 v\u00e4lisen\u00e4 aikana. Toivomme, ett\u00e4 n\u00e4ytteilleasettajat k\u00e4yv\u00e4t ruokailemassa eri aikaan.\u00a0<\/span><\/p>\t\t\t\t\t\t\t\t<\/div>\n\t\t\t\t<\/div>\n\t\t\t\t<div class=\"elementor-element elementor-element-61e2d29 elementor-widget elementor-widget-heading\" data-id=\"61e2d29\" data-element_type=\"widget\" data-e-type=\"widget\" data-widget_type=\"heading.default\">\n\t\t\t\t<div class=\"elementor-widget-container\">\n\t\t\t\t\t<h6 class=\"elementor-heading-title elementor-size-default\">Osallistumisen peruminen<\/h6>\t\t\t\t<\/div>\n\t\t\t\t<\/div>\n\t\t\t\t<div class=\"elementor-element elementor-element-e2ab5ca elementor-widget elementor-widget-text-editor\" data-id=\"e2ab5ca\" data-element_type=\"widget\" data-e-type=\"widget\" data-widget_type=\"text-editor.default\">\n\t\t\t\t<div class=\"elementor-widget-container\">\n\t\t\t\t\t\t\t\t\t<p><span style=\"font-weight: 400;color: #ffffff\">Osallistumisen peruminen on mahdollista 10.12.2023 saakka. Peruutuksen yhteydess\u00e4 pid\u00e4tet\u00e4\u00e4n toimistokuluja 20 \u20ac. T\u00e4m\u00e4n j\u00e4lkeen tapahtuneesta peruuttamisesta tai jos peruutusta ei ole tehty lainkaan, veloitetaan maksut kokonaisuudessaan.\u00a0<\/span><\/p><p><span style=\"font-weight: 400;color: #ffffff\">Ilmoitukset peruutuksista ja pyynn\u00f6t maksun palautuksista on aina teht\u00e4v\u00e4 kirjallisesti s\u00e4hk\u00f6postilla osoitteeseen <a href=\"mailto:opopaivat24@gmail.com\">opopaivat24@gmail.com<\/a>.<\/span><\/p><p><span style=\"font-weight: 400;color: #ffffff\">Jos tilaisuus peruuntuu, maksamme takaisin vain n\u00e4yttelypaikan hinnan ja muut mahdolliset meille maksetut maksut. Toimistokuluja pid\u00e4t\u00e4mme 20 \u20ac, emmek\u00e4 vastaa mahdollisista muista kuluista.<\/span><\/p><p><span style=\"font-weight: 400;color: #ffffff\">Mik\u00e4li sinulla on kysytt\u00e4v\u00e4\u00e4 ilmoittautumiseesi tai Rovaniemen opop\u00e4iviin liittyen, olethan yhteydess\u00e4 meihin s\u00e4hk\u00f6postilla <a href=\"mailto:opopaivat24@gmail.com\">opopaivat24@gmail.com.<\/a> N\u00e4yttelytiloja koskevissa asioissa voit olla yhteydess\u00e4 <a href=\"mailto:opoesittelijat24@gmail.com\">opoesittelijat24@gmail.com.<\/a><\/span><\/p><p><span style=\"color: #ffffff\">Lapin opinto-ohjaajat ry. pid\u00e4tt\u00e4\u00e4 oikeuden mahdollisiin aikataulu- ja paikkamuutoksiin.<\/span><\/p><p><em><span style=\"color: #ffffff\">Tervetuloa Opop\u00e4iville Rovaniemelle! Solekko ohjata!<\/span><\/em><\/p><p><em><span style=\"color: #ffffff\">Lapin opinto-ohjaajat ry<\/span><\/em><\/p>\t\t\t\t\t\t\t\t<\/div>\n\t\t\t\t<\/div>\n\t\t\t\t\t<\/div>\n\t\t<\/div>\n\t\t\t\t\t<\/div>\n\t\t<\/section>\n\t\t\t\t<\/div>\n\t\t","protected":false},"excerpt":{"rendered":"<p>Lista n\u00e4ytteilleasettajista! Ilmoittautuminen n\u00e4ytteilleasettajille alkaa 23.10.2023 s\u00e4hk\u00f6isess\u00e4 j\u00e4rjestelm\u00e4ss\u00e4mme: https:\/\/www.lyyti.in\/opopaivat2024naytteilleasettajat\u00a0 Ilmoittautuminen p\u00e4\u00e4ttyy 17.1.2024! Odotamme Opop\u00e4iv\u00e4t 2024 &#8211; Solekko Ohjata! -p\u00e4iville n. 400-500 osallistujaa ja n. 70 n\u00e4ytteilleasettajaa. Perjantaina 9.2. opop\u00e4ivien ohjelmassa ovat perinteiset n\u00e4ytteilleasettajien messuosastot Lapin ammattikorkeakoululla osoitteessa Jokiv\u00e4yl\u00e4 11, Rovaniemi. N\u00e4ytteilleasettajien messuosastot ovat aina her\u00e4tt\u00e4neet paljon mielenkiintoa opojen keskuudessa. \/*! elementor &#8211; v3.19.0 &#8211; 29-01-2024 &hellip; <\/p>\n<p class=\"link-more\"><a href=\"https:\/\/blogi.eoppimispalvelut.fi\/opopaivat2024\/naytteilleasettajille\/\" class=\"more-link\">Continue reading<span class=\"screen-reader-text\"> &#8221;N\u00e4ytteilleasettajille&#8221;<\/span><\/a><\/p>\n","protected":false},"author":20363,"featured_media":0,"parent":0,"menu_order":0,"comment_status":"closed","ping_status":"closed","template":"","meta":{"footnotes":""},"class_list":["post-438","page","type-page","status-publish","hentry"],"_links":{"self":[{"href":"https:\/\/blogi.eoppimispalvelut.fi\/opopaivat2024\/wp-json\/wp\/v2\/pages\/438","targetHints":{"allow":["GET"]}}],"collection":[{"href":"https:\/\/blogi.eoppimispalvelut.fi\/opopaivat2024\/wp-json\/wp\/v2\/pages"}],"about":[{"href":"https:\/\/blogi.eoppimispalvelut.fi\/opopaivat2024\/wp-json\/wp\/v2\/types\/page"}],"author":[{"embeddable":true,"href":"https:\/\/blogi.eoppimispalvelut.fi\/opopaivat2024\/wp-json\/wp\/v2\/users\/20363"}],"replies":[{"embeddable":true,"href":"https:\/\/blogi.eoppimispalvelut.fi\/opopaivat2024\/wp-json\/wp\/v2\/comments?post=438"}],"version-history":[{"count":61,"href":"https:\/\/blogi.eoppimispalvelut.fi\/opopaivat2024\/wp-json\/wp\/v2\/pages\/438\/revisions"}],"predecessor-version":[{"id":1289,"href":"https:\/\/blogi.eoppimispalvelut.fi\/opopaivat2024\/wp-json\/wp\/v2\/pages\/438\/revisions\/1289"}],"wp:attachment":[{"href":"https:\/\/blogi.eoppimispalvelut.fi\/opopaivat2024\/wp-json\/wp\/v2\/media?parent=438"}],"curies":[{"name":"wp","href":"https:\/\/api.w.org\/{rel}","templated":true}]}}