{"id":543,"date":"2023-04-13T09:18:02","date_gmt":"2023-04-13T06:18:02","guid":{"rendered":"https:\/\/blogi.eoppimispalvelut.fi\/opopaivat2024\/?page_id=543"},"modified":"2024-02-05T09:44:56","modified_gmt":"2024-02-05T07:44:56","slug":"yhteistyokumppanit","status":"publish","type":"page","link":"https:\/\/blogi.eoppimispalvelut.fi\/opopaivat2024\/yhteistyokumppanit\/","title":{"rendered":"Yhteisty\u00f6kumppanit"},"content":{"rendered":"\t\t<div data-elementor-type=\"wp-page\" data-elementor-id=\"543\" class=\"elementor elementor-543\">\n\t\t\t\t\t\t<section class=\"elementor-section elementor-top-section elementor-element elementor-element-787edd2 elementor-section-boxed elementor-section-height-default elementor-section-height-default\" data-id=\"787edd2\" data-element_type=\"section\" data-e-type=\"section\">\n\t\t\t\t\t\t<div class=\"elementor-container elementor-column-gap-default\">\n\t\t\t\t\t<div class=\"elementor-column elementor-col-100 elementor-top-column elementor-element elementor-element-0d65110\" data-id=\"0d65110\" data-element_type=\"column\" data-e-type=\"column\">\n\t\t\t<div class=\"elementor-widget-wrap elementor-element-populated\">\n\t\t\t\t\t\t<div class=\"elementor-element elementor-element-83dfd5e elementor-widget elementor-widget-text-editor\" data-id=\"83dfd5e\" data-element_type=\"widget\" data-e-type=\"widget\" data-widget_type=\"text-editor.default\">\n\t\t\t\t<div class=\"elementor-widget-container\">\n\t\t\t\t\t\t\t\t\t<p><span style=\"color: #ffffff\">Lapin opinto-ohjaus ry kiitt\u00e4\u00e4 yhteisty\u00f6kumppaneita!<\/span><\/p>\t\t\t\t\t\t\t\t<\/div>\n\t\t\t\t<\/div>\n\t\t\t\t\t<\/div>\n\t\t<\/div>\n\t\t\t\t\t<\/div>\n\t\t<\/section>\n\t\t\t\t<section class=\"elementor-section elementor-top-section elementor-element elementor-element-2e34971 elementor-section-boxed elementor-section-height-default elementor-section-height-default\" data-id=\"2e34971\" data-element_type=\"section\" data-e-type=\"section\">\n\t\t\t\t\t\t<div class=\"elementor-container elementor-column-gap-default\">\n\t\t\t\t\t<div class=\"elementor-column elementor-col-100 elementor-top-column elementor-element elementor-element-1069fe1\" data-id=\"1069fe1\" data-element_type=\"column\" data-e-type=\"column\">\n\t\t\t<div class=\"elementor-widget-wrap elementor-element-populated\">\n\t\t\t\t\t\t<div class=\"elementor-element elementor-element-1ffcf00 elementor-widget elementor-widget-video\" data-id=\"1ffcf00\" data-element_type=\"widget\" data-e-type=\"widget\" data-settings=\"{&quot;youtube_url&quot;:&quot;https:\\\/\\\/youtu.be\\\/K90YagvodIY?si=tOg4LCcHQkn34lcu&quot;,&quot;video_type&quot;:&quot;youtube&quot;,&quot;controls&quot;:&quot;yes&quot;}\" data-widget_type=\"video.default\">\n\t\t\t\t<div class=\"elementor-widget-container\">\n\t\t\t\t\t\t\t<div class=\"elementor-wrapper elementor-open-inline\">\n\t\t\t<div class=\"elementor-video\"><\/div>\t\t<\/div>\n\t\t\t\t\t\t<\/div>\n\t\t\t\t<\/div>\n\t\t\t\t<section class=\"elementor-section elementor-inner-section elementor-element elementor-element-dbda757 elementor-section-boxed elementor-section-height-default elementor-section-height-default\" data-id=\"dbda757\" data-element_type=\"section\" data-e-type=\"section\">\n\t\t\t\t\t\t<div class=\"elementor-container elementor-column-gap-narrow\">\n\t\t\t\t\t<div class=\"elementor-column elementor-col-50 elementor-inner-column elementor-element elementor-element-6027ef9\" data-id=\"6027ef9\" data-element_type=\"column\" data-e-type=\"column\">\n\t\t\t<div class=\"elementor-widget-wrap elementor-element-populated\">\n\t\t\t\t\t\t<div class=\"elementor-element elementor-element-bfdb1f7 elementor-widget elementor-widget-image\" data-id=\"bfdb1f7\" data-element_type=\"widget\" data-e-type=\"widget\" data-widget_type=\"image.default\">\n\t\t\t\t<div class=\"elementor-widget-container\">\n\t\t\t\t\t\t\t\t\t\t\t\t\t\t\t<img decoding=\"async\" width=\"345\" height=\"131\" src=\"https:\/\/blogi.eoppimispalvelut.fi\/opopaivat2024\/files\/2023\/09\/LapinAMK-logo.jpg\" class=\"attachment-full size-full wp-image-779\" alt=\"\" srcset=\"https:\/\/blogi.eoppimispalvelut.fi\/opopaivat2024\/files\/2023\/09\/LapinAMK-logo.jpg 345w, https:\/\/blogi.eoppimispalvelut.fi\/opopaivat2024\/files\/2023\/09\/LapinAMK-logo-300x114.jpg 300w\" sizes=\"100vw\" \/>\t\t\t\t\t\t\t\t\t\t\t\t\t\t\t<\/div>\n\t\t\t\t<\/div>\n\t\t\t\t\t<\/div>\n\t\t<\/div>\n\t\t\t\t<div class=\"elementor-column elementor-col-50 elementor-inner-column elementor-element elementor-element-c88e0d3\" data-id=\"c88e0d3\" data-element_type=\"column\" data-e-type=\"column\">\n\t\t\t<div class=\"elementor-widget-wrap elementor-element-populated\">\n\t\t\t\t\t\t<div class=\"elementor-element elementor-element-7db02a9 elementor-widget elementor-widget-image\" data-id=\"7db02a9\" data-element_type=\"widget\" data-e-type=\"widget\" data-widget_type=\"image.default\">\n\t\t\t\t<div class=\"elementor-widget-container\">\n\t\t\t\t\t\t\t\t\t\t\t\t\t\t\t<img fetchpriority=\"high\" decoding=\"async\" width=\"525\" height=\"182\" src=\"https:\/\/blogi.eoppimispalvelut.fi\/opopaivat2024\/files\/2023\/09\/REDU.jpg\" class=\"attachment-large size-large wp-image-781\" alt=\"\" srcset=\"https:\/\/blogi.eoppimispalvelut.fi\/opopaivat2024\/files\/2023\/09\/REDU.jpg 586w, https:\/\/blogi.eoppimispalvelut.fi\/opopaivat2024\/files\/2023\/09\/REDU-300x104.jpg 300w\" sizes=\"100vw\" \/>\t\t\t\t\t\t\t\t\t\t\t\t\t\t\t<\/div>\n\t\t\t\t<\/div>\n\t\t\t\t\t<\/div>\n\t\t<\/div>\n\t\t\t\t\t<\/div>\n\t\t<\/section>\n\t\t\t\t<div class=\"elementor-element elementor-element-39f1f48 elementor-widget elementor-widget-image\" data-id=\"39f1f48\" data-element_type=\"widget\" data-e-type=\"widget\" data-widget_type=\"image.default\">\n\t\t\t\t<div class=\"elementor-widget-container\">\n\t\t\t\t\t\t\t\t\t\t\t\t\t\t\t<img decoding=\"async\" width=\"300\" height=\"300\" src=\"https:\/\/blogi.eoppimispalvelut.fi\/opopaivat2024\/files\/2024\/01\/Rovaniemi-logo-sininen-300x300.png\" class=\"attachment-medium size-medium wp-image-1215\" alt=\"\" srcset=\"https:\/\/blogi.eoppimispalvelut.fi\/opopaivat2024\/files\/2024\/01\/Rovaniemi-logo-sininen-300x300.png 300w, https:\/\/blogi.eoppimispalvelut.fi\/opopaivat2024\/files\/2024\/01\/Rovaniemi-logo-sininen-1024x1024.png 1024w, https:\/\/blogi.eoppimispalvelut.fi\/opopaivat2024\/files\/2024\/01\/Rovaniemi-logo-sininen-150x150.png 150w, https:\/\/blogi.eoppimispalvelut.fi\/opopaivat2024\/files\/2024\/01\/Rovaniemi-logo-sininen-768x768.png 768w, https:\/\/blogi.eoppimispalvelut.fi\/opopaivat2024\/files\/2024\/01\/Rovaniemi-logo-sininen-1536x1536.png 1536w, https:\/\/blogi.eoppimispalvelut.fi\/opopaivat2024\/files\/2024\/01\/Rovaniemi-logo-sininen-100x100.png 100w, https:\/\/blogi.eoppimispalvelut.fi\/opopaivat2024\/files\/2024\/01\/Rovaniemi-logo-sininen.png 2000w\" sizes=\"100vw\" \/>\t\t\t\t\t\t\t\t\t\t\t\t\t\t\t<\/div>\n\t\t\t\t<\/div>\n\t\t\t\t<div class=\"elementor-element elementor-element-2c5015f elementor-widget elementor-widget-image\" data-id=\"2c5015f\" data-element_type=\"widget\" data-e-type=\"widget\" data-widget_type=\"image.default\">\n\t\t\t\t<div class=\"elementor-widget-container\">\n\t\t\t\t\t\t\t\t\t\t\t\t\t\t\t<img loading=\"lazy\" decoding=\"async\" width=\"525\" height=\"143\" src=\"https:\/\/blogi.eoppimispalvelut.fi\/opopaivat2024\/files\/2023\/09\/LAY-vaaka-vari-768x209.jpg\" class=\"attachment-medium_large size-medium_large wp-image-780\" alt=\"\" srcset=\"https:\/\/blogi.eoppimispalvelut.fi\/opopaivat2024\/files\/2023\/09\/LAY-vaaka-vari-768x209.jpg 768w, https:\/\/blogi.eoppimispalvelut.fi\/opopaivat2024\/files\/2023\/09\/LAY-vaaka-vari-300x82.jpg 300w, https:\/\/blogi.eoppimispalvelut.fi\/opopaivat2024\/files\/2023\/09\/LAY-vaaka-vari-1024x279.jpg 1024w, https:\/\/blogi.eoppimispalvelut.fi\/opopaivat2024\/files\/2023\/09\/LAY-vaaka-vari.jpg 1456w\" sizes=\"100vw\" \/>\t\t\t\t\t\t\t\t\t\t\t\t\t\t\t<\/div>\n\t\t\t\t<\/div>\n\t\t\t\t<div class=\"elementor-element elementor-element-8344ff8 elementor-widget__width-inherit elementor-widget elementor-widget-image\" data-id=\"8344ff8\" data-element_type=\"widget\" data-e-type=\"widget\" data-widget_type=\"image.default\">\n\t\t\t\t<div class=\"elementor-widget-container\">\n\t\t\t\t\t\t\t\t\t\t\t\t\t\t\t<img loading=\"lazy\" decoding=\"async\" width=\"525\" height=\"295\" src=\"https:\/\/blogi.eoppimispalvelut.fi\/opopaivat2024\/files\/2023\/09\/NYT_CMYK_NYT-I-Boundless-Blue-I-FI-SV-I-CMYK-768x432.png\" class=\"attachment-medium_large size-medium_large wp-image-778\" alt=\"\" srcset=\"https:\/\/blogi.eoppimispalvelut.fi\/opopaivat2024\/files\/2023\/09\/NYT_CMYK_NYT-I-Boundless-Blue-I-FI-SV-I-CMYK-768x432.png 768w, https:\/\/blogi.eoppimispalvelut.fi\/opopaivat2024\/files\/2023\/09\/NYT_CMYK_NYT-I-Boundless-Blue-I-FI-SV-I-CMYK-300x169.png 300w, https:\/\/blogi.eoppimispalvelut.fi\/opopaivat2024\/files\/2023\/09\/NYT_CMYK_NYT-I-Boundless-Blue-I-FI-SV-I-CMYK-1024x576.png 1024w, https:\/\/blogi.eoppimispalvelut.fi\/opopaivat2024\/files\/2023\/09\/NYT_CMYK_NYT-I-Boundless-Blue-I-FI-SV-I-CMYK-1536x864.png 1536w, https:\/\/blogi.eoppimispalvelut.fi\/opopaivat2024\/files\/2023\/09\/NYT_CMYK_NYT-I-Boundless-Blue-I-FI-SV-I-CMYK-2048x1152.png 2048w\" sizes=\"100vw\" \/>\t\t\t\t\t\t\t\t\t\t\t\t\t\t\t<\/div>\n\t\t\t\t<\/div>\n\t\t\t\t<div class=\"elementor-element elementor-element-1ba34dd elementor-widget elementor-widget-image\" data-id=\"1ba34dd\" data-element_type=\"widget\" data-e-type=\"widget\" data-widget_type=\"image.default\">\n\t\t\t\t<div class=\"elementor-widget-container\">\n\t\t\t\t\t\t\t\t\t\t\t\t\t\t\t<img loading=\"lazy\" decoding=\"async\" width=\"525\" height=\"207\" src=\"https:\/\/blogi.eoppimispalvelut.fi\/opopaivat2024\/files\/2023\/10\/Lappia_rgb-1024x404.jpg\" class=\"attachment-large size-large wp-image-959\" alt=\"\" srcset=\"https:\/\/blogi.eoppimispalvelut.fi\/opopaivat2024\/files\/2023\/10\/Lappia_rgb-1024x404.jpg 1024w, https:\/\/blogi.eoppimispalvelut.fi\/opopaivat2024\/files\/2023\/10\/Lappia_rgb-300x118.jpg 300w, https:\/\/blogi.eoppimispalvelut.fi\/opopaivat2024\/files\/2023\/10\/Lappia_rgb-768x303.jpg 768w, https:\/\/blogi.eoppimispalvelut.fi\/opopaivat2024\/files\/2023\/10\/Lappia_rgb.jpg 1346w\" sizes=\"100vw\" \/>\t\t\t\t\t\t\t\t\t\t\t\t\t\t\t<\/div>\n\t\t\t\t<\/div>\n\t\t\t\t<div class=\"elementor-element elementor-element-81ee79f elementor-widget elementor-widget-image\" data-id=\"81ee79f\" data-element_type=\"widget\" data-e-type=\"widget\" data-widget_type=\"image.default\">\n\t\t\t\t<div class=\"elementor-widget-container\">\n\t\t\t\t\t\t\t\t\t\t\t\t\t\t\t<img loading=\"lazy\" decoding=\"async\" width=\"525\" height=\"402\" src=\"https:\/\/blogi.eoppimispalvelut.fi\/opopaivat2024\/files\/2023\/10\/Ammattiopisto-Luovi-logo-RGB.jpg\" class=\"attachment-large size-large wp-image-1024\" alt=\"\" srcset=\"https:\/\/blogi.eoppimispalvelut.fi\/opopaivat2024\/files\/2023\/10\/Ammattiopisto-Luovi-logo-RGB.jpg 1000w, https:\/\/blogi.eoppimispalvelut.fi\/opopaivat2024\/files\/2023\/10\/Ammattiopisto-Luovi-logo-RGB-300x230.jpg 300w, https:\/\/blogi.eoppimispalvelut.fi\/opopaivat2024\/files\/2023\/10\/Ammattiopisto-Luovi-logo-RGB-768x588.jpg 768w\" sizes=\"100vw\" \/>\t\t\t\t\t\t\t\t\t\t\t\t\t\t\t<\/div>\n\t\t\t\t<\/div>\n\t\t\t\t<div class=\"elementor-element elementor-element-3363a3d elementor-widget elementor-widget-image\" data-id=\"3363a3d\" data-element_type=\"widget\" data-e-type=\"widget\" data-widget_type=\"image.default\">\n\t\t\t\t<div class=\"elementor-widget-container\">\n\t\t\t\t\t\t\t\t\t\t\t\t\t\t\t<img loading=\"lazy\" decoding=\"async\" width=\"525\" height=\"525\" src=\"https:\/\/blogi.eoppimispalvelut.fi\/opopaivat2024\/files\/2023\/11\/alkio_opisto-768x768.png\" class=\"attachment-medium_large size-medium_large wp-image-1078\" alt=\"\" srcset=\"https:\/\/blogi.eoppimispalvelut.fi\/opopaivat2024\/files\/2023\/11\/alkio_opisto-768x768.png 768w, https:\/\/blogi.eoppimispalvelut.fi\/opopaivat2024\/files\/2023\/11\/alkio_opisto-300x300.png 300w, https:\/\/blogi.eoppimispalvelut.fi\/opopaivat2024\/files\/2023\/11\/alkio_opisto-150x150.png 150w, https:\/\/blogi.eoppimispalvelut.fi\/opopaivat2024\/files\/2023\/11\/alkio_opisto-100x100.png 100w, https:\/\/blogi.eoppimispalvelut.fi\/opopaivat2024\/files\/2023\/11\/alkio_opisto.png 1000w\" sizes=\"100vw\" \/>\t\t\t\t\t\t\t\t\t\t\t\t\t\t\t<\/div>\n\t\t\t\t<\/div>\n\t\t\t\t<div class=\"elementor-element elementor-element-33f2442 elementor-widget elementor-widget-image\" data-id=\"33f2442\" data-element_type=\"widget\" data-e-type=\"widget\" data-widget_type=\"image.default\">\n\t\t\t\t<div class=\"elementor-widget-container\">\n\t\t\t\t\t\t\t\t\t\t\t\t\t\t\t<img loading=\"lazy\" decoding=\"async\" width=\"525\" height=\"372\" src=\"https:\/\/blogi.eoppimispalvelut.fi\/opopaivat2024\/files\/2023\/11\/reduedu_logo.png\" class=\"attachment-medium_large size-medium_large wp-image-1079\" alt=\"\" srcset=\"https:\/\/blogi.eoppimispalvelut.fi\/opopaivat2024\/files\/2023\/11\/reduedu_logo.png 572w, https:\/\/blogi.eoppimispalvelut.fi\/opopaivat2024\/files\/2023\/11\/reduedu_logo-300x212.png 300w\" sizes=\"100vw\" \/>\t\t\t\t\t\t\t\t\t\t\t\t\t\t\t<\/div>\n\t\t\t\t<\/div>\n\t\t\t\t\t<\/div>\n\t\t<\/div>\n\t\t\t\t\t<\/div>\n\t\t<\/section>\n\t\t\t\t<section class=\"elementor-section elementor-top-section elementor-element elementor-element-7183b5d elementor-section-boxed elementor-section-height-default elementor-section-height-default\" data-id=\"7183b5d\" data-element_type=\"section\" data-e-type=\"section\">\n\t\t\t\t\t\t<div class=\"elementor-container elementor-column-gap-default\">\n\t\t\t\t\t<div class=\"elementor-column elementor-col-100 elementor-top-column elementor-element elementor-element-f19777f\" data-id=\"f19777f\" data-element_type=\"column\" data-e-type=\"column\">\n\t\t\t<div class=\"elementor-widget-wrap elementor-element-populated\">\n\t\t\t\t\t\t<div class=\"elementor-element elementor-element-e7ca5a6 elementor-widget elementor-widget-image\" data-id=\"e7ca5a6\" data-element_type=\"widget\" data-e-type=\"widget\" data-widget_type=\"image.default\">\n\t\t\t\t<div class=\"elementor-widget-container\">\n\t\t\t\t\t\t\t\t\t\t\t\t\t\t\t<img loading=\"lazy\" decoding=\"async\" width=\"1024\" height=\"480\" src=\"https:\/\/blogi.eoppimispalvelut.fi\/opopaivat2024\/files\/2024\/01\/27153900909_fefb0d78d3_b.jpg\" class=\"attachment-2048x2048 size-2048x2048 wp-image-1160\" alt=\"\" srcset=\"https:\/\/blogi.eoppimispalvelut.fi\/opopaivat2024\/files\/2024\/01\/27153900909_fefb0d78d3_b.jpg 1024w, https:\/\/blogi.eoppimispalvelut.fi\/opopaivat2024\/files\/2024\/01\/27153900909_fefb0d78d3_b-300x141.jpg 300w, https:\/\/blogi.eoppimispalvelut.fi\/opopaivat2024\/files\/2024\/01\/27153900909_fefb0d78d3_b-768x360.jpg 768w\" sizes=\"100vw\" \/>\t\t\t\t\t\t\t\t\t\t\t\t\t\t\t<\/div>\n\t\t\t\t<\/div>\n\t\t\t\t<div class=\"elementor-element elementor-element-5f4b3a7 elementor-widget elementor-widget-image\" data-id=\"5f4b3a7\" data-element_type=\"widget\" data-e-type=\"widget\" data-widget_type=\"image.default\">\n\t\t\t\t<div class=\"elementor-widget-container\">\n\t\t\t\t\t\t\t\t\t\t\t\t\t\t\t<img loading=\"lazy\" decoding=\"async\" width=\"525\" height=\"425\" src=\"https:\/\/blogi.eoppimispalvelut.fi\/opopaivat2024\/files\/2024\/01\/Winnova-merenkulku-logo.png\" class=\"attachment-large size-large wp-image-1198\" alt=\"\" srcset=\"https:\/\/blogi.eoppimispalvelut.fi\/opopaivat2024\/files\/2024\/01\/Winnova-merenkulku-logo.png 696w, https:\/\/blogi.eoppimispalvelut.fi\/opopaivat2024\/files\/2024\/01\/Winnova-merenkulku-logo-300x243.png 300w\" sizes=\"100vw\" \/>\t\t\t\t\t\t\t\t\t\t\t\t\t\t\t<\/div>\n\t\t\t\t<\/div>\n\t\t\t\t<div class=\"elementor-element elementor-element-279d806 elementor-widget elementor-widget-image\" data-id=\"279d806\" data-element_type=\"widget\" data-e-type=\"widget\" data-widget_type=\"image.default\">\n\t\t\t\t<div class=\"elementor-widget-container\">\n\t\t\t\t\t\t\t\t\t\t\t\t\t\t\t<img loading=\"lazy\" decoding=\"async\" width=\"2000\" height=\"1500\" src=\"https:\/\/blogi.eoppimispalvelut.fi\/opopaivat2024\/files\/2024\/02\/ammatti-liikenteen-tekniikka-akatemia.png\" class=\"attachment-2048x2048 size-2048x2048 wp-image-1241\" alt=\"\" srcset=\"https:\/\/blogi.eoppimispalvelut.fi\/opopaivat2024\/files\/2024\/02\/ammatti-liikenteen-tekniikka-akatemia.png 2000w, https:\/\/blogi.eoppimispalvelut.fi\/opopaivat2024\/files\/2024\/02\/ammatti-liikenteen-tekniikka-akatemia-300x225.png 300w, https:\/\/blogi.eoppimispalvelut.fi\/opopaivat2024\/files\/2024\/02\/ammatti-liikenteen-tekniikka-akatemia-1024x768.png 1024w, https:\/\/blogi.eoppimispalvelut.fi\/opopaivat2024\/files\/2024\/02\/ammatti-liikenteen-tekniikka-akatemia-768x576.png 768w, https:\/\/blogi.eoppimispalvelut.fi\/opopaivat2024\/files\/2024\/02\/ammatti-liikenteen-tekniikka-akatemia-1536x1152.png 1536w\" sizes=\"100vw\" \/>\t\t\t\t\t\t\t\t\t\t\t\t\t\t\t<\/div>\n\t\t\t\t<\/div>\n\t\t\t\t\t<\/div>\n\t\t<\/div>\n\t\t\t\t\t<\/div>\n\t\t<\/section>\n\t\t\t\t<\/div>\n\t\t","protected":false},"excerpt":{"rendered":"<p>Lapin opinto-ohjaus ry kiitt\u00e4\u00e4 yhteisty\u00f6kumppaneita! https:\/\/youtu.be\/K90YagvodIY?si=tOg4LCcHQkn34lcu \/*! elementor &#8211; v3.19.0 &#8211; 29-01-2024 *\/ .elementor-widget-image{text-align:center}.elementor-widget-image a{display:inline-block}.elementor-widget-image a img[src$=&#8221;.svg&#8221;]{width:48px}.elementor-widget-image img{vertical-align:middle;display:inline-block}<\/p>\n","protected":false},"author":20363,"featured_media":0,"parent":0,"menu_order":0,"comment_status":"closed","ping_status":"closed","template":"","meta":{"footnotes":""},"class_list":["post-543","page","type-page","status-publish","hentry"],"_links":{"self":[{"href":"https:\/\/blogi.eoppimispalvelut.fi\/opopaivat2024\/wp-json\/wp\/v2\/pages\/543","targetHints":{"allow":["GET"]}}],"collection":[{"href":"https:\/\/blogi.eoppimispalvelut.fi\/opopaivat2024\/wp-json\/wp\/v2\/pages"}],"about":[{"href":"https:\/\/blogi.eoppimispalvelut.fi\/opopaivat2024\/wp-json\/wp\/v2\/types\/page"}],"author":[{"embeddable":true,"href":"https:\/\/blogi.eoppimispalvelut.fi\/opopaivat2024\/wp-json\/wp\/v2\/users\/20363"}],"replies":[{"embeddable":true,"href":"https:\/\/blogi.eoppimispalvelut.fi\/opopaivat2024\/wp-json\/wp\/v2\/comments?post=543"}],"version-history":[{"count":46,"href":"https:\/\/blogi.eoppimispalvelut.fi\/opopaivat2024\/wp-json\/wp\/v2\/pages\/543\/revisions"}],"predecessor-version":[{"id":1256,"href":"https:\/\/blogi.eoppimispalvelut.fi\/opopaivat2024\/wp-json\/wp\/v2\/pages\/543\/revisions\/1256"}],"wp:attachment":[{"href":"https:\/\/blogi.eoppimispalvelut.fi\/opopaivat2024\/wp-json\/wp\/v2\/media?parent=543"}],"curies":[{"name":"wp","href":"https:\/\/api.w.org\/{rel}","templated":true}]}}