{"id":735,"date":"2023-05-03T14:20:26","date_gmt":"2023-05-03T11:20:26","guid":{"rendered":"https:\/\/blogi.eoppimispalvelut.fi\/opopaivat2024\/?page_id=735"},"modified":"2023-12-16T12:45:44","modified_gmt":"2023-12-16T10:45:44","slug":"yrittajyys-lapissa","status":"publish","type":"page","link":"https:\/\/blogi.eoppimispalvelut.fi\/opopaivat2024\/yrittajyys-lapissa\/","title":{"rendered":"Yritt\u00e4jyys Lapissa"},"content":{"rendered":"\t\t<div data-elementor-type=\"wp-page\" data-elementor-id=\"735\" class=\"elementor elementor-735\">\n\t\t\t\t\t\t<section class=\"elementor-section elementor-top-section elementor-element elementor-element-b00802f elementor-section-boxed elementor-section-height-default elementor-section-height-default\" data-id=\"b00802f\" data-element_type=\"section\" data-e-type=\"section\">\n\t\t\t\t\t\t<div class=\"elementor-container elementor-column-gap-default\">\n\t\t\t\t\t<div class=\"elementor-column elementor-col-100 elementor-top-column elementor-element elementor-element-bd8c766\" data-id=\"bd8c766\" data-element_type=\"column\" data-e-type=\"column\">\n\t\t\t<div class=\"elementor-widget-wrap elementor-element-populated\">\n\t\t\t\t\t\t<div class=\"elementor-element elementor-element-8140118 elementor-widget elementor-widget-text-editor\" data-id=\"8140118\" data-element_type=\"widget\" data-e-type=\"widget\" data-widget_type=\"text-editor.default\">\n\t\t\t\t<div class=\"elementor-widget-container\">\n\t\t\t\t\t\t\t\t\t<p><span style=\"color: #ffffff\"><strong>BRP Finland Oy<\/strong><\/span><\/p>\t\t\t\t\t\t\t\t<\/div>\n\t\t\t\t<\/div>\n\t\t\t\t<div class=\"elementor-element elementor-element-257a85c elementor-widget elementor-widget-text-editor\" data-id=\"257a85c\" data-element_type=\"widget\" data-e-type=\"widget\" data-widget_type=\"text-editor.default\">\n\t\t\t\t<div class=\"elementor-widget-container\">\n\t\t\t\t\t\t\t\t\t<p><strong><span style=\"color: #ffffff\">Kemijoki Oy<\/span><\/strong><span style=\"color: #ffffff\"> &#8211; Vesivoima pit\u00e4\u00e4 Suomen k\u00e4ynniss\u00e4<\/span><\/p><p><span style=\"color: #ffffff\">Vierailun aikana p\u00e4\u00e4set vierailemaan Valajaskosken voimalaitoksella.<\/span><\/p>\t\t\t\t\t\t\t\t<\/div>\n\t\t\t\t<\/div>\n\t\t\t\t<div class=\"elementor-element elementor-element-3874cb6 elementor-widget elementor-widget-text-editor\" data-id=\"3874cb6\" data-element_type=\"widget\" data-e-type=\"widget\" data-widget_type=\"text-editor.default\">\n\t\t\t\t<div class=\"elementor-widget-container\">\n\t\t\t\t\t\t\t\t\t<p><strong><span style=\"color: #ffffff\">Lappset Oy\u00a0<\/span><\/strong><span style=\"color: #ffffff\">&#8211; Movement for every heartbeat<\/span><\/p>\t\t\t\t\t\t\t\t<\/div>\n\t\t\t\t<\/div>\n\t\t\t\t<div class=\"elementor-element elementor-element-a39bfd9 elementor-widget elementor-widget-text-editor\" data-id=\"a39bfd9\" data-element_type=\"widget\" data-e-type=\"widget\" data-widget_type=\"text-editor.default\">\n\t\t\t\t<div class=\"elementor-widget-container\">\n\t\t\t\t\t\t\t\t\t<p><strong><span style=\"color: #ffffff\">Arctic Snowhotel &amp; Glass Igloos\u00a0<\/span><\/strong><span style=\"color: #ffffff\">&#8211; Koe taivaan taiat!<\/span><\/p><p><span style=\"color: #ffffff\">Yritys tarjoaa ilmaisen sis\u00e4\u00e4np\u00e4\u00e4syn Lumihotelliin.<\/span><\/p>\t\t\t\t\t\t\t\t<\/div>\n\t\t\t\t<\/div>\n\t\t\t\t\t<\/div>\n\t\t<\/div>\n\t\t\t\t\t<\/div>\n\t\t<\/section>\n\t\t\t\t<\/div>\n\t\t","protected":false},"excerpt":{"rendered":"<p>BRP Finland Oy Kemijoki Oy &#8211; Vesivoima pit\u00e4\u00e4 Suomen k\u00e4ynniss\u00e4 Vierailun aikana p\u00e4\u00e4set vierailemaan Valajaskosken voimalaitoksella. Lappset Oy\u00a0&#8211; Movement for every heartbeat Arctic Snowhotel &amp; Glass Igloos\u00a0&#8211; Koe taivaan taiat! Yritys tarjoaa ilmaisen sis\u00e4\u00e4np\u00e4\u00e4syn Lumihotelliin.<\/p>\n","protected":false},"author":20363,"featured_media":0,"parent":0,"menu_order":0,"comment_status":"closed","ping_status":"closed","template":"","meta":{"footnotes":""},"class_list":["post-735","page","type-page","status-publish","hentry"],"_links":{"self":[{"href":"https:\/\/blogi.eoppimispalvelut.fi\/opopaivat2024\/wp-json\/wp\/v2\/pages\/735","targetHints":{"allow":["GET"]}}],"collection":[{"href":"https:\/\/blogi.eoppimispalvelut.fi\/opopaivat2024\/wp-json\/wp\/v2\/pages"}],"about":[{"href":"https:\/\/blogi.eoppimispalvelut.fi\/opopaivat2024\/wp-json\/wp\/v2\/types\/page"}],"author":[{"embeddable":true,"href":"https:\/\/blogi.eoppimispalvelut.fi\/opopaivat2024\/wp-json\/wp\/v2\/users\/20363"}],"replies":[{"embeddable":true,"href":"https:\/\/blogi.eoppimispalvelut.fi\/opopaivat2024\/wp-json\/wp\/v2\/comments?post=735"}],"version-history":[{"count":14,"href":"https:\/\/blogi.eoppimispalvelut.fi\/opopaivat2024\/wp-json\/wp\/v2\/pages\/735\/revisions"}],"predecessor-version":[{"id":1109,"href":"https:\/\/blogi.eoppimispalvelut.fi\/opopaivat2024\/wp-json\/wp\/v2\/pages\/735\/revisions\/1109"}],"wp:attachment":[{"href":"https:\/\/blogi.eoppimispalvelut.fi\/opopaivat2024\/wp-json\/wp\/v2\/media?parent=735"}],"curies":[{"name":"wp","href":"https:\/\/api.w.org\/{rel}","templated":true}]}}