{"id":737,"date":"2023-05-03T14:20:49","date_gmt":"2023-05-03T11:20:49","guid":{"rendered":"https:\/\/blogi.eoppimispalvelut.fi\/opopaivat2024\/?page_id=737"},"modified":"2023-10-23T10:59:41","modified_gmt":"2023-10-23T07:59:41","slug":"lapin-luonto-ja-kulttuuri","status":"publish","type":"page","link":"https:\/\/blogi.eoppimispalvelut.fi\/opopaivat2024\/lapin-luonto-ja-kulttuuri\/","title":{"rendered":"Lapin luonto ja kulttuuri"},"content":{"rendered":"\t\t<div data-elementor-type=\"wp-page\" data-elementor-id=\"737\" class=\"elementor elementor-737\">\n\t\t\t\t\t\t<section class=\"elementor-section elementor-top-section elementor-element elementor-element-feb7965 elementor-section-boxed elementor-section-height-default elementor-section-height-default\" data-id=\"feb7965\" data-element_type=\"section\" data-e-type=\"section\">\n\t\t\t\t\t\t<div class=\"elementor-container elementor-column-gap-default\">\n\t\t\t\t\t<div class=\"elementor-column elementor-col-100 elementor-top-column elementor-element elementor-element-4db6064\" data-id=\"4db6064\" data-element_type=\"column\" data-e-type=\"column\">\n\t\t\t<div class=\"elementor-widget-wrap elementor-element-populated\">\n\t\t\t\t\t\t<div class=\"elementor-element elementor-element-5b66da8 elementor-widget elementor-widget-text-editor\" data-id=\"5b66da8\" data-element_type=\"widget\" data-e-type=\"widget\" data-widget_type=\"text-editor.default\">\n\t\t\t\t<div class=\"elementor-widget-container\">\n\t\t\t\t\t\t\t\t\t<p><strong><span style=\"color: #ffffff\">Tiedekeskus Pilke\u00a0<\/span><\/strong><span style=\"color: #ffffff\">&#8211; N\u00e4e mets\u00e4 puilta<\/span><\/p>\t\t\t\t\t\t\t\t<\/div>\n\t\t\t\t<\/div>\n\t\t\t\t<div class=\"elementor-element elementor-element-f7e0ecc elementor-widget elementor-widget-text-editor\" data-id=\"f7e0ecc\" data-element_type=\"widget\" data-e-type=\"widget\" data-widget_type=\"text-editor.default\">\n\t\t\t\t<div class=\"elementor-widget-container\">\n\t\t\t\t\t\t\t\t\t<p><strong><span style=\"color: #ffffff\">Arktinen keskus ja Arktikum\u00a0<\/span><\/strong><span style=\"color: #ffffff\">&#8211; N\u00e4e maailma arktisin silmin<\/span><\/p><p><span style=\"color: #ffffff\">Osallistujille tarjotaan ilmainen p\u00e4\u00e4sy Arktikumin tiedekeskukseen ja n\u00e4yttelyihin.<\/span><\/p>\t\t\t\t\t\t\t\t<\/div>\n\t\t\t\t<\/div>\n\t\t\t\t<div class=\"elementor-element elementor-element-bd61dfb elementor-widget elementor-widget-text-editor\" data-id=\"bd61dfb\" data-element_type=\"widget\" data-e-type=\"widget\" data-widget_type=\"text-editor.default\">\n\t\t\t\t<div class=\"elementor-widget-container\">\n\t\t\t\t\t\t\t\t\t<p><strong><span style=\"color: #ffffff\">Kulttuuritalo Korundi\u00a0<\/span><\/strong><span style=\"color: #ffffff\"> &#8211; Taide avaa maailmaa pohjoisen perspektiivist\u00e4<\/span><\/p>\t\t\t\t\t\t\t\t<\/div>\n\t\t\t\t<\/div>\n\t\t\t\t<div class=\"elementor-element elementor-element-c47eb58 elementor-widget elementor-widget-text-editor\" data-id=\"c47eb58\" data-element_type=\"widget\" data-e-type=\"widget\" data-widget_type=\"text-editor.default\">\n\t\t\t\t<div class=\"elementor-widget-container\">\n\t\t\t\t\t\t\t\t\t<p><strong><span style=\"color: #ffffff\">Rovaniemen teatteri\u00a0<\/span><\/strong><span style=\"color: #ffffff\">&#8211; Arktinen p\u00e4\u00e4n\u00e4ytt\u00e4m\u00f6<\/span><\/p><p><span style=\"color: #ffffff\"><span class=\"TextRun SCXW169932219 BCX8\" lang=\"FI-FI\" xml:lang=\"FI-FI\" data-contrast=\"none\"><span class=\"NormalTextRun SCXW169932219 BCX8\">Mahdollisuus <\/span><span class=\"NormalTextRun SCXW169932219 BCX8\">Opohintaiseen<\/span><span class=\"NormalTextRun SCXW169932219 BCX8\"> teatteriel\u00e4mykseen 9.2.2024 illan n\u00e4yt\u00f6kseen. Ohjeet kotisivulta joulukuussa 2023.<\/span><\/span><\/span><\/p>\t\t\t\t\t\t\t\t<\/div>\n\t\t\t\t<\/div>\n\t\t\t\t<div class=\"elementor-element elementor-element-a55442d elementor-widget elementor-widget-text-editor\" data-id=\"a55442d\" data-element_type=\"widget\" data-e-type=\"widget\" data-widget_type=\"text-editor.default\">\n\t\t\t\t<div class=\"elementor-widget-container\">\n\t\t\t\t\t\t\t\t\t<p><strong><span style=\"color: #ffffff\">Taito Lappi<\/span><\/strong><span style=\"color: #ffffff\">\u00a0<\/span><\/p><p><span style=\"color: #ffffff\">Tutustuminen lappilaisen k\u00e4sity\u00f6taiteen perusopetukseen ja ohjaukseen.<\/span><\/p>\t\t\t\t\t\t\t\t<\/div>\n\t\t\t\t<\/div>\n\t\t\t\t<div class=\"elementor-element elementor-element-d9a7abf elementor-widget elementor-widget-text-editor\" data-id=\"d9a7abf\" data-element_type=\"widget\" data-e-type=\"widget\" data-widget_type=\"text-editor.default\">\n\t\t\t\t<div class=\"elementor-widget-container\">\n\t\t\t\t\t\t\t\t\t<p><span style=\"color: #ffffff\"><em>Hox! Yll\u00e4 oleviin kohteisiin (Pilke, Arktikum, Korundi, Rovaniemen teatteri ja Taito Lappi) menn\u00e4\u00e4n k\u00e4velem\u00e4ll\u00e4 oppaan johdolla. K\u00e4velymatka on alle 1 km. Lyhyell\u00e4kin matkalla voi itsens\u00e4 palelluttaa, joten varaa l\u00e4mmin vaatetus.\u00a0<\/em><\/span><\/p>\t\t\t\t\t\t\t\t<\/div>\n\t\t\t\t<\/div>\n\t\t\t\t<div class=\"elementor-element elementor-element-3eb6c21 elementor-widget elementor-widget-text-editor\" data-id=\"3eb6c21\" data-element_type=\"widget\" data-e-type=\"widget\" data-widget_type=\"text-editor.default\">\n\t\t\t\t<div class=\"elementor-widget-container\">\n\t\t\t\t\t\t\t\t\t<p><span style=\"color: #ffffff\"><strong>Ohjattu talvireippailu Ounasvaaralla!<\/strong><\/span><\/p><p><span style=\"color: #ffffff\">Liikuntaa talvisessa luonnossa Lapin urheiluopiston opiskelijoiden ohjauksella!\u00a0<\/span><\/p><p><em><span style=\"color: #ffffff\">Ulkoliikuntavarustus\u00a0<\/span><\/em><\/p>\t\t\t\t\t\t\t\t<\/div>\n\t\t\t\t<\/div>\n\t\t\t\t\t<\/div>\n\t\t<\/div>\n\t\t\t\t\t<\/div>\n\t\t<\/section>\n\t\t\t\t<\/div>\n\t\t","protected":false},"excerpt":{"rendered":"<p>Tiedekeskus Pilke\u00a0&#8211; N\u00e4e mets\u00e4 puilta Arktinen keskus ja Arktikum\u00a0&#8211; N\u00e4e maailma arktisin silmin Osallistujille tarjotaan ilmainen p\u00e4\u00e4sy Arktikumin tiedekeskukseen ja n\u00e4yttelyihin. Kulttuuritalo Korundi\u00a0 &#8211; Taide avaa maailmaa pohjoisen perspektiivist\u00e4 Rovaniemen teatteri\u00a0&#8211; Arktinen p\u00e4\u00e4n\u00e4ytt\u00e4m\u00f6 Mahdollisuus Opohintaiseen teatteriel\u00e4mykseen 9.2.2024 illan n\u00e4yt\u00f6kseen. Ohjeet kotisivulta joulukuussa 2023. Taito Lappi\u00a0 Tutustuminen lappilaisen k\u00e4sity\u00f6taiteen perusopetukseen ja ohjaukseen. Hox! Yll\u00e4 oleviin kohteisiin &hellip; <\/p>\n<p class=\"link-more\"><a href=\"https:\/\/blogi.eoppimispalvelut.fi\/opopaivat2024\/lapin-luonto-ja-kulttuuri\/\" class=\"more-link\">Continue reading<span class=\"screen-reader-text\"> &#8221;Lapin luonto ja kulttuuri&#8221;<\/span><\/a><\/p>\n","protected":false},"author":20363,"featured_media":0,"parent":0,"menu_order":0,"comment_status":"closed","ping_status":"closed","template":"","meta":{"footnotes":""},"class_list":["post-737","page","type-page","status-publish","hentry"],"_links":{"self":[{"href":"https:\/\/blogi.eoppimispalvelut.fi\/opopaivat2024\/wp-json\/wp\/v2\/pages\/737","targetHints":{"allow":["GET"]}}],"collection":[{"href":"https:\/\/blogi.eoppimispalvelut.fi\/opopaivat2024\/wp-json\/wp\/v2\/pages"}],"about":[{"href":"https:\/\/blogi.eoppimispalvelut.fi\/opopaivat2024\/wp-json\/wp\/v2\/types\/page"}],"author":[{"embeddable":true,"href":"https:\/\/blogi.eoppimispalvelut.fi\/opopaivat2024\/wp-json\/wp\/v2\/users\/20363"}],"replies":[{"embeddable":true,"href":"https:\/\/blogi.eoppimispalvelut.fi\/opopaivat2024\/wp-json\/wp\/v2\/comments?post=737"}],"version-history":[{"count":10,"href":"https:\/\/blogi.eoppimispalvelut.fi\/opopaivat2024\/wp-json\/wp\/v2\/pages\/737\/revisions"}],"predecessor-version":[{"id":1010,"href":"https:\/\/blogi.eoppimispalvelut.fi\/opopaivat2024\/wp-json\/wp\/v2\/pages\/737\/revisions\/1010"}],"wp:attachment":[{"href":"https:\/\/blogi.eoppimispalvelut.fi\/opopaivat2024\/wp-json\/wp\/v2\/media?parent=737"}],"curies":[{"name":"wp","href":"https:\/\/api.w.org\/{rel}","templated":true}]}}