{"id":138,"date":"2021-12-07T15:18:36","date_gmt":"2021-12-07T13:18:36","guid":{"rendered":"https:\/\/blogi.eoppimispalvelut.fi\/opyteknonorth\/?page_id=138"},"modified":"2022-04-11T10:13:08","modified_gmt":"2022-04-11T07:13:08","slug":"tietokoneet-oheislaiteet-tulostimet","status":"publish","type":"page","link":"https:\/\/blogi.eoppimispalvelut.fi\/opyteknonorth\/tietokoneet-oheislaiteet-tulostimet\/","title":{"rendered":"Tietokoneet, oheislaiteet, tulostimet"},"content":{"rendered":"<h4>Tietokoneet &#8211; computers and laptops<\/h4>\n<blockquote><p><strong>Kannettava tietokoneet:<\/strong><\/p><\/blockquote>\n<ul>\n<li>Razer Blade Pro 17-kannettava.<\/li>\n<li>Apple MacBook Air.<\/li>\n<li>HP Probook 6560b 15&#8243;.<\/li>\n<\/ul>\n<blockquote><p><strong>Tietokoneet:<\/strong><\/p><\/blockquote>\n<ul>\n<li>Lenovo IdeaCentre AIO 3 24&#8243;<\/li>\n<li>Lenovo ThinkStation P350 Tower-ty\u00f6asema<\/li>\n<li>Lenovo ThinStation P620-tehoty\u00f6asema<\/li>\n<li>Acer Aspire TC-780.<\/li>\n<\/ul>\n<h4>Oheislaitteet &#8211; peripherals<\/h4>\n<blockquote><p><strong>N\u00e4yt\u00f6t &#8211; screens<\/strong><\/p><\/blockquote>\n<ul>\n<li>Lenovo L24e-20 24&#8243;-n\u00e4ytt\u00f6<\/li>\n<li>Samsung Odyssey G7 27&#8243; &#8211; led n\u00e4ytt\u00f6<\/li>\n<\/ul>\n<blockquote><p><strong>Helppok\u00e4ytt\u00f6isyys &#8211; easy-to-use<\/strong><\/p><\/blockquote>\n<ul>\n<li><span class=\"JsGRdQ\">Telakointiasema<\/span><\/li>\n<\/ul>\n<h4>Tulostimet &#8211; printers<\/h4>\n<ul>\n<li>HP M528dn-monitoimitulostin<\/li>\n<li>HP LaserJet Pro M501dn- tulostin<\/li>\n<li>Brother HL-L9310CDW-lasertulostin<\/li>\n<\/ul>\n","protected":false},"excerpt":{"rendered":"<p>Tietokoneet &#8211; computers and laptops Kannettava tietokoneet: Razer Blade Pro 17-kannettava. Apple MacBook Air. HP Probook 6560b 15&#8243;. Tietokoneet: Lenovo IdeaCentre AIO 3 24&#8243; Lenovo ThinkStation P350 Tower-ty\u00f6asema Lenovo ThinStation P620-tehoty\u00f6asema Acer Aspire TC-780. Oheislaitteet &#8211; peripherals N\u00e4yt\u00f6t &#8211; screens Lenovo L24e-20 24&#8243;-n\u00e4ytt\u00f6 Samsung Odyssey G7 27&#8243; &#8211; led n\u00e4ytt\u00f6 Helppok\u00e4ytt\u00f6isyys &#8211; easy-to-use Telakointiasema Tulostimet&#8230;<\/p>\n","protected":false},"author":8814,"featured_media":0,"parent":0,"menu_order":0,"comment_status":"closed","ping_status":"closed","template":"","meta":{"footnotes":""},"class_list":["post-138","page","type-page","status-publish","hentry"],"_links":{"self":[{"href":"https:\/\/blogi.eoppimispalvelut.fi\/opyteknonorth\/wp-json\/wp\/v2\/pages\/138","targetHints":{"allow":["GET"]}}],"collection":[{"href":"https:\/\/blogi.eoppimispalvelut.fi\/opyteknonorth\/wp-json\/wp\/v2\/pages"}],"about":[{"href":"https:\/\/blogi.eoppimispalvelut.fi\/opyteknonorth\/wp-json\/wp\/v2\/types\/page"}],"author":[{"embeddable":true,"href":"https:\/\/blogi.eoppimispalvelut.fi\/opyteknonorth\/wp-json\/wp\/v2\/users\/8814"}],"replies":[{"embeddable":true,"href":"https:\/\/blogi.eoppimispalvelut.fi\/opyteknonorth\/wp-json\/wp\/v2\/comments?post=138"}],"version-history":[{"count":18,"href":"https:\/\/blogi.eoppimispalvelut.fi\/opyteknonorth\/wp-json\/wp\/v2\/pages\/138\/revisions"}],"predecessor-version":[{"id":383,"href":"https:\/\/blogi.eoppimispalvelut.fi\/opyteknonorth\/wp-json\/wp\/v2\/pages\/138\/revisions\/383"}],"wp:attachment":[{"href":"https:\/\/blogi.eoppimispalvelut.fi\/opyteknonorth\/wp-json\/wp\/v2\/media?parent=138"}],"curies":[{"name":"wp","href":"https:\/\/api.w.org\/{rel}","templated":true}]}}