{"id":139,"date":"2021-12-07T15:18:36","date_gmt":"2021-12-07T13:18:36","guid":{"rendered":"https:\/\/blogi.eoppimispalvelut.fi\/opyteknonorth\/?page_id=139"},"modified":"2022-04-11T11:49:50","modified_gmt":"2022-04-11T08:49:50","slug":"tietoturva-ja-ohjelmistopaketit","status":"publish","type":"page","link":"https:\/\/blogi.eoppimispalvelut.fi\/opyteknonorth\/tietoturva-ja-ohjelmistopaketit\/","title":{"rendered":"Tietoturva- ja ohjelmistopaketit"},"content":{"rendered":"<h5>Tietoturvapaketit:<\/h5>\n<ul>\n<li>Kokonaisturva-paketti:\n<ul>\n<li>Norton Antivirus -virustorjuntaohjelmisto.<\/li>\n<li>Et\u00e4tuki.<\/li>\n<li>P\u00e4ivitykset.<\/li>\n<li>89,90 \u20ac\/vuosi.<\/li>\n<\/ul>\n<\/li>\n<\/ul>\n<h5>Ohjelmistopaketit:<\/h5>\n<ul>\n<li>Ty\u00f6ntekij\u00e4-paketti:\n<ul>\n<li>Laaja Microsoft 365 -paketti.<\/li>\n<li>Et\u00e4tuki.<\/li>\n<li>P\u00e4ivitykset.<\/li>\n<li>Laitteiden ja sovellusten hallinta.<\/li>\n<li>45 \u20ac\/kk\/hl\u00f6.<\/li>\n<\/ul>\n<\/li>\n<\/ul>\n<ul>\n<li>Graafinen-paketti:\n<ul>\n<li>Creative Cloud &#8211; Adobe.<\/li>\n<li>Canva Pro.<\/li>\n<li>Et\u00e4tuki.<\/li>\n<li>30 \u20ac\/kk\/hl\u00f6.<\/li>\n<\/ul>\n<\/li>\n<\/ul>\n<ul>\n<li>Kirjanpit\u00e4j\u00e4:\n<ul>\n<li><span class=\"JsGRdQ\">Adobe Acrobat -ohjelmisto.<\/span><\/li>\n<li><span class=\"JsGRdQ\">Pro Plus -kirjanpito-ohjelmisto.<\/span><\/li>\n<li><span class=\"JsGRdQ\">Asennus.<\/span><\/li>\n<li><span class=\"JsGRdQ\">1700 \u20ac.<\/span><\/li>\n<\/ul>\n<\/li>\n<\/ul>\n<p>&nbsp;<\/p>\n","protected":false},"excerpt":{"rendered":"<p>Tietoturvapaketit: Kokonaisturva-paketti: Norton Antivirus -virustorjuntaohjelmisto. Et\u00e4tuki. P\u00e4ivitykset. 89,90 \u20ac\/vuosi. Ohjelmistopaketit: Ty\u00f6ntekij\u00e4-paketti: Laaja Microsoft 365 -paketti. Et\u00e4tuki. P\u00e4ivitykset. Laitteiden ja sovellusten hallinta. 45 \u20ac\/kk\/hl\u00f6. Graafinen-paketti: Creative Cloud &#8211; Adobe. Canva Pro. Et\u00e4tuki. 30 \u20ac\/kk\/hl\u00f6. Kirjanpit\u00e4j\u00e4: Adobe Acrobat -ohjelmisto. Pro Plus -kirjanpito-ohjelmisto. Asennus. 1700 \u20ac. &nbsp;<\/p>\n","protected":false},"author":8814,"featured_media":0,"parent":0,"menu_order":0,"comment_status":"closed","ping_status":"closed","template":"","meta":{"footnotes":""},"class_list":["post-139","page","type-page","status-publish","hentry"],"_links":{"self":[{"href":"https:\/\/blogi.eoppimispalvelut.fi\/opyteknonorth\/wp-json\/wp\/v2\/pages\/139","targetHints":{"allow":["GET"]}}],"collection":[{"href":"https:\/\/blogi.eoppimispalvelut.fi\/opyteknonorth\/wp-json\/wp\/v2\/pages"}],"about":[{"href":"https:\/\/blogi.eoppimispalvelut.fi\/opyteknonorth\/wp-json\/wp\/v2\/types\/page"}],"author":[{"embeddable":true,"href":"https:\/\/blogi.eoppimispalvelut.fi\/opyteknonorth\/wp-json\/wp\/v2\/users\/8814"}],"replies":[{"embeddable":true,"href":"https:\/\/blogi.eoppimispalvelut.fi\/opyteknonorth\/wp-json\/wp\/v2\/comments?post=139"}],"version-history":[{"count":10,"href":"https:\/\/blogi.eoppimispalvelut.fi\/opyteknonorth\/wp-json\/wp\/v2\/pages\/139\/revisions"}],"predecessor-version":[{"id":385,"href":"https:\/\/blogi.eoppimispalvelut.fi\/opyteknonorth\/wp-json\/wp\/v2\/pages\/139\/revisions\/385"}],"wp:attachment":[{"href":"https:\/\/blogi.eoppimispalvelut.fi\/opyteknonorth\/wp-json\/wp\/v2\/media?parent=139"}],"curies":[{"name":"wp","href":"https:\/\/api.w.org\/{rel}","templated":true}]}}