{"id":141,"date":"2021-12-07T15:18:36","date_gmt":"2021-12-07T13:18:36","guid":{"rendered":"https:\/\/blogi.eoppimispalvelut.fi\/opyteknonorth\/?page_id=141"},"modified":"2021-12-09T17:54:28","modified_gmt":"2021-12-09T15:54:28","slug":"verkkopalaveripaketit","status":"publish","type":"page","link":"https:\/\/blogi.eoppimispalvelut.fi\/opyteknonorth\/verkkopalaveripaketit\/","title":{"rendered":"Verkkopalaveripaketit"},"content":{"rendered":"<h4>Verkkopalaveri ja et\u00e4ty\u00f6skentely ovat t\u00e4t\u00e4 p\u00e4iv\u00e4\u00e4. Tekno-North tarjoaa yrityksellesi ja ty\u00f6ntekij\u00f6illesi kokonaisvaltaisen ratkaisun, jotta et\u00e4ty\u00f6skentely olisi kaikille helppoa ja mutkatonta. Verkkopalaveripaketeissa on huomioitu yrityksen koko ja paketin k\u00e4ytt\u00e4j\u00e4m\u00e4\u00e4r\u00e4.<\/h4>\n<p><strong>1. Silver-paketti:<\/strong><\/p>\n<ul>\n<li>Tietokone<\/li>\n<li>Web-kamera.<\/li>\n<li>Solmiomikrofoni<\/li>\n<\/ul>\n<p>Silver-paketti on suunniteltu yksitt\u00e4isen ty\u00f6ntekij\u00e4n k\u00e4ytt\u00f6\u00f6n soveltuvaksi et\u00e4- ja verkkoty\u00f6skentelypaketiksi.<\/p>\n<p>&nbsp;<\/p>\n<p><strong>2. Gold-paketti:<\/strong><\/p>\n<ul>\n<li>85&#8243; n\u00e4ytt\u00f6 + sein\u00e4teline<\/li>\n<li>Webkamera<\/li>\n<li>Stereomikrofoni<\/li>\n<\/ul>\n<p>Gold-paketti on suunniteltu pieneen tilaan soveltuvaksi et\u00e4-ja verkkoty\u00f6skentelypaketiksi.<\/p>\n<p>&nbsp;<\/p>\n<p><strong>3. Platinum-paketti:<\/strong><\/p>\n<ul>\n<li>Valkokangas + tykki<\/li>\n<li>Ulkoinen mikrofoni<\/li>\n<li>Webkamera<\/li>\n<li>Kaiuttimet<\/li>\n<\/ul>\n<p>Platinum-paketti on suunniteltu suurempaan kokoustilaan soveltuvaksi et\u00e4- ja verkkoty\u00f6skentelypaketiksi.<\/p>\n<p>&nbsp;<\/p>\n<ul>\n<li>\n<h4><a href=\"https:\/\/blogi.eoppimispalvelut.fi\/opyteknonorth\/kysy-tarjous\/\">Pyyd\u00e4 tarjous!<\/a><\/h4>\n<\/li>\n<\/ul>\n","protected":false},"excerpt":{"rendered":"<p>Verkkopalaveri ja et\u00e4ty\u00f6skentely ovat t\u00e4t\u00e4 p\u00e4iv\u00e4\u00e4. Tekno-North tarjoaa yrityksellesi ja ty\u00f6ntekij\u00f6illesi kokonaisvaltaisen ratkaisun, jotta et\u00e4ty\u00f6skentely olisi kaikille helppoa ja mutkatonta. Verkkopalaveripaketeissa on huomioitu yrityksen koko ja paketin k\u00e4ytt\u00e4j\u00e4m\u00e4\u00e4r\u00e4. 1. Silver-paketti: Tietokone Web-kamera. Solmiomikrofoni Silver-paketti on suunniteltu yksitt\u00e4isen ty\u00f6ntekij\u00e4n k\u00e4ytt\u00f6\u00f6n soveltuvaksi et\u00e4- ja verkkoty\u00f6skentelypaketiksi. &nbsp; 2. Gold-paketti: 85&#8243; n\u00e4ytt\u00f6 + sein\u00e4teline Webkamera Stereomikrofoni Gold-paketti on suunniteltu&#8230;<\/p>\n","protected":false},"author":8814,"featured_media":0,"parent":0,"menu_order":0,"comment_status":"closed","ping_status":"closed","template":"","meta":{"footnotes":""},"class_list":["post-141","page","type-page","status-publish","hentry"],"_links":{"self":[{"href":"https:\/\/blogi.eoppimispalvelut.fi\/opyteknonorth\/wp-json\/wp\/v2\/pages\/141","targetHints":{"allow":["GET"]}}],"collection":[{"href":"https:\/\/blogi.eoppimispalvelut.fi\/opyteknonorth\/wp-json\/wp\/v2\/pages"}],"about":[{"href":"https:\/\/blogi.eoppimispalvelut.fi\/opyteknonorth\/wp-json\/wp\/v2\/types\/page"}],"author":[{"embeddable":true,"href":"https:\/\/blogi.eoppimispalvelut.fi\/opyteknonorth\/wp-json\/wp\/v2\/users\/8814"}],"replies":[{"embeddable":true,"href":"https:\/\/blogi.eoppimispalvelut.fi\/opyteknonorth\/wp-json\/wp\/v2\/comments?post=141"}],"version-history":[{"count":7,"href":"https:\/\/blogi.eoppimispalvelut.fi\/opyteknonorth\/wp-json\/wp\/v2\/pages\/141\/revisions"}],"predecessor-version":[{"id":224,"href":"https:\/\/blogi.eoppimispalvelut.fi\/opyteknonorth\/wp-json\/wp\/v2\/pages\/141\/revisions\/224"}],"wp:attachment":[{"href":"https:\/\/blogi.eoppimispalvelut.fi\/opyteknonorth\/wp-json\/wp\/v2\/media?parent=141"}],"curies":[{"name":"wp","href":"https:\/\/api.w.org\/{rel}","templated":true}]}}