{"id":142,"date":"2021-12-07T15:18:36","date_gmt":"2021-12-07T13:18:36","guid":{"rendered":"https:\/\/blogi.eoppimispalvelut.fi\/opyteknonorth\/?page_id=142"},"modified":"2022-03-23T22:59:54","modified_gmt":"2022-03-23T20:59:54","slug":"leasing-infonaytot","status":"publish","type":"page","link":"https:\/\/blogi.eoppimispalvelut.fi\/opyteknonorth\/leasing-infonaytot\/","title":{"rendered":"Leasing-infon\u00e4yt\u00f6t"},"content":{"rendered":"<h4>Leasing-infon\u00e4yt\u00f6t<\/h4>\n<ul>\n<li>Infon\u00e4ytt\u00f6.<\/li>\n<li>Sein\u00e4teline.<\/li>\n<li>Vuosihuolto.<\/li>\n<li>Asennus.<\/li>\n<li>3000 \u20ac\/vuosi.<\/li>\n<\/ul>\n<h6>Haluatko viesti\u00e4 toimivasti yrityksesi sis\u00e4ll\u00e4 tai ulosp\u00e4in asiakkaillesi? Infon\u00e4ytt\u00f6 on tehokas ja kompakti viestint\u00e4kanava sek\u00e4 toimistolle ett\u00e4 asiakastiloihin. Tekno-North vuokraa infon\u00e4ytt\u00f6j\u00e4 vuosisopimuksella. Sopimus on uusittavissa edelt\u00e4v\u00e4n sopimuskauden j\u00e4lkeen. Vuosihintaan kuuluu infon\u00e4ytt\u00f6jen vuosihuolto, asennus sek\u00e4 kuljetus Napalaaksossa.<\/h6>\n<p>&nbsp;<\/p>\n<ul>\n<li>\n<h4><a href=\"https:\/\/blogi.eoppimispalvelut.fi\/opyteknonorth\/kysy-tarjous\/\">Pyyd\u00e4 tarjousta<\/a>!<\/h4>\n<\/li>\n<\/ul>\n<p>&nbsp;<\/p>\n<p>&nbsp;<\/p>\n<p>&nbsp;<\/p>\n<p>&nbsp;<\/p>\n","protected":false},"excerpt":{"rendered":"<p>Leasing-infon\u00e4yt\u00f6t Infon\u00e4ytt\u00f6. Sein\u00e4teline. Vuosihuolto. Asennus. 3000 \u20ac\/vuosi. Haluatko viesti\u00e4 toimivasti yrityksesi sis\u00e4ll\u00e4 tai ulosp\u00e4in asiakkaillesi? Infon\u00e4ytt\u00f6 on tehokas ja kompakti viestint\u00e4kanava sek\u00e4 toimistolle ett\u00e4 asiakastiloihin. Tekno-North vuokraa infon\u00e4ytt\u00f6j\u00e4 vuosisopimuksella. Sopimus on uusittavissa edelt\u00e4v\u00e4n sopimuskauden j\u00e4lkeen. Vuosihintaan kuuluu infon\u00e4ytt\u00f6jen vuosihuolto, asennus sek\u00e4 kuljetus Napalaaksossa. &nbsp; Pyyd\u00e4 tarjousta! &nbsp; &nbsp; &nbsp; &nbsp;<\/p>\n","protected":false},"author":8814,"featured_media":0,"parent":0,"menu_order":0,"comment_status":"closed","ping_status":"closed","template":"","meta":{"footnotes":""},"class_list":["post-142","page","type-page","status-publish","hentry"],"_links":{"self":[{"href":"https:\/\/blogi.eoppimispalvelut.fi\/opyteknonorth\/wp-json\/wp\/v2\/pages\/142","targetHints":{"allow":["GET"]}}],"collection":[{"href":"https:\/\/blogi.eoppimispalvelut.fi\/opyteknonorth\/wp-json\/wp\/v2\/pages"}],"about":[{"href":"https:\/\/blogi.eoppimispalvelut.fi\/opyteknonorth\/wp-json\/wp\/v2\/types\/page"}],"author":[{"embeddable":true,"href":"https:\/\/blogi.eoppimispalvelut.fi\/opyteknonorth\/wp-json\/wp\/v2\/users\/8814"}],"replies":[{"embeddable":true,"href":"https:\/\/blogi.eoppimispalvelut.fi\/opyteknonorth\/wp-json\/wp\/v2\/comments?post=142"}],"version-history":[{"count":12,"href":"https:\/\/blogi.eoppimispalvelut.fi\/opyteknonorth\/wp-json\/wp\/v2\/pages\/142\/revisions"}],"predecessor-version":[{"id":343,"href":"https:\/\/blogi.eoppimispalvelut.fi\/opyteknonorth\/wp-json\/wp\/v2\/pages\/142\/revisions\/343"}],"wp:attachment":[{"href":"https:\/\/blogi.eoppimispalvelut.fi\/opyteknonorth\/wp-json\/wp\/v2\/media?parent=142"}],"curies":[{"name":"wp","href":"https:\/\/api.w.org\/{rel}","templated":true}]}}