{"id":15,"date":"2021-11-19T10:23:08","date_gmt":"2021-11-19T08:23:08","guid":{"rendered":"https:\/\/blogi.eoppimispalvelut.fi\/opyteknonorth\/?page_id=15"},"modified":"2022-02-02T17:01:41","modified_gmt":"2022-02-02T15:01:41","slug":"yhteystiedot","status":"publish","type":"page","link":"https:\/\/blogi.eoppimispalvelut.fi\/opyteknonorth\/yhteystiedot\/","title":{"rendered":"Yhteystiedot"},"content":{"rendered":"<h4>Ota yhteytt\u00e4:<\/h4>\n<p>&nbsp;<\/p>\n<p>S\u00e4hk\u00f6posti (e-mail): teknonorth(at)napalaakso.fi<\/p>\n<p>K\u00e4yntiosoite (address): L\u00e4nsi-Saartontie 23, 95600 Napalaakso<\/p>\n<p>&nbsp;<\/p>\n<p><img loading=\"lazy\" decoding=\"async\" class=\"alignnone wp-image-119\" src=\"https:\/\/blogi.eoppimispalvelut.fi\/opyteknonorth\/files\/2021\/12\/kartta1_LI-900x900.jpg\" alt=\"\" width=\"731\" height=\"731\" srcset=\"https:\/\/blogi.eoppimispalvelut.fi\/opyteknonorth\/files\/2021\/12\/kartta1_LI-900x900.jpg 900w, https:\/\/blogi.eoppimispalvelut.fi\/opyteknonorth\/files\/2021\/12\/kartta1_LI-1280x1280.jpg 1280w, https:\/\/blogi.eoppimispalvelut.fi\/opyteknonorth\/files\/2021\/12\/kartta1_LI-120x120.jpg 120w, https:\/\/blogi.eoppimispalvelut.fi\/opyteknonorth\/files\/2021\/12\/kartta1_LI-768x768.jpg 768w, https:\/\/blogi.eoppimispalvelut.fi\/opyteknonorth\/files\/2021\/12\/kartta1_LI-1536x1536.jpg 1536w, https:\/\/blogi.eoppimispalvelut.fi\/opyteknonorth\/files\/2021\/12\/kartta1_LI-2048x2048.jpg 2048w, https:\/\/blogi.eoppimispalvelut.fi\/opyteknonorth\/files\/2021\/12\/kartta1_LI-100x100.jpg 100w\" sizes=\"auto, (max-width: 731px) 100vw, 731px\" \/><\/p>\n","protected":false},"excerpt":{"rendered":"<p>Ota yhteytt\u00e4: &nbsp; S\u00e4hk\u00f6posti (e-mail): teknonorth(at)napalaakso.fi K\u00e4yntiosoite (address): L\u00e4nsi-Saartontie 23, 95600 Napalaakso &nbsp;<\/p>\n","protected":false},"author":8814,"featured_media":0,"parent":0,"menu_order":0,"comment_status":"closed","ping_status":"closed","template":"","meta":{"footnotes":""},"class_list":["post-15","page","type-page","status-publish","hentry"],"_links":{"self":[{"href":"https:\/\/blogi.eoppimispalvelut.fi\/opyteknonorth\/wp-json\/wp\/v2\/pages\/15","targetHints":{"allow":["GET"]}}],"collection":[{"href":"https:\/\/blogi.eoppimispalvelut.fi\/opyteknonorth\/wp-json\/wp\/v2\/pages"}],"about":[{"href":"https:\/\/blogi.eoppimispalvelut.fi\/opyteknonorth\/wp-json\/wp\/v2\/types\/page"}],"author":[{"embeddable":true,"href":"https:\/\/blogi.eoppimispalvelut.fi\/opyteknonorth\/wp-json\/wp\/v2\/users\/8814"}],"replies":[{"embeddable":true,"href":"https:\/\/blogi.eoppimispalvelut.fi\/opyteknonorth\/wp-json\/wp\/v2\/comments?post=15"}],"version-history":[{"count":11,"href":"https:\/\/blogi.eoppimispalvelut.fi\/opyteknonorth\/wp-json\/wp\/v2\/pages\/15\/revisions"}],"predecessor-version":[{"id":238,"href":"https:\/\/blogi.eoppimispalvelut.fi\/opyteknonorth\/wp-json\/wp\/v2\/pages\/15\/revisions\/238"}],"wp:attachment":[{"href":"https:\/\/blogi.eoppimispalvelut.fi\/opyteknonorth\/wp-json\/wp\/v2\/media?parent=15"}],"curies":[{"name":"wp","href":"https:\/\/api.w.org\/{rel}","templated":true}]}}