{"id":16,"date":"2021-11-19T10:23:08","date_gmt":"2021-11-19T08:23:08","guid":{"rendered":"https:\/\/blogi.eoppimispalvelut.fi\/opyteknonorth\/?page_id=16"},"modified":"2021-12-15T16:44:35","modified_gmt":"2021-12-15T14:44:35","slug":"tekno-north-opy","status":"publish","type":"page","link":"https:\/\/blogi.eoppimispalvelut.fi\/opyteknonorth\/tekno-north-opy\/","title":{"rendered":"Yritys"},"content":{"rendered":"<div style=\"width: 1099px;\" class=\"wp-video\"><video class=\"wp-video-shortcode\" id=\"video-16-1\" width=\"1099\" height=\"618\" preload=\"metadata\" controls=\"controls\"><source type=\"video\/mp4\" src=\"https:\/\/blogi.eoppimispalvelut.fi\/opyteknonorth\/files\/2021\/12\/Markkinointivideo.mp4?_=1\" \/><a href=\"https:\/\/blogi.eoppimispalvelut.fi\/opyteknonorth\/files\/2021\/12\/Markkinointivideo.mp4\">https:\/\/blogi.eoppimispalvelut.fi\/opyteknonorth\/files\/2021\/12\/Markkinointivideo.mp4<\/a><\/video><\/div>\n<h6><\/h6>\n<h6>Tekno-North Opy on suomalainen yritys, joka tarjoaa monipuolisesti ratkaisuja yritysten ja organisaatioiden it-ongelmiin. Olemme luotettava, laadukas ja asiakasl\u00e4ht\u00f6inen kumppani. P\u00e4\u00e4m\u00e4\u00e4r\u00e4mme on auttaa juuri sinun yrityst\u00e4si pysym\u00e4\u00e4n kilpailukykyisen\u00e4 sek\u00e4 ty\u00f6skentelem\u00e4\u00e4n tehokkaasti, turvallisesti ja tuottavasti.<\/h6>\n<h6>Ongelmatilanteissa apu l\u00f6ytyy nopeasti sek\u00e4 24\/7- tukipalvelumme ett\u00e4 asiantuntevan huolto- ja asennuspalvelun kautta. Tekno-North Opy:n toimipiste sijaitsee Napalaaksossa. Liiketoimintaa harjoitamme Napalaakson lis\u00e4ksi Pohjois-Suomessa, mutta pyrkimyksen\u00e4 on laajentaa toimintaa my\u00f6s muualle Suomeen. Vahvuutemme perustuu innovatiivisuuteen, asiakasl\u00e4ht\u00f6isyyteen sek\u00e4 jatkuvaan haluun kehitty\u00e4.<\/h6>\n","protected":false},"excerpt":{"rendered":"<p>Tekno-North Opy on suomalainen yritys, joka tarjoaa monipuolisesti ratkaisuja yritysten ja organisaatioiden it-ongelmiin. Olemme luotettava, laadukas ja asiakasl\u00e4ht\u00f6inen kumppani. P\u00e4\u00e4m\u00e4\u00e4r\u00e4mme on auttaa juuri sinun yrityst\u00e4si pysym\u00e4\u00e4n kilpailukykyisen\u00e4 sek\u00e4 ty\u00f6skentelem\u00e4\u00e4n tehokkaasti, turvallisesti ja tuottavasti. Ongelmatilanteissa apu l\u00f6ytyy nopeasti sek\u00e4 24\/7- tukipalvelumme ett\u00e4 asiantuntevan huolto- ja asennuspalvelun kautta. Tekno-North Opy:n toimipiste sijaitsee Napalaaksossa. Liiketoimintaa harjoitamme Napalaakson lis\u00e4ksi&#8230;<\/p>\n","protected":false},"author":8814,"featured_media":0,"parent":0,"menu_order":0,"comment_status":"closed","ping_status":"closed","template":"","meta":{"footnotes":""},"class_list":["post-16","page","type-page","status-publish","hentry"],"_links":{"self":[{"href":"https:\/\/blogi.eoppimispalvelut.fi\/opyteknonorth\/wp-json\/wp\/v2\/pages\/16","targetHints":{"allow":["GET"]}}],"collection":[{"href":"https:\/\/blogi.eoppimispalvelut.fi\/opyteknonorth\/wp-json\/wp\/v2\/pages"}],"about":[{"href":"https:\/\/blogi.eoppimispalvelut.fi\/opyteknonorth\/wp-json\/wp\/v2\/types\/page"}],"author":[{"embeddable":true,"href":"https:\/\/blogi.eoppimispalvelut.fi\/opyteknonorth\/wp-json\/wp\/v2\/users\/8814"}],"replies":[{"embeddable":true,"href":"https:\/\/blogi.eoppimispalvelut.fi\/opyteknonorth\/wp-json\/wp\/v2\/comments?post=16"}],"version-history":[{"count":12,"href":"https:\/\/blogi.eoppimispalvelut.fi\/opyteknonorth\/wp-json\/wp\/v2\/pages\/16\/revisions"}],"predecessor-version":[{"id":232,"href":"https:\/\/blogi.eoppimispalvelut.fi\/opyteknonorth\/wp-json\/wp\/v2\/pages\/16\/revisions\/232"}],"wp:attachment":[{"href":"https:\/\/blogi.eoppimispalvelut.fi\/opyteknonorth\/wp-json\/wp\/v2\/media?parent=16"}],"curies":[{"name":"wp","href":"https:\/\/api.w.org\/{rel}","templated":true}]}}