{"id":177,"date":"2021-12-07T16:34:55","date_gmt":"2021-12-07T14:34:55","guid":{"rendered":"https:\/\/blogi.eoppimispalvelut.fi\/opyteknonorth\/?page_id=177"},"modified":"2022-03-31T15:31:53","modified_gmt":"2022-03-31T12:31:53","slug":"tutustu-palveluihimme","status":"publish","type":"page","link":"https:\/\/blogi.eoppimispalvelut.fi\/opyteknonorth\/tutustu-palveluihimme\/","title":{"rendered":"Tutustu palveluihimme"},"content":{"rendered":"<p>&nbsp;<\/p>\n<p><img loading=\"lazy\" decoding=\"async\" class=\"wp-image-354 alignleft\" src=\"https:\/\/blogi.eoppimispalvelut.fi\/opyteknonorth\/files\/2022\/03\/Tekno-North-Opy-ads-repair-900x1600.png\" alt=\"\" width=\"185\" height=\"329\" srcset=\"https:\/\/blogi.eoppimispalvelut.fi\/opyteknonorth\/files\/2022\/03\/Tekno-North-Opy-ads-repair-900x1600.png 900w, https:\/\/blogi.eoppimispalvelut.fi\/opyteknonorth\/files\/2022\/03\/Tekno-North-Opy-ads-repair-768x1365.png 768w, https:\/\/blogi.eoppimispalvelut.fi\/opyteknonorth\/files\/2022\/03\/Tekno-North-Opy-ads-repair-864x1536.png 864w, https:\/\/blogi.eoppimispalvelut.fi\/opyteknonorth\/files\/2022\/03\/Tekno-North-Opy-ads-repair.png 1080w\" sizes=\"auto, (max-width: 185px) 100vw, 185px\" \/><\/p>\n<p>&nbsp;<\/p>\n<p>&nbsp;<\/p>\n<ul>\n<li>Asennus.<\/li>\n<li>Korjaus.<\/li>\n<li>Huolto.<\/li>\n<\/ul>\n<p>&nbsp;<\/p>\n<p>Tekno-North tarjoaa tilatuille laitteille asennuksen asiakkaan toiveiden mukaisesti. Huoltopalvelumme pit\u00e4\u00e4 yrityksesi it-laitteet toimintakuntoisena ja mahdollistaa jatkuvan ty\u00f6skentelyn &#8211; mik\u00e4li vain niin haluat. Nopeaa apua saat asiakkaana 24\/7-tukipalvelustamme. Mik\u00e4li ongelma vaatii laajempaa huoltoa, huoltopalvelumme pyrkii hoitamaan tilanteen 24 h kuluessa yhteydenotostasi. Tapauskohtaisesti.<\/p>\n<p>&nbsp;<\/p>\n<p>&nbsp;<\/p>\n<p><img loading=\"lazy\" decoding=\"async\" class=\"wp-image-355 alignleft\" src=\"https:\/\/blogi.eoppimispalvelut.fi\/opyteknonorth\/files\/2022\/03\/Tekno-North-Opy-ads-recycling-900x1600.png\" alt=\"\" width=\"182\" height=\"324\" srcset=\"https:\/\/blogi.eoppimispalvelut.fi\/opyteknonorth\/files\/2022\/03\/Tekno-North-Opy-ads-recycling-900x1600.png 900w, https:\/\/blogi.eoppimispalvelut.fi\/opyteknonorth\/files\/2022\/03\/Tekno-North-Opy-ads-recycling-768x1365.png 768w, https:\/\/blogi.eoppimispalvelut.fi\/opyteknonorth\/files\/2022\/03\/Tekno-North-Opy-ads-recycling-864x1536.png 864w, https:\/\/blogi.eoppimispalvelut.fi\/opyteknonorth\/files\/2022\/03\/Tekno-North-Opy-ads-recycling.png 1080w\" sizes=\"auto, (max-width: 182px) 100vw, 182px\" \/><\/p>\n<p>&nbsp;<\/p>\n<p>&nbsp;<\/p>\n<ul>\n<li>Kierr\u00e4tys.<\/li>\n<li>H\u00e4vitys.<\/li>\n<li>J\u00e4lleenmyynti.<\/li>\n<\/ul>\n<p>&nbsp;<\/p>\n<p>Haluatko uusia tai p\u00e4ivitt\u00e4\u00e4 yrityksesi it- tai toimistolaitteet, mutta et tied\u00e4, mit\u00e4 tehd\u00e4 vanhoille, rikkin\u00e4isille tai edelleen toimintakuntoisille laitteille? Pyyd\u00e4 meilt\u00e4 tajousta uusista it- tai toimistolaitteista &#8211; Tekno-North voi tuoda uudet tilalle ja vied\u00e4 vanhat menness\u00e4\u00e4n! Tekno-Northissa uskomme, ett\u00e4 kierr\u00e4tys kannattaa, ja juuri sinun yrityksesi vanhoille, mutta toimiville laitteille voi l\u00f6yty\u00e4 my\u00f6s uusia k\u00e4ytt\u00e4ji\u00e4.<\/p>\n","protected":false},"excerpt":{"rendered":"<p>&nbsp; &nbsp; &nbsp; Asennus. Korjaus. Huolto. &nbsp; Tekno-North tarjoaa tilatuille laitteille asennuksen asiakkaan toiveiden mukaisesti. Huoltopalvelumme pit\u00e4\u00e4 yrityksesi it-laitteet toimintakuntoisena ja mahdollistaa jatkuvan ty\u00f6skentelyn &#8211; mik\u00e4li vain niin haluat. Nopeaa apua saat asiakkaana 24\/7-tukipalvelustamme. Mik\u00e4li ongelma vaatii laajempaa huoltoa, huoltopalvelumme pyrkii hoitamaan tilanteen 24 h kuluessa yhteydenotostasi. Tapauskohtaisesti. &nbsp; &nbsp; &nbsp; &nbsp; Kierr\u00e4tys. H\u00e4vitys. J\u00e4lleenmyynti&#8230;.<\/p>\n","protected":false},"author":8814,"featured_media":0,"parent":0,"menu_order":0,"comment_status":"closed","ping_status":"closed","template":"","meta":{"footnotes":""},"class_list":["post-177","page","type-page","status-publish","hentry"],"_links":{"self":[{"href":"https:\/\/blogi.eoppimispalvelut.fi\/opyteknonorth\/wp-json\/wp\/v2\/pages\/177","targetHints":{"allow":["GET"]}}],"collection":[{"href":"https:\/\/blogi.eoppimispalvelut.fi\/opyteknonorth\/wp-json\/wp\/v2\/pages"}],"about":[{"href":"https:\/\/blogi.eoppimispalvelut.fi\/opyteknonorth\/wp-json\/wp\/v2\/types\/page"}],"author":[{"embeddable":true,"href":"https:\/\/blogi.eoppimispalvelut.fi\/opyteknonorth\/wp-json\/wp\/v2\/users\/8814"}],"replies":[{"embeddable":true,"href":"https:\/\/blogi.eoppimispalvelut.fi\/opyteknonorth\/wp-json\/wp\/v2\/comments?post=177"}],"version-history":[{"count":10,"href":"https:\/\/blogi.eoppimispalvelut.fi\/opyteknonorth\/wp-json\/wp\/v2\/pages\/177\/revisions"}],"predecessor-version":[{"id":358,"href":"https:\/\/blogi.eoppimispalvelut.fi\/opyteknonorth\/wp-json\/wp\/v2\/pages\/177\/revisions\/358"}],"wp:attachment":[{"href":"https:\/\/blogi.eoppimispalvelut.fi\/opyteknonorth\/wp-json\/wp\/v2\/media?parent=177"}],"curies":[{"name":"wp","href":"https:\/\/api.w.org\/{rel}","templated":true}]}}