{"id":2,"date":"2021-11-12T14:20:17","date_gmt":"2021-11-12T12:20:17","guid":{"rendered":"https:\/\/blogi.eoppimispalvelut.fi\/opyteknonorth\/?page_id=2"},"modified":"2022-04-11T12:25:50","modified_gmt":"2022-04-11T09:25:50","slug":"esimerkkisivu","status":"publish","type":"page","link":"https:\/\/blogi.eoppimispalvelut.fi\/opyteknonorth\/","title":{"rendered":""},"content":{"rendered":"<h3>Saat meilt\u00e4 kaikki yrityksesi IT-laitteet ja -palvelut. Huolehdimme tietotekniikkasi toimivuudesta ja tarjoamme apua my\u00f6s ongelmatilanteisiin. K\u00e4yt\u00f6ss\u00e4si on kattava tuote- ja palveluvalikoima sek\u00e4 ammattitaitoinen henkil\u00f6st\u00f6.<\/h3>\n<ul>\n<li style=\"text-align: left\">\n<h4><a href=\"https:\/\/blogi.eoppimispalvelut.fi\/opyteknonorth\/yhteystiedot\/\">Ota yhteytt\u00e4<\/a><\/h4>\n<ul>\n<li style=\"text-align: left\"><a href=\"https:\/\/blogi.eoppimispalvelut.fi\/opyteknonorth\/yhteystiedot\/\">Contact us<\/a><\/li>\n<\/ul>\n<\/li>\n<li>\n<h4><a href=\"https:\/\/blogi.eoppimispalvelut.fi\/opyteknonorth\/kysy-tarjous\/\">Pyyd\u00e4 tajous<\/a><\/h4>\n<ul>\n<li><a href=\"https:\/\/blogi.eoppimispalvelut.fi\/opyteknonorth\/kysy-tarjous\/\">Leave a request for quotation<\/a><\/li>\n<\/ul>\n<\/li>\n<li>\n<h4><a href=\"https:\/\/blogi.eoppimispalvelut.fi\/opyteknonorth\/tutustu-tuotteisiimme\/\">Tutustu valikoimaan <\/a><\/h4>\n<ul>\n<li><a href=\"https:\/\/blogi.eoppimispalvelut.fi\/opyteknonorth\/tutustu-tuotteisiimme\/\">Our selection<\/a><\/li>\n<\/ul>\n<\/li>\n<\/ul>\n<p>&nbsp;<\/p>\n<p>&nbsp;<\/p>\n<p style=\"text-align: left\"><a href=\"https:\/\/blogi.eoppimispalvelut.fi\/opyteknonorth\/tietokoneet-oheislaiteet-tulostimet\/\"><img loading=\"lazy\" decoding=\"async\" class=\"wp-image-269 alignnone\" src=\"https:\/\/blogi.eoppimispalvelut.fi\/opyteknonorth\/files\/2022\/03\/2-900x1600.png\" alt=\"\" width=\"192\" height=\"341\" srcset=\"https:\/\/blogi.eoppimispalvelut.fi\/opyteknonorth\/files\/2022\/03\/2-900x1600.png 900w, https:\/\/blogi.eoppimispalvelut.fi\/opyteknonorth\/files\/2022\/03\/2-768x1365.png 768w, https:\/\/blogi.eoppimispalvelut.fi\/opyteknonorth\/files\/2022\/03\/2-864x1536.png 864w, https:\/\/blogi.eoppimispalvelut.fi\/opyteknonorth\/files\/2022\/03\/2.png 1080w\" sizes=\"auto, (max-width: 192px) 100vw, 192px\" \/><\/a><a href=\"https:\/\/blogi.eoppimispalvelut.fi\/opyteknonorth\/alypuhelimet-alykellot\/\"><img loading=\"lazy\" decoding=\"async\" class=\"wp-image-280 alignnone\" style=\"text-align: justify\" src=\"https:\/\/blogi.eoppimispalvelut.fi\/opyteknonorth\/files\/2022\/03\/Phone-900x1600.png\" alt=\"\" width=\"192\" height=\"342\" srcset=\"https:\/\/blogi.eoppimispalvelut.fi\/opyteknonorth\/files\/2022\/03\/Phone-900x1600.png 900w, https:\/\/blogi.eoppimispalvelut.fi\/opyteknonorth\/files\/2022\/03\/Phone-768x1365.png 768w, https:\/\/blogi.eoppimispalvelut.fi\/opyteknonorth\/files\/2022\/03\/Phone-864x1536.png 864w, https:\/\/blogi.eoppimispalvelut.fi\/opyteknonorth\/files\/2022\/03\/Phone.png 1080w\" sizes=\"auto, (max-width: 192px) 100vw, 192px\" \/><\/a><a href=\"https:\/\/blogi.eoppimispalvelut.fi\/opyteknonorth\/alypuhelimet-alykellot\/\"><img loading=\"lazy\" decoding=\"async\" class=\"alignnone wp-image-282\" src=\"https:\/\/blogi.eoppimispalvelut.fi\/opyteknonorth\/files\/2022\/03\/8-1-900x1600.png\" alt=\"\" width=\"192\" height=\"342\" srcset=\"https:\/\/blogi.eoppimispalvelut.fi\/opyteknonorth\/files\/2022\/03\/8-1-900x1600.png 900w, https:\/\/blogi.eoppimispalvelut.fi\/opyteknonorth\/files\/2022\/03\/8-1-768x1365.png 768w, https:\/\/blogi.eoppimispalvelut.fi\/opyteknonorth\/files\/2022\/03\/8-1-864x1536.png 864w, https:\/\/blogi.eoppimispalvelut.fi\/opyteknonorth\/files\/2022\/03\/8-1.png 1080w\" sizes=\"auto, (max-width: 192px) 100vw, 192px\" \/><\/a><a href=\"https:\/\/blogi.eoppimispalvelut.fi\/opyteknonorth\/tietokoneet-oheislaiteet-tulostimet\/\"><img loading=\"lazy\" decoding=\"async\" class=\"alignnone wp-image-271\" src=\"https:\/\/blogi.eoppimispalvelut.fi\/opyteknonorth\/files\/2022\/03\/4-900x1600.png\" alt=\"\" width=\"192\" height=\"342\" srcset=\"https:\/\/blogi.eoppimispalvelut.fi\/opyteknonorth\/files\/2022\/03\/4-900x1600.png 900w, https:\/\/blogi.eoppimispalvelut.fi\/opyteknonorth\/files\/2022\/03\/4-768x1365.png 768w, https:\/\/blogi.eoppimispalvelut.fi\/opyteknonorth\/files\/2022\/03\/4-864x1536.png 864w, https:\/\/blogi.eoppimispalvelut.fi\/opyteknonorth\/files\/2022\/03\/4.png 1080w\" sizes=\"auto, (max-width: 192px) 100vw, 192px\" \/><\/a><a href=\"https:\/\/blogi.eoppimispalvelut.fi\/opyteknonorth\/pientuotteet-small-items\/\"><img loading=\"lazy\" decoding=\"async\" class=\"alignnone wp-image-275\" src=\"https:\/\/blogi.eoppimispalvelut.fi\/opyteknonorth\/files\/2022\/03\/8-900x1600.png\" alt=\"\" width=\"192\" height=\"342\" srcset=\"https:\/\/blogi.eoppimispalvelut.fi\/opyteknonorth\/files\/2022\/03\/8-900x1600.png 900w, https:\/\/blogi.eoppimispalvelut.fi\/opyteknonorth\/files\/2022\/03\/8-768x1365.png 768w, https:\/\/blogi.eoppimispalvelut.fi\/opyteknonorth\/files\/2022\/03\/8-864x1536.png 864w, https:\/\/blogi.eoppimispalvelut.fi\/opyteknonorth\/files\/2022\/03\/8.png 1080w\" sizes=\"auto, (max-width: 192px) 100vw, 192px\" \/><\/a><\/p>\n<h6>Tekno-North Opy tarjoaa asiakkaileen tuotteita monipuolisesti ja laajalla skaalalla. Meilt\u00e4 saat tietokoneet ja oheislaitteet, \u00e4lypuhelimet, \u00e4lykellot, monitoimi- ja lasertulostimet sek\u00e4 erilaiset pientuotteet. Tarkemmin tuotteisiin voi tutustua Tekno-Northin <a href=\"https:\/\/www.canva.com\/design\/DAEx-I96ZAI\/t4o4suBIUHP76XvhxQHk-Q\/view?utm_content=DAEx-I96ZAI&amp;utm_campaign=designshare&amp;utm_medium=link&amp;utm_source=publishsharelink\">tuotekatalogin<\/a> avulla.<\/h6>\n<p>&nbsp;<\/p>\n<p><a href=\"https:\/\/blogi.eoppimispalvelut.fi\/opyteknonorth\/verkkopalaveripaketit\/\"><img loading=\"lazy\" decoding=\"async\" class=\"wp-image-289 alignleft\" src=\"https:\/\/blogi.eoppimispalvelut.fi\/opyteknonorth\/files\/2022\/03\/Online-meeting-packages-900x1600.png\" alt=\"\" width=\"282\" height=\"502\" srcset=\"https:\/\/blogi.eoppimispalvelut.fi\/opyteknonorth\/files\/2022\/03\/Online-meeting-packages-900x1600.png 900w, https:\/\/blogi.eoppimispalvelut.fi\/opyteknonorth\/files\/2022\/03\/Online-meeting-packages-768x1365.png 768w, https:\/\/blogi.eoppimispalvelut.fi\/opyteknonorth\/files\/2022\/03\/Online-meeting-packages-864x1536.png 864w, https:\/\/blogi.eoppimispalvelut.fi\/opyteknonorth\/files\/2022\/03\/Online-meeting-packages.png 1080w\" sizes=\"auto, (max-width: 282px) 100vw, 282px\" \/><\/a><\/p>\n<p>&nbsp;<\/p>\n<p>&nbsp;<\/p>\n<p>&nbsp;<\/p>\n<p>&nbsp;<\/p>\n<p style=\"text-align: left\">Verkkopalaverit ja et\u00e4ty\u00f6skentely ovat t\u00e4t\u00e4 p\u00e4iv\u00e4\u00e4. Tekno-Northin verkkopalaveripaketilla varmistat hyv\u00e4n et\u00e4ty\u00f6skentelykokemuksen sek\u00e4 kokousten sujumisen yrityksess\u00e4si tai organisaatiossasi. Paketit on r\u00e4\u00e4t\u00e4l\u00f6ity k\u00e4ytt\u00e4j\u00e4m\u00e4\u00e4r\u00e4n mukaisesti: Silver, Gold, Platinum.<\/p>\n<ol>\n<li>Silver<\/li>\n<li>Gold<\/li>\n<li>Platinum<\/li>\n<\/ol>\n<p>&nbsp;<\/p>\n<p>&nbsp;<\/p>\n<p>&nbsp;<\/p>\n<p>&nbsp;<\/p>\n<p>&nbsp;<\/p>\n<p>&nbsp;<\/p>\n<p style=\"text-align: left\"><a href=\"https:\/\/blogi.eoppimispalvelut.fi\/opyteknonorth\/leasing-infonaytot\/\"><img loading=\"lazy\" decoding=\"async\" class=\"wp-image-281 alignleft\" src=\"https:\/\/blogi.eoppimispalvelut.fi\/opyteknonorth\/files\/2022\/03\/1-900x1600.png\" alt=\"\" width=\"283\" height=\"503\" srcset=\"https:\/\/blogi.eoppimispalvelut.fi\/opyteknonorth\/files\/2022\/03\/1-900x1600.png 900w, https:\/\/blogi.eoppimispalvelut.fi\/opyteknonorth\/files\/2022\/03\/1-768x1365.png 768w, https:\/\/blogi.eoppimispalvelut.fi\/opyteknonorth\/files\/2022\/03\/1-864x1536.png 864w, https:\/\/blogi.eoppimispalvelut.fi\/opyteknonorth\/files\/2022\/03\/1.png 1080w\" sizes=\"auto, (max-width: 283px) 100vw, 283px\" \/><\/a><\/p>\n<p>&nbsp;<\/p>\n<p>&nbsp;<\/p>\n<p>&nbsp;<\/p>\n<p>Meilt\u00e4 saa my\u00f6s vuokrattua infon\u00e4ytt\u00f6j\u00e4 helpottamaan ja tehostamaan yrityksesi sis\u00e4ist\u00e4 viestint\u00e4\u00e4. Sis\u00e4inen viestint\u00e4 on t\u00e4rke\u00e4\u00e4, jotta jokainen yrityksess\u00e4 ty\u00f6skentelev\u00e4 tiet\u00e4\u00e4, mit\u00e4 yrityksess\u00e4 tapahtuu. V\u00e4hennet\u00e4\u00e4n yhdess\u00e4 s\u00e4hk\u00f6postien m\u00e4\u00e4r\u00e4\u00e4 ja siirret\u00e4\u00e4n viestint\u00e4\u00e4 infon\u00e4yt\u00f6ille!<\/p>\n<p>&nbsp;<\/p>\n<p>VUOSISOPIMUS:<\/p>\n<ul>\n<li>N\u00e4ytt\u00f6.<\/li>\n<li>Sein\u00e4teline.<\/li>\n<li>Vuosihuolto.<\/li>\n<li>Asennus.<\/li>\n<li>Kuljetus Napalaaksossa.<\/li>\n<\/ul>\n<p>&nbsp;<\/p>\n<p>&nbsp;<\/p>\n<p>&nbsp;<\/p>\n<h6><\/h6>\n<p>&nbsp;<\/p>\n<h6>Haluat varmasti pit\u00e4\u00e4 hyv\u00e4\u00e4 huolta tietoturvastasi ja sujuvoitaa yrityksesi henkil\u00f6st\u00f6n ty\u00f6skentely\u00e4? Tekno-North tarjoaa Kokonaisturva -tietoturvapaketin, jotta ty\u00f6skentely yrityksess\u00e4si on turvallista ja toimintavarmaa. Jos ep\u00e4ilet yrityksesi tietoturvatilannetta, pyyd\u00e4 tarjousta tietoturvakartoituksesta. Lis\u00e4ksi l\u00f6yd\u00e4t meilt\u00e4 Ty\u00f6ntekij\u00e4-, Graafinen- ja Kirjanpit\u00e4j\u00e4- ohjelmistopaketit tukemaan yrityksesi ja organisaatiosi arkea.<\/h6>\n<h6>Tekno-Northin kyberturvallisuusratkaisu ALL-IN-ONE TEKNO-CYBER on yrityksille ja organisaatioille suunniteltu kyberturvallisuuspaketti. <span class=\"JsGRdQ\"> TEKNO CDS kattaa pilvipohjaisen havainnointi- ja valvontaty\u00f6kalun, joka valvoo tietoturvaymp\u00e4rist\u00f6\u00e4. Ratkaisu kattaa <\/span><span class=\"JsGRdQ\">IT- hallinnointipalvelun, jatkuvan riskien ja haavoittuvuuksien tunnistamisen, identiteettien ja resurssien hallintaohjelmiston, turvallisen pilvipalvelun sek\u00e4 VPN-ohjelmiston. Lis\u00e4ksi ALL-IN-ONE TEKNO-CYBER -pakettiin kuuluu Norton Antivirus -tietoturvapaketti sek\u00e4 yrityksen tai organisaation tieto- ja kyberturvallisuuden alkukartoitus, ohjelmistojen asennus sek\u00e4 henkil\u00f6st\u00f6n koulutus.<\/span><\/h6>\n<p>&nbsp;<\/p>\n<p><a href=\"https:\/\/blogi.eoppimispalvelut.fi\/opyteknonorth\/kyberturvallisuusratkaisu\/\"><img loading=\"lazy\" decoding=\"async\" class=\"wp-image-285 alignnone\" src=\"https:\/\/blogi.eoppimispalvelut.fi\/opyteknonorth\/files\/2022\/03\/9-1-900x1600.png\" alt=\"\" width=\"274\" height=\"488\" srcset=\"https:\/\/blogi.eoppimispalvelut.fi\/opyteknonorth\/files\/2022\/03\/9-1-900x1600.png 900w, https:\/\/blogi.eoppimispalvelut.fi\/opyteknonorth\/files\/2022\/03\/9-1-768x1365.png 768w, https:\/\/blogi.eoppimispalvelut.fi\/opyteknonorth\/files\/2022\/03\/9-1-864x1536.png 864w, https:\/\/blogi.eoppimispalvelut.fi\/opyteknonorth\/files\/2022\/03\/9-1.png 1080w\" sizes=\"auto, (max-width: 274px) 100vw, 274px\" \/><img loading=\"lazy\" decoding=\"async\" class=\"alignnone wp-image-274\" src=\"https:\/\/blogi.eoppimispalvelut.fi\/opyteknonorth\/files\/2022\/03\/7-900x1600.png\" alt=\"\" width=\"274\" height=\"488\" srcset=\"https:\/\/blogi.eoppimispalvelut.fi\/opyteknonorth\/files\/2022\/03\/7-900x1600.png 900w, https:\/\/blogi.eoppimispalvelut.fi\/opyteknonorth\/files\/2022\/03\/7-768x1365.png 768w, https:\/\/blogi.eoppimispalvelut.fi\/opyteknonorth\/files\/2022\/03\/7-864x1536.png 864w, https:\/\/blogi.eoppimispalvelut.fi\/opyteknonorth\/files\/2022\/03\/7.png 1080w\" sizes=\"auto, (max-width: 274px) 100vw, 274px\" \/><img loading=\"lazy\" decoding=\"async\" class=\"alignnone wp-image-396\" src=\"https:\/\/blogi.eoppimispalvelut.fi\/opyteknonorth\/files\/2022\/04\/Tekno-North-Opy-ads-6-900x1600.png\" alt=\"\" width=\"274\" height=\"488\" srcset=\"https:\/\/blogi.eoppimispalvelut.fi\/opyteknonorth\/files\/2022\/04\/Tekno-North-Opy-ads-6-900x1600.png 900w, https:\/\/blogi.eoppimispalvelut.fi\/opyteknonorth\/files\/2022\/04\/Tekno-North-Opy-ads-6-768x1365.png 768w, https:\/\/blogi.eoppimispalvelut.fi\/opyteknonorth\/files\/2022\/04\/Tekno-North-Opy-ads-6-864x1536.png 864w, https:\/\/blogi.eoppimispalvelut.fi\/opyteknonorth\/files\/2022\/04\/Tekno-North-Opy-ads-6.png 1080w\" sizes=\"auto, (max-width: 274px) 100vw, 274px\" \/><\/a><\/p>\n<p>&nbsp;<\/p>\n<p>&nbsp;<\/p>\n<h5><\/h5>\n<h5>Toimipisteemme sijaitsee Napalaaksossa, mutta myyntimme tapahtuu p\u00e4\u00e4asiassa verkossa. Saat meihin parhaiten yhteyden <a style=\"background-color: #f3f3f3\" href=\"https:\/\/blogi.eoppimispalvelut.fi\/opyteknonorth\/kysy-tarjous\/\">l\u00e4hett\u00e4m\u00e4ll\u00e4 tarjouspyynn\u00f6n<\/a>, jossa kerrot yrityksest\u00e4si ja yrityksesi tarpeesta. N\u00e4in voimme r\u00e4\u00e4t\u00e4l\u00f6id\u00e4 tarjouksemme juuri sinun yrityksellesi sopivaksi. Vastaamme tarjouspyynt\u00f6\u00f6si mahdollisimman nopeasti!<\/h5>\n<p>&nbsp;<\/p>\n<p><a href=\"https:\/\/blogi.eoppimispalvelut.fi\/opyteknonorth\/tutustu-palveluihimme\/\"><img loading=\"lazy\" decoding=\"async\" class=\"wp-image-299 alignnone\" src=\"https:\/\/blogi.eoppimispalvelut.fi\/opyteknonorth\/files\/2022\/03\/Services-900x1600.png\" alt=\"\" width=\"296\" height=\"526\" srcset=\"https:\/\/blogi.eoppimispalvelut.fi\/opyteknonorth\/files\/2022\/03\/Services-900x1600.png 900w, https:\/\/blogi.eoppimispalvelut.fi\/opyteknonorth\/files\/2022\/03\/Services-768x1365.png 768w, https:\/\/blogi.eoppimispalvelut.fi\/opyteknonorth\/files\/2022\/03\/Services-864x1536.png 864w, https:\/\/blogi.eoppimispalvelut.fi\/opyteknonorth\/files\/2022\/03\/Services.png 1080w\" sizes=\"auto, (max-width: 296px) 100vw, 296px\" \/><\/a><a href=\"https:\/\/blogi.eoppimispalvelut.fi\/opyteknonorth\/kartoitukset-surveys\/\"><img loading=\"lazy\" decoding=\"async\" class=\"alignnone wp-image-276\" src=\"https:\/\/blogi.eoppimispalvelut.fi\/opyteknonorth\/files\/2022\/03\/9-900x1600.png\" alt=\"\" width=\"296\" height=\"526\" srcset=\"https:\/\/blogi.eoppimispalvelut.fi\/opyteknonorth\/files\/2022\/03\/9-900x1600.png 900w, https:\/\/blogi.eoppimispalvelut.fi\/opyteknonorth\/files\/2022\/03\/9-768x1365.png 768w, https:\/\/blogi.eoppimispalvelut.fi\/opyteknonorth\/files\/2022\/03\/9-864x1536.png 864w, https:\/\/blogi.eoppimispalvelut.fi\/opyteknonorth\/files\/2022\/03\/9.png 1080w\" sizes=\"auto, (max-width: 296px) 100vw, 296px\" \/><\/a><\/p>\n<p>&nbsp;<\/p>\n<h4>Pidet\u00e4\u00e4n yhdess\u00e4 huolta yrityksesi it- laitteista!<\/h4>\n<h5>Tekno-North huoltaa ja asentaa. Lis\u00e4ksi saat meilt\u00e4 k\u00e4ytt\u00f6\u00f6si 24\/7-tukipalvelun, joka toimii nopean ratkaisun kanavana ongelmatilanteissa. Isommat huollot pyrimme tekem\u00e4\u00e4n 24 tunnin kuluessa. Lis\u00e4ksi j\u00e4lleenmyymme tai h\u00e4vit\u00e4mme vanhat atk- ja toimistolaitteet uusien tielt\u00e4. Tekno-North tuottaa my\u00f6s tietoturva- ja atk-ergonomiakartoituksia yrityksille ja organisaatioille.<\/h5>\n","protected":false},"excerpt":{"rendered":"<p>Saat meilt\u00e4 kaikki yrityksesi IT-laitteet ja -palvelut. Huolehdimme tietotekniikkasi toimivuudesta ja tarjoamme apua my\u00f6s ongelmatilanteisiin. K\u00e4yt\u00f6ss\u00e4si on kattava tuote- ja palveluvalikoima sek\u00e4 ammattitaitoinen henkil\u00f6st\u00f6. Ota yhteytt\u00e4 Contact us Pyyd\u00e4 tajous Leave a request for quotation Tutustu valikoimaan Our selection &nbsp; &nbsp; Tekno-North Opy tarjoaa asiakkaileen tuotteita monipuolisesti ja laajalla skaalalla. Meilt\u00e4 saat tietokoneet ja oheislaitteet,&#8230;<\/p>\n","protected":false},"author":8814,"featured_media":0,"parent":0,"menu_order":0,"comment_status":"closed","ping_status":"open","template":"","meta":{"footnotes":""},"class_list":["post-2","page","type-page","status-publish","hentry"],"_links":{"self":[{"href":"https:\/\/blogi.eoppimispalvelut.fi\/opyteknonorth\/wp-json\/wp\/v2\/pages\/2","targetHints":{"allow":["GET"]}}],"collection":[{"href":"https:\/\/blogi.eoppimispalvelut.fi\/opyteknonorth\/wp-json\/wp\/v2\/pages"}],"about":[{"href":"https:\/\/blogi.eoppimispalvelut.fi\/opyteknonorth\/wp-json\/wp\/v2\/types\/page"}],"author":[{"embeddable":true,"href":"https:\/\/blogi.eoppimispalvelut.fi\/opyteknonorth\/wp-json\/wp\/v2\/users\/8814"}],"replies":[{"embeddable":true,"href":"https:\/\/blogi.eoppimispalvelut.fi\/opyteknonorth\/wp-json\/wp\/v2\/comments?post=2"}],"version-history":[{"count":67,"href":"https:\/\/blogi.eoppimispalvelut.fi\/opyteknonorth\/wp-json\/wp\/v2\/pages\/2\/revisions"}],"predecessor-version":[{"id":398,"href":"https:\/\/blogi.eoppimispalvelut.fi\/opyteknonorth\/wp-json\/wp\/v2\/pages\/2\/revisions\/398"}],"wp:attachment":[{"href":"https:\/\/blogi.eoppimispalvelut.fi\/opyteknonorth\/wp-json\/wp\/v2\/media?parent=2"}],"curies":[{"name":"wp","href":"https:\/\/api.w.org\/{rel}","templated":true}]}}