{"id":303,"date":"2022-03-23T22:35:07","date_gmt":"2022-03-23T20:35:07","guid":{"rendered":"https:\/\/blogi.eoppimispalvelut.fi\/opyteknonorth\/?page_id=303"},"modified":"2022-03-31T16:38:32","modified_gmt":"2022-03-31T13:38:32","slug":"kartoitukset-surveys","status":"publish","type":"page","link":"https:\/\/blogi.eoppimispalvelut.fi\/opyteknonorth\/kartoitukset-surveys\/","title":{"rendered":"Kartoitukset"},"content":{"rendered":"<p><img loading=\"lazy\" decoding=\"async\" class=\"wp-image-380 alignleft\" src=\"https:\/\/blogi.eoppimispalvelut.fi\/opyteknonorth\/files\/2022\/03\/Tekno-North-Opy-ads-taukojumppa-900x1600.png\" alt=\"\" width=\"394\" height=\"701\" srcset=\"https:\/\/blogi.eoppimispalvelut.fi\/opyteknonorth\/files\/2022\/03\/Tekno-North-Opy-ads-taukojumppa-900x1600.png 900w, https:\/\/blogi.eoppimispalvelut.fi\/opyteknonorth\/files\/2022\/03\/Tekno-North-Opy-ads-taukojumppa-768x1365.png 768w, https:\/\/blogi.eoppimispalvelut.fi\/opyteknonorth\/files\/2022\/03\/Tekno-North-Opy-ads-taukojumppa-864x1536.png 864w, https:\/\/blogi.eoppimispalvelut.fi\/opyteknonorth\/files\/2022\/03\/Tekno-North-Opy-ads-taukojumppa.png 1080w\" sizes=\"auto, (max-width: 394px) 100vw, 394px\" \/><\/p>\n<h5>Ep\u00e4iletk\u00f6 yrityksesi tietoturvan riitt\u00e4vyytt\u00e4 tai tehokkuutta? Onko yrityksesi henkil\u00f6st\u00f6n IT-ergonomia kunnossa? Tarjoamme sek\u00e4 tietoturva- ett\u00e4 IT-ergonomiakartoituksia. Kartoituksen perusteella voimme Tekno-Northissa tarjota sinulle ratkaisua olemassaolevaan ongelmaan. <a href=\"https:\/\/blogi.eoppimispalvelut.fi\/opyteknonorth\/kysy-tarjous\/\">Pyyd\u00e4 tarjousta kartoituksesta<\/a>!<\/h5>\n<p>&nbsp;<\/p>\n<p>&nbsp;<\/p>\n","protected":false},"excerpt":{"rendered":"<p>Ep\u00e4iletk\u00f6 yrityksesi tietoturvan riitt\u00e4vyytt\u00e4 tai tehokkuutta? Onko yrityksesi henkil\u00f6st\u00f6n IT-ergonomia kunnossa? Tarjoamme sek\u00e4 tietoturva- ett\u00e4 IT-ergonomiakartoituksia. Kartoituksen perusteella voimme Tekno-Northissa tarjota sinulle ratkaisua olemassaolevaan ongelmaan. Pyyd\u00e4 tarjousta kartoituksesta! &nbsp; &nbsp;<\/p>\n","protected":false},"author":8814,"featured_media":0,"parent":0,"menu_order":0,"comment_status":"closed","ping_status":"closed","template":"","meta":{"footnotes":""},"class_list":["post-303","page","type-page","status-publish","hentry"],"_links":{"self":[{"href":"https:\/\/blogi.eoppimispalvelut.fi\/opyteknonorth\/wp-json\/wp\/v2\/pages\/303","targetHints":{"allow":["GET"]}}],"collection":[{"href":"https:\/\/blogi.eoppimispalvelut.fi\/opyteknonorth\/wp-json\/wp\/v2\/pages"}],"about":[{"href":"https:\/\/blogi.eoppimispalvelut.fi\/opyteknonorth\/wp-json\/wp\/v2\/types\/page"}],"author":[{"embeddable":true,"href":"https:\/\/blogi.eoppimispalvelut.fi\/opyteknonorth\/wp-json\/wp\/v2\/users\/8814"}],"replies":[{"embeddable":true,"href":"https:\/\/blogi.eoppimispalvelut.fi\/opyteknonorth\/wp-json\/wp\/v2\/comments?post=303"}],"version-history":[{"count":6,"href":"https:\/\/blogi.eoppimispalvelut.fi\/opyteknonorth\/wp-json\/wp\/v2\/pages\/303\/revisions"}],"predecessor-version":[{"id":381,"href":"https:\/\/blogi.eoppimispalvelut.fi\/opyteknonorth\/wp-json\/wp\/v2\/pages\/303\/revisions\/381"}],"wp:attachment":[{"href":"https:\/\/blogi.eoppimispalvelut.fi\/opyteknonorth\/wp-json\/wp\/v2\/media?parent=303"}],"curies":[{"name":"wp","href":"https:\/\/api.w.org\/{rel}","templated":true}]}}