{"id":305,"date":"2022-03-23T22:35:07","date_gmt":"2022-03-23T20:35:07","guid":{"rendered":"https:\/\/blogi.eoppimispalvelut.fi\/opyteknonorth\/?page_id=305"},"modified":"2022-04-11T10:14:29","modified_gmt":"2022-04-11T07:14:29","slug":"pientuotteet-small-items","status":"publish","type":"page","link":"https:\/\/blogi.eoppimispalvelut.fi\/opyteknonorth\/pientuotteet-small-items\/","title":{"rendered":"Pientuotteet"},"content":{"rendered":"<blockquote>\n<h4>Pientuotteet &#8211; small items<\/h4>\n<\/blockquote>\n<ul>\n<li>Apple iPad Pro 11&#8243; 128 Gt Wi-Fi, harmaa<\/li>\n<li>Lenovo Thinkpad-n\u00e4pp\u00e4imist\u00f6<\/li>\n<li>Logitech M280- hiiri, musta<\/li>\n<li>Dell langaton hiiri<\/li>\n<li>Sennheiser Pc Chat 5- headset<\/li>\n<\/ul>\n<ul>\n<li><span class=\"JsGRdQ\">Audiokaapeli\u00a0<\/span><\/li>\n<li><span class=\"JsGRdQ\">HDMI-piuha\u00a0<\/span><\/li>\n<li><span class=\"JsGRdQ\">InLine CAT5-verkkokaapeli 10m\u00a0<\/span><\/li>\n<\/ul>\n<blockquote><p><strong>Tietokonelaukut &#8211; laptopbags<\/strong><\/p><\/blockquote>\n<ul>\n<li>Lenovo Laptop Casual Toploader-laukku<\/li>\n<li>Lenovo ThinkPad Professional Slim Topload-laukku<\/li>\n<\/ul>\n","protected":false},"excerpt":{"rendered":"<p>Pientuotteet &#8211; small items Apple iPad Pro 11&#8243; 128 Gt Wi-Fi, harmaa Lenovo Thinkpad-n\u00e4pp\u00e4imist\u00f6 Logitech M280- hiiri, musta Dell langaton hiiri Sennheiser Pc Chat 5- headset Audiokaapeli\u00a0 HDMI-piuha\u00a0 InLine CAT5-verkkokaapeli 10m\u00a0 Tietokonelaukut &#8211; laptopbags Lenovo Laptop Casual Toploader-laukku Lenovo ThinkPad Professional Slim Topload-laukku<\/p>\n","protected":false},"author":8814,"featured_media":0,"parent":0,"menu_order":0,"comment_status":"closed","ping_status":"closed","template":"","meta":{"footnotes":""},"class_list":["post-305","page","type-page","status-publish","hentry"],"_links":{"self":[{"href":"https:\/\/blogi.eoppimispalvelut.fi\/opyteknonorth\/wp-json\/wp\/v2\/pages\/305","targetHints":{"allow":["GET"]}}],"collection":[{"href":"https:\/\/blogi.eoppimispalvelut.fi\/opyteknonorth\/wp-json\/wp\/v2\/pages"}],"about":[{"href":"https:\/\/blogi.eoppimispalvelut.fi\/opyteknonorth\/wp-json\/wp\/v2\/types\/page"}],"author":[{"embeddable":true,"href":"https:\/\/blogi.eoppimispalvelut.fi\/opyteknonorth\/wp-json\/wp\/v2\/users\/8814"}],"replies":[{"embeddable":true,"href":"https:\/\/blogi.eoppimispalvelut.fi\/opyteknonorth\/wp-json\/wp\/v2\/comments?post=305"}],"version-history":[{"count":11,"href":"https:\/\/blogi.eoppimispalvelut.fi\/opyteknonorth\/wp-json\/wp\/v2\/pages\/305\/revisions"}],"predecessor-version":[{"id":384,"href":"https:\/\/blogi.eoppimispalvelut.fi\/opyteknonorth\/wp-json\/wp\/v2\/pages\/305\/revisions\/384"}],"wp:attachment":[{"href":"https:\/\/blogi.eoppimispalvelut.fi\/opyteknonorth\/wp-json\/wp\/v2\/media?parent=305"}],"curies":[{"name":"wp","href":"https:\/\/api.w.org\/{rel}","templated":true}]}}