{"id":314,"date":"2022-03-23T22:38:29","date_gmt":"2022-03-23T20:38:29","guid":{"rendered":"https:\/\/blogi.eoppimispalvelut.fi\/opyteknonorth\/?page_id=314"},"modified":"2022-03-31T15:35:32","modified_gmt":"2022-03-31T12:35:32","slug":"alypuhelimet-alykellot","status":"publish","type":"page","link":"https:\/\/blogi.eoppimispalvelut.fi\/opyteknonorth\/alypuhelimet-alykellot\/","title":{"rendered":"\u00c4lypuhelimet, \u00e4lykellot"},"content":{"rendered":"<blockquote>\n<h4>\u00c4lypuhelimet &#8211; smartphones<\/h4>\n<\/blockquote>\n<ul>\n<li>Iphone 12 &#8211; 5G- \u00e4lypuhelin<\/li>\n<li><span class=\"JsGRdQ\">Suojakuoret + panssarilasi -paketti<\/span><\/li>\n<\/ul>\n<p>&nbsp;<\/p>\n<blockquote>\n<h4>\u00c4lykellot &#8211; smart watches<\/h4>\n<\/blockquote>\n<ul>\n<li><span class=\"JsGRdQ\">Apple Watch SE 44mm GPS -\u00e4lykello, harmaa alumiini\/keskiy\u00f6 sport-ranneke<\/span><\/li>\n<li><span class=\"JsGRdQ\">Michael Kors Gen 6 Bradshaw 44 mm \u00e4lykello, ruusukulta<\/span><\/li>\n<\/ul>\n","protected":false},"excerpt":{"rendered":"<p>\u00c4lypuhelimet &#8211; smartphones Iphone 12 &#8211; 5G- \u00e4lypuhelin Suojakuoret + panssarilasi -paketti &nbsp; \u00c4lykellot &#8211; smart watches Apple Watch SE 44mm GPS -\u00e4lykello, harmaa alumiini\/keskiy\u00f6 sport-ranneke Michael Kors Gen 6 Bradshaw 44 mm \u00e4lykello, ruusukulta<\/p>\n","protected":false},"author":8814,"featured_media":0,"parent":0,"menu_order":0,"comment_status":"closed","ping_status":"closed","template":"","meta":{"footnotes":""},"class_list":["post-314","page","type-page","status-publish","hentry"],"_links":{"self":[{"href":"https:\/\/blogi.eoppimispalvelut.fi\/opyteknonorth\/wp-json\/wp\/v2\/pages\/314","targetHints":{"allow":["GET"]}}],"collection":[{"href":"https:\/\/blogi.eoppimispalvelut.fi\/opyteknonorth\/wp-json\/wp\/v2\/pages"}],"about":[{"href":"https:\/\/blogi.eoppimispalvelut.fi\/opyteknonorth\/wp-json\/wp\/v2\/types\/page"}],"author":[{"embeddable":true,"href":"https:\/\/blogi.eoppimispalvelut.fi\/opyteknonorth\/wp-json\/wp\/v2\/users\/8814"}],"replies":[{"embeddable":true,"href":"https:\/\/blogi.eoppimispalvelut.fi\/opyteknonorth\/wp-json\/wp\/v2\/comments?post=314"}],"version-history":[{"count":9,"href":"https:\/\/blogi.eoppimispalvelut.fi\/opyteknonorth\/wp-json\/wp\/v2\/pages\/314\/revisions"}],"predecessor-version":[{"id":361,"href":"https:\/\/blogi.eoppimispalvelut.fi\/opyteknonorth\/wp-json\/wp\/v2\/pages\/314\/revisions\/361"}],"wp:attachment":[{"href":"https:\/\/blogi.eoppimispalvelut.fi\/opyteknonorth\/wp-json\/wp\/v2\/media?parent=314"}],"curies":[{"name":"wp","href":"https:\/\/api.w.org\/{rel}","templated":true}]}}