{"id":329,"date":"2022-03-23T22:52:23","date_gmt":"2022-03-23T20:52:23","guid":{"rendered":"https:\/\/blogi.eoppimispalvelut.fi\/opyteknonorth\/?page_id=329"},"modified":"2022-03-23T22:58:36","modified_gmt":"2022-03-23T20:58:36","slug":"ergonomiatuotteet","status":"publish","type":"page","link":"https:\/\/blogi.eoppimispalvelut.fi\/opyteknonorth\/ergonomiatuotteet\/","title":{"rendered":"Ergonomiatuotteet"},"content":{"rendered":"<blockquote>\n<h4>IT -ergonomiatuotteet<\/h4>\n<\/blockquote>\n<ul>\n<li><span class=\"JsGRdQ\">P\u00f6yt\u00e4jalka kolmelle n\u00e4yt\u00f6lle<\/span><\/li>\n<li><span class=\"JsGRdQ\">Mozi Basic Stand, p\u00f6yt\u00e4jalka yhdelle n\u00e4yt\u00f6lle<\/span><\/li>\n<li><span class=\"JsGRdQ\">Satechi Eco-Leather -hiirimatto<\/span><\/li>\n<li><span class=\"JsGRdQ\">EWXF Stand-teline kannettavalle<\/span><\/li>\n<li><span class=\"JsGRdQ\">Allsop Wrist Assist-rannetuki<\/span><\/li>\n<\/ul>\n<p>&nbsp;<\/p>\n","protected":false},"excerpt":{"rendered":"<p>IT -ergonomiatuotteet P\u00f6yt\u00e4jalka kolmelle n\u00e4yt\u00f6lle Mozi Basic Stand, p\u00f6yt\u00e4jalka yhdelle n\u00e4yt\u00f6lle Satechi Eco-Leather -hiirimatto EWXF Stand-teline kannettavalle Allsop Wrist Assist-rannetuki &nbsp;<\/p>\n","protected":false},"author":8814,"featured_media":0,"parent":0,"menu_order":0,"comment_status":"closed","ping_status":"closed","template":"","meta":{"footnotes":""},"class_list":["post-329","page","type-page","status-publish","hentry"],"_links":{"self":[{"href":"https:\/\/blogi.eoppimispalvelut.fi\/opyteknonorth\/wp-json\/wp\/v2\/pages\/329","targetHints":{"allow":["GET"]}}],"collection":[{"href":"https:\/\/blogi.eoppimispalvelut.fi\/opyteknonorth\/wp-json\/wp\/v2\/pages"}],"about":[{"href":"https:\/\/blogi.eoppimispalvelut.fi\/opyteknonorth\/wp-json\/wp\/v2\/types\/page"}],"author":[{"embeddable":true,"href":"https:\/\/blogi.eoppimispalvelut.fi\/opyteknonorth\/wp-json\/wp\/v2\/users\/8814"}],"replies":[{"embeddable":true,"href":"https:\/\/blogi.eoppimispalvelut.fi\/opyteknonorth\/wp-json\/wp\/v2\/comments?post=329"}],"version-history":[{"count":5,"href":"https:\/\/blogi.eoppimispalvelut.fi\/opyteknonorth\/wp-json\/wp\/v2\/pages\/329\/revisions"}],"predecessor-version":[{"id":341,"href":"https:\/\/blogi.eoppimispalvelut.fi\/opyteknonorth\/wp-json\/wp\/v2\/pages\/329\/revisions\/341"}],"wp:attachment":[{"href":"https:\/\/blogi.eoppimispalvelut.fi\/opyteknonorth\/wp-json\/wp\/v2\/media?parent=329"}],"curies":[{"name":"wp","href":"https:\/\/api.w.org\/{rel}","templated":true}]}}