{"id":386,"date":"2022-04-11T11:52:03","date_gmt":"2022-04-11T08:52:03","guid":{"rendered":"https:\/\/blogi.eoppimispalvelut.fi\/opyteknonorth\/?page_id=386"},"modified":"2022-04-11T12:07:30","modified_gmt":"2022-04-11T09:07:30","slug":"kyberturvallisuusratkaisu","status":"publish","type":"page","link":"https:\/\/blogi.eoppimispalvelut.fi\/opyteknonorth\/kyberturvallisuusratkaisu\/","title":{"rendered":"Kyberturvallisuusratkaisu"},"content":{"rendered":"<p><img loading=\"lazy\" decoding=\"async\" class=\"size-medium wp-image-394 aligncenter\" src=\"https:\/\/blogi.eoppimispalvelut.fi\/opyteknonorth\/files\/2022\/04\/Tuotekatalogi-Tekno-North-Opy-2-900x1165.png\" alt=\"\" width=\"900\" height=\"1165\" srcset=\"https:\/\/blogi.eoppimispalvelut.fi\/opyteknonorth\/files\/2022\/04\/Tuotekatalogi-Tekno-North-Opy-2-900x1165.png 900w, https:\/\/blogi.eoppimispalvelut.fi\/opyteknonorth\/files\/2022\/04\/Tuotekatalogi-Tekno-North-Opy-2-1280x1657.png 1280w, https:\/\/blogi.eoppimispalvelut.fi\/opyteknonorth\/files\/2022\/04\/Tuotekatalogi-Tekno-North-Opy-2-768x994.png 768w, https:\/\/blogi.eoppimispalvelut.fi\/opyteknonorth\/files\/2022\/04\/Tuotekatalogi-Tekno-North-Opy-2-1187x1536.png 1187w, https:\/\/blogi.eoppimispalvelut.fi\/opyteknonorth\/files\/2022\/04\/Tuotekatalogi-Tekno-North-Opy-2.png 1545w\" sizes=\"auto, (max-width: 900px) 100vw, 900px\" \/><\/p>\n<p><span class=\"JsGRdQ\">TEKNO CDS on kokonaisvaltainen kyberturvallisuusratkaisu yrityksille ja organisaatioille. Asiakas voi toteuttaa liiketoimintaansa turvallisesti ja tehokkaasti. TEKNO CDS kattaa IT- hallinnointipalvelun, jatkuvan datan eli riskien ja haavoittuvuuksien tunnistamisen, identiteettien ja resurssien hallintaohjelmiston, turvallisen pilvipalvelun sek\u00e4 p\u00e4\u00e4telaitesuojauksen. Lis\u00e4ksi ALL-IN-ONE TEKNO-CYBER -pakettiin kuuluu Norton Antivirus-tietoturvapaketti laitteille vuodeksi sek\u00e4 tieoturvan ja kyberuhkien alkukartoitus, ohjelmistojen asennus sek\u00e4 henkil\u00f6st\u00f6n koulutus. Jokaisen henkil\u00f6st\u00f6n j\u00e4senen on hyv\u00e4 tiet\u00e4\u00e4, mit\u00e4 kyberuhat ovat ja miten niihin varaudutaan sek\u00e4 mit\u00e4 TEKNO-CYBER tekee ja miten se toimii. <\/span><\/p>\n<p><span class=\"JsGRdQ\">Hinnoittelussa huomioidaan organisaation koko ja laitteiden m\u00e4\u00e4r\u00e4. Tekno-North tarjoaa kyberturvallisuusratkaisua vuosittain uusittavalla sopimuksella. Sopimusta uusittaessa otetaan huomioon, ett\u00e4 ohjelmistot on jo asennettu.\u00a0<\/span><\/p>\n","protected":false},"excerpt":{"rendered":"<p>TEKNO CDS on kokonaisvaltainen kyberturvallisuusratkaisu yrityksille ja organisaatioille. Asiakas voi toteuttaa liiketoimintaansa turvallisesti ja tehokkaasti. TEKNO CDS kattaa IT- hallinnointipalvelun, jatkuvan datan eli riskien ja haavoittuvuuksien tunnistamisen, identiteettien ja resurssien hallintaohjelmiston, turvallisen pilvipalvelun sek\u00e4 p\u00e4\u00e4telaitesuojauksen. Lis\u00e4ksi ALL-IN-ONE TEKNO-CYBER -pakettiin kuuluu Norton Antivirus-tietoturvapaketti laitteille vuodeksi sek\u00e4 tieoturvan ja kyberuhkien alkukartoitus, ohjelmistojen asennus sek\u00e4 henkil\u00f6st\u00f6n koulutus. Jokaisen&#8230;<\/p>\n","protected":false},"author":8814,"featured_media":0,"parent":0,"menu_order":0,"comment_status":"closed","ping_status":"closed","template":"","meta":{"footnotes":""},"class_list":["post-386","page","type-page","status-publish","hentry"],"_links":{"self":[{"href":"https:\/\/blogi.eoppimispalvelut.fi\/opyteknonorth\/wp-json\/wp\/v2\/pages\/386","targetHints":{"allow":["GET"]}}],"collection":[{"href":"https:\/\/blogi.eoppimispalvelut.fi\/opyteknonorth\/wp-json\/wp\/v2\/pages"}],"about":[{"href":"https:\/\/blogi.eoppimispalvelut.fi\/opyteknonorth\/wp-json\/wp\/v2\/types\/page"}],"author":[{"embeddable":true,"href":"https:\/\/blogi.eoppimispalvelut.fi\/opyteknonorth\/wp-json\/wp\/v2\/users\/8814"}],"replies":[{"embeddable":true,"href":"https:\/\/blogi.eoppimispalvelut.fi\/opyteknonorth\/wp-json\/wp\/v2\/comments?post=386"}],"version-history":[{"count":5,"href":"https:\/\/blogi.eoppimispalvelut.fi\/opyteknonorth\/wp-json\/wp\/v2\/pages\/386\/revisions"}],"predecessor-version":[{"id":395,"href":"https:\/\/blogi.eoppimispalvelut.fi\/opyteknonorth\/wp-json\/wp\/v2\/pages\/386\/revisions\/395"}],"wp:attachment":[{"href":"https:\/\/blogi.eoppimispalvelut.fi\/opyteknonorth\/wp-json\/wp\/v2\/media?parent=386"}],"curies":[{"name":"wp","href":"https:\/\/api.w.org\/{rel}","templated":true}]}}