{"id":48,"date":"2021-11-26T10:09:15","date_gmt":"2021-11-26T08:09:15","guid":{"rendered":"https:\/\/blogi.eoppimispalvelut.fi\/opyteknonorth\/?page_id=48"},"modified":"2022-03-31T15:55:38","modified_gmt":"2022-03-31T12:55:38","slug":"tutustu-tuotteisiimme","status":"publish","type":"page","link":"https:\/\/blogi.eoppimispalvelut.fi\/opyteknonorth\/tutustu-tuotteisiimme\/","title":{"rendered":"Tutustu tuotteisiimme"},"content":{"rendered":"<h3>Tuotteet<\/h3>\n<ul>\n<li>Tietokoneet.<\/li>\n<li>Oheislaitteet.<\/li>\n<li>Leasing-infon\u00e4yt\u00f6t.<\/li>\n<li>Monitoimi- ja lasertulostimet.<\/li>\n<li>Verkkopalaveripaketit.\n<ul>\n<li>Silver.<\/li>\n<li>Gold.<\/li>\n<li>Platinum.<\/li>\n<\/ul>\n<\/li>\n<\/ul>\n<h3>Palvelut<\/h3>\n<ul>\n<li>Asennus.<\/li>\n<li>Huolto.<\/li>\n<li>K\u00e4ytettyjen laitteiden j\u00e4lleenmyynti ja h\u00e4vitys.<\/li>\n<li>24\/7-tukipalvelu.<\/li>\n<\/ul>\n<h5><\/h5>\n<p>&nbsp;<\/p>\n<h5><a href=\"https:\/\/www.canva.com\/design\/DAEx-I96ZAI\/t4o4suBIUHP76XvhxQHk-Q\/view?utm_content=DAEx-I96ZAI&amp;utm_campaign=designshare&amp;utm_medium=link&amp;utm_source=publishsharelink\"><img loading=\"lazy\" decoding=\"async\" class=\"wp-image-371 alignleft\" src=\"https:\/\/blogi.eoppimispalvelut.fi\/opyteknonorth\/files\/2022\/03\/Tuotekatalogi-Tekno-North-Opy-900x1165.png\" alt=\"\" width=\"316\" height=\"410\" srcset=\"https:\/\/blogi.eoppimispalvelut.fi\/opyteknonorth\/files\/2022\/03\/Tuotekatalogi-Tekno-North-Opy-900x1165.png 900w, https:\/\/blogi.eoppimispalvelut.fi\/opyteknonorth\/files\/2022\/03\/Tuotekatalogi-Tekno-North-Opy-1280x1657.png 1280w, https:\/\/blogi.eoppimispalvelut.fi\/opyteknonorth\/files\/2022\/03\/Tuotekatalogi-Tekno-North-Opy-768x994.png 768w, https:\/\/blogi.eoppimispalvelut.fi\/opyteknonorth\/files\/2022\/03\/Tuotekatalogi-Tekno-North-Opy-1187x1536.png 1187w, https:\/\/blogi.eoppimispalvelut.fi\/opyteknonorth\/files\/2022\/03\/Tuotekatalogi-Tekno-North-Opy.png 1545w\" sizes=\"auto, (max-width: 316px) 100vw, 316px\" \/><\/a><\/h5>\n<h5><\/h5>\n<h5><a href=\"https:\/\/www.canva.com\/design\/DAEx-I96ZAI\/t4o4suBIUHP76XvhxQHk-Q\/view?utm_content=DAEx-I96ZAI&amp;utm_campaign=designshare&amp;utm_medium=link&amp;utm_source=publishsharelink\">Tutustu<\/a> tuotekatalogiimme.<\/h5>\n<p>&nbsp;<\/p>\n<p>&nbsp;<\/p>\n<p>&nbsp;<\/p>\n<p>&nbsp;<\/p>\n<p>&nbsp;<\/p>\n<p>&nbsp;<\/p>\n<p>&nbsp;<\/p>\n<p>&nbsp;<\/p>\n<h5><\/h5>\n<p>&nbsp;<\/p>\n<p>&nbsp;<\/p>\n<p>&nbsp;<\/p>\n<h5><a href=\"https:\/\/www.canva.com\/design\/DAE2o273lHc\/QoLaUbjfUe9fN7JxkYV2lA\/view?utm_content=DAE2o273lHc&amp;utm_campaign=designshare&amp;utm_medium=link&amp;utm_source=publishsharelink\"><img loading=\"lazy\" decoding=\"async\" class=\"wp-image-370 alignleft\" src=\"https:\/\/blogi.eoppimispalvelut.fi\/opyteknonorth\/files\/2022\/03\/Product-catalog-Tekno-North-Opy-900x1165.png\" alt=\"\" width=\"314\" height=\"406\" srcset=\"https:\/\/blogi.eoppimispalvelut.fi\/opyteknonorth\/files\/2022\/03\/Product-catalog-Tekno-North-Opy-900x1165.png 900w, https:\/\/blogi.eoppimispalvelut.fi\/opyteknonorth\/files\/2022\/03\/Product-catalog-Tekno-North-Opy-1280x1657.png 1280w, https:\/\/blogi.eoppimispalvelut.fi\/opyteknonorth\/files\/2022\/03\/Product-catalog-Tekno-North-Opy-768x994.png 768w, https:\/\/blogi.eoppimispalvelut.fi\/opyteknonorth\/files\/2022\/03\/Product-catalog-Tekno-North-Opy-1187x1536.png 1187w, https:\/\/blogi.eoppimispalvelut.fi\/opyteknonorth\/files\/2022\/03\/Product-catalog-Tekno-North-Opy.png 1545w\" sizes=\"auto, (max-width: 314px) 100vw, 314px\" \/><\/a><\/h5>\n<p>&nbsp;<\/p>\n<h5>Click to our product catalog <a href=\"https:\/\/www.canva.com\/design\/DAE2o273lHc\/QoLaUbjfUe9fN7JxkYV2lA\/view?utm_content=DAE2o273lHc&amp;utm_campaign=designshare&amp;utm_medium=link&amp;utm_source=publishsharelink\">here in English<\/a>.<\/h5>\n","protected":false},"excerpt":{"rendered":"<p>Tuotteet Tietokoneet. Oheislaitteet. Leasing-infon\u00e4yt\u00f6t. Monitoimi- ja lasertulostimet. Verkkopalaveripaketit. Silver. Gold. Platinum. Palvelut Asennus. Huolto. K\u00e4ytettyjen laitteiden j\u00e4lleenmyynti ja h\u00e4vitys. 24\/7-tukipalvelu. &nbsp; Tutustu tuotekatalogiimme. &nbsp; &nbsp; &nbsp; &nbsp; &nbsp; &nbsp; &nbsp; &nbsp; &nbsp; &nbsp; &nbsp; &nbsp; Click to our product catalog here in English.<\/p>\n","protected":false},"author":8814,"featured_media":0,"parent":0,"menu_order":0,"comment_status":"closed","ping_status":"closed","template":"","meta":{"footnotes":""},"class_list":["post-48","page","type-page","status-publish","hentry"],"_links":{"self":[{"href":"https:\/\/blogi.eoppimispalvelut.fi\/opyteknonorth\/wp-json\/wp\/v2\/pages\/48","targetHints":{"allow":["GET"]}}],"collection":[{"href":"https:\/\/blogi.eoppimispalvelut.fi\/opyteknonorth\/wp-json\/wp\/v2\/pages"}],"about":[{"href":"https:\/\/blogi.eoppimispalvelut.fi\/opyteknonorth\/wp-json\/wp\/v2\/types\/page"}],"author":[{"embeddable":true,"href":"https:\/\/blogi.eoppimispalvelut.fi\/opyteknonorth\/wp-json\/wp\/v2\/users\/8814"}],"replies":[{"embeddable":true,"href":"https:\/\/blogi.eoppimispalvelut.fi\/opyteknonorth\/wp-json\/wp\/v2\/comments?post=48"}],"version-history":[{"count":14,"href":"https:\/\/blogi.eoppimispalvelut.fi\/opyteknonorth\/wp-json\/wp\/v2\/pages\/48\/revisions"}],"predecessor-version":[{"id":377,"href":"https:\/\/blogi.eoppimispalvelut.fi\/opyteknonorth\/wp-json\/wp\/v2\/pages\/48\/revisions\/377"}],"wp:attachment":[{"href":"https:\/\/blogi.eoppimispalvelut.fi\/opyteknonorth\/wp-json\/wp\/v2\/media?parent=48"}],"curies":[{"name":"wp","href":"https:\/\/api.w.org\/{rel}","templated":true}]}}