{"id":20,"date":"2017-11-20T09:45:05","date_gmt":"2017-11-20T07:45:05","guid":{"rendered":"https:\/\/blogi.eoppimispalvelut.fi\/otahaltuun\/?page_id=20"},"modified":"2017-11-30T19:21:38","modified_gmt":"2017-11-30T17:21:38","slug":"2-soleops","status":"publish","type":"page","link":"https:\/\/blogi.eoppimispalvelut.fi\/otahaltuun\/2-soleops\/","title":{"rendered":"SoleOps"},"content":{"rendered":"<p>Lapin ammattikorkeakoululla on k\u00e4yt\u00f6ss\u00e4\u00e4n SoleOPS, jonka kautta opiskelijat voivat mm.<\/p>\n<ul>\n<li>s\u00e4hk\u00f6isesti hallita omaa henkil\u00f6kohtaista opintosuunnitelmaa<\/li>\n<li>ilmoittautua opintojaksoille<\/li>\n<li>valinnaisten opintojen valinta<\/li>\n<li>vapautusten hakeminen<\/li>\n<li>opinto-oikeuden jatko<\/li>\n<li>opinto-oikeuden palautus<\/li>\n<li>tutkintotodistushakemus<\/li>\n<li>opiskelutodistukset<\/li>\n<li>eroilmoitus<\/li>\n<\/ul>\n<p>Opiskelijalla on mahdollisuus antaa SoleOpsin kautta opintojaksokohtaista palautetta, sek\u00e4 kerran vuodessa opiskelijat voivat antaa lukuvuosipalautetta.<\/p>\n<p>SoleOPSiin p\u00e4\u00e4set <a href=\"https:\/\/soleops.lapinamk.fi\" target=\"_blank\" rel=\"noopener\">t\u00e4st\u00e4<\/a><\/p>\n<p><strong>Ohjeet<\/strong><\/p>\n<p><a href=\"https:\/\/www.youtube.com\/playlist?list=PLPkuv7SHimyVwRjcQdAKQIWB14XS0w3Wy\" target=\"_blank\" rel=\"noopener\">Ohjevideoita<\/a>\u00a0(youtube)<\/p>\n<p>&nbsp;<\/p>\n","protected":false},"excerpt":{"rendered":"<p>Lapin ammattikorkeakoululla on k\u00e4yt\u00f6ss\u00e4\u00e4n SoleOPS, jonka kautta opiskelijat voivat mm. s\u00e4hk\u00f6isesti hallita omaa henkil\u00f6kohtaista opintosuunnitelmaa ilmoittautua opintojaksoille valinnaisten opintojen valinta vapautusten hakeminen opinto-oikeuden jatko opinto-oikeuden palautus tutkintotodistushakemus&hellip; <span class=\"read-more\"><a class=\"more-link\" href=\"https:\/\/blogi.eoppimispalvelut.fi\/otahaltuun\/2-soleops\/\" rel=\"bookmark\">Read more <span class=\"screen-reader-text\">&#8220;SoleOps&#8221;<\/span><\/a><\/span><\/p>\n","protected":false},"author":36,"featured_media":0,"parent":0,"menu_order":0,"comment_status":"closed","ping_status":"closed","template":"","meta":{"footnotes":""},"class_list":["post-20","page","type-page","status-publish","hentry"],"yoast_head":"<!-- This site is optimized with the Yoast SEO plugin v27.1.1 - https:\/\/yoast.com\/product\/yoast-seo-wordpress\/ -->\n<title>SoleOps - Ota haltuun<\/title>\n<meta name=\"robots\" content=\"index, follow, max-snippet:-1, max-image-preview:large, max-video-preview:-1\" \/>\n<link rel=\"canonical\" href=\"https:\/\/blogi.eoppimispalvelut.fi\/otahaltuun\/2-soleops\/\" \/>\n<meta property=\"og:locale\" content=\"fi_FI\" \/>\n<meta property=\"og:type\" content=\"article\" \/>\n<meta property=\"og:title\" content=\"SoleOps - Ota haltuun\" \/>\n<meta property=\"og:description\" content=\"Lapin ammattikorkeakoululla on k\u00e4yt\u00f6ss\u00e4\u00e4n SoleOPS, jonka kautta opiskelijat voivat mm. s\u00e4hk\u00f6isesti hallita omaa henkil\u00f6kohtaista opintosuunnitelmaa ilmoittautua opintojaksoille valinnaisten opintojen valinta vapautusten hakeminen opinto-oikeuden jatko opinto-oikeuden palautus tutkintotodistushakemus&hellip; Read more &quot;SoleOps&quot;\" \/>\n<meta property=\"og:url\" content=\"https:\/\/blogi.eoppimispalvelut.fi\/otahaltuun\/2-soleops\/\" \/>\n<meta property=\"og:site_name\" content=\"Ota haltuun\" \/>\n<meta property=\"article:modified_time\" content=\"2017-11-30T17:21:38+00:00\" \/>\n<meta name=\"twitter:card\" content=\"summary_large_image\" \/>\n<script type=\"application\/ld+json\" class=\"yoast-schema-graph\">{\"@context\":\"https:\/\/schema.org\",\"@graph\":[{\"@type\":\"WebPage\",\"@id\":\"https:\/\/blogi.eoppimispalvelut.fi\/otahaltuun\/2-soleops\/\",\"url\":\"https:\/\/blogi.eoppimispalvelut.fi\/otahaltuun\/2-soleops\/\",\"name\":\"SoleOps - Ota haltuun\",\"isPartOf\":{\"@id\":\"https:\/\/blogi.eoppimispalvelut.fi\/otahaltuun\/#website\"},\"datePublished\":\"2017-11-20T07:45:05+00:00\",\"dateModified\":\"2017-11-30T17:21:38+00:00\",\"breadcrumb\":{\"@id\":\"https:\/\/blogi.eoppimispalvelut.fi\/otahaltuun\/2-soleops\/#breadcrumb\"},\"inLanguage\":\"fi\",\"potentialAction\":[{\"@type\":\"ReadAction\",\"target\":[\"https:\/\/blogi.eoppimispalvelut.fi\/otahaltuun\/2-soleops\/\"]}]},{\"@type\":\"BreadcrumbList\",\"@id\":\"https:\/\/blogi.eoppimispalvelut.fi\/otahaltuun\/2-soleops\/#breadcrumb\",\"itemListElement\":[{\"@type\":\"ListItem\",\"position\":1,\"name\":\"Home\",\"item\":\"https:\/\/blogi.eoppimispalvelut.fi\/otahaltuun\/\"},{\"@type\":\"ListItem\",\"position\":2,\"name\":\"SoleOps\"}]},{\"@type\":\"WebSite\",\"@id\":\"https:\/\/blogi.eoppimispalvelut.fi\/otahaltuun\/#website\",\"url\":\"https:\/\/blogi.eoppimispalvelut.fi\/otahaltuun\/\",\"name\":\"Ota haltuun Ver New\",\"description\":\"Ota haltuun opintoja tukevat j\u00e4rjestelm\u00e4t\",\"publisher\":{\"@id\":\"https:\/\/blogi.eoppimispalvelut.fi\/otahaltuun\/#organization\"},\"potentialAction\":[{\"@type\":\"SearchAction\",\"target\":{\"@type\":\"EntryPoint\",\"urlTemplate\":\"https:\/\/blogi.eoppimispalvelut.fi\/otahaltuun\/?s={search_term_string}\"},\"query-input\":{\"@type\":\"PropertyValueSpecification\",\"valueRequired\":true,\"valueName\":\"search_term_string\"}}],\"inLanguage\":\"fi\"},{\"@type\":\"Organization\",\"@id\":\"https:\/\/blogi.eoppimispalvelut.fi\/otahaltuun\/#organization\",\"name\":\"Ota haltuun Lapin AMK\",\"url\":\"https:\/\/blogi.eoppimispalvelut.fi\/otahaltuun\/\",\"logo\":{\"@type\":\"ImageObject\",\"inLanguage\":\"fi\",\"@id\":\"https:\/\/blogi.eoppimispalvelut.fi\/otahaltuun\/#\/schema\/logo\/image\/\",\"url\":\"https:\/\/blogi.eoppimispalvelut.fi\/otahaltuun\/files\/2017\/11\/cropped-training-2874597_1920-1.jpg\",\"contentUrl\":\"https:\/\/blogi.eoppimispalvelut.fi\/otahaltuun\/files\/2017\/11\/cropped-training-2874597_1920-1.jpg\",\"width\":1920,\"height\":500,\"caption\":\"Ota haltuun Lapin AMK\"},\"image\":{\"@id\":\"https:\/\/blogi.eoppimispalvelut.fi\/otahaltuun\/#\/schema\/logo\/image\/\"}}]}<\/script>\n<!-- \/ Yoast SEO plugin. -->","yoast_head_json":{"title":"SoleOps - Ota haltuun","robots":{"index":"index","follow":"follow","max-snippet":"max-snippet:-1","max-image-preview":"max-image-preview:large","max-video-preview":"max-video-preview:-1"},"canonical":"https:\/\/blogi.eoppimispalvelut.fi\/otahaltuun\/2-soleops\/","og_locale":"fi_FI","og_type":"article","og_title":"SoleOps - Ota haltuun","og_description":"Lapin ammattikorkeakoululla on k\u00e4yt\u00f6ss\u00e4\u00e4n SoleOPS, jonka kautta opiskelijat voivat mm. s\u00e4hk\u00f6isesti hallita omaa henkil\u00f6kohtaista opintosuunnitelmaa ilmoittautua opintojaksoille valinnaisten opintojen valinta vapautusten hakeminen opinto-oikeuden jatko opinto-oikeuden palautus tutkintotodistushakemus&hellip; Read more \"SoleOps\"","og_url":"https:\/\/blogi.eoppimispalvelut.fi\/otahaltuun\/2-soleops\/","og_site_name":"Ota haltuun","article_modified_time":"2017-11-30T17:21:38+00:00","twitter_card":"summary_large_image","schema":{"@context":"https:\/\/schema.org","@graph":[{"@type":"WebPage","@id":"https:\/\/blogi.eoppimispalvelut.fi\/otahaltuun\/2-soleops\/","url":"https:\/\/blogi.eoppimispalvelut.fi\/otahaltuun\/2-soleops\/","name":"SoleOps - Ota haltuun","isPartOf":{"@id":"https:\/\/blogi.eoppimispalvelut.fi\/otahaltuun\/#website"},"datePublished":"2017-11-20T07:45:05+00:00","dateModified":"2017-11-30T17:21:38+00:00","breadcrumb":{"@id":"https:\/\/blogi.eoppimispalvelut.fi\/otahaltuun\/2-soleops\/#breadcrumb"},"inLanguage":"fi","potentialAction":[{"@type":"ReadAction","target":["https:\/\/blogi.eoppimispalvelut.fi\/otahaltuun\/2-soleops\/"]}]},{"@type":"BreadcrumbList","@id":"https:\/\/blogi.eoppimispalvelut.fi\/otahaltuun\/2-soleops\/#breadcrumb","itemListElement":[{"@type":"ListItem","position":1,"name":"Home","item":"https:\/\/blogi.eoppimispalvelut.fi\/otahaltuun\/"},{"@type":"ListItem","position":2,"name":"SoleOps"}]},{"@type":"WebSite","@id":"https:\/\/blogi.eoppimispalvelut.fi\/otahaltuun\/#website","url":"https:\/\/blogi.eoppimispalvelut.fi\/otahaltuun\/","name":"Ota haltuun Ver New","description":"Ota haltuun opintoja tukevat j\u00e4rjestelm\u00e4t","publisher":{"@id":"https:\/\/blogi.eoppimispalvelut.fi\/otahaltuun\/#organization"},"potentialAction":[{"@type":"SearchAction","target":{"@type":"EntryPoint","urlTemplate":"https:\/\/blogi.eoppimispalvelut.fi\/otahaltuun\/?s={search_term_string}"},"query-input":{"@type":"PropertyValueSpecification","valueRequired":true,"valueName":"search_term_string"}}],"inLanguage":"fi"},{"@type":"Organization","@id":"https:\/\/blogi.eoppimispalvelut.fi\/otahaltuun\/#organization","name":"Ota haltuun Lapin AMK","url":"https:\/\/blogi.eoppimispalvelut.fi\/otahaltuun\/","logo":{"@type":"ImageObject","inLanguage":"fi","@id":"https:\/\/blogi.eoppimispalvelut.fi\/otahaltuun\/#\/schema\/logo\/image\/","url":"https:\/\/blogi.eoppimispalvelut.fi\/otahaltuun\/files\/2017\/11\/cropped-training-2874597_1920-1.jpg","contentUrl":"https:\/\/blogi.eoppimispalvelut.fi\/otahaltuun\/files\/2017\/11\/cropped-training-2874597_1920-1.jpg","width":1920,"height":500,"caption":"Ota haltuun Lapin AMK"},"image":{"@id":"https:\/\/blogi.eoppimispalvelut.fi\/otahaltuun\/#\/schema\/logo\/image\/"}}]}},"_links":{"self":[{"href":"https:\/\/blogi.eoppimispalvelut.fi\/otahaltuun\/wp-json\/wp\/v2\/pages\/20","targetHints":{"allow":["GET"]}}],"collection":[{"href":"https:\/\/blogi.eoppimispalvelut.fi\/otahaltuun\/wp-json\/wp\/v2\/pages"}],"about":[{"href":"https:\/\/blogi.eoppimispalvelut.fi\/otahaltuun\/wp-json\/wp\/v2\/types\/page"}],"author":[{"embeddable":true,"href":"https:\/\/blogi.eoppimispalvelut.fi\/otahaltuun\/wp-json\/wp\/v2\/users\/36"}],"replies":[{"embeddable":true,"href":"https:\/\/blogi.eoppimispalvelut.fi\/otahaltuun\/wp-json\/wp\/v2\/comments?post=20"}],"version-history":[{"count":5,"href":"https:\/\/blogi.eoppimispalvelut.fi\/otahaltuun\/wp-json\/wp\/v2\/pages\/20\/revisions"}],"predecessor-version":[{"id":232,"href":"https:\/\/blogi.eoppimispalvelut.fi\/otahaltuun\/wp-json\/wp\/v2\/pages\/20\/revisions\/232"}],"wp:attachment":[{"href":"https:\/\/blogi.eoppimispalvelut.fi\/otahaltuun\/wp-json\/wp\/v2\/media?parent=20"}],"curies":[{"name":"wp","href":"https:\/\/api.w.org\/{rel}","templated":true}]}}