{"id":26,"date":"2017-11-20T09:49:07","date_gmt":"2017-11-20T07:49:07","guid":{"rendered":"https:\/\/blogi.eoppimispalvelut.fi\/otahaltuun\/?page_id=26"},"modified":"2018-12-18T08:33:24","modified_gmt":"2018-12-18T06:33:24","slug":"3-moodle","status":"publish","type":"page","link":"https:\/\/blogi.eoppimispalvelut.fi\/otahaltuun\/3-moodle\/","title":{"rendered":"Moodle"},"content":{"rendered":"<p>Moodle on verkko-oppimisymp\u00e4rist\u00f6 johon opettajat antavat opiskelijoille materiaalit, toimeksiannot ja teht\u00e4v\u00e4t. Lapin ammattikorkeakoulun opiskelijoilla on k\u00e4yt\u00f6ss\u00e4 lukukausikohtaiset Moodle ty\u00f6tilat (yksi ty\u00f6tila per lukukausi). Opettajalta saat opetuksen alettua ty\u00f6tilan nimen ja itserekister\u00f6itymisavaimen, jolla p\u00e4\u00e4set liittym\u00e4\u00e4n lukukausikohtaiseen ty\u00f6tilaa.<\/p>\n<p><strong>Kirjautuminen\u00a0Lapin ammattikorkeakoulun Moodleen ja Ty\u00f6tilaan liittyminen<\/strong><\/p>\n<p>1. Avaa internet selain ja mene osoitteeseen\u00a0<a href=\"http:\/\/eOppimispalvelut.fi\" target=\"_blank\" rel=\"noopener\">eOppimispalvelut.fi<\/a><\/p>\n<p>2. Sivun vasemmassa reunassa on linkki\u00a0<a href=\"https:\/\/moodle.eoppimispalvelut.fi\/\" target=\"_blank\" rel=\"noopener\">Siirry\u00a0Moodleen<\/a><\/p>\n<p>3. Kirjaudu sis\u00e4\u00e4n Moodleen omilla k\u00e4ytt\u00e4j\u00e4tunnuksilla<\/p>\n<p style=\"padding-left: 30px;\">\u00a0&#8211; Sinun pit\u00e4\u00e4 ottaa k\u00e4ytt\u00e4j\u00e4tunnukset k\u00e4ytt\u00f6\u00f6n ennenkuin voit ensimm\u00e4ist\u00e4 kertaa kirjautua Moodleen (<a href=\"https:\/\/blogi.eoppimispalvelut.fi\/otahaltuun\/1-ota-tunnukset-kayttoon\/\">ohje<\/a>)<\/p>\n<p>4. Ensimm\u00e4isell\u00e4 kirjautumiskerralla saat hyv\u00e4ksytt\u00e4v\u00e4ksi K\u00e4ytt\u00f6oikeussopimuksen<\/p>\n<p>5. Kirjoita Etsi ty\u00f6tiloja -kentt\u00e4\u00e4n ty\u00f6tilan nimi tai osa siit\u00e4. Ty\u00f6tilan nimen ja vaadittavan rekister\u00f6intiavaimen saat opettajaltasi jotta voit liitty\u00e4 ensimm\u00e4isen kerran ty\u00f6tilaan. Seuraavalla kerralla n\u00e4et ty\u00f6tilan heti kun olet kirjautunut Moodleen sis\u00e4\u00e4n Ty\u00f6tilojen yhteenvedossa.<\/p>\n<p><a href=\"https:\/\/www.youtube.com\/watch?v=FvWPhggIfFk&amp;feature=youtu.be\">Katso t\u00e4st\u00e4 video Moodleen kirjautumisesta ja ty\u00f6tilaan liittymisest\u00e4<\/a>\u00a0(youtube)<\/p>\n<hr \/>\n<div>\n<p><strong>Moodlessa on kaikille opiskelijoille avoin Harjoitteluymp\u00e4rist\u00f6, jossa voit my\u00f6s itsen\u00e4isesti kokeilla Moodlen erinlaisia toimintoja<\/strong><\/p>\n<\/div>\n<ul>\n<li>ty\u00f6tilan l\u00f6yd\u00e4t nimell\u00e4: <strong>Moodle Tutuksi<\/strong>.<\/li>\n<li>Ty\u00f6tilan rekister\u00f6intiavain: <strong>moodle<\/strong><\/li>\n<li>voit harjoitella yleisimmin k\u00e4ytettyj\u00e4 toimintoja, kuten keskustelualueita ja teht\u00e4v\u00e4npalautuksia<\/li>\n<\/ul>\n<div>\n<hr \/>\n<\/div>\n<div>\n<p><b style=\"font-family: arial, sans-serif; font-size: medium;\">Ohjevideoita Moodlen yleisemmin k\u00e4ytetyist\u00e4 toiminnoista<\/b><\/p>\n<\/div>\n<ul>\n<li><a href=\"https:\/\/www.youtube.com\/watch?v=Lsri5cYW8sk&amp;feature=youtu.be\" target=\"_blank\" rel=\"noopener\">Mik\u00e4 on Moodle<\/a><\/li>\n<li><span style=\"color: #444444; font-family: arial, sans-serif; font-size: medium;\"><a href=\"https:\/\/youtu.be\/FvWPhggIfFk\" target=\"_blank\" rel=\"noopener\">Katso t\u00e4st\u00e4 video Moodleen kirjautumisesta ja ty\u00f6tilaan liittymisest\u00e4<\/a>\u00a0(Youtube)<\/span><\/li>\n<li><span style=\"color: #444444; font-family: arial, sans-serif; font-size: medium;\"><a href=\"https:\/\/www.youtube.com\/watch?v=7sGSorjwo84&amp;index=5&amp;list=PLPkuv7SHimyXeP2JM3HO3Z8SiikBB4cNq\" target=\"_blank\" rel=\"noopener\">Teht\u00e4v\u00e4n palautus opettajalle<\/a>\u00a0(<span style=\"color: #444444; font-family: arial, sans-serif; font-size: medium;\">Youtube<\/span>)<\/span><\/li>\n<li><span style=\"color: #444444; font-family: Arial; font-size: medium;\"><a href=\"https:\/\/www.youtube.com\/watch?v=gtX2gLSAhyo&amp;index=4&amp;list=PLPkuv7SHimyXeP2JM3HO3Z8SiikBB4cNq\" target=\"_blank\" rel=\"noopener\">Moodle ty\u00f6tilan keskustelualueen perusk\u00e4ytt\u00f6<\/a>\u00a0(<span style=\"color: #444444; font-family: arial, sans-serif; font-size: medium;\">Youtube<\/span>)<\/span><\/li>\n<li><span style=\"color: #444444; font-family: Arial; font-size: medium;\"><a href=\"https:\/\/www.youtube.com\/watch?v=7sGSorjwo84&amp;index=5&amp;list=PLPkuv7SHimyXeP2JM3HO3Z8SiikBB4cNq\" target=\"_blank\" rel=\"noopener\">Teht\u00e4v\u00e4n palautus opettajalle<\/a>\u00a0(<span style=\"color: #444444; font-family: arial, sans-serif; font-size: medium;\">Youtube<\/span>)<\/span><\/li>\n<li><span style=\"color: #444444; font-family: Arial; font-size: medium;\"><a href=\"https:\/\/www.youtube.com\/watch?v=KgG0T9iQZ8g&amp;index=7&amp;list=PLPkuv7SHimyXeP2JM3HO3Z8SiikBB4cNq\" target=\"_blank\" rel=\"noopener\">Teht\u00e4v\u00e4n palautus tietokantaan ryhm\u00e4n luettavaksi<\/a>\u00a0(<span style=\"color: #444444; font-family: arial, sans-serif; font-size: medium;\">Youtube<\/span>)<\/span><\/li>\n<li><span style=\"color: #444444; font-family: Arial; font-size: medium;\"><a href=\"http:\/\/youtu.be\/DwkJcp_9emI?hd=1\" target=\"_blank\" rel=\"noopener\">Arvioinnin katsominen &#8211; Teht\u00e4v\u00e4npalautuslaatikko<\/a> (<span style=\"color: #444444; font-family: arial, sans-serif; font-size: medium;\">Youtube<\/span>)<\/span><\/li>\n<li><span style=\"color: #444444; font-family: Arial; font-size: medium;\"><a href=\"http:\/\/youtu.be\/S90giMWeaL0?hd=1\" target=\"_blank\" rel=\"noopener\">Arvioinnin katsominen &#8211; Arviointikirja<\/a> (<span style=\"color: #444444; font-family: arial, sans-serif; font-size: medium;\">Youtube<\/span>)<\/span><\/li>\n<li><span style=\"color: #444444; font-family: Arial; font-size: medium;\"><a href=\"https:\/\/www.youtube.com\/watch?v=Wmh9jKOVTzM\" target=\"_blank\" rel=\"noopener\">PoodLL \u00e4\u00e4nitiedoston palauttaminen<\/a>\u00a0(<span style=\"color: #444444; font-family: arial, sans-serif; font-size: medium;\">Youtube<\/span>)<br \/>\n<\/span><\/li>\n<\/ul>\n<div>\n<div><\/div>\n<\/div>\n","protected":false},"excerpt":{"rendered":"<p>Moodle on verkko-oppimisymp\u00e4rist\u00f6 johon opettajat antavat opiskelijoille materiaalit, toimeksiannot ja teht\u00e4v\u00e4t. Lapin ammattikorkeakoulun opiskelijoilla on k\u00e4yt\u00f6ss\u00e4 lukukausikohtaiset Moodle ty\u00f6tilat (yksi ty\u00f6tila per lukukausi). Opettajalta saat opetuksen alettua&hellip; <span class=\"read-more\"><a class=\"more-link\" href=\"https:\/\/blogi.eoppimispalvelut.fi\/otahaltuun\/3-moodle\/\" rel=\"bookmark\">Read more <span class=\"screen-reader-text\">&#8220;Moodle&#8221;<\/span><\/a><\/span><\/p>\n","protected":false},"author":36,"featured_media":0,"parent":0,"menu_order":0,"comment_status":"closed","ping_status":"closed","template":"","meta":{"footnotes":""},"class_list":["post-26","page","type-page","status-publish","hentry"],"yoast_head":"<!-- This site is optimized with the Yoast SEO plugin v27.1.1 - https:\/\/yoast.com\/product\/yoast-seo-wordpress\/ -->\n<title>Moodle - Ota haltuun<\/title>\n<meta name=\"robots\" content=\"index, follow, max-snippet:-1, max-image-preview:large, max-video-preview:-1\" \/>\n<link rel=\"canonical\" href=\"https:\/\/blogi.eoppimispalvelut.fi\/otahaltuun\/3-moodle\/\" \/>\n<meta property=\"og:locale\" content=\"fi_FI\" \/>\n<meta property=\"og:type\" content=\"article\" \/>\n<meta property=\"og:title\" content=\"Moodle - Ota haltuun\" \/>\n<meta property=\"og:description\" content=\"Moodle on verkko-oppimisymp\u00e4rist\u00f6 johon opettajat antavat opiskelijoille materiaalit, toimeksiannot ja teht\u00e4v\u00e4t. Lapin ammattikorkeakoulun opiskelijoilla on k\u00e4yt\u00f6ss\u00e4 lukukausikohtaiset Moodle ty\u00f6tilat (yksi ty\u00f6tila per lukukausi). Opettajalta saat opetuksen alettua&hellip; Read more &quot;Moodle&quot;\" \/>\n<meta property=\"og:url\" content=\"https:\/\/blogi.eoppimispalvelut.fi\/otahaltuun\/3-moodle\/\" \/>\n<meta property=\"og:site_name\" content=\"Ota haltuun\" \/>\n<meta property=\"article:modified_time\" content=\"2018-12-18T06:33:24+00:00\" \/>\n<meta name=\"twitter:card\" content=\"summary_large_image\" \/>\n<meta name=\"twitter:label1\" content=\"Est. reading time\" \/>\n\t<meta name=\"twitter:data1\" content=\"1 minute\" \/>\n<script type=\"application\/ld+json\" class=\"yoast-schema-graph\">{\"@context\":\"https:\/\/schema.org\",\"@graph\":[{\"@type\":\"WebPage\",\"@id\":\"https:\/\/blogi.eoppimispalvelut.fi\/otahaltuun\/3-moodle\/\",\"url\":\"https:\/\/blogi.eoppimispalvelut.fi\/otahaltuun\/3-moodle\/\",\"name\":\"Moodle - Ota haltuun\",\"isPartOf\":{\"@id\":\"https:\/\/blogi.eoppimispalvelut.fi\/otahaltuun\/#website\"},\"datePublished\":\"2017-11-20T07:49:07+00:00\",\"dateModified\":\"2018-12-18T06:33:24+00:00\",\"breadcrumb\":{\"@id\":\"https:\/\/blogi.eoppimispalvelut.fi\/otahaltuun\/3-moodle\/#breadcrumb\"},\"inLanguage\":\"fi\",\"potentialAction\":[{\"@type\":\"ReadAction\",\"target\":[\"https:\/\/blogi.eoppimispalvelut.fi\/otahaltuun\/3-moodle\/\"]}]},{\"@type\":\"BreadcrumbList\",\"@id\":\"https:\/\/blogi.eoppimispalvelut.fi\/otahaltuun\/3-moodle\/#breadcrumb\",\"itemListElement\":[{\"@type\":\"ListItem\",\"position\":1,\"name\":\"Home\",\"item\":\"https:\/\/blogi.eoppimispalvelut.fi\/otahaltuun\/\"},{\"@type\":\"ListItem\",\"position\":2,\"name\":\"Moodle\"}]},{\"@type\":\"WebSite\",\"@id\":\"https:\/\/blogi.eoppimispalvelut.fi\/otahaltuun\/#website\",\"url\":\"https:\/\/blogi.eoppimispalvelut.fi\/otahaltuun\/\",\"name\":\"Ota haltuun Ver New\",\"description\":\"Ota haltuun opintoja tukevat j\u00e4rjestelm\u00e4t\",\"publisher\":{\"@id\":\"https:\/\/blogi.eoppimispalvelut.fi\/otahaltuun\/#organization\"},\"potentialAction\":[{\"@type\":\"SearchAction\",\"target\":{\"@type\":\"EntryPoint\",\"urlTemplate\":\"https:\/\/blogi.eoppimispalvelut.fi\/otahaltuun\/?s={search_term_string}\"},\"query-input\":{\"@type\":\"PropertyValueSpecification\",\"valueRequired\":true,\"valueName\":\"search_term_string\"}}],\"inLanguage\":\"fi\"},{\"@type\":\"Organization\",\"@id\":\"https:\/\/blogi.eoppimispalvelut.fi\/otahaltuun\/#organization\",\"name\":\"Ota haltuun Lapin AMK\",\"url\":\"https:\/\/blogi.eoppimispalvelut.fi\/otahaltuun\/\",\"logo\":{\"@type\":\"ImageObject\",\"inLanguage\":\"fi\",\"@id\":\"https:\/\/blogi.eoppimispalvelut.fi\/otahaltuun\/#\/schema\/logo\/image\/\",\"url\":\"https:\/\/blogi.eoppimispalvelut.fi\/otahaltuun\/files\/2017\/11\/cropped-training-2874597_1920-1.jpg\",\"contentUrl\":\"https:\/\/blogi.eoppimispalvelut.fi\/otahaltuun\/files\/2017\/11\/cropped-training-2874597_1920-1.jpg\",\"width\":1920,\"height\":500,\"caption\":\"Ota haltuun Lapin AMK\"},\"image\":{\"@id\":\"https:\/\/blogi.eoppimispalvelut.fi\/otahaltuun\/#\/schema\/logo\/image\/\"}}]}<\/script>\n<!-- \/ Yoast SEO plugin. -->","yoast_head_json":{"title":"Moodle - Ota haltuun","robots":{"index":"index","follow":"follow","max-snippet":"max-snippet:-1","max-image-preview":"max-image-preview:large","max-video-preview":"max-video-preview:-1"},"canonical":"https:\/\/blogi.eoppimispalvelut.fi\/otahaltuun\/3-moodle\/","og_locale":"fi_FI","og_type":"article","og_title":"Moodle - Ota haltuun","og_description":"Moodle on verkko-oppimisymp\u00e4rist\u00f6 johon opettajat antavat opiskelijoille materiaalit, toimeksiannot ja teht\u00e4v\u00e4t. Lapin ammattikorkeakoulun opiskelijoilla on k\u00e4yt\u00f6ss\u00e4 lukukausikohtaiset Moodle ty\u00f6tilat (yksi ty\u00f6tila per lukukausi). Opettajalta saat opetuksen alettua&hellip; Read more \"Moodle\"","og_url":"https:\/\/blogi.eoppimispalvelut.fi\/otahaltuun\/3-moodle\/","og_site_name":"Ota haltuun","article_modified_time":"2018-12-18T06:33:24+00:00","twitter_card":"summary_large_image","twitter_misc":{"Est. reading time":"1 minute"},"schema":{"@context":"https:\/\/schema.org","@graph":[{"@type":"WebPage","@id":"https:\/\/blogi.eoppimispalvelut.fi\/otahaltuun\/3-moodle\/","url":"https:\/\/blogi.eoppimispalvelut.fi\/otahaltuun\/3-moodle\/","name":"Moodle - Ota haltuun","isPartOf":{"@id":"https:\/\/blogi.eoppimispalvelut.fi\/otahaltuun\/#website"},"datePublished":"2017-11-20T07:49:07+00:00","dateModified":"2018-12-18T06:33:24+00:00","breadcrumb":{"@id":"https:\/\/blogi.eoppimispalvelut.fi\/otahaltuun\/3-moodle\/#breadcrumb"},"inLanguage":"fi","potentialAction":[{"@type":"ReadAction","target":["https:\/\/blogi.eoppimispalvelut.fi\/otahaltuun\/3-moodle\/"]}]},{"@type":"BreadcrumbList","@id":"https:\/\/blogi.eoppimispalvelut.fi\/otahaltuun\/3-moodle\/#breadcrumb","itemListElement":[{"@type":"ListItem","position":1,"name":"Home","item":"https:\/\/blogi.eoppimispalvelut.fi\/otahaltuun\/"},{"@type":"ListItem","position":2,"name":"Moodle"}]},{"@type":"WebSite","@id":"https:\/\/blogi.eoppimispalvelut.fi\/otahaltuun\/#website","url":"https:\/\/blogi.eoppimispalvelut.fi\/otahaltuun\/","name":"Ota haltuun Ver New","description":"Ota haltuun opintoja tukevat j\u00e4rjestelm\u00e4t","publisher":{"@id":"https:\/\/blogi.eoppimispalvelut.fi\/otahaltuun\/#organization"},"potentialAction":[{"@type":"SearchAction","target":{"@type":"EntryPoint","urlTemplate":"https:\/\/blogi.eoppimispalvelut.fi\/otahaltuun\/?s={search_term_string}"},"query-input":{"@type":"PropertyValueSpecification","valueRequired":true,"valueName":"search_term_string"}}],"inLanguage":"fi"},{"@type":"Organization","@id":"https:\/\/blogi.eoppimispalvelut.fi\/otahaltuun\/#organization","name":"Ota haltuun Lapin AMK","url":"https:\/\/blogi.eoppimispalvelut.fi\/otahaltuun\/","logo":{"@type":"ImageObject","inLanguage":"fi","@id":"https:\/\/blogi.eoppimispalvelut.fi\/otahaltuun\/#\/schema\/logo\/image\/","url":"https:\/\/blogi.eoppimispalvelut.fi\/otahaltuun\/files\/2017\/11\/cropped-training-2874597_1920-1.jpg","contentUrl":"https:\/\/blogi.eoppimispalvelut.fi\/otahaltuun\/files\/2017\/11\/cropped-training-2874597_1920-1.jpg","width":1920,"height":500,"caption":"Ota haltuun Lapin AMK"},"image":{"@id":"https:\/\/blogi.eoppimispalvelut.fi\/otahaltuun\/#\/schema\/logo\/image\/"}}]}},"_links":{"self":[{"href":"https:\/\/blogi.eoppimispalvelut.fi\/otahaltuun\/wp-json\/wp\/v2\/pages\/26","targetHints":{"allow":["GET"]}}],"collection":[{"href":"https:\/\/blogi.eoppimispalvelut.fi\/otahaltuun\/wp-json\/wp\/v2\/pages"}],"about":[{"href":"https:\/\/blogi.eoppimispalvelut.fi\/otahaltuun\/wp-json\/wp\/v2\/types\/page"}],"author":[{"embeddable":true,"href":"https:\/\/blogi.eoppimispalvelut.fi\/otahaltuun\/wp-json\/wp\/v2\/users\/36"}],"replies":[{"embeddable":true,"href":"https:\/\/blogi.eoppimispalvelut.fi\/otahaltuun\/wp-json\/wp\/v2\/comments?post=26"}],"version-history":[{"count":29,"href":"https:\/\/blogi.eoppimispalvelut.fi\/otahaltuun\/wp-json\/wp\/v2\/pages\/26\/revisions"}],"predecessor-version":[{"id":417,"href":"https:\/\/blogi.eoppimispalvelut.fi\/otahaltuun\/wp-json\/wp\/v2\/pages\/26\/revisions\/417"}],"wp:attachment":[{"href":"https:\/\/blogi.eoppimispalvelut.fi\/otahaltuun\/wp-json\/wp\/v2\/media?parent=26"}],"curies":[{"name":"wp","href":"https:\/\/api.w.org\/{rel}","templated":true}]}}