{"id":324,"date":"2017-12-19T11:11:25","date_gmt":"2017-12-19T09:11:25","guid":{"rendered":"https:\/\/blogi.eoppimispalvelut.fi\/otahaltuun\/?page_id=324"},"modified":"2018-12-17T08:40:42","modified_gmt":"2018-12-17T06:40:42","slug":"tuudo","status":"publish","type":"page","link":"https:\/\/blogi.eoppimispalvelut.fi\/otahaltuun\/tuudo\/","title":{"rendered":"Tuudo"},"content":{"rendered":"<p><span class=\"ingressi\">Lapin AMK on k\u00e4yt\u00f6ss\u00e4 opiskelijoiden arkea helpottavan mobiilisovelluksen, Tuudon, joka kokoaa kaikki yleisimm\u00e4t s\u00e4hk\u00f6iset opintopalvelut yhteen, helppok\u00e4ytt\u00f6iseen ja mukana kulkevaan k\u00e4ytt\u00f6liittym\u00e4\u00e4n.<\/span><\/p>\n<p>Tuudossa ovat:<\/p>\n<p>\u2022 Omat opintosuoritukset<br \/>\n\u2022 Automaattisesti muodostuva lukuj\u00e4rjestys<br \/>\n\u2022 Korkeakoulun viestint\u00e4 ja palaute<br \/>\n\u2022 Kampusalueen kartta ja sis\u00e4tilanavigointi<br \/>\n\u2022 Kampusravintoloiden ruokalistat (Rovaniemell\u00e4. Kemi-Tornion osalta tulossa)<br \/>\n\u2022 Julkisen liikenteen aikataulut<br \/>\n\u2022 Muita hy\u00f6dyllisi\u00e4 lis\u00e4palveluita, mm. oman talouden hallintaan<\/p>\n<p>Tuudo ilmoittaa push-notifikaatioiden avulla t\u00e4rkeist\u00e4 viesteist\u00e4 ja muistuttaa aikatauluistasi.<\/p>\n<p>Tuudon teht\u00e4v\u00e4 on helpottaa ajank\u00e4yt\u00f6n suunnittelua ja opiskelijael\u00e4m\u00e4n hallintaa niin kampuksella kuin sen ulkopuolellakin. Tuudo ei korvaa kaikkia oppilaitoksen selainpohjaisia palveluita, eik\u00e4 sen k\u00e4ytt\u00e4minen ole opiskelijalle pakollista.<\/p>\n<p>Lis\u00e4tietoja Tuudosta ja ohjevideo <a href=\"http:\/\/www.lapinamk.fi\/news\/Tuudoroiva-mobiilisovellus-opintojen-tueksi\/ojg5qdwa\/b5d33926-63a0-42fe-a539-0e6ef1f5de72\" target=\"_blank\" rel=\"noopener\">T\u00e4st\u00e4<\/a><\/p>\n","protected":false},"excerpt":{"rendered":"<p>Lapin AMK on k\u00e4yt\u00f6ss\u00e4 opiskelijoiden arkea helpottavan mobiilisovelluksen, Tuudon, joka kokoaa kaikki yleisimm\u00e4t s\u00e4hk\u00f6iset opintopalvelut yhteen, helppok\u00e4ytt\u00f6iseen ja mukana kulkevaan k\u00e4ytt\u00f6liittym\u00e4\u00e4n. Tuudossa ovat: \u2022 Omat opintosuoritukset \u2022&hellip; <span class=\"read-more\"><a class=\"more-link\" href=\"https:\/\/blogi.eoppimispalvelut.fi\/otahaltuun\/tuudo\/\" rel=\"bookmark\">Read more <span class=\"screen-reader-text\">&#8220;Tuudo&#8221;<\/span><\/a><\/span><\/p>\n","protected":false},"author":36,"featured_media":0,"parent":0,"menu_order":0,"comment_status":"closed","ping_status":"closed","template":"","meta":{"footnotes":""},"class_list":["post-324","page","type-page","status-publish","hentry"],"yoast_head":"<!-- This site is optimized with the Yoast SEO plugin v27.1.1 - https:\/\/yoast.com\/product\/yoast-seo-wordpress\/ -->\n<title>Tuudo - Ota haltuun<\/title>\n<meta name=\"robots\" content=\"index, follow, max-snippet:-1, max-image-preview:large, max-video-preview:-1\" \/>\n<link rel=\"canonical\" href=\"https:\/\/blogi.eoppimispalvelut.fi\/otahaltuun\/tuudo\/\" \/>\n<meta property=\"og:locale\" content=\"fi_FI\" \/>\n<meta property=\"og:type\" content=\"article\" \/>\n<meta property=\"og:title\" content=\"Tuudo - Ota haltuun\" \/>\n<meta property=\"og:description\" content=\"Lapin AMK on k\u00e4yt\u00f6ss\u00e4 opiskelijoiden arkea helpottavan mobiilisovelluksen, Tuudon, joka kokoaa kaikki yleisimm\u00e4t s\u00e4hk\u00f6iset opintopalvelut yhteen, helppok\u00e4ytt\u00f6iseen ja mukana kulkevaan k\u00e4ytt\u00f6liittym\u00e4\u00e4n. Tuudossa ovat: \u2022 Omat opintosuoritukset \u2022&hellip; Read more &quot;Tuudo&quot;\" \/>\n<meta property=\"og:url\" content=\"https:\/\/blogi.eoppimispalvelut.fi\/otahaltuun\/tuudo\/\" \/>\n<meta property=\"og:site_name\" content=\"Ota haltuun\" \/>\n<meta property=\"article:modified_time\" content=\"2018-12-17T06:40:42+00:00\" \/>\n<meta name=\"twitter:card\" content=\"summary_large_image\" \/>\n<meta name=\"twitter:label1\" content=\"Est. reading time\" \/>\n\t<meta name=\"twitter:data1\" content=\"1 minute\" \/>\n<script type=\"application\/ld+json\" class=\"yoast-schema-graph\">{\"@context\":\"https:\/\/schema.org\",\"@graph\":[{\"@type\":\"WebPage\",\"@id\":\"https:\/\/blogi.eoppimispalvelut.fi\/otahaltuun\/tuudo\/\",\"url\":\"https:\/\/blogi.eoppimispalvelut.fi\/otahaltuun\/tuudo\/\",\"name\":\"Tuudo - Ota haltuun\",\"isPartOf\":{\"@id\":\"https:\/\/blogi.eoppimispalvelut.fi\/otahaltuun\/#website\"},\"datePublished\":\"2017-12-19T09:11:25+00:00\",\"dateModified\":\"2018-12-17T06:40:42+00:00\",\"breadcrumb\":{\"@id\":\"https:\/\/blogi.eoppimispalvelut.fi\/otahaltuun\/tuudo\/#breadcrumb\"},\"inLanguage\":\"fi\",\"potentialAction\":[{\"@type\":\"ReadAction\",\"target\":[\"https:\/\/blogi.eoppimispalvelut.fi\/otahaltuun\/tuudo\/\"]}]},{\"@type\":\"BreadcrumbList\",\"@id\":\"https:\/\/blogi.eoppimispalvelut.fi\/otahaltuun\/tuudo\/#breadcrumb\",\"itemListElement\":[{\"@type\":\"ListItem\",\"position\":1,\"name\":\"Home\",\"item\":\"https:\/\/blogi.eoppimispalvelut.fi\/otahaltuun\/\"},{\"@type\":\"ListItem\",\"position\":2,\"name\":\"Tuudo\"}]},{\"@type\":\"WebSite\",\"@id\":\"https:\/\/blogi.eoppimispalvelut.fi\/otahaltuun\/#website\",\"url\":\"https:\/\/blogi.eoppimispalvelut.fi\/otahaltuun\/\",\"name\":\"Ota haltuun Ver New\",\"description\":\"Ota haltuun opintoja tukevat j\u00e4rjestelm\u00e4t\",\"publisher\":{\"@id\":\"https:\/\/blogi.eoppimispalvelut.fi\/otahaltuun\/#organization\"},\"potentialAction\":[{\"@type\":\"SearchAction\",\"target\":{\"@type\":\"EntryPoint\",\"urlTemplate\":\"https:\/\/blogi.eoppimispalvelut.fi\/otahaltuun\/?s={search_term_string}\"},\"query-input\":{\"@type\":\"PropertyValueSpecification\",\"valueRequired\":true,\"valueName\":\"search_term_string\"}}],\"inLanguage\":\"fi\"},{\"@type\":\"Organization\",\"@id\":\"https:\/\/blogi.eoppimispalvelut.fi\/otahaltuun\/#organization\",\"name\":\"Ota haltuun Lapin AMK\",\"url\":\"https:\/\/blogi.eoppimispalvelut.fi\/otahaltuun\/\",\"logo\":{\"@type\":\"ImageObject\",\"inLanguage\":\"fi\",\"@id\":\"https:\/\/blogi.eoppimispalvelut.fi\/otahaltuun\/#\/schema\/logo\/image\/\",\"url\":\"https:\/\/blogi.eoppimispalvelut.fi\/otahaltuun\/files\/2017\/11\/cropped-training-2874597_1920-1.jpg\",\"contentUrl\":\"https:\/\/blogi.eoppimispalvelut.fi\/otahaltuun\/files\/2017\/11\/cropped-training-2874597_1920-1.jpg\",\"width\":1920,\"height\":500,\"caption\":\"Ota haltuun Lapin AMK\"},\"image\":{\"@id\":\"https:\/\/blogi.eoppimispalvelut.fi\/otahaltuun\/#\/schema\/logo\/image\/\"}}]}<\/script>\n<!-- \/ Yoast SEO plugin. -->","yoast_head_json":{"title":"Tuudo - Ota haltuun","robots":{"index":"index","follow":"follow","max-snippet":"max-snippet:-1","max-image-preview":"max-image-preview:large","max-video-preview":"max-video-preview:-1"},"canonical":"https:\/\/blogi.eoppimispalvelut.fi\/otahaltuun\/tuudo\/","og_locale":"fi_FI","og_type":"article","og_title":"Tuudo - Ota haltuun","og_description":"Lapin AMK on k\u00e4yt\u00f6ss\u00e4 opiskelijoiden arkea helpottavan mobiilisovelluksen, Tuudon, joka kokoaa kaikki yleisimm\u00e4t s\u00e4hk\u00f6iset opintopalvelut yhteen, helppok\u00e4ytt\u00f6iseen ja mukana kulkevaan k\u00e4ytt\u00f6liittym\u00e4\u00e4n. Tuudossa ovat: \u2022 Omat opintosuoritukset \u2022&hellip; Read more \"Tuudo\"","og_url":"https:\/\/blogi.eoppimispalvelut.fi\/otahaltuun\/tuudo\/","og_site_name":"Ota haltuun","article_modified_time":"2018-12-17T06:40:42+00:00","twitter_card":"summary_large_image","twitter_misc":{"Est. reading time":"1 minute"},"schema":{"@context":"https:\/\/schema.org","@graph":[{"@type":"WebPage","@id":"https:\/\/blogi.eoppimispalvelut.fi\/otahaltuun\/tuudo\/","url":"https:\/\/blogi.eoppimispalvelut.fi\/otahaltuun\/tuudo\/","name":"Tuudo - Ota haltuun","isPartOf":{"@id":"https:\/\/blogi.eoppimispalvelut.fi\/otahaltuun\/#website"},"datePublished":"2017-12-19T09:11:25+00:00","dateModified":"2018-12-17T06:40:42+00:00","breadcrumb":{"@id":"https:\/\/blogi.eoppimispalvelut.fi\/otahaltuun\/tuudo\/#breadcrumb"},"inLanguage":"fi","potentialAction":[{"@type":"ReadAction","target":["https:\/\/blogi.eoppimispalvelut.fi\/otahaltuun\/tuudo\/"]}]},{"@type":"BreadcrumbList","@id":"https:\/\/blogi.eoppimispalvelut.fi\/otahaltuun\/tuudo\/#breadcrumb","itemListElement":[{"@type":"ListItem","position":1,"name":"Home","item":"https:\/\/blogi.eoppimispalvelut.fi\/otahaltuun\/"},{"@type":"ListItem","position":2,"name":"Tuudo"}]},{"@type":"WebSite","@id":"https:\/\/blogi.eoppimispalvelut.fi\/otahaltuun\/#website","url":"https:\/\/blogi.eoppimispalvelut.fi\/otahaltuun\/","name":"Ota haltuun Ver New","description":"Ota haltuun opintoja tukevat j\u00e4rjestelm\u00e4t","publisher":{"@id":"https:\/\/blogi.eoppimispalvelut.fi\/otahaltuun\/#organization"},"potentialAction":[{"@type":"SearchAction","target":{"@type":"EntryPoint","urlTemplate":"https:\/\/blogi.eoppimispalvelut.fi\/otahaltuun\/?s={search_term_string}"},"query-input":{"@type":"PropertyValueSpecification","valueRequired":true,"valueName":"search_term_string"}}],"inLanguage":"fi"},{"@type":"Organization","@id":"https:\/\/blogi.eoppimispalvelut.fi\/otahaltuun\/#organization","name":"Ota haltuun Lapin AMK","url":"https:\/\/blogi.eoppimispalvelut.fi\/otahaltuun\/","logo":{"@type":"ImageObject","inLanguage":"fi","@id":"https:\/\/blogi.eoppimispalvelut.fi\/otahaltuun\/#\/schema\/logo\/image\/","url":"https:\/\/blogi.eoppimispalvelut.fi\/otahaltuun\/files\/2017\/11\/cropped-training-2874597_1920-1.jpg","contentUrl":"https:\/\/blogi.eoppimispalvelut.fi\/otahaltuun\/files\/2017\/11\/cropped-training-2874597_1920-1.jpg","width":1920,"height":500,"caption":"Ota haltuun Lapin AMK"},"image":{"@id":"https:\/\/blogi.eoppimispalvelut.fi\/otahaltuun\/#\/schema\/logo\/image\/"}}]}},"_links":{"self":[{"href":"https:\/\/blogi.eoppimispalvelut.fi\/otahaltuun\/wp-json\/wp\/v2\/pages\/324","targetHints":{"allow":["GET"]}}],"collection":[{"href":"https:\/\/blogi.eoppimispalvelut.fi\/otahaltuun\/wp-json\/wp\/v2\/pages"}],"about":[{"href":"https:\/\/blogi.eoppimispalvelut.fi\/otahaltuun\/wp-json\/wp\/v2\/types\/page"}],"author":[{"embeddable":true,"href":"https:\/\/blogi.eoppimispalvelut.fi\/otahaltuun\/wp-json\/wp\/v2\/users\/36"}],"replies":[{"embeddable":true,"href":"https:\/\/blogi.eoppimispalvelut.fi\/otahaltuun\/wp-json\/wp\/v2\/comments?post=324"}],"version-history":[{"count":3,"href":"https:\/\/blogi.eoppimispalvelut.fi\/otahaltuun\/wp-json\/wp\/v2\/pages\/324\/revisions"}],"predecessor-version":[{"id":416,"href":"https:\/\/blogi.eoppimispalvelut.fi\/otahaltuun\/wp-json\/wp\/v2\/pages\/324\/revisions\/416"}],"wp:attachment":[{"href":"https:\/\/blogi.eoppimispalvelut.fi\/otahaltuun\/wp-json\/wp\/v2\/media?parent=324"}],"curies":[{"name":"wp","href":"https:\/\/api.w.org\/{rel}","templated":true}]}}