{"id":337,"date":"2018-01-05T12:38:25","date_gmt":"2018-01-05T10:38:25","guid":{"rendered":"https:\/\/blogi.eoppimispalvelut.fi\/otahaltuun\/?page_id=337"},"modified":"2018-01-05T14:12:44","modified_gmt":"2018-01-05T12:12:44","slug":"finna-hakupalvelu","status":"publish","type":"page","link":"https:\/\/blogi.eoppimispalvelut.fi\/otahaltuun\/kirjasto\/finna-hakupalvelu\/","title":{"rendered":"Finna-hakupalvelu"},"content":{"rendered":"<p>Lapin AMK:n <a href=\"https:\/\/luc.finna.fi\/lapinamk\/\" target=\"_blank\" rel=\"noopener\">Finna<\/a> on opiskelijan tiedonhankinnan ty\u00f6kalu. Finnasta l\u00f6ytyv\u00e4t niin kirjaston painetut kokoelmat kuin verkkoaineistot. Finna-haku toimii avoimesti verkossa. Kirjautumalla palveluun ammattikorkeakoulun k\u00e4ytt\u00e4j\u00e4tunnuksilla, saat k\u00e4ytt\u00f6\u00f6si my\u00f6s e-kirjat ja \u2013lehdet. Katso Finnan <a href=\"https:\/\/luc.finna.fi\/lapinamk\/Content\/login\" target=\"_blank\" rel=\"noopener\">kirjautumisohjeet.\u00a0<\/a><\/p>\n<p>Kun olet hankkinut kirjastokortin Lapin korkeakoulukirjastoon, voit yhdist\u00e4\u00e4 sen omaan tiliisi Finnassa. T\u00e4m\u00e4n j\u00e4lkeen onnistuu my\u00f6s lainojen uusinta ja varausten teko. Katso ohjeet <a href=\"http:\/\/kirjasto.luc.fi\/loader.aspx?id=3237e7dd-0a7e-487a-9168-1c86fee6d36b\" target=\"_blank\" rel=\"noopener\">kirjastokortin liitt\u00e4misest\u00e4.\u00a0<\/a><\/p>\n<p>Finnan avulla voit<\/p>\n<ul>\n<li>tehd\u00e4 tiedonhakuja Lapin korkeakoulukirjaston kokoelmista. Painetut kokoelmat sis\u00e4lt\u00e4v\u00e4t my\u00f6s Lapin yliopiston kirjaston kokoelmat<\/li>\n<li>k\u00e4ytt\u00e4\u00e4 e-kirjoja, e-lehti\u00e4 ja muita verkkoaineistoja<\/li>\n<li>uusia omat lainat, tehd\u00e4 varauksia, tilata aineistoa toisesta Lapin korkeakoulukirjaston toimipisteest\u00e4 ja Kuopion Varastokirjastosta<\/li>\n<li>saada apua chat-palvelun kautta kirjaston asiantuntijoilta<\/li>\n<li>seurata kirjaston ajankohtaisia kuulumisia.<\/li>\n<\/ul>\n","protected":false},"excerpt":{"rendered":"<p>Lapin AMK:n Finna on opiskelijan tiedonhankinnan ty\u00f6kalu. Finnasta l\u00f6ytyv\u00e4t niin kirjaston painetut kokoelmat kuin verkkoaineistot. Finna-haku toimii avoimesti verkossa. Kirjautumalla palveluun ammattikorkeakoulun k\u00e4ytt\u00e4j\u00e4tunnuksilla, saat k\u00e4ytt\u00f6\u00f6si my\u00f6s e-kirjat&hellip; <span class=\"read-more\"><a class=\"more-link\" href=\"https:\/\/blogi.eoppimispalvelut.fi\/otahaltuun\/kirjasto\/finna-hakupalvelu\/\" rel=\"bookmark\">Read more <span class=\"screen-reader-text\">&#8220;Finna-hakupalvelu&#8221;<\/span><\/a><\/span><\/p>\n","protected":false},"author":2396,"featured_media":0,"parent":167,"menu_order":0,"comment_status":"closed","ping_status":"closed","template":"","meta":{"footnotes":""},"class_list":["post-337","page","type-page","status-publish","hentry"],"yoast_head":"<!-- This site is optimized with the Yoast SEO plugin v27.1.1 - https:\/\/yoast.com\/product\/yoast-seo-wordpress\/ -->\n<title>Finna-hakupalvelu - Ota haltuun<\/title>\n<meta name=\"robots\" content=\"index, follow, max-snippet:-1, max-image-preview:large, max-video-preview:-1\" \/>\n<link rel=\"canonical\" href=\"https:\/\/blogi.eoppimispalvelut.fi\/otahaltuun\/kirjasto\/finna-hakupalvelu\/\" \/>\n<meta property=\"og:locale\" content=\"fi_FI\" \/>\n<meta property=\"og:type\" content=\"article\" \/>\n<meta property=\"og:title\" content=\"Finna-hakupalvelu - Ota haltuun\" \/>\n<meta property=\"og:description\" content=\"Lapin AMK:n Finna on opiskelijan tiedonhankinnan ty\u00f6kalu. Finnasta l\u00f6ytyv\u00e4t niin kirjaston painetut kokoelmat kuin verkkoaineistot. Finna-haku toimii avoimesti verkossa. Kirjautumalla palveluun ammattikorkeakoulun k\u00e4ytt\u00e4j\u00e4tunnuksilla, saat k\u00e4ytt\u00f6\u00f6si my\u00f6s e-kirjat&hellip; Read more &quot;Finna-hakupalvelu&quot;\" \/>\n<meta property=\"og:url\" content=\"https:\/\/blogi.eoppimispalvelut.fi\/otahaltuun\/kirjasto\/finna-hakupalvelu\/\" \/>\n<meta property=\"og:site_name\" content=\"Ota haltuun\" \/>\n<meta property=\"article:modified_time\" content=\"2018-01-05T12:12:44+00:00\" \/>\n<meta name=\"twitter:card\" content=\"summary_large_image\" \/>\n<meta name=\"twitter:label1\" content=\"Est. reading time\" \/>\n\t<meta name=\"twitter:data1\" content=\"1 minute\" \/>\n<script type=\"application\/ld+json\" class=\"yoast-schema-graph\">{\"@context\":\"https:\/\/schema.org\",\"@graph\":[{\"@type\":\"WebPage\",\"@id\":\"https:\/\/blogi.eoppimispalvelut.fi\/otahaltuun\/kirjasto\/finna-hakupalvelu\/\",\"url\":\"https:\/\/blogi.eoppimispalvelut.fi\/otahaltuun\/kirjasto\/finna-hakupalvelu\/\",\"name\":\"Finna-hakupalvelu - Ota haltuun\",\"isPartOf\":{\"@id\":\"https:\/\/blogi.eoppimispalvelut.fi\/otahaltuun\/#website\"},\"datePublished\":\"2018-01-05T10:38:25+00:00\",\"dateModified\":\"2018-01-05T12:12:44+00:00\",\"breadcrumb\":{\"@id\":\"https:\/\/blogi.eoppimispalvelut.fi\/otahaltuun\/kirjasto\/finna-hakupalvelu\/#breadcrumb\"},\"inLanguage\":\"fi\",\"potentialAction\":[{\"@type\":\"ReadAction\",\"target\":[\"https:\/\/blogi.eoppimispalvelut.fi\/otahaltuun\/kirjasto\/finna-hakupalvelu\/\"]}]},{\"@type\":\"BreadcrumbList\",\"@id\":\"https:\/\/blogi.eoppimispalvelut.fi\/otahaltuun\/kirjasto\/finna-hakupalvelu\/#breadcrumb\",\"itemListElement\":[{\"@type\":\"ListItem\",\"position\":1,\"name\":\"Home\",\"item\":\"https:\/\/blogi.eoppimispalvelut.fi\/otahaltuun\/\"},{\"@type\":\"ListItem\",\"position\":2,\"name\":\"Kirjasto\",\"item\":\"https:\/\/blogi.eoppimispalvelut.fi\/otahaltuun\/kirjasto\/\"},{\"@type\":\"ListItem\",\"position\":3,\"name\":\"Finna-hakupalvelu\"}]},{\"@type\":\"WebSite\",\"@id\":\"https:\/\/blogi.eoppimispalvelut.fi\/otahaltuun\/#website\",\"url\":\"https:\/\/blogi.eoppimispalvelut.fi\/otahaltuun\/\",\"name\":\"Ota haltuun Ver New\",\"description\":\"Ota haltuun opintoja tukevat j\u00e4rjestelm\u00e4t\",\"publisher\":{\"@id\":\"https:\/\/blogi.eoppimispalvelut.fi\/otahaltuun\/#organization\"},\"potentialAction\":[{\"@type\":\"SearchAction\",\"target\":{\"@type\":\"EntryPoint\",\"urlTemplate\":\"https:\/\/blogi.eoppimispalvelut.fi\/otahaltuun\/?s={search_term_string}\"},\"query-input\":{\"@type\":\"PropertyValueSpecification\",\"valueRequired\":true,\"valueName\":\"search_term_string\"}}],\"inLanguage\":\"fi\"},{\"@type\":\"Organization\",\"@id\":\"https:\/\/blogi.eoppimispalvelut.fi\/otahaltuun\/#organization\",\"name\":\"Ota haltuun Lapin AMK\",\"url\":\"https:\/\/blogi.eoppimispalvelut.fi\/otahaltuun\/\",\"logo\":{\"@type\":\"ImageObject\",\"inLanguage\":\"fi\",\"@id\":\"https:\/\/blogi.eoppimispalvelut.fi\/otahaltuun\/#\/schema\/logo\/image\/\",\"url\":\"https:\/\/blogi.eoppimispalvelut.fi\/otahaltuun\/files\/2017\/11\/cropped-training-2874597_1920-1.jpg\",\"contentUrl\":\"https:\/\/blogi.eoppimispalvelut.fi\/otahaltuun\/files\/2017\/11\/cropped-training-2874597_1920-1.jpg\",\"width\":1920,\"height\":500,\"caption\":\"Ota haltuun Lapin AMK\"},\"image\":{\"@id\":\"https:\/\/blogi.eoppimispalvelut.fi\/otahaltuun\/#\/schema\/logo\/image\/\"}}]}<\/script>\n<!-- \/ Yoast SEO plugin. -->","yoast_head_json":{"title":"Finna-hakupalvelu - Ota haltuun","robots":{"index":"index","follow":"follow","max-snippet":"max-snippet:-1","max-image-preview":"max-image-preview:large","max-video-preview":"max-video-preview:-1"},"canonical":"https:\/\/blogi.eoppimispalvelut.fi\/otahaltuun\/kirjasto\/finna-hakupalvelu\/","og_locale":"fi_FI","og_type":"article","og_title":"Finna-hakupalvelu - Ota haltuun","og_description":"Lapin AMK:n Finna on opiskelijan tiedonhankinnan ty\u00f6kalu. Finnasta l\u00f6ytyv\u00e4t niin kirjaston painetut kokoelmat kuin verkkoaineistot. Finna-haku toimii avoimesti verkossa. Kirjautumalla palveluun ammattikorkeakoulun k\u00e4ytt\u00e4j\u00e4tunnuksilla, saat k\u00e4ytt\u00f6\u00f6si my\u00f6s e-kirjat&hellip; Read more \"Finna-hakupalvelu\"","og_url":"https:\/\/blogi.eoppimispalvelut.fi\/otahaltuun\/kirjasto\/finna-hakupalvelu\/","og_site_name":"Ota haltuun","article_modified_time":"2018-01-05T12:12:44+00:00","twitter_card":"summary_large_image","twitter_misc":{"Est. reading time":"1 minute"},"schema":{"@context":"https:\/\/schema.org","@graph":[{"@type":"WebPage","@id":"https:\/\/blogi.eoppimispalvelut.fi\/otahaltuun\/kirjasto\/finna-hakupalvelu\/","url":"https:\/\/blogi.eoppimispalvelut.fi\/otahaltuun\/kirjasto\/finna-hakupalvelu\/","name":"Finna-hakupalvelu - Ota haltuun","isPartOf":{"@id":"https:\/\/blogi.eoppimispalvelut.fi\/otahaltuun\/#website"},"datePublished":"2018-01-05T10:38:25+00:00","dateModified":"2018-01-05T12:12:44+00:00","breadcrumb":{"@id":"https:\/\/blogi.eoppimispalvelut.fi\/otahaltuun\/kirjasto\/finna-hakupalvelu\/#breadcrumb"},"inLanguage":"fi","potentialAction":[{"@type":"ReadAction","target":["https:\/\/blogi.eoppimispalvelut.fi\/otahaltuun\/kirjasto\/finna-hakupalvelu\/"]}]},{"@type":"BreadcrumbList","@id":"https:\/\/blogi.eoppimispalvelut.fi\/otahaltuun\/kirjasto\/finna-hakupalvelu\/#breadcrumb","itemListElement":[{"@type":"ListItem","position":1,"name":"Home","item":"https:\/\/blogi.eoppimispalvelut.fi\/otahaltuun\/"},{"@type":"ListItem","position":2,"name":"Kirjasto","item":"https:\/\/blogi.eoppimispalvelut.fi\/otahaltuun\/kirjasto\/"},{"@type":"ListItem","position":3,"name":"Finna-hakupalvelu"}]},{"@type":"WebSite","@id":"https:\/\/blogi.eoppimispalvelut.fi\/otahaltuun\/#website","url":"https:\/\/blogi.eoppimispalvelut.fi\/otahaltuun\/","name":"Ota haltuun Ver New","description":"Ota haltuun opintoja tukevat j\u00e4rjestelm\u00e4t","publisher":{"@id":"https:\/\/blogi.eoppimispalvelut.fi\/otahaltuun\/#organization"},"potentialAction":[{"@type":"SearchAction","target":{"@type":"EntryPoint","urlTemplate":"https:\/\/blogi.eoppimispalvelut.fi\/otahaltuun\/?s={search_term_string}"},"query-input":{"@type":"PropertyValueSpecification","valueRequired":true,"valueName":"search_term_string"}}],"inLanguage":"fi"},{"@type":"Organization","@id":"https:\/\/blogi.eoppimispalvelut.fi\/otahaltuun\/#organization","name":"Ota haltuun Lapin AMK","url":"https:\/\/blogi.eoppimispalvelut.fi\/otahaltuun\/","logo":{"@type":"ImageObject","inLanguage":"fi","@id":"https:\/\/blogi.eoppimispalvelut.fi\/otahaltuun\/#\/schema\/logo\/image\/","url":"https:\/\/blogi.eoppimispalvelut.fi\/otahaltuun\/files\/2017\/11\/cropped-training-2874597_1920-1.jpg","contentUrl":"https:\/\/blogi.eoppimispalvelut.fi\/otahaltuun\/files\/2017\/11\/cropped-training-2874597_1920-1.jpg","width":1920,"height":500,"caption":"Ota haltuun Lapin AMK"},"image":{"@id":"https:\/\/blogi.eoppimispalvelut.fi\/otahaltuun\/#\/schema\/logo\/image\/"}}]}},"_links":{"self":[{"href":"https:\/\/blogi.eoppimispalvelut.fi\/otahaltuun\/wp-json\/wp\/v2\/pages\/337","targetHints":{"allow":["GET"]}}],"collection":[{"href":"https:\/\/blogi.eoppimispalvelut.fi\/otahaltuun\/wp-json\/wp\/v2\/pages"}],"about":[{"href":"https:\/\/blogi.eoppimispalvelut.fi\/otahaltuun\/wp-json\/wp\/v2\/types\/page"}],"author":[{"embeddable":true,"href":"https:\/\/blogi.eoppimispalvelut.fi\/otahaltuun\/wp-json\/wp\/v2\/users\/2396"}],"replies":[{"embeddable":true,"href":"https:\/\/blogi.eoppimispalvelut.fi\/otahaltuun\/wp-json\/wp\/v2\/comments?post=337"}],"version-history":[{"count":5,"href":"https:\/\/blogi.eoppimispalvelut.fi\/otahaltuun\/wp-json\/wp\/v2\/pages\/337\/revisions"}],"predecessor-version":[{"id":381,"href":"https:\/\/blogi.eoppimispalvelut.fi\/otahaltuun\/wp-json\/wp\/v2\/pages\/337\/revisions\/381"}],"up":[{"embeddable":true,"href":"https:\/\/blogi.eoppimispalvelut.fi\/otahaltuun\/wp-json\/wp\/v2\/pages\/167"}],"wp:attachment":[{"href":"https:\/\/blogi.eoppimispalvelut.fi\/otahaltuun\/wp-json\/wp\/v2\/media?parent=337"}],"curies":[{"name":"wp","href":"https:\/\/api.w.org\/{rel}","templated":true}]}}