{"id":356,"date":"2018-01-05T12:37:24","date_gmt":"2018-01-05T10:37:24","guid":{"rendered":"https:\/\/blogi.eoppimispalvelut.fi\/otahaltuun\/?page_id=356"},"modified":"2018-01-05T12:36:06","modified_gmt":"2018-01-05T10:36:06","slug":"tiedonlahteet","status":"publish","type":"page","link":"https:\/\/blogi.eoppimispalvelut.fi\/otahaltuun\/kirjasto\/tiedonlahteet\/","title":{"rendered":"Tiedonl\u00e4hteet"},"content":{"rendered":"<p>Opintojen aikana tulet k\u00e4ytt\u00e4m\u00e4\u00e4n erilaisia tiedonl\u00e4hteit\u00e4 kuten luentomateriaaleja, kurssikirjallisuutta, ammattilehti\u00e4, tieteellisi\u00e4 julkaisuja, yritysten www-sivuja, blogeja ja sosiaalista mediaa. Muuttuvat tiedontarpeet ratkaisevat, mist\u00e4 ja millaista tietoa kannattaa etsi\u00e4 eri tilanteissa.<\/p>\n<p>Saman aiheen k\u00e4sittelyss\u00e4 voidaan hy\u00f6dynt\u00e4\u00e4 useita asiantuntijoita ja tiedonl\u00e4hteit\u00e4. Tutustu eri tyyppisiin asiantuntijoihin ja heid\u00e4n tuottamaansa tietoon:\u00a0<a href=\"https:\/\/blogi.eoppimispalvelut.fi\/otahaltuun\/files\/2018\/01\/tiedontyypit.pdf\" target=\"_blank\" rel=\"noopener\">Tiedon tyypit<\/a><\/p>\n<p>&nbsp;<\/p>\n","protected":false},"excerpt":{"rendered":"<p>Opintojen aikana tulet k\u00e4ytt\u00e4m\u00e4\u00e4n erilaisia tiedonl\u00e4hteit\u00e4 kuten luentomateriaaleja, kurssikirjallisuutta, ammattilehti\u00e4, tieteellisi\u00e4 julkaisuja, yritysten www-sivuja, blogeja ja sosiaalista mediaa. Muuttuvat tiedontarpeet ratkaisevat, mist\u00e4 ja millaista tietoa kannattaa etsi\u00e4&hellip; <span class=\"read-more\"><a class=\"more-link\" href=\"https:\/\/blogi.eoppimispalvelut.fi\/otahaltuun\/kirjasto\/tiedonlahteet\/\" rel=\"bookmark\">Read more <span class=\"screen-reader-text\">&#8220;Tiedonl\u00e4hteet&#8221;<\/span><\/a><\/span><\/p>\n","protected":false},"author":2396,"featured_media":0,"parent":167,"menu_order":0,"comment_status":"closed","ping_status":"closed","template":"","meta":{"footnotes":""},"class_list":["post-356","page","type-page","status-publish","hentry"],"yoast_head":"<!-- This site is optimized with the Yoast SEO plugin v27.1.1 - https:\/\/yoast.com\/product\/yoast-seo-wordpress\/ -->\n<title>Tiedonl\u00e4hteet - Ota haltuun<\/title>\n<meta name=\"robots\" content=\"index, follow, max-snippet:-1, max-image-preview:large, max-video-preview:-1\" \/>\n<link rel=\"canonical\" href=\"https:\/\/blogi.eoppimispalvelut.fi\/otahaltuun\/kirjasto\/tiedonlahteet\/\" \/>\n<meta property=\"og:locale\" content=\"fi_FI\" \/>\n<meta property=\"og:type\" content=\"article\" \/>\n<meta property=\"og:title\" content=\"Tiedonl\u00e4hteet - Ota haltuun\" \/>\n<meta property=\"og:description\" content=\"Opintojen aikana tulet k\u00e4ytt\u00e4m\u00e4\u00e4n erilaisia tiedonl\u00e4hteit\u00e4 kuten luentomateriaaleja, kurssikirjallisuutta, ammattilehti\u00e4, tieteellisi\u00e4 julkaisuja, yritysten www-sivuja, blogeja ja sosiaalista mediaa. Muuttuvat tiedontarpeet ratkaisevat, mist\u00e4 ja millaista tietoa kannattaa etsi\u00e4&hellip; Read more &quot;Tiedonl\u00e4hteet&quot;\" \/>\n<meta property=\"og:url\" content=\"https:\/\/blogi.eoppimispalvelut.fi\/otahaltuun\/kirjasto\/tiedonlahteet\/\" \/>\n<meta property=\"og:site_name\" content=\"Ota haltuun\" \/>\n<meta name=\"twitter:card\" content=\"summary_large_image\" \/>\n<script type=\"application\/ld+json\" class=\"yoast-schema-graph\">{\"@context\":\"https:\/\/schema.org\",\"@graph\":[{\"@type\":\"WebPage\",\"@id\":\"https:\/\/blogi.eoppimispalvelut.fi\/otahaltuun\/kirjasto\/tiedonlahteet\/\",\"url\":\"https:\/\/blogi.eoppimispalvelut.fi\/otahaltuun\/kirjasto\/tiedonlahteet\/\",\"name\":\"Tiedonl\u00e4hteet - Ota haltuun\",\"isPartOf\":{\"@id\":\"https:\/\/blogi.eoppimispalvelut.fi\/otahaltuun\/#website\"},\"datePublished\":\"2018-01-05T10:37:24+00:00\",\"breadcrumb\":{\"@id\":\"https:\/\/blogi.eoppimispalvelut.fi\/otahaltuun\/kirjasto\/tiedonlahteet\/#breadcrumb\"},\"inLanguage\":\"fi\",\"potentialAction\":[{\"@type\":\"ReadAction\",\"target\":[\"https:\/\/blogi.eoppimispalvelut.fi\/otahaltuun\/kirjasto\/tiedonlahteet\/\"]}]},{\"@type\":\"BreadcrumbList\",\"@id\":\"https:\/\/blogi.eoppimispalvelut.fi\/otahaltuun\/kirjasto\/tiedonlahteet\/#breadcrumb\",\"itemListElement\":[{\"@type\":\"ListItem\",\"position\":1,\"name\":\"Home\",\"item\":\"https:\/\/blogi.eoppimispalvelut.fi\/otahaltuun\/\"},{\"@type\":\"ListItem\",\"position\":2,\"name\":\"Kirjasto\",\"item\":\"https:\/\/blogi.eoppimispalvelut.fi\/otahaltuun\/kirjasto\/\"},{\"@type\":\"ListItem\",\"position\":3,\"name\":\"Tiedonl\u00e4hteet\"}]},{\"@type\":\"WebSite\",\"@id\":\"https:\/\/blogi.eoppimispalvelut.fi\/otahaltuun\/#website\",\"url\":\"https:\/\/blogi.eoppimispalvelut.fi\/otahaltuun\/\",\"name\":\"Ota haltuun Ver New\",\"description\":\"Ota haltuun opintoja tukevat j\u00e4rjestelm\u00e4t\",\"publisher\":{\"@id\":\"https:\/\/blogi.eoppimispalvelut.fi\/otahaltuun\/#organization\"},\"potentialAction\":[{\"@type\":\"SearchAction\",\"target\":{\"@type\":\"EntryPoint\",\"urlTemplate\":\"https:\/\/blogi.eoppimispalvelut.fi\/otahaltuun\/?s={search_term_string}\"},\"query-input\":{\"@type\":\"PropertyValueSpecification\",\"valueRequired\":true,\"valueName\":\"search_term_string\"}}],\"inLanguage\":\"fi\"},{\"@type\":\"Organization\",\"@id\":\"https:\/\/blogi.eoppimispalvelut.fi\/otahaltuun\/#organization\",\"name\":\"Ota haltuun Lapin AMK\",\"url\":\"https:\/\/blogi.eoppimispalvelut.fi\/otahaltuun\/\",\"logo\":{\"@type\":\"ImageObject\",\"inLanguage\":\"fi\",\"@id\":\"https:\/\/blogi.eoppimispalvelut.fi\/otahaltuun\/#\/schema\/logo\/image\/\",\"url\":\"https:\/\/blogi.eoppimispalvelut.fi\/otahaltuun\/files\/2017\/11\/cropped-training-2874597_1920-1.jpg\",\"contentUrl\":\"https:\/\/blogi.eoppimispalvelut.fi\/otahaltuun\/files\/2017\/11\/cropped-training-2874597_1920-1.jpg\",\"width\":1920,\"height\":500,\"caption\":\"Ota haltuun Lapin AMK\"},\"image\":{\"@id\":\"https:\/\/blogi.eoppimispalvelut.fi\/otahaltuun\/#\/schema\/logo\/image\/\"}}]}<\/script>\n<!-- \/ Yoast SEO plugin. -->","yoast_head_json":{"title":"Tiedonl\u00e4hteet - Ota haltuun","robots":{"index":"index","follow":"follow","max-snippet":"max-snippet:-1","max-image-preview":"max-image-preview:large","max-video-preview":"max-video-preview:-1"},"canonical":"https:\/\/blogi.eoppimispalvelut.fi\/otahaltuun\/kirjasto\/tiedonlahteet\/","og_locale":"fi_FI","og_type":"article","og_title":"Tiedonl\u00e4hteet - Ota haltuun","og_description":"Opintojen aikana tulet k\u00e4ytt\u00e4m\u00e4\u00e4n erilaisia tiedonl\u00e4hteit\u00e4 kuten luentomateriaaleja, kurssikirjallisuutta, ammattilehti\u00e4, tieteellisi\u00e4 julkaisuja, yritysten www-sivuja, blogeja ja sosiaalista mediaa. Muuttuvat tiedontarpeet ratkaisevat, mist\u00e4 ja millaista tietoa kannattaa etsi\u00e4&hellip; Read more \"Tiedonl\u00e4hteet\"","og_url":"https:\/\/blogi.eoppimispalvelut.fi\/otahaltuun\/kirjasto\/tiedonlahteet\/","og_site_name":"Ota haltuun","twitter_card":"summary_large_image","schema":{"@context":"https:\/\/schema.org","@graph":[{"@type":"WebPage","@id":"https:\/\/blogi.eoppimispalvelut.fi\/otahaltuun\/kirjasto\/tiedonlahteet\/","url":"https:\/\/blogi.eoppimispalvelut.fi\/otahaltuun\/kirjasto\/tiedonlahteet\/","name":"Tiedonl\u00e4hteet - Ota haltuun","isPartOf":{"@id":"https:\/\/blogi.eoppimispalvelut.fi\/otahaltuun\/#website"},"datePublished":"2018-01-05T10:37:24+00:00","breadcrumb":{"@id":"https:\/\/blogi.eoppimispalvelut.fi\/otahaltuun\/kirjasto\/tiedonlahteet\/#breadcrumb"},"inLanguage":"fi","potentialAction":[{"@type":"ReadAction","target":["https:\/\/blogi.eoppimispalvelut.fi\/otahaltuun\/kirjasto\/tiedonlahteet\/"]}]},{"@type":"BreadcrumbList","@id":"https:\/\/blogi.eoppimispalvelut.fi\/otahaltuun\/kirjasto\/tiedonlahteet\/#breadcrumb","itemListElement":[{"@type":"ListItem","position":1,"name":"Home","item":"https:\/\/blogi.eoppimispalvelut.fi\/otahaltuun\/"},{"@type":"ListItem","position":2,"name":"Kirjasto","item":"https:\/\/blogi.eoppimispalvelut.fi\/otahaltuun\/kirjasto\/"},{"@type":"ListItem","position":3,"name":"Tiedonl\u00e4hteet"}]},{"@type":"WebSite","@id":"https:\/\/blogi.eoppimispalvelut.fi\/otahaltuun\/#website","url":"https:\/\/blogi.eoppimispalvelut.fi\/otahaltuun\/","name":"Ota haltuun Ver New","description":"Ota haltuun opintoja tukevat j\u00e4rjestelm\u00e4t","publisher":{"@id":"https:\/\/blogi.eoppimispalvelut.fi\/otahaltuun\/#organization"},"potentialAction":[{"@type":"SearchAction","target":{"@type":"EntryPoint","urlTemplate":"https:\/\/blogi.eoppimispalvelut.fi\/otahaltuun\/?s={search_term_string}"},"query-input":{"@type":"PropertyValueSpecification","valueRequired":true,"valueName":"search_term_string"}}],"inLanguage":"fi"},{"@type":"Organization","@id":"https:\/\/blogi.eoppimispalvelut.fi\/otahaltuun\/#organization","name":"Ota haltuun Lapin AMK","url":"https:\/\/blogi.eoppimispalvelut.fi\/otahaltuun\/","logo":{"@type":"ImageObject","inLanguage":"fi","@id":"https:\/\/blogi.eoppimispalvelut.fi\/otahaltuun\/#\/schema\/logo\/image\/","url":"https:\/\/blogi.eoppimispalvelut.fi\/otahaltuun\/files\/2017\/11\/cropped-training-2874597_1920-1.jpg","contentUrl":"https:\/\/blogi.eoppimispalvelut.fi\/otahaltuun\/files\/2017\/11\/cropped-training-2874597_1920-1.jpg","width":1920,"height":500,"caption":"Ota haltuun Lapin AMK"},"image":{"@id":"https:\/\/blogi.eoppimispalvelut.fi\/otahaltuun\/#\/schema\/logo\/image\/"}}]}},"_links":{"self":[{"href":"https:\/\/blogi.eoppimispalvelut.fi\/otahaltuun\/wp-json\/wp\/v2\/pages\/356","targetHints":{"allow":["GET"]}}],"collection":[{"href":"https:\/\/blogi.eoppimispalvelut.fi\/otahaltuun\/wp-json\/wp\/v2\/pages"}],"about":[{"href":"https:\/\/blogi.eoppimispalvelut.fi\/otahaltuun\/wp-json\/wp\/v2\/types\/page"}],"author":[{"embeddable":true,"href":"https:\/\/blogi.eoppimispalvelut.fi\/otahaltuun\/wp-json\/wp\/v2\/users\/2396"}],"replies":[{"embeddable":true,"href":"https:\/\/blogi.eoppimispalvelut.fi\/otahaltuun\/wp-json\/wp\/v2\/comments?post=356"}],"version-history":[{"count":7,"href":"https:\/\/blogi.eoppimispalvelut.fi\/otahaltuun\/wp-json\/wp\/v2\/pages\/356\/revisions"}],"predecessor-version":[{"id":366,"href":"https:\/\/blogi.eoppimispalvelut.fi\/otahaltuun\/wp-json\/wp\/v2\/pages\/356\/revisions\/366"}],"up":[{"embeddable":true,"href":"https:\/\/blogi.eoppimispalvelut.fi\/otahaltuun\/wp-json\/wp\/v2\/pages\/167"}],"wp:attachment":[{"href":"https:\/\/blogi.eoppimispalvelut.fi\/otahaltuun\/wp-json\/wp\/v2\/media?parent=356"}],"curies":[{"name":"wp","href":"https:\/\/api.w.org\/{rel}","templated":true}]}}