{"id":41,"date":"2017-11-20T09:54:20","date_gmt":"2017-11-20T07:54:20","guid":{"rendered":"https:\/\/blogi.eoppimispalvelut.fi\/otahaltuun\/?page_id=41"},"modified":"2018-12-17T08:20:26","modified_gmt":"2018-12-17T06:20:26","slug":"o365","status":"publish","type":"page","link":"https:\/\/blogi.eoppimispalvelut.fi\/otahaltuun\/o365\/","title":{"rendered":"O365"},"content":{"rendered":"<div>Lapin ammattikorkeakoulussa on otettu k\u00e4ytt\u00f6\u00f6n Office 365 pilvipalvelu. Palvelun avulla opiskelija voi turvallisesti ja helposti ty\u00f6skennell\u00e4 ja tuottaa materiaalia pilvess\u00e4, joko yksin tai yhteisty\u00f6ss\u00e4 muiden opiskelijakavereiden kanssa.<\/div>\n<div><\/div>\n<p>Seuraavat palvelut opiskelijoille ovat osa Office 365 pilvipalvelua:<\/p>\n<ul>\n<li>Lapin ammattikorkeakoulu s\u00e4hk\u00f6posti<\/li>\n<li>OneDrive tallennustila (1 TB) pilvess\u00e4<\/li>\n<li>Office Online \u2013 sovellukset (Word, Excel, PowerPoint..)<\/li>\n<li>Skype for Business pikaviestint\u00e4 \u00e4\u00e4nell\u00e4 ja videolla<\/li>\n<\/ul>\n<p>Palveluun kirjaudu\u00a0<a href=\"http:\/\/eoppimispalvelut.fi\" target=\"_blank\" rel=\"noopener\">eOppimispalvelut.fi<\/a> -sivuilta Ty\u00f6v\u00e4lineet -lohkosta Siirry O365:een. T\u00e4m\u00e4n kautta p\u00e4\u00e4set my\u00f6s koulusi s\u00e4hk\u00f6postiin.<\/p>\n<div>\n<p><strong>T\u00e4\u00e4lt\u00e4 l\u00f6yd\u00e4t ohjevideon o356 pilvipalveluist<\/strong><\/p>\n<\/div>\n<ul>\n<li><a href=\"https:\/\/www.youtube.com\/watch?v=SSsguoifu8A&amp;feature=youtu.be\" target=\"_blank\" rel=\"noopener\">Mik\u00e4 on O365 palvelu<\/a><\/li>\n<li><a href=\"https:\/\/www.youtube.com\/watch?v=mFBZ3l4aWoU&amp;feature=youtu.be\" target=\"_blank\" rel=\"noopener\">Kirjautuminen<\/a><\/li>\n<li><a href=\"https:\/\/www.youtube.com\/watch?v=sVzziDrK3E8&amp;feature=youtu.be&amp;hd=1\" target=\"_blank\" rel=\"noopener\">Mik\u00e4 on OneDrive<\/a><\/li>\n<li><a href=\"https:\/\/www.youtube.com\/watch?v=r_zOvYlzC6o&amp;feature=youtu.be&amp;hd=1\" target=\"_blank\" rel=\"noopener\">OneDrive (Kansion \/ Tiedoston luonti)<\/a><\/li>\n<li><a href=\"https:\/\/www.youtube.com\/watch?v=pb3MQsYm6go&amp;feature=youtu.be\" target=\"_blank\" rel=\"noopener\">Tiedoston tai kansion jakaminen ja oikeuksien muuttaminen<\/a><\/li>\n<li><a href=\"https:\/\/www.youtube.com\/watch?v=nkyjTTmm_-k&amp;feature=youtu.be&amp;hd=1\" target=\"_blank\" rel=\"noopener\">Kuinka asennan itselleni officepaketin<\/a><\/li>\n<li><a href=\"https:\/\/www.youtube.com\/watch?v=-jBIcuK77WQ&amp;feature=youtu.be&amp;hd=1\" target=\"_blank\" rel=\"noopener\">Kuinka luon dokumentin<\/a><\/li>\n<li><a href=\"https:\/\/www.youtube.com\/watch?v=Z5_8O5z0mtA&amp;feature=youtu.be&amp;hd=1\" target=\"_blank\" rel=\"noopener\">Kuinka jaan dokumentin muille<\/a><\/li>\n<li><a href=\"https:\/\/www.youtube.com\/watch?v=wC3oj4pEmPQ&amp;feature=youtu.be&amp;hd=1\" target=\"_blank\" rel=\"noopener\">Kuinka lataan dokumentin omalle koneelle pilvest\u00e4<\/a><\/li>\n<\/ul>\n","protected":false},"excerpt":{"rendered":"<p>Lapin ammattikorkeakoulussa on otettu k\u00e4ytt\u00f6\u00f6n Office 365 pilvipalvelu. Palvelun avulla opiskelija voi turvallisesti ja helposti ty\u00f6skennell\u00e4 ja tuottaa materiaalia pilvess\u00e4, joko yksin tai yhteisty\u00f6ss\u00e4 muiden opiskelijakavereiden kanssa.&hellip; <span class=\"read-more\"><a class=\"more-link\" href=\"https:\/\/blogi.eoppimispalvelut.fi\/otahaltuun\/o365\/\" rel=\"bookmark\">Read more <span class=\"screen-reader-text\">&#8220;O365&#8221;<\/span><\/a><\/span><\/p>\n","protected":false},"author":36,"featured_media":0,"parent":0,"menu_order":0,"comment_status":"closed","ping_status":"closed","template":"","meta":{"footnotes":""},"class_list":["post-41","page","type-page","status-publish","hentry"],"yoast_head":"<!-- This site is optimized with the Yoast SEO plugin v27.1.1 - https:\/\/yoast.com\/product\/yoast-seo-wordpress\/ -->\n<title>O365 - Ota haltuun<\/title>\n<meta name=\"robots\" content=\"index, follow, max-snippet:-1, max-image-preview:large, max-video-preview:-1\" \/>\n<link rel=\"canonical\" href=\"https:\/\/blogi.eoppimispalvelut.fi\/otahaltuun\/o365\/\" \/>\n<meta property=\"og:locale\" content=\"fi_FI\" \/>\n<meta property=\"og:type\" content=\"article\" \/>\n<meta property=\"og:title\" content=\"O365 - Ota haltuun\" \/>\n<meta property=\"og:description\" content=\"Lapin ammattikorkeakoulussa on otettu k\u00e4ytt\u00f6\u00f6n Office 365 pilvipalvelu. Palvelun avulla opiskelija voi turvallisesti ja helposti ty\u00f6skennell\u00e4 ja tuottaa materiaalia pilvess\u00e4, joko yksin tai yhteisty\u00f6ss\u00e4 muiden opiskelijakavereiden kanssa.&hellip; Read more &quot;O365&quot;\" \/>\n<meta property=\"og:url\" content=\"https:\/\/blogi.eoppimispalvelut.fi\/otahaltuun\/o365\/\" \/>\n<meta property=\"og:site_name\" content=\"Ota haltuun\" \/>\n<meta property=\"article:modified_time\" content=\"2018-12-17T06:20:26+00:00\" \/>\n<meta name=\"twitter:card\" content=\"summary_large_image\" \/>\n<meta name=\"twitter:label1\" content=\"Est. reading time\" \/>\n\t<meta name=\"twitter:data1\" content=\"1 minute\" \/>\n<script type=\"application\/ld+json\" class=\"yoast-schema-graph\">{\"@context\":\"https:\/\/schema.org\",\"@graph\":[{\"@type\":\"WebPage\",\"@id\":\"https:\/\/blogi.eoppimispalvelut.fi\/otahaltuun\/o365\/\",\"url\":\"https:\/\/blogi.eoppimispalvelut.fi\/otahaltuun\/o365\/\",\"name\":\"O365 - Ota haltuun\",\"isPartOf\":{\"@id\":\"https:\/\/blogi.eoppimispalvelut.fi\/otahaltuun\/#website\"},\"datePublished\":\"2017-11-20T07:54:20+00:00\",\"dateModified\":\"2018-12-17T06:20:26+00:00\",\"breadcrumb\":{\"@id\":\"https:\/\/blogi.eoppimispalvelut.fi\/otahaltuun\/o365\/#breadcrumb\"},\"inLanguage\":\"fi\",\"potentialAction\":[{\"@type\":\"ReadAction\",\"target\":[\"https:\/\/blogi.eoppimispalvelut.fi\/otahaltuun\/o365\/\"]}]},{\"@type\":\"BreadcrumbList\",\"@id\":\"https:\/\/blogi.eoppimispalvelut.fi\/otahaltuun\/o365\/#breadcrumb\",\"itemListElement\":[{\"@type\":\"ListItem\",\"position\":1,\"name\":\"Home\",\"item\":\"https:\/\/blogi.eoppimispalvelut.fi\/otahaltuun\/\"},{\"@type\":\"ListItem\",\"position\":2,\"name\":\"O365\"}]},{\"@type\":\"WebSite\",\"@id\":\"https:\/\/blogi.eoppimispalvelut.fi\/otahaltuun\/#website\",\"url\":\"https:\/\/blogi.eoppimispalvelut.fi\/otahaltuun\/\",\"name\":\"Ota haltuun Ver New\",\"description\":\"Ota haltuun opintoja tukevat j\u00e4rjestelm\u00e4t\",\"publisher\":{\"@id\":\"https:\/\/blogi.eoppimispalvelut.fi\/otahaltuun\/#organization\"},\"potentialAction\":[{\"@type\":\"SearchAction\",\"target\":{\"@type\":\"EntryPoint\",\"urlTemplate\":\"https:\/\/blogi.eoppimispalvelut.fi\/otahaltuun\/?s={search_term_string}\"},\"query-input\":{\"@type\":\"PropertyValueSpecification\",\"valueRequired\":true,\"valueName\":\"search_term_string\"}}],\"inLanguage\":\"fi\"},{\"@type\":\"Organization\",\"@id\":\"https:\/\/blogi.eoppimispalvelut.fi\/otahaltuun\/#organization\",\"name\":\"Ota haltuun Lapin AMK\",\"url\":\"https:\/\/blogi.eoppimispalvelut.fi\/otahaltuun\/\",\"logo\":{\"@type\":\"ImageObject\",\"inLanguage\":\"fi\",\"@id\":\"https:\/\/blogi.eoppimispalvelut.fi\/otahaltuun\/#\/schema\/logo\/image\/\",\"url\":\"https:\/\/blogi.eoppimispalvelut.fi\/otahaltuun\/files\/2017\/11\/cropped-training-2874597_1920-1.jpg\",\"contentUrl\":\"https:\/\/blogi.eoppimispalvelut.fi\/otahaltuun\/files\/2017\/11\/cropped-training-2874597_1920-1.jpg\",\"width\":1920,\"height\":500,\"caption\":\"Ota haltuun Lapin AMK\"},\"image\":{\"@id\":\"https:\/\/blogi.eoppimispalvelut.fi\/otahaltuun\/#\/schema\/logo\/image\/\"}}]}<\/script>\n<!-- \/ Yoast SEO plugin. -->","yoast_head_json":{"title":"O365 - Ota haltuun","robots":{"index":"index","follow":"follow","max-snippet":"max-snippet:-1","max-image-preview":"max-image-preview:large","max-video-preview":"max-video-preview:-1"},"canonical":"https:\/\/blogi.eoppimispalvelut.fi\/otahaltuun\/o365\/","og_locale":"fi_FI","og_type":"article","og_title":"O365 - Ota haltuun","og_description":"Lapin ammattikorkeakoulussa on otettu k\u00e4ytt\u00f6\u00f6n Office 365 pilvipalvelu. Palvelun avulla opiskelija voi turvallisesti ja helposti ty\u00f6skennell\u00e4 ja tuottaa materiaalia pilvess\u00e4, joko yksin tai yhteisty\u00f6ss\u00e4 muiden opiskelijakavereiden kanssa.&hellip; Read more \"O365\"","og_url":"https:\/\/blogi.eoppimispalvelut.fi\/otahaltuun\/o365\/","og_site_name":"Ota haltuun","article_modified_time":"2018-12-17T06:20:26+00:00","twitter_card":"summary_large_image","twitter_misc":{"Est. reading time":"1 minute"},"schema":{"@context":"https:\/\/schema.org","@graph":[{"@type":"WebPage","@id":"https:\/\/blogi.eoppimispalvelut.fi\/otahaltuun\/o365\/","url":"https:\/\/blogi.eoppimispalvelut.fi\/otahaltuun\/o365\/","name":"O365 - Ota haltuun","isPartOf":{"@id":"https:\/\/blogi.eoppimispalvelut.fi\/otahaltuun\/#website"},"datePublished":"2017-11-20T07:54:20+00:00","dateModified":"2018-12-17T06:20:26+00:00","breadcrumb":{"@id":"https:\/\/blogi.eoppimispalvelut.fi\/otahaltuun\/o365\/#breadcrumb"},"inLanguage":"fi","potentialAction":[{"@type":"ReadAction","target":["https:\/\/blogi.eoppimispalvelut.fi\/otahaltuun\/o365\/"]}]},{"@type":"BreadcrumbList","@id":"https:\/\/blogi.eoppimispalvelut.fi\/otahaltuun\/o365\/#breadcrumb","itemListElement":[{"@type":"ListItem","position":1,"name":"Home","item":"https:\/\/blogi.eoppimispalvelut.fi\/otahaltuun\/"},{"@type":"ListItem","position":2,"name":"O365"}]},{"@type":"WebSite","@id":"https:\/\/blogi.eoppimispalvelut.fi\/otahaltuun\/#website","url":"https:\/\/blogi.eoppimispalvelut.fi\/otahaltuun\/","name":"Ota haltuun Ver New","description":"Ota haltuun opintoja tukevat j\u00e4rjestelm\u00e4t","publisher":{"@id":"https:\/\/blogi.eoppimispalvelut.fi\/otahaltuun\/#organization"},"potentialAction":[{"@type":"SearchAction","target":{"@type":"EntryPoint","urlTemplate":"https:\/\/blogi.eoppimispalvelut.fi\/otahaltuun\/?s={search_term_string}"},"query-input":{"@type":"PropertyValueSpecification","valueRequired":true,"valueName":"search_term_string"}}],"inLanguage":"fi"},{"@type":"Organization","@id":"https:\/\/blogi.eoppimispalvelut.fi\/otahaltuun\/#organization","name":"Ota haltuun Lapin AMK","url":"https:\/\/blogi.eoppimispalvelut.fi\/otahaltuun\/","logo":{"@type":"ImageObject","inLanguage":"fi","@id":"https:\/\/blogi.eoppimispalvelut.fi\/otahaltuun\/#\/schema\/logo\/image\/","url":"https:\/\/blogi.eoppimispalvelut.fi\/otahaltuun\/files\/2017\/11\/cropped-training-2874597_1920-1.jpg","contentUrl":"https:\/\/blogi.eoppimispalvelut.fi\/otahaltuun\/files\/2017\/11\/cropped-training-2874597_1920-1.jpg","width":1920,"height":500,"caption":"Ota haltuun Lapin AMK"},"image":{"@id":"https:\/\/blogi.eoppimispalvelut.fi\/otahaltuun\/#\/schema\/logo\/image\/"}}]}},"_links":{"self":[{"href":"https:\/\/blogi.eoppimispalvelut.fi\/otahaltuun\/wp-json\/wp\/v2\/pages\/41","targetHints":{"allow":["GET"]}}],"collection":[{"href":"https:\/\/blogi.eoppimispalvelut.fi\/otahaltuun\/wp-json\/wp\/v2\/pages"}],"about":[{"href":"https:\/\/blogi.eoppimispalvelut.fi\/otahaltuun\/wp-json\/wp\/v2\/types\/page"}],"author":[{"embeddable":true,"href":"https:\/\/blogi.eoppimispalvelut.fi\/otahaltuun\/wp-json\/wp\/v2\/users\/36"}],"replies":[{"embeddable":true,"href":"https:\/\/blogi.eoppimispalvelut.fi\/otahaltuun\/wp-json\/wp\/v2\/comments?post=41"}],"version-history":[{"count":18,"href":"https:\/\/blogi.eoppimispalvelut.fi\/otahaltuun\/wp-json\/wp\/v2\/pages\/41\/revisions"}],"predecessor-version":[{"id":410,"href":"https:\/\/blogi.eoppimispalvelut.fi\/otahaltuun\/wp-json\/wp\/v2\/pages\/41\/revisions\/410"}],"wp:attachment":[{"href":"https:\/\/blogi.eoppimispalvelut.fi\/otahaltuun\/wp-json\/wp\/v2\/media?parent=41"}],"curies":[{"name":"wp","href":"https:\/\/api.w.org\/{rel}","templated":true}]}}