{"id":45,"date":"2017-11-20T09:55:02","date_gmt":"2017-11-20T07:55:02","guid":{"rendered":"https:\/\/blogi.eoppimispalvelut.fi\/otahaltuun\/?page_id=45"},"modified":"2018-12-16T17:46:53","modified_gmt":"2018-12-16T15:46:53","slug":"epakki","status":"publish","type":"page","link":"https:\/\/blogi.eoppimispalvelut.fi\/otahaltuun\/epakki\/","title":{"rendered":"ePakki"},"content":{"rendered":"<div>\n<p><span style=\"color: #000000;\"><a href=\"https:\/\/blogi.eoppimispalvelut.fi\/otahaltuun\/files\/2017\/11\/ePakki-kuva.png\"><img loading=\"lazy\" decoding=\"async\" class=\"alignright  wp-image-233\" src=\"https:\/\/blogi.eoppimispalvelut.fi\/otahaltuun\/files\/2017\/11\/ePakki-kuva-900x516.png\" alt=\"\" width=\"427\" height=\"245\" srcset=\"https:\/\/blogi.eoppimispalvelut.fi\/otahaltuun\/files\/2017\/11\/ePakki-kuva-900x516.png 900w, https:\/\/blogi.eoppimispalvelut.fi\/otahaltuun\/files\/2017\/11\/ePakki-kuva-768x440.png 768w, https:\/\/blogi.eoppimispalvelut.fi\/otahaltuun\/files\/2017\/11\/ePakki-kuva-349x200.png 349w, https:\/\/blogi.eoppimispalvelut.fi\/otahaltuun\/files\/2017\/11\/ePakki-kuva.png 1183w\" sizes=\"auto, (max-width: 427px) 100vw, 427px\" \/><\/a>ePakista l\u00f6yd\u00e4t ty\u00f6kaluja jotka helpottavat sinua suunnittelemaan ja toteuttamaan oppimisteht\u00e4vien tai prosessien toteuttamista yksin tai yhteis\u00f6llisesti.<\/span><\/p>\n<p><span style=\"color: #000000;\">Se auttaa sinua l\u00f6yt\u00e4m\u00e4\u00e4n ideoita ja johdattaa sinut tiedon l\u00e4hteille.<\/span><\/p>\n<p><span style=\"color: #000000;\">T\u00e4st\u00e4 p\u00e4\u00e4set\u00a0<a href=\"https:\/\/blogi.eoppimispalvelut.fi\/pakki\/\" target=\"_blank\" rel=\"nofollow noopener\"><span style=\"color: #0000ff;\">ePakkiin<\/span><\/a><\/span><\/p>\n<\/div>\n","protected":false},"excerpt":{"rendered":"<p>ePakista l\u00f6yd\u00e4t ty\u00f6kaluja jotka helpottavat sinua suunnittelemaan ja toteuttamaan oppimisteht\u00e4vien tai prosessien toteuttamista yksin tai yhteis\u00f6llisesti. Se auttaa sinua l\u00f6yt\u00e4m\u00e4\u00e4n ideoita ja johdattaa sinut tiedon l\u00e4hteille. T\u00e4st\u00e4&hellip; <span class=\"read-more\"><a class=\"more-link\" href=\"https:\/\/blogi.eoppimispalvelut.fi\/otahaltuun\/epakki\/\" rel=\"bookmark\">Read more <span class=\"screen-reader-text\">&#8220;ePakki&#8221;<\/span><\/a><\/span><\/p>\n","protected":false},"author":36,"featured_media":0,"parent":0,"menu_order":0,"comment_status":"closed","ping_status":"closed","template":"","meta":{"footnotes":""},"class_list":["post-45","page","type-page","status-publish","hentry"],"yoast_head":"<!-- This site is optimized with the Yoast SEO plugin v27.1.1 - https:\/\/yoast.com\/product\/yoast-seo-wordpress\/ -->\n<title>ePakki - Ota haltuun<\/title>\n<meta name=\"robots\" content=\"index, follow, max-snippet:-1, max-image-preview:large, max-video-preview:-1\" \/>\n<link rel=\"canonical\" href=\"https:\/\/blogi.eoppimispalvelut.fi\/otahaltuun\/epakki\/\" \/>\n<meta property=\"og:locale\" content=\"fi_FI\" \/>\n<meta property=\"og:type\" content=\"article\" \/>\n<meta property=\"og:title\" content=\"ePakki - Ota haltuun\" \/>\n<meta property=\"og:description\" content=\"ePakista l\u00f6yd\u00e4t ty\u00f6kaluja jotka helpottavat sinua suunnittelemaan ja toteuttamaan oppimisteht\u00e4vien tai prosessien toteuttamista yksin tai yhteis\u00f6llisesti. Se auttaa sinua l\u00f6yt\u00e4m\u00e4\u00e4n ideoita ja johdattaa sinut tiedon l\u00e4hteille. T\u00e4st\u00e4&hellip; Read more &quot;ePakki&quot;\" \/>\n<meta property=\"og:url\" content=\"https:\/\/blogi.eoppimispalvelut.fi\/otahaltuun\/epakki\/\" \/>\n<meta property=\"og:site_name\" content=\"Ota haltuun\" \/>\n<meta property=\"article:modified_time\" content=\"2018-12-16T15:46:53+00:00\" \/>\n<meta property=\"og:image\" content=\"https:\/\/blogi.eoppimispalvelut.fi\/otahaltuun\/files\/2017\/11\/ePakki-kuva-900x516.png\" \/>\n<meta name=\"twitter:card\" content=\"summary_large_image\" \/>\n<script type=\"application\/ld+json\" class=\"yoast-schema-graph\">{\"@context\":\"https:\/\/schema.org\",\"@graph\":[{\"@type\":\"WebPage\",\"@id\":\"https:\/\/blogi.eoppimispalvelut.fi\/otahaltuun\/epakki\/\",\"url\":\"https:\/\/blogi.eoppimispalvelut.fi\/otahaltuun\/epakki\/\",\"name\":\"ePakki - Ota haltuun\",\"isPartOf\":{\"@id\":\"https:\/\/blogi.eoppimispalvelut.fi\/otahaltuun\/#website\"},\"primaryImageOfPage\":{\"@id\":\"https:\/\/blogi.eoppimispalvelut.fi\/otahaltuun\/epakki\/#primaryimage\"},\"image\":{\"@id\":\"https:\/\/blogi.eoppimispalvelut.fi\/otahaltuun\/epakki\/#primaryimage\"},\"thumbnailUrl\":\"https:\/\/blogi.eoppimispalvelut.fi\/otahaltuun\/files\/2017\/11\/ePakki-kuva-900x516.png\",\"datePublished\":\"2017-11-20T07:55:02+00:00\",\"dateModified\":\"2018-12-16T15:46:53+00:00\",\"breadcrumb\":{\"@id\":\"https:\/\/blogi.eoppimispalvelut.fi\/otahaltuun\/epakki\/#breadcrumb\"},\"inLanguage\":\"fi\",\"potentialAction\":[{\"@type\":\"ReadAction\",\"target\":[\"https:\/\/blogi.eoppimispalvelut.fi\/otahaltuun\/epakki\/\"]}]},{\"@type\":\"ImageObject\",\"inLanguage\":\"fi\",\"@id\":\"https:\/\/blogi.eoppimispalvelut.fi\/otahaltuun\/epakki\/#primaryimage\",\"url\":\"https:\/\/blogi.eoppimispalvelut.fi\/otahaltuun\/files\/2017\/11\/ePakki-kuva.png\",\"contentUrl\":\"https:\/\/blogi.eoppimispalvelut.fi\/otahaltuun\/files\/2017\/11\/ePakki-kuva.png\",\"width\":1183,\"height\":678},{\"@type\":\"BreadcrumbList\",\"@id\":\"https:\/\/blogi.eoppimispalvelut.fi\/otahaltuun\/epakki\/#breadcrumb\",\"itemListElement\":[{\"@type\":\"ListItem\",\"position\":1,\"name\":\"Home\",\"item\":\"https:\/\/blogi.eoppimispalvelut.fi\/otahaltuun\/\"},{\"@type\":\"ListItem\",\"position\":2,\"name\":\"ePakki\"}]},{\"@type\":\"WebSite\",\"@id\":\"https:\/\/blogi.eoppimispalvelut.fi\/otahaltuun\/#website\",\"url\":\"https:\/\/blogi.eoppimispalvelut.fi\/otahaltuun\/\",\"name\":\"Ota haltuun Ver New\",\"description\":\"Ota haltuun opintoja tukevat j\u00e4rjestelm\u00e4t\",\"publisher\":{\"@id\":\"https:\/\/blogi.eoppimispalvelut.fi\/otahaltuun\/#organization\"},\"potentialAction\":[{\"@type\":\"SearchAction\",\"target\":{\"@type\":\"EntryPoint\",\"urlTemplate\":\"https:\/\/blogi.eoppimispalvelut.fi\/otahaltuun\/?s={search_term_string}\"},\"query-input\":{\"@type\":\"PropertyValueSpecification\",\"valueRequired\":true,\"valueName\":\"search_term_string\"}}],\"inLanguage\":\"fi\"},{\"@type\":\"Organization\",\"@id\":\"https:\/\/blogi.eoppimispalvelut.fi\/otahaltuun\/#organization\",\"name\":\"Ota haltuun Lapin AMK\",\"url\":\"https:\/\/blogi.eoppimispalvelut.fi\/otahaltuun\/\",\"logo\":{\"@type\":\"ImageObject\",\"inLanguage\":\"fi\",\"@id\":\"https:\/\/blogi.eoppimispalvelut.fi\/otahaltuun\/#\/schema\/logo\/image\/\",\"url\":\"https:\/\/blogi.eoppimispalvelut.fi\/otahaltuun\/files\/2017\/11\/cropped-training-2874597_1920-1.jpg\",\"contentUrl\":\"https:\/\/blogi.eoppimispalvelut.fi\/otahaltuun\/files\/2017\/11\/cropped-training-2874597_1920-1.jpg\",\"width\":1920,\"height\":500,\"caption\":\"Ota haltuun Lapin AMK\"},\"image\":{\"@id\":\"https:\/\/blogi.eoppimispalvelut.fi\/otahaltuun\/#\/schema\/logo\/image\/\"}}]}<\/script>\n<!-- \/ Yoast SEO plugin. -->","yoast_head_json":{"title":"ePakki - Ota haltuun","robots":{"index":"index","follow":"follow","max-snippet":"max-snippet:-1","max-image-preview":"max-image-preview:large","max-video-preview":"max-video-preview:-1"},"canonical":"https:\/\/blogi.eoppimispalvelut.fi\/otahaltuun\/epakki\/","og_locale":"fi_FI","og_type":"article","og_title":"ePakki - Ota haltuun","og_description":"ePakista l\u00f6yd\u00e4t ty\u00f6kaluja jotka helpottavat sinua suunnittelemaan ja toteuttamaan oppimisteht\u00e4vien tai prosessien toteuttamista yksin tai yhteis\u00f6llisesti. Se auttaa sinua l\u00f6yt\u00e4m\u00e4\u00e4n ideoita ja johdattaa sinut tiedon l\u00e4hteille. T\u00e4st\u00e4&hellip; Read more \"ePakki\"","og_url":"https:\/\/blogi.eoppimispalvelut.fi\/otahaltuun\/epakki\/","og_site_name":"Ota haltuun","article_modified_time":"2018-12-16T15:46:53+00:00","og_image":[{"url":"https:\/\/blogi.eoppimispalvelut.fi\/otahaltuun\/files\/2017\/11\/ePakki-kuva-900x516.png","type":"","width":"","height":""}],"twitter_card":"summary_large_image","schema":{"@context":"https:\/\/schema.org","@graph":[{"@type":"WebPage","@id":"https:\/\/blogi.eoppimispalvelut.fi\/otahaltuun\/epakki\/","url":"https:\/\/blogi.eoppimispalvelut.fi\/otahaltuun\/epakki\/","name":"ePakki - Ota haltuun","isPartOf":{"@id":"https:\/\/blogi.eoppimispalvelut.fi\/otahaltuun\/#website"},"primaryImageOfPage":{"@id":"https:\/\/blogi.eoppimispalvelut.fi\/otahaltuun\/epakki\/#primaryimage"},"image":{"@id":"https:\/\/blogi.eoppimispalvelut.fi\/otahaltuun\/epakki\/#primaryimage"},"thumbnailUrl":"https:\/\/blogi.eoppimispalvelut.fi\/otahaltuun\/files\/2017\/11\/ePakki-kuva-900x516.png","datePublished":"2017-11-20T07:55:02+00:00","dateModified":"2018-12-16T15:46:53+00:00","breadcrumb":{"@id":"https:\/\/blogi.eoppimispalvelut.fi\/otahaltuun\/epakki\/#breadcrumb"},"inLanguage":"fi","potentialAction":[{"@type":"ReadAction","target":["https:\/\/blogi.eoppimispalvelut.fi\/otahaltuun\/epakki\/"]}]},{"@type":"ImageObject","inLanguage":"fi","@id":"https:\/\/blogi.eoppimispalvelut.fi\/otahaltuun\/epakki\/#primaryimage","url":"https:\/\/blogi.eoppimispalvelut.fi\/otahaltuun\/files\/2017\/11\/ePakki-kuva.png","contentUrl":"https:\/\/blogi.eoppimispalvelut.fi\/otahaltuun\/files\/2017\/11\/ePakki-kuva.png","width":1183,"height":678},{"@type":"BreadcrumbList","@id":"https:\/\/blogi.eoppimispalvelut.fi\/otahaltuun\/epakki\/#breadcrumb","itemListElement":[{"@type":"ListItem","position":1,"name":"Home","item":"https:\/\/blogi.eoppimispalvelut.fi\/otahaltuun\/"},{"@type":"ListItem","position":2,"name":"ePakki"}]},{"@type":"WebSite","@id":"https:\/\/blogi.eoppimispalvelut.fi\/otahaltuun\/#website","url":"https:\/\/blogi.eoppimispalvelut.fi\/otahaltuun\/","name":"Ota haltuun Ver New","description":"Ota haltuun opintoja tukevat j\u00e4rjestelm\u00e4t","publisher":{"@id":"https:\/\/blogi.eoppimispalvelut.fi\/otahaltuun\/#organization"},"potentialAction":[{"@type":"SearchAction","target":{"@type":"EntryPoint","urlTemplate":"https:\/\/blogi.eoppimispalvelut.fi\/otahaltuun\/?s={search_term_string}"},"query-input":{"@type":"PropertyValueSpecification","valueRequired":true,"valueName":"search_term_string"}}],"inLanguage":"fi"},{"@type":"Organization","@id":"https:\/\/blogi.eoppimispalvelut.fi\/otahaltuun\/#organization","name":"Ota haltuun Lapin AMK","url":"https:\/\/blogi.eoppimispalvelut.fi\/otahaltuun\/","logo":{"@type":"ImageObject","inLanguage":"fi","@id":"https:\/\/blogi.eoppimispalvelut.fi\/otahaltuun\/#\/schema\/logo\/image\/","url":"https:\/\/blogi.eoppimispalvelut.fi\/otahaltuun\/files\/2017\/11\/cropped-training-2874597_1920-1.jpg","contentUrl":"https:\/\/blogi.eoppimispalvelut.fi\/otahaltuun\/files\/2017\/11\/cropped-training-2874597_1920-1.jpg","width":1920,"height":500,"caption":"Ota haltuun Lapin AMK"},"image":{"@id":"https:\/\/blogi.eoppimispalvelut.fi\/otahaltuun\/#\/schema\/logo\/image\/"}}]}},"_links":{"self":[{"href":"https:\/\/blogi.eoppimispalvelut.fi\/otahaltuun\/wp-json\/wp\/v2\/pages\/45","targetHints":{"allow":["GET"]}}],"collection":[{"href":"https:\/\/blogi.eoppimispalvelut.fi\/otahaltuun\/wp-json\/wp\/v2\/pages"}],"about":[{"href":"https:\/\/blogi.eoppimispalvelut.fi\/otahaltuun\/wp-json\/wp\/v2\/types\/page"}],"author":[{"embeddable":true,"href":"https:\/\/blogi.eoppimispalvelut.fi\/otahaltuun\/wp-json\/wp\/v2\/users\/36"}],"replies":[{"embeddable":true,"href":"https:\/\/blogi.eoppimispalvelut.fi\/otahaltuun\/wp-json\/wp\/v2\/comments?post=45"}],"version-history":[{"count":5,"href":"https:\/\/blogi.eoppimispalvelut.fi\/otahaltuun\/wp-json\/wp\/v2\/pages\/45\/revisions"}],"predecessor-version":[{"id":234,"href":"https:\/\/blogi.eoppimispalvelut.fi\/otahaltuun\/wp-json\/wp\/v2\/pages\/45\/revisions\/234"}],"wp:attachment":[{"href":"https:\/\/blogi.eoppimispalvelut.fi\/otahaltuun\/wp-json\/wp\/v2\/media?parent=45"}],"curies":[{"name":"wp","href":"https:\/\/api.w.org\/{rel}","templated":true}]}}