{"id":51,"date":"2017-11-20T10:00:20","date_gmt":"2017-11-20T08:00:20","guid":{"rendered":"https:\/\/blogi.eoppimispalvelut.fi\/otahaltuun\/?page_id=51"},"modified":"2018-12-17T08:11:27","modified_gmt":"2018-12-17T06:11:27","slug":"pilvipalvelut","status":"publish","type":"page","link":"https:\/\/blogi.eoppimispalvelut.fi\/otahaltuun\/pilvipalvelut\/","title":{"rendered":"Pilvipalvelut"},"content":{"rendered":"<p>Pilvipalveluilla tarkoitataan sit\u00e4, ett\u00e4 ohjelmat ja tiedostot ovat ns. pilvess\u00e4 eli ne eiv\u00e4t ole k\u00e4ytt\u00e4j\u00e4n omalla koneella vaan ne on tallennettuna pilvipalveluita tarjoavan yrityksen koneille ja k\u00e4ytt\u00e4j\u00e4lle ne on aina saatavilla mist\u00e4 p\u00e4in maailmaa tahansa kunhan vain internet yhteys toimii. Vaikka oma tietokoneesi joskus katoaisi tai menisi rikki, niin k\u00e4ytt\u00e4j\u00e4 ei menet\u00e4 pilveen tallentamiaan tiedostoja.<\/p>\n<p>Koulun k\u00e4yt\u00f6ss\u00e4 oleviin pilvipalveluihin p\u00e4\u00e4set kirjautumaan koulun k\u00e4ytt\u00e4j\u00e4tunnuksilla.<\/p>\n<p>Pilvipalvelut soveltuvat hyvin opetusmateriaalin luomiseen, s\u00e4ilytt\u00e4miseen ja jakamiseen. Lapin AMKilla on k\u00e4ytett\u00e4viss\u00e4\u00e4n sek\u00e4\u00a0<strong>Microsoft Office 365<\/strong>\u00a0ett\u00e4<strong>\u00a0Google G Suite<\/strong>\u00a0pilvipalvelut.<\/p>\n<p><strong>Yksityiskohtaiset tiedot palveluista ja ohjevideot l\u00f6yd\u00e4t alta<\/strong><\/p>\n<ul>\n<li><a href=\"https:\/\/blogi.eoppimispalvelut.fi\/otahaltuun\/o365\/\">Microsoft O365<\/a><\/li>\n<li><a href=\"https:\/\/blogi.eoppimispalvelut.fi\/otahaltuun\/google-g-suite\/\">Google G Suite<\/a><\/li>\n<\/ul>\n<p>&nbsp;<\/p>\n","protected":false},"excerpt":{"rendered":"<p>Pilvipalveluilla tarkoitataan sit\u00e4, ett\u00e4 ohjelmat ja tiedostot ovat ns. pilvess\u00e4 eli ne eiv\u00e4t ole k\u00e4ytt\u00e4j\u00e4n omalla koneella vaan ne on tallennettuna pilvipalveluita tarjoavan yrityksen koneille ja k\u00e4ytt\u00e4j\u00e4lle&hellip; <span class=\"read-more\"><a class=\"more-link\" href=\"https:\/\/blogi.eoppimispalvelut.fi\/otahaltuun\/pilvipalvelut\/\" rel=\"bookmark\">Read more <span class=\"screen-reader-text\">&#8220;Pilvipalvelut&#8221;<\/span><\/a><\/span><\/p>\n","protected":false},"author":36,"featured_media":0,"parent":0,"menu_order":0,"comment_status":"closed","ping_status":"closed","template":"","meta":{"footnotes":""},"class_list":["post-51","page","type-page","status-publish","hentry"],"yoast_head":"<!-- This site is optimized with the Yoast SEO plugin v27.1.1 - https:\/\/yoast.com\/product\/yoast-seo-wordpress\/ -->\n<title>Pilvipalvelut - Ota haltuun<\/title>\n<meta name=\"robots\" content=\"index, follow, max-snippet:-1, max-image-preview:large, max-video-preview:-1\" \/>\n<link rel=\"canonical\" href=\"https:\/\/blogi.eoppimispalvelut.fi\/otahaltuun\/pilvipalvelut\/\" \/>\n<meta property=\"og:locale\" content=\"fi_FI\" \/>\n<meta property=\"og:type\" content=\"article\" \/>\n<meta property=\"og:title\" content=\"Pilvipalvelut - Ota haltuun\" \/>\n<meta property=\"og:description\" content=\"Pilvipalveluilla tarkoitataan sit\u00e4, ett\u00e4 ohjelmat ja tiedostot ovat ns. pilvess\u00e4 eli ne eiv\u00e4t ole k\u00e4ytt\u00e4j\u00e4n omalla koneella vaan ne on tallennettuna pilvipalveluita tarjoavan yrityksen koneille ja k\u00e4ytt\u00e4j\u00e4lle&hellip; Read more &quot;Pilvipalvelut&quot;\" \/>\n<meta property=\"og:url\" content=\"https:\/\/blogi.eoppimispalvelut.fi\/otahaltuun\/pilvipalvelut\/\" \/>\n<meta property=\"og:site_name\" content=\"Ota haltuun\" \/>\n<meta property=\"article:modified_time\" content=\"2018-12-17T06:11:27+00:00\" \/>\n<meta name=\"twitter:card\" content=\"summary_large_image\" \/>\n<meta name=\"twitter:label1\" content=\"Est. reading time\" \/>\n\t<meta name=\"twitter:data1\" content=\"1 minute\" \/>\n<script type=\"application\/ld+json\" class=\"yoast-schema-graph\">{\"@context\":\"https:\/\/schema.org\",\"@graph\":[{\"@type\":\"WebPage\",\"@id\":\"https:\/\/blogi.eoppimispalvelut.fi\/otahaltuun\/pilvipalvelut\/\",\"url\":\"https:\/\/blogi.eoppimispalvelut.fi\/otahaltuun\/pilvipalvelut\/\",\"name\":\"Pilvipalvelut - Ota haltuun\",\"isPartOf\":{\"@id\":\"https:\/\/blogi.eoppimispalvelut.fi\/otahaltuun\/#website\"},\"datePublished\":\"2017-11-20T08:00:20+00:00\",\"dateModified\":\"2018-12-17T06:11:27+00:00\",\"breadcrumb\":{\"@id\":\"https:\/\/blogi.eoppimispalvelut.fi\/otahaltuun\/pilvipalvelut\/#breadcrumb\"},\"inLanguage\":\"fi\",\"potentialAction\":[{\"@type\":\"ReadAction\",\"target\":[\"https:\/\/blogi.eoppimispalvelut.fi\/otahaltuun\/pilvipalvelut\/\"]}]},{\"@type\":\"BreadcrumbList\",\"@id\":\"https:\/\/blogi.eoppimispalvelut.fi\/otahaltuun\/pilvipalvelut\/#breadcrumb\",\"itemListElement\":[{\"@type\":\"ListItem\",\"position\":1,\"name\":\"Home\",\"item\":\"https:\/\/blogi.eoppimispalvelut.fi\/otahaltuun\/\"},{\"@type\":\"ListItem\",\"position\":2,\"name\":\"Pilvipalvelut\"}]},{\"@type\":\"WebSite\",\"@id\":\"https:\/\/blogi.eoppimispalvelut.fi\/otahaltuun\/#website\",\"url\":\"https:\/\/blogi.eoppimispalvelut.fi\/otahaltuun\/\",\"name\":\"Ota haltuun Ver New\",\"description\":\"Ota haltuun opintoja tukevat j\u00e4rjestelm\u00e4t\",\"publisher\":{\"@id\":\"https:\/\/blogi.eoppimispalvelut.fi\/otahaltuun\/#organization\"},\"potentialAction\":[{\"@type\":\"SearchAction\",\"target\":{\"@type\":\"EntryPoint\",\"urlTemplate\":\"https:\/\/blogi.eoppimispalvelut.fi\/otahaltuun\/?s={search_term_string}\"},\"query-input\":{\"@type\":\"PropertyValueSpecification\",\"valueRequired\":true,\"valueName\":\"search_term_string\"}}],\"inLanguage\":\"fi\"},{\"@type\":\"Organization\",\"@id\":\"https:\/\/blogi.eoppimispalvelut.fi\/otahaltuun\/#organization\",\"name\":\"Ota haltuun Lapin AMK\",\"url\":\"https:\/\/blogi.eoppimispalvelut.fi\/otahaltuun\/\",\"logo\":{\"@type\":\"ImageObject\",\"inLanguage\":\"fi\",\"@id\":\"https:\/\/blogi.eoppimispalvelut.fi\/otahaltuun\/#\/schema\/logo\/image\/\",\"url\":\"https:\/\/blogi.eoppimispalvelut.fi\/otahaltuun\/files\/2017\/11\/cropped-training-2874597_1920-1.jpg\",\"contentUrl\":\"https:\/\/blogi.eoppimispalvelut.fi\/otahaltuun\/files\/2017\/11\/cropped-training-2874597_1920-1.jpg\",\"width\":1920,\"height\":500,\"caption\":\"Ota haltuun Lapin AMK\"},\"image\":{\"@id\":\"https:\/\/blogi.eoppimispalvelut.fi\/otahaltuun\/#\/schema\/logo\/image\/\"}}]}<\/script>\n<!-- \/ Yoast SEO plugin. -->","yoast_head_json":{"title":"Pilvipalvelut - Ota haltuun","robots":{"index":"index","follow":"follow","max-snippet":"max-snippet:-1","max-image-preview":"max-image-preview:large","max-video-preview":"max-video-preview:-1"},"canonical":"https:\/\/blogi.eoppimispalvelut.fi\/otahaltuun\/pilvipalvelut\/","og_locale":"fi_FI","og_type":"article","og_title":"Pilvipalvelut - Ota haltuun","og_description":"Pilvipalveluilla tarkoitataan sit\u00e4, ett\u00e4 ohjelmat ja tiedostot ovat ns. pilvess\u00e4 eli ne eiv\u00e4t ole k\u00e4ytt\u00e4j\u00e4n omalla koneella vaan ne on tallennettuna pilvipalveluita tarjoavan yrityksen koneille ja k\u00e4ytt\u00e4j\u00e4lle&hellip; Read more \"Pilvipalvelut\"","og_url":"https:\/\/blogi.eoppimispalvelut.fi\/otahaltuun\/pilvipalvelut\/","og_site_name":"Ota haltuun","article_modified_time":"2018-12-17T06:11:27+00:00","twitter_card":"summary_large_image","twitter_misc":{"Est. reading time":"1 minute"},"schema":{"@context":"https:\/\/schema.org","@graph":[{"@type":"WebPage","@id":"https:\/\/blogi.eoppimispalvelut.fi\/otahaltuun\/pilvipalvelut\/","url":"https:\/\/blogi.eoppimispalvelut.fi\/otahaltuun\/pilvipalvelut\/","name":"Pilvipalvelut - Ota haltuun","isPartOf":{"@id":"https:\/\/blogi.eoppimispalvelut.fi\/otahaltuun\/#website"},"datePublished":"2017-11-20T08:00:20+00:00","dateModified":"2018-12-17T06:11:27+00:00","breadcrumb":{"@id":"https:\/\/blogi.eoppimispalvelut.fi\/otahaltuun\/pilvipalvelut\/#breadcrumb"},"inLanguage":"fi","potentialAction":[{"@type":"ReadAction","target":["https:\/\/blogi.eoppimispalvelut.fi\/otahaltuun\/pilvipalvelut\/"]}]},{"@type":"BreadcrumbList","@id":"https:\/\/blogi.eoppimispalvelut.fi\/otahaltuun\/pilvipalvelut\/#breadcrumb","itemListElement":[{"@type":"ListItem","position":1,"name":"Home","item":"https:\/\/blogi.eoppimispalvelut.fi\/otahaltuun\/"},{"@type":"ListItem","position":2,"name":"Pilvipalvelut"}]},{"@type":"WebSite","@id":"https:\/\/blogi.eoppimispalvelut.fi\/otahaltuun\/#website","url":"https:\/\/blogi.eoppimispalvelut.fi\/otahaltuun\/","name":"Ota haltuun Ver New","description":"Ota haltuun opintoja tukevat j\u00e4rjestelm\u00e4t","publisher":{"@id":"https:\/\/blogi.eoppimispalvelut.fi\/otahaltuun\/#organization"},"potentialAction":[{"@type":"SearchAction","target":{"@type":"EntryPoint","urlTemplate":"https:\/\/blogi.eoppimispalvelut.fi\/otahaltuun\/?s={search_term_string}"},"query-input":{"@type":"PropertyValueSpecification","valueRequired":true,"valueName":"search_term_string"}}],"inLanguage":"fi"},{"@type":"Organization","@id":"https:\/\/blogi.eoppimispalvelut.fi\/otahaltuun\/#organization","name":"Ota haltuun Lapin AMK","url":"https:\/\/blogi.eoppimispalvelut.fi\/otahaltuun\/","logo":{"@type":"ImageObject","inLanguage":"fi","@id":"https:\/\/blogi.eoppimispalvelut.fi\/otahaltuun\/#\/schema\/logo\/image\/","url":"https:\/\/blogi.eoppimispalvelut.fi\/otahaltuun\/files\/2017\/11\/cropped-training-2874597_1920-1.jpg","contentUrl":"https:\/\/blogi.eoppimispalvelut.fi\/otahaltuun\/files\/2017\/11\/cropped-training-2874597_1920-1.jpg","width":1920,"height":500,"caption":"Ota haltuun Lapin AMK"},"image":{"@id":"https:\/\/blogi.eoppimispalvelut.fi\/otahaltuun\/#\/schema\/logo\/image\/"}}]}},"_links":{"self":[{"href":"https:\/\/blogi.eoppimispalvelut.fi\/otahaltuun\/wp-json\/wp\/v2\/pages\/51","targetHints":{"allow":["GET"]}}],"collection":[{"href":"https:\/\/blogi.eoppimispalvelut.fi\/otahaltuun\/wp-json\/wp\/v2\/pages"}],"about":[{"href":"https:\/\/blogi.eoppimispalvelut.fi\/otahaltuun\/wp-json\/wp\/v2\/types\/page"}],"author":[{"embeddable":true,"href":"https:\/\/blogi.eoppimispalvelut.fi\/otahaltuun\/wp-json\/wp\/v2\/users\/36"}],"replies":[{"embeddable":true,"href":"https:\/\/blogi.eoppimispalvelut.fi\/otahaltuun\/wp-json\/wp\/v2\/comments?post=51"}],"version-history":[{"count":4,"href":"https:\/\/blogi.eoppimispalvelut.fi\/otahaltuun\/wp-json\/wp\/v2\/pages\/51\/revisions"}],"predecessor-version":[{"id":409,"href":"https:\/\/blogi.eoppimispalvelut.fi\/otahaltuun\/wp-json\/wp\/v2\/pages\/51\/revisions\/409"}],"wp:attachment":[{"href":"https:\/\/blogi.eoppimispalvelut.fi\/otahaltuun\/wp-json\/wp\/v2\/media?parent=51"}],"curies":[{"name":"wp","href":"https:\/\/api.w.org\/{rel}","templated":true}]}}