{"id":69,"date":"2017-11-20T10:22:11","date_gmt":"2017-11-20T08:22:11","guid":{"rendered":"https:\/\/blogi.eoppimispalvelut.fi\/otahaltuun\/?page_id=69"},"modified":"2018-12-16T17:49:56","modified_gmt":"2018-12-16T15:49:56","slug":"aloitus","status":"publish","type":"page","link":"https:\/\/blogi.eoppimispalvelut.fi\/otahaltuun\/","title":{"rendered":"Aloitus"},"content":{"rendered":"<p><img decoding=\"async\" style=\"max-width:100%\" src=\"\/\/cdn.thinglink.me\/api\/image\/999612779960729603\/1024\/10\/scaletowidth#tl-999612779960729603;'\" class=\"alwaysThinglink\"\/><script async charset=\"utf-8\" src=\"\/\/cdn.thinglink.me\/jse\/embed.js\"><\/script><\/p>\n<p style=\"text-align: center;\"><strong>Opiskelun alussa ota ensin k\u00e4ytt\u00f6\u00f6n k\u00e4ytt\u00e4j\u00e4tunnukset,\u00a0jotta voit k\u00e4ytt\u00e4\u00e4 muita j\u00e4rjestelmi\u00e4<\/strong><\/p>\n","protected":false},"excerpt":{"rendered":"<p>Opiskelun alussa ota ensin k\u00e4ytt\u00f6\u00f6n k\u00e4ytt\u00e4j\u00e4tunnukset,\u00a0jotta voit k\u00e4ytt\u00e4\u00e4 muita j\u00e4rjestelmi\u00e4<\/p>\n","protected":false},"author":36,"featured_media":289,"parent":0,"menu_order":0,"comment_status":"closed","ping_status":"closed","template":"","meta":{"footnotes":""},"class_list":["post-69","page","type-page","status-publish","has-post-thumbnail","hentry"],"yoast_head":"<!-- This site is optimized with the Yoast SEO plugin v27.1.1 - https:\/\/yoast.com\/product\/yoast-seo-wordpress\/ -->\n<title>Aloitus - Ota haltuun<\/title>\n<meta name=\"robots\" content=\"index, follow, max-snippet:-1, max-image-preview:large, max-video-preview:-1\" \/>\n<link rel=\"canonical\" href=\"https:\/\/blogi.eoppimispalvelut.fi\/otahaltuun\/\" \/>\n<meta property=\"og:locale\" content=\"fi_FI\" \/>\n<meta property=\"og:type\" content=\"article\" \/>\n<meta property=\"og:title\" content=\"Aloitus - Ota haltuun\" \/>\n<meta property=\"og:description\" content=\"Opiskelun alussa ota ensin k\u00e4ytt\u00f6\u00f6n k\u00e4ytt\u00e4j\u00e4tunnukset,\u00a0jotta voit k\u00e4ytt\u00e4\u00e4 muita j\u00e4rjestelmi\u00e4\" \/>\n<meta property=\"og:url\" content=\"https:\/\/blogi.eoppimispalvelut.fi\/otahaltuun\/\" \/>\n<meta property=\"og:site_name\" content=\"Ota haltuun\" \/>\n<meta property=\"article:modified_time\" content=\"2018-12-16T15:49:56+00:00\" \/>\n<meta property=\"og:image\" content=\"https:\/\/blogi.eoppimispalvelut.fi\/otahaltuun\/files\/2017\/12\/christopher-gower-291239.jpg\" \/>\n\t<meta property=\"og:image:width\" content=\"5184\" \/>\n\t<meta property=\"og:image:height\" content=\"3456\" \/>\n\t<meta property=\"og:image:type\" content=\"image\/jpeg\" \/>\n<meta name=\"twitter:card\" content=\"summary_large_image\" \/>\n<script type=\"application\/ld+json\" class=\"yoast-schema-graph\">{\"@context\":\"https:\/\/schema.org\",\"@graph\":[{\"@type\":\"WebPage\",\"@id\":\"https:\/\/blogi.eoppimispalvelut.fi\/otahaltuun\/\",\"url\":\"https:\/\/blogi.eoppimispalvelut.fi\/otahaltuun\/\",\"name\":\"Aloitus - Ota haltuun\",\"isPartOf\":{\"@id\":\"https:\/\/blogi.eoppimispalvelut.fi\/otahaltuun\/#website\"},\"primaryImageOfPage\":{\"@id\":\"https:\/\/blogi.eoppimispalvelut.fi\/otahaltuun\/#primaryimage\"},\"image\":{\"@id\":\"https:\/\/blogi.eoppimispalvelut.fi\/otahaltuun\/#primaryimage\"},\"thumbnailUrl\":\"https:\/\/blogi.eoppimispalvelut.fi\/otahaltuun\/files\/2017\/12\/christopher-gower-291239.jpg\",\"datePublished\":\"2017-11-20T08:22:11+00:00\",\"dateModified\":\"2018-12-16T15:49:56+00:00\",\"breadcrumb\":{\"@id\":\"https:\/\/blogi.eoppimispalvelut.fi\/otahaltuun\/#breadcrumb\"},\"inLanguage\":\"fi\",\"potentialAction\":[{\"@type\":\"ReadAction\",\"target\":[\"https:\/\/blogi.eoppimispalvelut.fi\/otahaltuun\/\"]}]},{\"@type\":\"ImageObject\",\"inLanguage\":\"fi\",\"@id\":\"https:\/\/blogi.eoppimispalvelut.fi\/otahaltuun\/#primaryimage\",\"url\":\"https:\/\/blogi.eoppimispalvelut.fi\/otahaltuun\/files\/2017\/12\/christopher-gower-291239.jpg\",\"contentUrl\":\"https:\/\/blogi.eoppimispalvelut.fi\/otahaltuun\/files\/2017\/12\/christopher-gower-291239.jpg\",\"width\":5184,\"height\":3456},{\"@type\":\"BreadcrumbList\",\"@id\":\"https:\/\/blogi.eoppimispalvelut.fi\/otahaltuun\/#breadcrumb\",\"itemListElement\":[{\"@type\":\"ListItem\",\"position\":1,\"name\":\"Home\",\"item\":\"https:\/\/blogi.eoppimispalvelut.fi\/otahaltuun\/\"},{\"@type\":\"ListItem\",\"position\":2,\"name\":\"Aloitus\"}]},{\"@type\":\"WebSite\",\"@id\":\"https:\/\/blogi.eoppimispalvelut.fi\/otahaltuun\/#website\",\"url\":\"https:\/\/blogi.eoppimispalvelut.fi\/otahaltuun\/\",\"name\":\"Ota haltuun Ver New\",\"description\":\"Ota haltuun opintoja tukevat j\u00e4rjestelm\u00e4t\",\"publisher\":{\"@id\":\"https:\/\/blogi.eoppimispalvelut.fi\/otahaltuun\/#organization\"},\"potentialAction\":[{\"@type\":\"SearchAction\",\"target\":{\"@type\":\"EntryPoint\",\"urlTemplate\":\"https:\/\/blogi.eoppimispalvelut.fi\/otahaltuun\/?s={search_term_string}\"},\"query-input\":{\"@type\":\"PropertyValueSpecification\",\"valueRequired\":true,\"valueName\":\"search_term_string\"}}],\"inLanguage\":\"fi\"},{\"@type\":\"Organization\",\"@id\":\"https:\/\/blogi.eoppimispalvelut.fi\/otahaltuun\/#organization\",\"name\":\"Ota haltuun Lapin AMK\",\"url\":\"https:\/\/blogi.eoppimispalvelut.fi\/otahaltuun\/\",\"logo\":{\"@type\":\"ImageObject\",\"inLanguage\":\"fi\",\"@id\":\"https:\/\/blogi.eoppimispalvelut.fi\/otahaltuun\/#\/schema\/logo\/image\/\",\"url\":\"https:\/\/blogi.eoppimispalvelut.fi\/otahaltuun\/files\/2017\/11\/cropped-training-2874597_1920-1.jpg\",\"contentUrl\":\"https:\/\/blogi.eoppimispalvelut.fi\/otahaltuun\/files\/2017\/11\/cropped-training-2874597_1920-1.jpg\",\"width\":1920,\"height\":500,\"caption\":\"Ota haltuun Lapin AMK\"},\"image\":{\"@id\":\"https:\/\/blogi.eoppimispalvelut.fi\/otahaltuun\/#\/schema\/logo\/image\/\"}}]}<\/script>\n<!-- \/ Yoast SEO plugin. -->","yoast_head_json":{"title":"Aloitus - Ota haltuun","robots":{"index":"index","follow":"follow","max-snippet":"max-snippet:-1","max-image-preview":"max-image-preview:large","max-video-preview":"max-video-preview:-1"},"canonical":"https:\/\/blogi.eoppimispalvelut.fi\/otahaltuun\/","og_locale":"fi_FI","og_type":"article","og_title":"Aloitus - Ota haltuun","og_description":"Opiskelun alussa ota ensin k\u00e4ytt\u00f6\u00f6n k\u00e4ytt\u00e4j\u00e4tunnukset,\u00a0jotta voit k\u00e4ytt\u00e4\u00e4 muita j\u00e4rjestelmi\u00e4","og_url":"https:\/\/blogi.eoppimispalvelut.fi\/otahaltuun\/","og_site_name":"Ota haltuun","article_modified_time":"2018-12-16T15:49:56+00:00","og_image":[{"width":5184,"height":3456,"url":"https:\/\/blogi.eoppimispalvelut.fi\/otahaltuun\/files\/2017\/12\/christopher-gower-291239.jpg","type":"image\/jpeg"}],"twitter_card":"summary_large_image","schema":{"@context":"https:\/\/schema.org","@graph":[{"@type":"WebPage","@id":"https:\/\/blogi.eoppimispalvelut.fi\/otahaltuun\/","url":"https:\/\/blogi.eoppimispalvelut.fi\/otahaltuun\/","name":"Aloitus - Ota haltuun","isPartOf":{"@id":"https:\/\/blogi.eoppimispalvelut.fi\/otahaltuun\/#website"},"primaryImageOfPage":{"@id":"https:\/\/blogi.eoppimispalvelut.fi\/otahaltuun\/#primaryimage"},"image":{"@id":"https:\/\/blogi.eoppimispalvelut.fi\/otahaltuun\/#primaryimage"},"thumbnailUrl":"https:\/\/blogi.eoppimispalvelut.fi\/otahaltuun\/files\/2017\/12\/christopher-gower-291239.jpg","datePublished":"2017-11-20T08:22:11+00:00","dateModified":"2018-12-16T15:49:56+00:00","breadcrumb":{"@id":"https:\/\/blogi.eoppimispalvelut.fi\/otahaltuun\/#breadcrumb"},"inLanguage":"fi","potentialAction":[{"@type":"ReadAction","target":["https:\/\/blogi.eoppimispalvelut.fi\/otahaltuun\/"]}]},{"@type":"ImageObject","inLanguage":"fi","@id":"https:\/\/blogi.eoppimispalvelut.fi\/otahaltuun\/#primaryimage","url":"https:\/\/blogi.eoppimispalvelut.fi\/otahaltuun\/files\/2017\/12\/christopher-gower-291239.jpg","contentUrl":"https:\/\/blogi.eoppimispalvelut.fi\/otahaltuun\/files\/2017\/12\/christopher-gower-291239.jpg","width":5184,"height":3456},{"@type":"BreadcrumbList","@id":"https:\/\/blogi.eoppimispalvelut.fi\/otahaltuun\/#breadcrumb","itemListElement":[{"@type":"ListItem","position":1,"name":"Home","item":"https:\/\/blogi.eoppimispalvelut.fi\/otahaltuun\/"},{"@type":"ListItem","position":2,"name":"Aloitus"}]},{"@type":"WebSite","@id":"https:\/\/blogi.eoppimispalvelut.fi\/otahaltuun\/#website","url":"https:\/\/blogi.eoppimispalvelut.fi\/otahaltuun\/","name":"Ota haltuun Ver New","description":"Ota haltuun opintoja tukevat j\u00e4rjestelm\u00e4t","publisher":{"@id":"https:\/\/blogi.eoppimispalvelut.fi\/otahaltuun\/#organization"},"potentialAction":[{"@type":"SearchAction","target":{"@type":"EntryPoint","urlTemplate":"https:\/\/blogi.eoppimispalvelut.fi\/otahaltuun\/?s={search_term_string}"},"query-input":{"@type":"PropertyValueSpecification","valueRequired":true,"valueName":"search_term_string"}}],"inLanguage":"fi"},{"@type":"Organization","@id":"https:\/\/blogi.eoppimispalvelut.fi\/otahaltuun\/#organization","name":"Ota haltuun Lapin AMK","url":"https:\/\/blogi.eoppimispalvelut.fi\/otahaltuun\/","logo":{"@type":"ImageObject","inLanguage":"fi","@id":"https:\/\/blogi.eoppimispalvelut.fi\/otahaltuun\/#\/schema\/logo\/image\/","url":"https:\/\/blogi.eoppimispalvelut.fi\/otahaltuun\/files\/2017\/11\/cropped-training-2874597_1920-1.jpg","contentUrl":"https:\/\/blogi.eoppimispalvelut.fi\/otahaltuun\/files\/2017\/11\/cropped-training-2874597_1920-1.jpg","width":1920,"height":500,"caption":"Ota haltuun Lapin AMK"},"image":{"@id":"https:\/\/blogi.eoppimispalvelut.fi\/otahaltuun\/#\/schema\/logo\/image\/"}}]}},"_links":{"self":[{"href":"https:\/\/blogi.eoppimispalvelut.fi\/otahaltuun\/wp-json\/wp\/v2\/pages\/69","targetHints":{"allow":["GET"]}}],"collection":[{"href":"https:\/\/blogi.eoppimispalvelut.fi\/otahaltuun\/wp-json\/wp\/v2\/pages"}],"about":[{"href":"https:\/\/blogi.eoppimispalvelut.fi\/otahaltuun\/wp-json\/wp\/v2\/types\/page"}],"author":[{"embeddable":true,"href":"https:\/\/blogi.eoppimispalvelut.fi\/otahaltuun\/wp-json\/wp\/v2\/users\/36"}],"replies":[{"embeddable":true,"href":"https:\/\/blogi.eoppimispalvelut.fi\/otahaltuun\/wp-json\/wp\/v2\/comments?post=69"}],"version-history":[{"count":41,"href":"https:\/\/blogi.eoppimispalvelut.fi\/otahaltuun\/wp-json\/wp\/v2\/pages\/69\/revisions"}],"predecessor-version":[{"id":332,"href":"https:\/\/blogi.eoppimispalvelut.fi\/otahaltuun\/wp-json\/wp\/v2\/pages\/69\/revisions\/332"}],"wp:featuredmedia":[{"embeddable":true,"href":"https:\/\/blogi.eoppimispalvelut.fi\/otahaltuun\/wp-json\/wp\/v2\/media\/289"}],"wp:attachment":[{"href":"https:\/\/blogi.eoppimispalvelut.fi\/otahaltuun\/wp-json\/wp\/v2\/media?parent=69"}],"curies":[{"name":"wp","href":"https:\/\/api.w.org\/{rel}","templated":true}]}}