{"id":9,"date":"2017-11-20T09:41:22","date_gmt":"2017-11-20T07:41:22","guid":{"rendered":"https:\/\/blogi.eoppimispalvelut.fi\/otahaltuun\/?page_id=9"},"modified":"2018-12-17T08:38:39","modified_gmt":"2018-12-17T06:38:39","slug":"1-ota-tunnukset-kayttoon","status":"publish","type":"page","link":"https:\/\/blogi.eoppimispalvelut.fi\/otahaltuun\/1-ota-tunnukset-kayttoon\/","title":{"rendered":"Opiskelijan k\u00e4ytt\u00e4j\u00e4tunnus k\u00e4ytt\u00f6\u00f6n"},"content":{"rendered":"<p>Kaikille Lapin AMKn opiskelijoille luodaan k\u00e4ytt\u00e4j\u00e4tunnus ja s\u00e4hk\u00f6postitili. T\u00e4ll\u00e4 k\u00e4ytt\u00e4j\u00e4tunnuksella kirjaudut l\u00e4hes kaikkiin koulun palveluihin mm. Moodleen, s\u00e4hk\u00f6postiin, SoleOpsiin\u00a0ja koulun langattomaan verkkoon.<\/p>\n<p><strong>Voidaksesi k\u00e4ytt\u00e4\u00e4 Lapin ammattikorkeakoulun palveluita, sinun t\u00e4ytyy aktivoida ensimm\u00e4iseksi k\u00e4ytt\u00e4j\u00e4tunnukset!<\/strong><\/p>\n<p><span style=\"text-decoration: underline;\"><strong>K\u00e4ytt\u00e4j\u00e4tunnuksen k\u00e4ytt\u00f6\u00f6notto eli aktivointi<\/strong><\/span><strong><br \/>\n<\/strong><\/p>\n<ol>\n<li>Lue Lapin AMK IT palveluiden k\u00e4ytt\u00f6s\u00e4\u00e4nn\u00f6t <a href=\"http:\/\/lucitinfo.luc.fi\/lapinamk\/SitePages\/Lapin-AMK-IT-palvelujen-k%C3%A4ytt%C3%B6s%C3%A4%C3%A4nn%C3%B6t.aspx\" target=\"_blank\" rel=\"noopener\">t\u00e4st\u00e4<\/a><\/li>\n<li>Siirry tunnusten k\u00e4ytt\u00f6\u00f6noton ohjeisiin <a href=\"http:\/\/lucitinfo.luc.fi\/lapinamk\/_layouts\/15\/start.aspx#\/SitePages\/Tunnukset.aspx\">t\u00e4st\u00e4<\/a><\/li>\n<li>Tunnuksen voi aktivoida henkil\u00f6kohtaisilla verkkopankkitunnuksilla tai mobiilivarmenteella osoitteessa\u00a0<a href=\"https:\/\/identity.luc.fi\" target=\"_blank\" rel=\"noopener\">https:\/\/identity.luc.fi<br \/>\n<\/a><a href=\"https:\/\/identity.luc.fi\/\" target=\"_blank\" rel=\"noopener\"><br \/>\n<\/a>*\u00a0\u00c4l\u00e4 k\u00e4yt\u00e4 salasanassa merkkej\u00e4:\u00a0 \u20ac, @, \u00a7, \u00e5, \u00e4, \u00f6 , *<\/li>\n<\/ol>\n<p>Mik\u00e4li k\u00e4ytt\u00e4j\u00e4ll\u00e4 ei ole henkil\u00f6kohtaisia verkkopankkitunnuksia tai mobiilivarmennetta, k\u00e4ytt\u00e4j\u00e4 voi saada tunnukset soittamalla IT-palvelupisteeseen\u00a0p. 020 798 5800.<\/p>\n<h1 class=\"entry-title main_title\">Eduroam<\/h1>\n<div class=\"entry-content\">\n<p><strong>Eduroam on maailmanlaajuinen vierailijaverkko, jossa eduroamiin kuuluvien organisaatioiden ty\u00f6ntekij\u00e4t, sek\u00e4 opiskelijat p\u00e4\u00e4sev\u00e4t kirjautumaan langattomiin eduroam-verkkoihin oman kotiorganisaationsa k\u00e4ytt\u00e4j\u00e4tunnuksilla.<\/strong><\/p>\n<p>Lapin ammattikorkeakoulu tiloissa toimiva langaton eduroam-verkko tarjoaa opiskelijoille yhteydet internetiin.<\/p>\n<p>Eduroam verkon k\u00e4ytt\u00f6 edellytt\u00e4\u00e4 kirjautumisen henkil\u00f6kohtaisella tunnuksella.<\/p>\n<p><strong>Lapin ammattikorkeakoulun k\u00e4ytt\u00e4j\u00e4tunnukset kirjoitetaan eduroam muodossa:<\/strong><\/p>\n<ul>\n<li>opiskelijan tunnus:\u00a0<strong><em>opiskelijatunnus@edu.lapinamk.fi\u00a0<\/em><\/strong><em>(<\/em><em><span lang=\"FI\">esim. A1234567@edu.lapinamk.fi)<\/span><\/em><\/li>\n<\/ul>\n<p>&nbsp;<\/p>\n<p><strong>Jatka lukemista t\u00e4st\u00e4 mik\u00e4li sinulla on Mac tai Windows 7 k\u00e4ytt\u00f6j\u00e4rjestelm\u00e4ll\u00e4 oleva kone<\/strong><br \/>\n(n\u00e4et vasemmassa alareunassa kuvan)<\/p>\n<p>Microsoft Windows 7<img loading=\"lazy\" decoding=\"async\" class=\"size-full wp-image-91 alignleft thinglinkFiltered\" src=\"https:\/\/blogi.eoppimispalvelut.fi\/opintojenaloitus\/files\/2018\/12\/windows7.png\" alt=\"\" width=\"50\" height=\"40\" \/><\/p>\n<p>&nbsp;<\/p>\n<p><img loading=\"lazy\" decoding=\"async\" class=\"size-full wp-image-93 alignleft thinglinkFiltered\" src=\"https:\/\/blogi.eoppimispalvelut.fi\/opintojenaloitus\/files\/2018\/12\/mac.png\" sizes=\"auto, (max-width: 358px) 100vw, 358px\" srcset=\"https:\/\/blogi.eoppimispalvelut.fi\/opintojenaloitus\/files\/2018\/12\/mac.png 358w, https:\/\/blogi.eoppimispalvelut.fi\/opintojenaloitus\/files\/2018\/12\/mac-300x53.png 300w\" alt=\"\" width=\"358\" height=\"63\" \/><\/p>\n<p>Mac OS X<\/p>\n<p><strong><br \/>\nHelpottaaksesi ja nopeuttaaksesi liittymist\u00e4 koululla eduroam verkkoon niin on hyv\u00e4 ottaa eduroam asetukset jo valmiiksi k\u00e4ytt\u00f6\u00f6n jo kotonasi.<\/strong><\/p>\n<p><strong>Kuinka otan asetukset k\u00e4ytt\u00f6\u00f6n jo valmiiksi<\/strong><\/p>\n<ul>\n<li>mene tietokoneesi www-selaimella osoitteeseen:\u00a0<a href=\"https:\/\/cat.eduroam.org\/\">https:\/\/cat.eduroam.org\/<\/a><\/li>\n<li>valitse kohta:\u00a0<strong><em>Lataa eduroam-asennuspakettisi<\/em><\/strong><\/li>\n<li>valitse\u00a0<em><strong>Lapin korkeakoulukonserni\u00a0<\/strong><\/em>kohtaan\u00a0Kotiorganisaatio ja klikkaa sit\u00e4<\/li>\n<li>valitse oman tietokoneesi k\u00e4ytt\u00f6j\u00e4rjestelm\u00e4n asennusohjelma<\/li>\n<li>lataus k\u00e4ynnistyy ja kun paketti on latautunut niin suorita se klikkaamalla<\/li>\n<li>valitse Seuraava -&gt; OK<\/li>\n<li>asennusohjelma kysyy k\u00e4ytt\u00e4j\u00e4tunnuksesi. Tunnus on:\u00a0<span lang=\"FI\"><strong>o<\/strong><\/span><span lang=\"FI\"><strong>m<\/strong><\/span><span lang=\"FI\"><strong>a<\/strong><\/span><span lang=\"FI\"><strong>tu<\/strong><\/span><span lang=\"FI\"><strong>nnu<\/strong><\/span><span lang=\"FI\"><strong>s<\/strong><\/span><span lang=\"FI\"><strong>@edu.lapinamk.fi<\/strong><\/span><span lang=\"FI\"><strong>\u00a0(esim. A1234567@<\/strong><\/span><span lang=\"FI\"><strong>edu.lapinamk.fi)<\/strong><\/span><\/li>\n<li>Kirjoita salasana kahteen kertaa (anna oma k\u00e4ytt\u00e4j\u00e4tunnuksesi salasana)<\/li>\n<li>Klikkaa Asenna ja odota hetkinen.<\/li>\n<li>Eduroam on nyt asennettu valmiiksi<\/li>\n<\/ul>\n<\/div>\n<p>&nbsp;<\/p>\n<p>&nbsp;<\/p>\n<p>&nbsp;<\/p>\n<p>&nbsp;<\/p>\n","protected":false},"excerpt":{"rendered":"<p>Kaikille Lapin AMKn opiskelijoille luodaan k\u00e4ytt\u00e4j\u00e4tunnus ja s\u00e4hk\u00f6postitili. T\u00e4ll\u00e4 k\u00e4ytt\u00e4j\u00e4tunnuksella kirjaudut l\u00e4hes kaikkiin koulun palveluihin mm. Moodleen, s\u00e4hk\u00f6postiin, SoleOpsiin\u00a0ja koulun langattomaan verkkoon. Voidaksesi k\u00e4ytt\u00e4\u00e4 Lapin ammattikorkeakoulun palveluita,&hellip; <span class=\"read-more\"><a class=\"more-link\" href=\"https:\/\/blogi.eoppimispalvelut.fi\/otahaltuun\/1-ota-tunnukset-kayttoon\/\" rel=\"bookmark\">Read more <span class=\"screen-reader-text\">&#8220;Opiskelijan k\u00e4ytt\u00e4j\u00e4tunnus k\u00e4ytt\u00f6\u00f6n&#8221;<\/span><\/a><\/span><\/p>\n","protected":false},"author":36,"featured_media":0,"parent":0,"menu_order":0,"comment_status":"closed","ping_status":"closed","template":"","meta":{"footnotes":""},"class_list":["post-9","page","type-page","status-publish","hentry"],"yoast_head":"<!-- This site is optimized with the Yoast SEO plugin v27.1.1 - https:\/\/yoast.com\/product\/yoast-seo-wordpress\/ -->\n<title>Opiskelijan k\u00e4ytt\u00e4j\u00e4tunnus k\u00e4ytt\u00f6\u00f6n - Ota haltuun<\/title>\n<meta name=\"robots\" content=\"index, follow, max-snippet:-1, max-image-preview:large, max-video-preview:-1\" \/>\n<link rel=\"canonical\" href=\"https:\/\/blogi.eoppimispalvelut.fi\/otahaltuun\/1-ota-tunnukset-kayttoon\/\" \/>\n<meta property=\"og:locale\" content=\"fi_FI\" \/>\n<meta property=\"og:type\" content=\"article\" \/>\n<meta property=\"og:title\" content=\"Opiskelijan k\u00e4ytt\u00e4j\u00e4tunnus k\u00e4ytt\u00f6\u00f6n - Ota haltuun\" \/>\n<meta property=\"og:description\" content=\"Kaikille Lapin AMKn opiskelijoille luodaan k\u00e4ytt\u00e4j\u00e4tunnus ja s\u00e4hk\u00f6postitili. T\u00e4ll\u00e4 k\u00e4ytt\u00e4j\u00e4tunnuksella kirjaudut l\u00e4hes kaikkiin koulun palveluihin mm. Moodleen, s\u00e4hk\u00f6postiin, SoleOpsiin\u00a0ja koulun langattomaan verkkoon. Voidaksesi k\u00e4ytt\u00e4\u00e4 Lapin ammattikorkeakoulun palveluita,&hellip; Read more &quot;Opiskelijan k\u00e4ytt\u00e4j\u00e4tunnus k\u00e4ytt\u00f6\u00f6n&quot;\" \/>\n<meta property=\"og:url\" content=\"https:\/\/blogi.eoppimispalvelut.fi\/otahaltuun\/1-ota-tunnukset-kayttoon\/\" \/>\n<meta property=\"og:site_name\" content=\"Ota haltuun\" \/>\n<meta property=\"article:modified_time\" content=\"2018-12-17T06:38:39+00:00\" \/>\n<meta property=\"og:image\" content=\"https:\/\/blogi.eoppimispalvelut.fi\/opintojenaloitus\/files\/2018\/12\/windows7.png\" \/>\n<meta name=\"twitter:card\" content=\"summary_large_image\" \/>\n<meta name=\"twitter:label1\" content=\"Est. reading time\" \/>\n\t<meta name=\"twitter:data1\" content=\"2 minutes\" \/>\n<script type=\"application\/ld+json\" class=\"yoast-schema-graph\">{\"@context\":\"https:\/\/schema.org\",\"@graph\":[{\"@type\":\"WebPage\",\"@id\":\"https:\/\/blogi.eoppimispalvelut.fi\/otahaltuun\/1-ota-tunnukset-kayttoon\/\",\"url\":\"https:\/\/blogi.eoppimispalvelut.fi\/otahaltuun\/1-ota-tunnukset-kayttoon\/\",\"name\":\"Opiskelijan k\u00e4ytt\u00e4j\u00e4tunnus k\u00e4ytt\u00f6\u00f6n - Ota haltuun\",\"isPartOf\":{\"@id\":\"https:\/\/blogi.eoppimispalvelut.fi\/otahaltuun\/#website\"},\"primaryImageOfPage\":{\"@id\":\"https:\/\/blogi.eoppimispalvelut.fi\/otahaltuun\/1-ota-tunnukset-kayttoon\/#primaryimage\"},\"image\":{\"@id\":\"https:\/\/blogi.eoppimispalvelut.fi\/otahaltuun\/1-ota-tunnukset-kayttoon\/#primaryimage\"},\"thumbnailUrl\":\"https:\/\/blogi.eoppimispalvelut.fi\/opintojenaloitus\/files\/2018\/12\/windows7.png\",\"datePublished\":\"2017-11-20T07:41:22+00:00\",\"dateModified\":\"2018-12-17T06:38:39+00:00\",\"breadcrumb\":{\"@id\":\"https:\/\/blogi.eoppimispalvelut.fi\/otahaltuun\/1-ota-tunnukset-kayttoon\/#breadcrumb\"},\"inLanguage\":\"fi\",\"potentialAction\":[{\"@type\":\"ReadAction\",\"target\":[\"https:\/\/blogi.eoppimispalvelut.fi\/otahaltuun\/1-ota-tunnukset-kayttoon\/\"]}]},{\"@type\":\"ImageObject\",\"inLanguage\":\"fi\",\"@id\":\"https:\/\/blogi.eoppimispalvelut.fi\/otahaltuun\/1-ota-tunnukset-kayttoon\/#primaryimage\",\"url\":\"https:\/\/blogi.eoppimispalvelut.fi\/opintojenaloitus\/files\/2018\/12\/windows7.png\",\"contentUrl\":\"https:\/\/blogi.eoppimispalvelut.fi\/opintojenaloitus\/files\/2018\/12\/windows7.png\"},{\"@type\":\"BreadcrumbList\",\"@id\":\"https:\/\/blogi.eoppimispalvelut.fi\/otahaltuun\/1-ota-tunnukset-kayttoon\/#breadcrumb\",\"itemListElement\":[{\"@type\":\"ListItem\",\"position\":1,\"name\":\"Home\",\"item\":\"https:\/\/blogi.eoppimispalvelut.fi\/otahaltuun\/\"},{\"@type\":\"ListItem\",\"position\":2,\"name\":\"Opiskelijan k\u00e4ytt\u00e4j\u00e4tunnus k\u00e4ytt\u00f6\u00f6n\"}]},{\"@type\":\"WebSite\",\"@id\":\"https:\/\/blogi.eoppimispalvelut.fi\/otahaltuun\/#website\",\"url\":\"https:\/\/blogi.eoppimispalvelut.fi\/otahaltuun\/\",\"name\":\"Ota haltuun Ver New\",\"description\":\"Ota haltuun opintoja tukevat j\u00e4rjestelm\u00e4t\",\"publisher\":{\"@id\":\"https:\/\/blogi.eoppimispalvelut.fi\/otahaltuun\/#organization\"},\"potentialAction\":[{\"@type\":\"SearchAction\",\"target\":{\"@type\":\"EntryPoint\",\"urlTemplate\":\"https:\/\/blogi.eoppimispalvelut.fi\/otahaltuun\/?s={search_term_string}\"},\"query-input\":{\"@type\":\"PropertyValueSpecification\",\"valueRequired\":true,\"valueName\":\"search_term_string\"}}],\"inLanguage\":\"fi\"},{\"@type\":\"Organization\",\"@id\":\"https:\/\/blogi.eoppimispalvelut.fi\/otahaltuun\/#organization\",\"name\":\"Ota haltuun Lapin AMK\",\"url\":\"https:\/\/blogi.eoppimispalvelut.fi\/otahaltuun\/\",\"logo\":{\"@type\":\"ImageObject\",\"inLanguage\":\"fi\",\"@id\":\"https:\/\/blogi.eoppimispalvelut.fi\/otahaltuun\/#\/schema\/logo\/image\/\",\"url\":\"https:\/\/blogi.eoppimispalvelut.fi\/otahaltuun\/files\/2017\/11\/cropped-training-2874597_1920-1.jpg\",\"contentUrl\":\"https:\/\/blogi.eoppimispalvelut.fi\/otahaltuun\/files\/2017\/11\/cropped-training-2874597_1920-1.jpg\",\"width\":1920,\"height\":500,\"caption\":\"Ota haltuun Lapin AMK\"},\"image\":{\"@id\":\"https:\/\/blogi.eoppimispalvelut.fi\/otahaltuun\/#\/schema\/logo\/image\/\"}}]}<\/script>\n<!-- \/ Yoast SEO plugin. -->","yoast_head_json":{"title":"Opiskelijan k\u00e4ytt\u00e4j\u00e4tunnus k\u00e4ytt\u00f6\u00f6n - Ota haltuun","robots":{"index":"index","follow":"follow","max-snippet":"max-snippet:-1","max-image-preview":"max-image-preview:large","max-video-preview":"max-video-preview:-1"},"canonical":"https:\/\/blogi.eoppimispalvelut.fi\/otahaltuun\/1-ota-tunnukset-kayttoon\/","og_locale":"fi_FI","og_type":"article","og_title":"Opiskelijan k\u00e4ytt\u00e4j\u00e4tunnus k\u00e4ytt\u00f6\u00f6n - Ota haltuun","og_description":"Kaikille Lapin AMKn opiskelijoille luodaan k\u00e4ytt\u00e4j\u00e4tunnus ja s\u00e4hk\u00f6postitili. T\u00e4ll\u00e4 k\u00e4ytt\u00e4j\u00e4tunnuksella kirjaudut l\u00e4hes kaikkiin koulun palveluihin mm. Moodleen, s\u00e4hk\u00f6postiin, SoleOpsiin\u00a0ja koulun langattomaan verkkoon. Voidaksesi k\u00e4ytt\u00e4\u00e4 Lapin ammattikorkeakoulun palveluita,&hellip; Read more \"Opiskelijan k\u00e4ytt\u00e4j\u00e4tunnus k\u00e4ytt\u00f6\u00f6n\"","og_url":"https:\/\/blogi.eoppimispalvelut.fi\/otahaltuun\/1-ota-tunnukset-kayttoon\/","og_site_name":"Ota haltuun","article_modified_time":"2018-12-17T06:38:39+00:00","og_image":[{"url":"https:\/\/blogi.eoppimispalvelut.fi\/opintojenaloitus\/files\/2018\/12\/windows7.png","type":"","width":"","height":""}],"twitter_card":"summary_large_image","twitter_misc":{"Est. reading time":"2 minutes"},"schema":{"@context":"https:\/\/schema.org","@graph":[{"@type":"WebPage","@id":"https:\/\/blogi.eoppimispalvelut.fi\/otahaltuun\/1-ota-tunnukset-kayttoon\/","url":"https:\/\/blogi.eoppimispalvelut.fi\/otahaltuun\/1-ota-tunnukset-kayttoon\/","name":"Opiskelijan k\u00e4ytt\u00e4j\u00e4tunnus k\u00e4ytt\u00f6\u00f6n - Ota haltuun","isPartOf":{"@id":"https:\/\/blogi.eoppimispalvelut.fi\/otahaltuun\/#website"},"primaryImageOfPage":{"@id":"https:\/\/blogi.eoppimispalvelut.fi\/otahaltuun\/1-ota-tunnukset-kayttoon\/#primaryimage"},"image":{"@id":"https:\/\/blogi.eoppimispalvelut.fi\/otahaltuun\/1-ota-tunnukset-kayttoon\/#primaryimage"},"thumbnailUrl":"https:\/\/blogi.eoppimispalvelut.fi\/opintojenaloitus\/files\/2018\/12\/windows7.png","datePublished":"2017-11-20T07:41:22+00:00","dateModified":"2018-12-17T06:38:39+00:00","breadcrumb":{"@id":"https:\/\/blogi.eoppimispalvelut.fi\/otahaltuun\/1-ota-tunnukset-kayttoon\/#breadcrumb"},"inLanguage":"fi","potentialAction":[{"@type":"ReadAction","target":["https:\/\/blogi.eoppimispalvelut.fi\/otahaltuun\/1-ota-tunnukset-kayttoon\/"]}]},{"@type":"ImageObject","inLanguage":"fi","@id":"https:\/\/blogi.eoppimispalvelut.fi\/otahaltuun\/1-ota-tunnukset-kayttoon\/#primaryimage","url":"https:\/\/blogi.eoppimispalvelut.fi\/opintojenaloitus\/files\/2018\/12\/windows7.png","contentUrl":"https:\/\/blogi.eoppimispalvelut.fi\/opintojenaloitus\/files\/2018\/12\/windows7.png"},{"@type":"BreadcrumbList","@id":"https:\/\/blogi.eoppimispalvelut.fi\/otahaltuun\/1-ota-tunnukset-kayttoon\/#breadcrumb","itemListElement":[{"@type":"ListItem","position":1,"name":"Home","item":"https:\/\/blogi.eoppimispalvelut.fi\/otahaltuun\/"},{"@type":"ListItem","position":2,"name":"Opiskelijan k\u00e4ytt\u00e4j\u00e4tunnus k\u00e4ytt\u00f6\u00f6n"}]},{"@type":"WebSite","@id":"https:\/\/blogi.eoppimispalvelut.fi\/otahaltuun\/#website","url":"https:\/\/blogi.eoppimispalvelut.fi\/otahaltuun\/","name":"Ota haltuun Ver New","description":"Ota haltuun opintoja tukevat j\u00e4rjestelm\u00e4t","publisher":{"@id":"https:\/\/blogi.eoppimispalvelut.fi\/otahaltuun\/#organization"},"potentialAction":[{"@type":"SearchAction","target":{"@type":"EntryPoint","urlTemplate":"https:\/\/blogi.eoppimispalvelut.fi\/otahaltuun\/?s={search_term_string}"},"query-input":{"@type":"PropertyValueSpecification","valueRequired":true,"valueName":"search_term_string"}}],"inLanguage":"fi"},{"@type":"Organization","@id":"https:\/\/blogi.eoppimispalvelut.fi\/otahaltuun\/#organization","name":"Ota haltuun Lapin AMK","url":"https:\/\/blogi.eoppimispalvelut.fi\/otahaltuun\/","logo":{"@type":"ImageObject","inLanguage":"fi","@id":"https:\/\/blogi.eoppimispalvelut.fi\/otahaltuun\/#\/schema\/logo\/image\/","url":"https:\/\/blogi.eoppimispalvelut.fi\/otahaltuun\/files\/2017\/11\/cropped-training-2874597_1920-1.jpg","contentUrl":"https:\/\/blogi.eoppimispalvelut.fi\/otahaltuun\/files\/2017\/11\/cropped-training-2874597_1920-1.jpg","width":1920,"height":500,"caption":"Ota haltuun Lapin AMK"},"image":{"@id":"https:\/\/blogi.eoppimispalvelut.fi\/otahaltuun\/#\/schema\/logo\/image\/"}}]}},"_links":{"self":[{"href":"https:\/\/blogi.eoppimispalvelut.fi\/otahaltuun\/wp-json\/wp\/v2\/pages\/9","targetHints":{"allow":["GET"]}}],"collection":[{"href":"https:\/\/blogi.eoppimispalvelut.fi\/otahaltuun\/wp-json\/wp\/v2\/pages"}],"about":[{"href":"https:\/\/blogi.eoppimispalvelut.fi\/otahaltuun\/wp-json\/wp\/v2\/types\/page"}],"author":[{"embeddable":true,"href":"https:\/\/blogi.eoppimispalvelut.fi\/otahaltuun\/wp-json\/wp\/v2\/users\/36"}],"replies":[{"embeddable":true,"href":"https:\/\/blogi.eoppimispalvelut.fi\/otahaltuun\/wp-json\/wp\/v2\/comments?post=9"}],"version-history":[{"count":20,"href":"https:\/\/blogi.eoppimispalvelut.fi\/otahaltuun\/wp-json\/wp\/v2\/pages\/9\/revisions"}],"predecessor-version":[{"id":415,"href":"https:\/\/blogi.eoppimispalvelut.fi\/otahaltuun\/wp-json\/wp\/v2\/pages\/9\/revisions\/415"}],"wp:attachment":[{"href":"https:\/\/blogi.eoppimispalvelut.fi\/otahaltuun\/wp-json\/wp\/v2\/media?parent=9"}],"curies":[{"name":"wp","href":"https:\/\/api.w.org\/{rel}","templated":true}]}}