{"id":126,"date":"2017-03-30T14:36:24","date_gmt":"2017-03-30T11:36:24","guid":{"rendered":"https:\/\/blogi.eoppimispalvelut.fi\/ovethanke\/?page_id=126"},"modified":"2019-09-04T22:37:42","modified_gmt":"2019-09-04T19:37:42","slug":"toimenpiteet","status":"publish","type":"page","link":"https:\/\/blogi.eoppimispalvelut.fi\/ovethanke\/toimenpiteet\/","title":{"rendered":"Toimenpiteet"},"content":{"rendered":"<ul>\n<li><strong>Henkil\u00f6st\u00f6kysely<\/strong><\/li>\n<\/ul>\n<p style=\"padding-left: 60px\">Toteutamme yrityksesi ty\u00f6ntekij\u00f6ille henkil\u00f6st\u00f6kyselyn, jolla selvit\u00e4mme sen hetkisen ty\u00f6hyvinvoinnin tilan sek\u00e4 kehitt\u00e4mistarpeet.<\/p>\n<ul>\n<li><strong>Kehitt\u00e4missuunnitelma<\/strong><\/li>\n<\/ul>\n<p style=\"padding-left: 60px\">Jokaiselle yritykselle laaditaan maksuton yrityskohtainen kehitt\u00e4missuunnitelma yritysohjaajan avustamana.<\/p>\n<ul>\n<li><strong>Esimiesty\u00f6pajat<\/strong><\/li>\n<\/ul>\n<p style=\"padding-left: 60px\">Maksuttomat esimiesty\u00f6pajat j\u00e4rjestet\u00e4\u00e4n Rovaniemell\u00e4, Kajaanissa sek\u00e4 Kemi-Torniossa. Ty\u00f6pajoja vet\u00e4v\u00e4t hankkeessa ty\u00f6skentelev\u00e4t asiantuntijat. Esimiesty\u00f6pajoihin voi yrityksen tarpeen mukaan osallistua my\u00f6s ty\u00f6ntekij\u00f6it\u00e4. Ty\u00f6skentelytavat ovat k\u00e4yt\u00e4nn\u00f6nl\u00e4heisi\u00e4 ja ne tukevat oman yrityksen ty\u00f6hyvinvoinnin kehitt\u00e4miseen.<\/p>\n<ul>\n<li><strong>Yrityskohtaiset ty\u00f6pajat ja konsultointi<\/strong><\/li>\n<\/ul>\n<p style=\"padding-left: 60px\">Hyvinvointiaan kehitt\u00e4ville ty\u00f6yhteis\u00f6ille tarjoamme yrityskohtaisia kehitt\u00e4misty\u00f6pajoja, joiden tavoitteena on yrityksen kanssa m\u00e4\u00e4ritellyn aihealueen kehitt\u00e4minen. Ty\u00f6pajoissa henkil\u00f6st\u00f6 tai tiimi osallistuu ty\u00f6yhteis\u00f6ns\u00e4 konkreettiseen kehitt\u00e4miseen.<\/p>\n<p style=\"padding-left: 60px\">Yrityksille j\u00e4rjestett\u00e4v\u00e4t kehitt\u00e4misty\u00f6pajapaketit<br \/>\nA. Kehityskeskusteluk\u00e4yt\u00e4nteet kuntoon<br \/>\nB. Hyvinvoinnin vuosikello<br \/>\nC. Sujuva sis\u00e4inen tiedonkulku<br \/>\nD. Ovia fyysiseen ty\u00f6hyvinvointiin<br \/>\nE. V\u00e4lineit\u00e4 motivoivaan ty\u00f6yhteis\u00f6\u00f6n<\/p>\n<p style=\"padding-left: 60px\">Yll\u00e4 esitettyjen teemojen lis\u00e4ksi ty\u00f6pajan aiheena voi olla jokin muu yrityksess\u00e4 esiin noussut kehitt\u00e4misalue.Ohjattuun ty\u00f6pajaan sis\u00e4ltyy ty\u00f6pajan valmistelut ja suunnittelu yrityksen kanssa, mahdolliset ennakkoteht\u00e4v\u00e4t henkil\u00f6st\u00f6lle, ty\u00f6pajan toteutus osallistavin menetelmin sek\u00e4 raportoidut tulokset<br \/>\nja toimintasuositukset. Ty\u00f6pajojen valmennus tapahtuu kahden fasilitaattorin voimin yrityksen omissa tiloissa.<br \/>\n<strong>Kesto<\/strong>: 2-3 h, riippuen osallistujam\u00e4\u00e4r\u00e4st\u00e4.<br \/>\n<strong>Fasilitaattorit<\/strong>: OVET -hankkeen asiantuntijat ja yritysohjaajat.<br \/>\n<strong>Hinta yritykselle<\/strong>: 100 \u20ac + alv 24 % (de minimis -tuki huomioituna). Yrityksill\u00e4 on mahdollisuus kolmeen ty\u00f6pajaan OVET -ohjauksen aikana.<\/p>\n<p style=\"padding-left: 60px\">Kehitt\u00e4misty\u00f6pajan varaaminen yrityksellesi:<br \/>\nKainuu: Pia Haapalainen (044 715 7006, pia.haapalainen@aikopa.fi)<br \/>\nLappi: Tuulikki Keskitalo (044 478 0290, tuulikki.keskitalo@lapinamk.fi)<\/p>\n<p style=\"padding-left: 60px\">Voit varata ty\u00f6pajan my\u00f6s omalta yritysohjaajaltasi.<br \/>\nKerro viestiss\u00e4si, mit\u00e4 aihealuetta yrityksesi on kiinnostunut kehitt\u00e4m\u00e4\u00e4n. Sovitaan tapaaminen, jossa suunnitellaan aihe, toteutus ja aikataulu tarkemmin.<\/p>\n<p>&nbsp;<\/p>\n<p><strong>Lis\u00e4tietoja toimenpiteist\u00e4 antaa projektip\u00e4\u00e4llikk\u00f6 Tuulikki Keskitalo (etunimi.sukunimi@lapinamk.fi, 044 478 0290)<\/strong><\/p>\n<p>Takaisin <a href=\"https:\/\/blogi.eoppimispalvelut.fi\/ovethanke\/\">etusivulle<\/a><\/p>\n","protected":false},"excerpt":{"rendered":"<p>Henkil\u00f6st\u00f6kysely Toteutamme yrityksesi ty\u00f6ntekij\u00f6ille henkil\u00f6st\u00f6kyselyn, jolla selvit\u00e4mme sen hetkisen ty\u00f6hyvinvoinnin tilan sek\u00e4 kehitt\u00e4mistarpeet. Kehitt\u00e4missuunnitelma Jokaiselle yritykselle laaditaan maksuton yrityskohtainen kehitt\u00e4missuunnitelma yritysohjaajan avustamana. Esimiesty\u00f6pajat Maksuttomat esimiesty\u00f6pajat j\u00e4rjestet\u00e4\u00e4n Rovaniemell\u00e4, Kajaanissa sek\u00e4 Kemi-Torniossa. Ty\u00f6pajoja vet\u00e4v\u00e4t hankkeessa ty\u00f6skentelev\u00e4t asiantuntijat. Esimiesty\u00f6pajoihin voi yrityksen tarpeen mukaan osallistua my\u00f6s ty\u00f6ntekij\u00f6it\u00e4. Ty\u00f6skentelytavat ovat k\u00e4yt\u00e4nn\u00f6nl\u00e4heisi\u00e4 ja ne tukevat oman yrityksen ty\u00f6hyvinvoinnin kehitt\u00e4miseen. Yrityskohtaiset ty\u00f6pajat [&hellip;]<\/p>\n","protected":false},"author":1231,"featured_media":0,"parent":0,"menu_order":0,"comment_status":"closed","ping_status":"closed","template":"","meta":{"footnotes":""},"class_list":["post-126","page","type-page","status-publish","hentry"],"_links":{"self":[{"href":"https:\/\/blogi.eoppimispalvelut.fi\/ovethanke\/wp-json\/wp\/v2\/pages\/126","targetHints":{"allow":["GET"]}}],"collection":[{"href":"https:\/\/blogi.eoppimispalvelut.fi\/ovethanke\/wp-json\/wp\/v2\/pages"}],"about":[{"href":"https:\/\/blogi.eoppimispalvelut.fi\/ovethanke\/wp-json\/wp\/v2\/types\/page"}],"author":[{"embeddable":true,"href":"https:\/\/blogi.eoppimispalvelut.fi\/ovethanke\/wp-json\/wp\/v2\/users\/1231"}],"replies":[{"embeddable":true,"href":"https:\/\/blogi.eoppimispalvelut.fi\/ovethanke\/wp-json\/wp\/v2\/comments?post=126"}],"version-history":[{"count":21,"href":"https:\/\/blogi.eoppimispalvelut.fi\/ovethanke\/wp-json\/wp\/v2\/pages\/126\/revisions"}],"predecessor-version":[{"id":365,"href":"https:\/\/blogi.eoppimispalvelut.fi\/ovethanke\/wp-json\/wp\/v2\/pages\/126\/revisions\/365"}],"wp:attachment":[{"href":"https:\/\/blogi.eoppimispalvelut.fi\/ovethanke\/wp-json\/wp\/v2\/media?parent=126"}],"curies":[{"name":"wp","href":"https:\/\/api.w.org\/{rel}","templated":true}]}}