{"id":129,"date":"2017-03-30T14:36:38","date_gmt":"2017-03-30T11:36:38","guid":{"rendered":"https:\/\/blogi.eoppimispalvelut.fi\/ovethanke\/?page_id=129"},"modified":"2019-09-04T22:35:06","modified_gmt":"2019-09-04T19:35:06","slug":"hankeinfo","status":"publish","type":"page","link":"https:\/\/blogi.eoppimispalvelut.fi\/ovethanke\/hankeinfo\/","title":{"rendered":"Hankeinfo"},"content":{"rendered":"<p>OVET saa rahoituksensa Euroopan sosiaalirahaston (ESR) toimintalinjasta 3. Ty\u00f6llisyys ja ty\u00f6voiman liikkuvuus ja tarkemmin erityistavoitteesta 7.1. Tuottavuuden ja ty\u00f6hyvinvoinnin parantaminen. Rahoittavana viranomaisena toimii Lapin ELY-keskus.<br \/>\nHankeaika on 1.2.2017-31.12.2019.<\/p>\n<p>Hanketta toteuttavat Lapin ammattikorkeakoulun <a href=\"http:\/\/www.lapinamk.fi\/fi\/Esittely\/Osaamisalat\/YAMK-yksikko\">YAMK-yksikk\u00f6<\/a>, Lapin yliopiston <a href=\"https:\/\/www.ulapland.fi\/FI\/Yksikot\/Koulutus--ja-kehittamispalvelut\">Koulutus- ja kehitt\u00e4mispalvelut<\/a> sek\u00e4 Kajaanin ammattikorkeakoulun <a href=\"http:\/\/aikopa.fi\/fi\">Aikuis- ja t\u00e4ydennyskoulutuspalvelut<\/a>.<\/p>\n<p>Koska OVET on ESR-hanke, ker\u00e4\u00e4mme toimintaan osallistuvilta henkil\u00f6ilt\u00e4 seurantatietolomakkeet. &#8220;Osallistujalla tarkoitetaan sellaisia henkil\u00f6it\u00e4, jotka hy\u00f6tyv\u00e4t suoraan hankkeessa toteutettavista toimenpiteist\u00e4 ja joita varten on varattu erityism\u00e4\u00e4r\u00e4rahoja (hankkeen rahoitusta).&#8221; Lis\u00e4tietoja <a href=\"http:\/\/www.rakennerahastot.fi\/esr-hankkeeseen-osallistuvia-henkiloita-koskevat-tiedot#.WN4o5kfBRo1\">Rakennerahastot-sivustolta. <\/a><\/p>\n<p>Hankkeen viestint\u00e4\u00e4 ohjaa rakennerahastohankkeiden <a href=\"http:\/\/www.rakennerahastot.fi\/documents\/10179\/11031\/Viestintaohje+rakennerahastohankkeille+2014+2020.pdf\/3357fea0-56d5-4efa-a6ea-cd9c997802a3\">viestint\u00e4ohje<\/a>.<\/p>\n<p>OVET-hankkeen ohjausryhm\u00e4 koostuu seuraavien tahojen edustajista:<br \/>\nLapin ammattikorkeakoulu<br \/>\nLapin yliopisto<br \/>\nKajaanin ammattikorkeakoulu<br \/>\nKainuun Etu<br \/>\nMeri-Lapin kehitt\u00e4miskeskus<br \/>\nLeijona Catering oy<br \/>\nPAM -Palvelualojen keskusliitto<br \/>\nELY-keskus sek\u00e4 ELY-keskuksen Yritysten kehitt\u00e4mispalvelut<\/p>\n<p>Lis\u00e4tietoja antaa hankkeen projektip\u00e4\u00e4llikk\u00f6 Tuulikki Keskitalo (etunimi.sukunimi@lapinamk.fi, p. +358 44 478 0290)<\/p>\n<p>Takaisin <a href=\"https:\/\/blogi.eoppimispalvelut.fi\/ovethanke\/\">etusivulle<\/a><\/p>\n","protected":false},"excerpt":{"rendered":"<p>OVET saa rahoituksensa Euroopan sosiaalirahaston (ESR) toimintalinjasta 3. Ty\u00f6llisyys ja ty\u00f6voiman liikkuvuus ja tarkemmin erityistavoitteesta 7.1. Tuottavuuden ja ty\u00f6hyvinvoinnin parantaminen. Rahoittavana viranomaisena toimii Lapin ELY-keskus. Hankeaika on 1.2.2017-31.12.2019. Hanketta toteuttavat Lapin ammattikorkeakoulun YAMK-yksikk\u00f6, Lapin yliopiston Koulutus- ja kehitt\u00e4mispalvelut sek\u00e4 Kajaanin ammattikorkeakoulun Aikuis- ja t\u00e4ydennyskoulutuspalvelut. Koska OVET on ESR-hanke, ker\u00e4\u00e4mme toimintaan osallistuvilta henkil\u00f6ilt\u00e4 seurantatietolomakkeet. &#8220;Osallistujalla tarkoitetaan [&hellip;]<\/p>\n","protected":false},"author":1231,"featured_media":0,"parent":0,"menu_order":0,"comment_status":"closed","ping_status":"closed","template":"","meta":{"footnotes":""},"class_list":["post-129","page","type-page","status-publish","hentry"],"_links":{"self":[{"href":"https:\/\/blogi.eoppimispalvelut.fi\/ovethanke\/wp-json\/wp\/v2\/pages\/129","targetHints":{"allow":["GET"]}}],"collection":[{"href":"https:\/\/blogi.eoppimispalvelut.fi\/ovethanke\/wp-json\/wp\/v2\/pages"}],"about":[{"href":"https:\/\/blogi.eoppimispalvelut.fi\/ovethanke\/wp-json\/wp\/v2\/types\/page"}],"author":[{"embeddable":true,"href":"https:\/\/blogi.eoppimispalvelut.fi\/ovethanke\/wp-json\/wp\/v2\/users\/1231"}],"replies":[{"embeddable":true,"href":"https:\/\/blogi.eoppimispalvelut.fi\/ovethanke\/wp-json\/wp\/v2\/comments?post=129"}],"version-history":[{"count":10,"href":"https:\/\/blogi.eoppimispalvelut.fi\/ovethanke\/wp-json\/wp\/v2\/pages\/129\/revisions"}],"predecessor-version":[{"id":412,"href":"https:\/\/blogi.eoppimispalvelut.fi\/ovethanke\/wp-json\/wp\/v2\/pages\/129\/revisions\/412"}],"wp:attachment":[{"href":"https:\/\/blogi.eoppimispalvelut.fi\/ovethanke\/wp-json\/wp\/v2\/media?parent=129"}],"curies":[{"name":"wp","href":"https:\/\/api.w.org\/{rel}","templated":true}]}}