{"id":132,"date":"2017-03-30T14:36:53","date_gmt":"2017-03-30T11:36:53","guid":{"rendered":"https:\/\/blogi.eoppimispalvelut.fi\/ovethanke\/?page_id=132"},"modified":"2019-09-04T22:47:10","modified_gmt":"2019-09-04T19:47:10","slug":"yhteystiedot","status":"publish","type":"page","link":"https:\/\/blogi.eoppimispalvelut.fi\/ovethanke\/yhteystiedot\/","title":{"rendered":"Yhteystiedot"},"content":{"rendered":"<p><strong>OVET-hanketta toteuttavat<\/strong><\/p>\n<p><a href=\"http:\/\/www.lapinamk.fi\/fi\/Esittely\/Osaamisalat\/YAMK-yksikko\">Lapin ammattikorkeakoulu, YAMK-yksikk\u00f6<\/a><\/p>\n<p>&nbsp;<\/p>\n<p>Tuulikki Keskitalo, projektip\u00e4\u00e4llikk\u00f6<br \/>\np. 044 478 0290<\/p>\n<p>&nbsp;<\/p>\n<p>Sirkka Saranki-Rantakokko, yliopettaja<br \/>\np. 040 571 5509<\/p>\n<p>&nbsp;<\/p>\n<p><a href=\"https:\/\/blogi.eoppimispalvelut.fi\/ovethanke\/yhteystiedot\/outi-tormanenimg_0277-5\/\" rel=\"attachment wp-att-266\"><img loading=\"lazy\" decoding=\"async\" class=\"wp-image-266 alignleft\" src=\"https:\/\/blogi.eoppimispalvelut.fi\/ovethanke\/files\/2017\/03\/Outi-T\u00f6rm\u00e4nenIMG_0277-4-221x300.jpg\" alt=\"\" width=\"112\" height=\"152\" srcset=\"https:\/\/blogi.eoppimispalvelut.fi\/ovethanke\/files\/2017\/03\/Outi-T\u00f6rm\u00e4nenIMG_0277-4-221x300.jpg 221w, https:\/\/blogi.eoppimispalvelut.fi\/ovethanke\/files\/2017\/03\/Outi-T\u00f6rm\u00e4nenIMG_0277-4.jpg 317w\" sizes=\"auto, (max-width: 112px) 100vw, 112px\" \/><\/a><\/p>\n<p>&nbsp;<\/p>\n<p>Outi T\u00f6rm\u00e4nen, yliopettaja<br \/>\np. 040 749 8615<\/p>\n<p>&nbsp;<\/p>\n<p>&nbsp;<\/p>\n<p>&nbsp;<\/p>\n<p><a href=\"https:\/\/blogi.eoppimispalvelut.fi\/ovethanke\/yhteystiedot\/esa-jauhola-2\/\" rel=\"attachment wp-att-264\"><img loading=\"lazy\" decoding=\"async\" class=\"wp-image-264 alignleft\" src=\"https:\/\/blogi.eoppimispalvelut.fi\/ovethanke\/files\/2017\/03\/Esa-Jauhola-1-252x300.jpg\" alt=\"\" width=\"117\" height=\"139\" srcset=\"https:\/\/blogi.eoppimispalvelut.fi\/ovethanke\/files\/2017\/03\/Esa-Jauhola-1-252x300.jpg 252w, https:\/\/blogi.eoppimispalvelut.fi\/ovethanke\/files\/2017\/03\/Esa-Jauhola-1.jpg 323w\" sizes=\"auto, (max-width: 117px) 100vw, 117px\" \/><\/a><\/p>\n<p>&nbsp;<\/p>\n<p>Esa Jauhola, yliopettaja<br \/>\np. 040 551 5847<\/p>\n<p>&nbsp;<\/p>\n<p>&nbsp;<\/p>\n<p>&nbsp;<\/p>\n<p>S\u00e4hk\u00f6postiosoitteet ovat muotoa etunimi.sukunimi@lapinamk.fi<\/p>\n<p>&nbsp;<\/p>\n<p><a href=\"https:\/\/www.ulapland.fi\/FI\/Yksikot\/Koulutus--ja-kehittamispalvelut\">Lapin yliopiston Koulutus- ja kehitt\u00e4mispalvelut <\/a><\/p>\n<p>Krista Rautio, suunnittelija<br \/>\netunimi.sukunimi(at)ulapland.fi, p. <span class=\"skype_c2c_print_container\">040 4844 075<br \/>\n<\/span><\/p>\n<p>&nbsp;<\/p>\n<p><a href=\"http:\/\/aikopa.fi\/fi\">Kajaanin ammattikorkeakoulu, Aikuis- ja t\u00e4ydennyskoulutuspalvelut<\/a><\/p>\n<p><a href=\"https:\/\/blogi.eoppimispalvelut.fi\/ovethanke\/yhteystiedot\/hannu-tikkanen-2\/\" rel=\"attachment wp-att-246\"><img loading=\"lazy\" decoding=\"async\" class=\"wp-image-246 alignleft\" src=\"https:\/\/blogi.eoppimispalvelut.fi\/ovethanke\/files\/2017\/03\/Hannu-Tikkanen-1-229x300.jpg\" alt=\"\" width=\"116\" height=\"152\" srcset=\"https:\/\/blogi.eoppimispalvelut.fi\/ovethanke\/files\/2017\/03\/Hannu-Tikkanen-1-229x300.jpg 229w, https:\/\/blogi.eoppimispalvelut.fi\/ovethanke\/files\/2017\/03\/Hannu-Tikkanen-1.jpg 358w\" sizes=\"auto, (max-width: 116px) 100vw, 116px\" \/><\/a><\/p>\n<p>&nbsp;<\/p>\n<p>Hannu Tikkanen, asiantuntija<br \/>\np. 044 710 1631<\/p>\n<p>&nbsp;<\/p>\n<p>&nbsp;<\/p>\n<p>&nbsp;<\/p>\n<p><a href=\"https:\/\/blogi.eoppimispalvelut.fi\/ovethanke\/yhteystiedot\/pia-h-kuva-3\/\" rel=\"attachment wp-att-305\"><img loading=\"lazy\" decoding=\"async\" class=\"wp-image-305 alignleft\" src=\"https:\/\/blogi.eoppimispalvelut.fi\/ovethanke\/files\/2018\/03\/Pia-H-kuva-3-224x300.jpg\" alt=\"\" width=\"125\" height=\"167\" srcset=\"https:\/\/blogi.eoppimispalvelut.fi\/ovethanke\/files\/2018\/03\/Pia-H-kuva-3-224x300.jpg 224w, https:\/\/blogi.eoppimispalvelut.fi\/ovethanke\/files\/2018\/03\/Pia-H-kuva-3.jpg 331w\" sizes=\"auto, (max-width: 125px) 100vw, 125px\" \/><\/a><\/p>\n<p>&nbsp;<\/p>\n<p>&nbsp;<\/p>\n<p>Pia Haapalainen, suunnittelija<br \/>\np. 044 715 7006<\/p>\n<p>&nbsp;<\/p>\n<p>&nbsp;<\/p>\n<p>Liisa Mikkonen, tuntiopettaja, p. 044 710 1651<\/p>\n<p>&nbsp;<\/p>\n<p>S\u00e4hk\u00f6postiosoitteet ovat muotoa etunimi.sukunimi(at)kamk.fi<\/p>\n<table style=\"height: 27px\" border=\"0\" width=\"375\" cellspacing=\"0\" cellpadding=\"0\">\n<tbody>\n<tr>\n<td class=\"leftcolumn\" align=\"left\" valign=\"baseline\" width=\"5\" height=\"22\"><\/td>\n<td class=\"columndivider\" align=\"left\" valign=\"baseline\" width=\"1\" height=\"22\"><\/td>\n<td class=\"rightcolumn\" width=\"8\" height=\"22\"><\/td>\n<td class=\"rightcolumn\" width=\"178\" height=\"22\"><\/td>\n<\/tr>\n<\/tbody>\n<\/table>\n<p>Takaisin <a href=\"https:\/\/blogi.eoppimispalvelut.fi\/ovethanke\/\">etusivulle<\/a><\/p>\n","protected":false},"excerpt":{"rendered":"<p>OVET-hanketta toteuttavat Lapin ammattikorkeakoulu, YAMK-yksikk\u00f6 &nbsp; Tuulikki Keskitalo, projektip\u00e4\u00e4llikk\u00f6 p. 044 478 0290 &nbsp; Sirkka Saranki-Rantakokko, yliopettaja p. 040 571 5509 &nbsp; &nbsp; Outi T\u00f6rm\u00e4nen, yliopettaja p. 040 749 8615 &nbsp; &nbsp; &nbsp; &nbsp; Esa Jauhola, yliopettaja p. 040 551 5847 &nbsp; &nbsp; &nbsp; S\u00e4hk\u00f6postiosoitteet ovat muotoa etunimi.sukunimi@lapinamk.fi &nbsp; Lapin yliopiston Koulutus- ja kehitt\u00e4mispalvelut Krista [&hellip;]<\/p>\n","protected":false},"author":1231,"featured_media":0,"parent":0,"menu_order":0,"comment_status":"closed","ping_status":"closed","template":"","meta":{"footnotes":""},"class_list":["post-132","page","type-page","status-publish","hentry"],"_links":{"self":[{"href":"https:\/\/blogi.eoppimispalvelut.fi\/ovethanke\/wp-json\/wp\/v2\/pages\/132","targetHints":{"allow":["GET"]}}],"collection":[{"href":"https:\/\/blogi.eoppimispalvelut.fi\/ovethanke\/wp-json\/wp\/v2\/pages"}],"about":[{"href":"https:\/\/blogi.eoppimispalvelut.fi\/ovethanke\/wp-json\/wp\/v2\/types\/page"}],"author":[{"embeddable":true,"href":"https:\/\/blogi.eoppimispalvelut.fi\/ovethanke\/wp-json\/wp\/v2\/users\/1231"}],"replies":[{"embeddable":true,"href":"https:\/\/blogi.eoppimispalvelut.fi\/ovethanke\/wp-json\/wp\/v2\/comments?post=132"}],"version-history":[{"count":21,"href":"https:\/\/blogi.eoppimispalvelut.fi\/ovethanke\/wp-json\/wp\/v2\/pages\/132\/revisions"}],"predecessor-version":[{"id":414,"href":"https:\/\/blogi.eoppimispalvelut.fi\/ovethanke\/wp-json\/wp\/v2\/pages\/132\/revisions\/414"}],"wp:attachment":[{"href":"https:\/\/blogi.eoppimispalvelut.fi\/ovethanke\/wp-json\/wp\/v2\/media?parent=132"}],"curies":[{"name":"wp","href":"https:\/\/api.w.org\/{rel}","templated":true}]}}