{"id":477,"date":"2020-02-17T15:07:07","date_gmt":"2020-02-17T13:07:07","guid":{"rendered":"https:\/\/blogi.eoppimispalvelut.fi\/pakki\/?page_id=477"},"modified":"2020-02-17T18:04:36","modified_gmt":"2020-02-17T16:04:36","slug":"opiskele-itsenaisesti","status":"publish","type":"page","link":"https:\/\/blogi.eoppimispalvelut.fi\/pakki\/opiskele-itsenaisesti\/","title":{"rendered":"Opiskele itsen\u00e4isesti"},"content":{"rendered":"<p>Tervetuloa opiskelemaan ihan silloin kun sinulle sopii. Alla n\u00e4et listauksen tarjolla olevista sis\u00e4ll\u00f6ist\u00e4. Voit aloittaa opinnot klikkaamalla kurssin otsikkoa. Sinun ei tarvitse rekister\u00f6ity\u00e4, mutta jos haluat luoda tunnukset ja rekister\u00f6ity\u00e4 k\u00e4ytt\u00e4j\u00e4ksi, voit helposti palata siihen kohtaan opintojasi, mihin edellisell\u00e4 kerralla j\u00e4it.<\/p>\n<p>Rekister\u00f6idy k\u00e4ytt\u00e4j\u00e4ksi \/ kirjaudu sis\u00e4\u00e4n <a href=\"https:\/\/blogi.eoppimispalvelut.fi\/pakki\/minun-kurssini\/\">T\u00e4m\u00e4n sivun kautta<\/a>.<\/p>\n<p><strong><code>\n<ul class=\"course-container columns-1\" >\n\n\t\n\t\n<li class=\"loop-item-number-1 post-523 course type-course status-publish has-post-thumbnail hentry module-ennen-videon-julkaisemista post\" >\n\n\t\n\t<section class=\"course-content\">\n\n\t\t<section class=\"entry\">\n\n\t\t\t<h3 class=\"course-title\"><a href=\"https:\/\/blogi.eoppimispalvelut.fi\/pakki\/course\/omien-videoiden-tuottaminen\/\">Omien videoiden tuottaminen<\/a><\/h3><span class=\"course-author\">by <a href=\"https:\/\/blogi.eoppimispalvelut.fi\/pakki\/author\/mmehtala\/\" title=\"Marko Meht\u00e4l\u00e4\">Marko Meht\u00e4l\u00e4<\/a><\/span><div class=\"sensei-course-meta\"><span class=\"course-lesson-count\">3 oppitunti<\/span><\/div><a href=\"https:\/\/blogi.eoppimispalvelut.fi\/pakki\/course\/omien-videoiden-tuottaminen\/\" title=\"Omien videoiden tuottaminen\"><img loading=\"lazy\" decoding=\"async\" width=\"100\" height=\"100\" src=\"https:\/\/blogi.eoppimispalvelut.fi\/pakki\/files\/2020\/03\/linda-xu-iMf7bvcIIog-unsplash-150x150.jpg\" class=\"woo-image thumbnail alignleft wp-post-image\" alt=\"Kuva: Henkil\u00f6 kuvaa maisemaa matkapuhelimen videokameratoiminnolla.\" \/><\/a>\n\t\t\t\n\t\t\t<p class=\"course-excerpt\">\n\n\t\t\t\tT\u00e4m\u00e4n kurssin avulla opit tuottamaan omia videoita. Mit\u00e4 tulisi ottaa huomioon? Tuotitpa sitten videoita k\u00e4nnykk\u00e4kameralla tai tietokoneen ruutua tallentamalla.\n\t\t\t<\/p>\n\n\t\t\t\n\t\t\t\t\t\t<p class=\"sensei-free-lessons\">\n\t\t\t\t<a href=\"https:\/\/blogi.eoppimispalvelut.fi\/pakki\/course\/omien-videoiden-tuottaminen\/\">\n\t\t\t\t\tEsikatsele t\u00e4m\u00e4 kurssi\t\t\t\t<\/a>\n\t\t\t\t-\n\t\t\t\t(3 esikatsele oppitunteja)\t\t\t<\/p>\n\n\t\t\t\n\t\t<\/section> <!-- section .entry -->\n\n\t<\/section> <!-- section .course-content -->\n\n\t\n\n<\/li>\n\n<li class=\"loop-item-number-2 post-480 course type-course status-publish has-post-thumbnail hentry module-ennen-videon-julkaisemista module-videoita-jakoon-mutta-milla-ehdolla module-videon-kuvaaminen-mita-tulisi-huomioida module-youtubeen-mutta-milla-tunnuksilla post\" >\n\n\t\n\t<section class=\"course-content\">\n\n\t\t<section class=\"entry\">\n\n\t\t\t<h3 class=\"course-title\"><a href=\"https:\/\/blogi.eoppimispalvelut.fi\/pakki\/course\/ota-youtube-hyotykayttoon\/\">Ota Youtube hy\u00f6tyk\u00e4ytt\u00f6\u00f6n<\/a><\/h3><span class=\"course-author\">by <a href=\"https:\/\/blogi.eoppimispalvelut.fi\/pakki\/author\/mmehtala\/\" title=\"Marko Meht\u00e4l\u00e4\">Marko Meht\u00e4l\u00e4<\/a><\/span><div class=\"sensei-course-meta\"><span class=\"course-lesson-count\">0 oppitunti<\/span><\/div><a href=\"https:\/\/blogi.eoppimispalvelut.fi\/pakki\/course\/ota-youtube-hyotykayttoon\/\" title=\"Ota Youtube hy\u00f6tyk\u00e4ytt\u00f6\u00f6n\"><img loading=\"lazy\" decoding=\"async\" width=\"100\" height=\"100\" src=\"https:\/\/blogi.eoppimispalvelut.fi\/pakki\/files\/2016\/12\/YouTube-logo-full_color-150x150.png\" class=\"woo-image thumbnail alignleft wp-post-image\" alt=\"\" \/><\/a>\n\t\t\t\n\t\t\t<p class=\"course-excerpt\">\n\n\t\t\t\tT\u00e4ll\u00e4 kurssilla opit, kuinka Youtubeen ladataan videoita, miten voit perustaa oman kanavan ja mit\u00e4 huomioitavia asioita videoiden lataamisessa Youtubeen yleens\u00e4kin on.\n\t\t\t<\/p>\n\n\t\t\t\n\t\t\t\n\t\t<\/section> <!-- section .entry -->\n\n\t<\/section> <!-- section .course-content -->\n\n\t\n\n<\/li>\n\n\t\n<\/ul>\n\n<\/code><\/strong><\/p>\n<p>&nbsp;<\/p>\n","protected":false},"excerpt":{"rendered":"<p>Tervetuloa opiskelemaan ihan silloin kun sinulle sopii. Alla n\u00e4et listauksen tarjolla olevista sis\u00e4ll\u00f6ist\u00e4. Voit aloittaa opinnot klikkaamalla kurssin otsikkoa. Sinun ei tarvitse rekister\u00f6ity\u00e4, mutta jos haluat luoda tunnukset ja rekister\u00f6ity\u00e4 k\u00e4ytt\u00e4j\u00e4ksi, voit helposti palata siihen kohtaan opintojasi, mihin edellisell\u00e4 kerralla j\u00e4it. Rekister\u00f6idy k\u00e4ytt\u00e4j\u00e4ksi \/ kirjaudu sis\u00e4\u00e4n T\u00e4m\u00e4n sivun kautta. &nbsp;<\/p>\n","protected":false},"author":31,"featured_media":0,"parent":0,"menu_order":0,"comment_status":"closed","ping_status":"closed","template":"","meta":{"jetpack_post_was_ever_published":false,"footnotes":""},"class_list":["post-477","page","type-page","status-publish","hentry","post"],"jetpack_sharing_enabled":true,"jetpack_shortlink":"https:\/\/wp.me\/P8iVBS-7H","_links":{"self":[{"href":"https:\/\/blogi.eoppimispalvelut.fi\/pakki\/wp-json\/wp\/v2\/pages\/477","targetHints":{"allow":["GET"]}}],"collection":[{"href":"https:\/\/blogi.eoppimispalvelut.fi\/pakki\/wp-json\/wp\/v2\/pages"}],"about":[{"href":"https:\/\/blogi.eoppimispalvelut.fi\/pakki\/wp-json\/wp\/v2\/types\/page"}],"author":[{"embeddable":true,"href":"https:\/\/blogi.eoppimispalvelut.fi\/pakki\/wp-json\/wp\/v2\/users\/31"}],"replies":[{"embeddable":true,"href":"https:\/\/blogi.eoppimispalvelut.fi\/pakki\/wp-json\/wp\/v2\/comments?post=477"}],"version-history":[{"count":7,"href":"https:\/\/blogi.eoppimispalvelut.fi\/pakki\/wp-json\/wp\/v2\/pages\/477\/revisions"}],"predecessor-version":[{"id":492,"href":"https:\/\/blogi.eoppimispalvelut.fi\/pakki\/wp-json\/wp\/v2\/pages\/477\/revisions\/492"}],"wp:attachment":[{"href":"https:\/\/blogi.eoppimispalvelut.fi\/pakki\/wp-json\/wp\/v2\/media?parent=477"}],"curies":[{"name":"wp","href":"https:\/\/api.w.org\/{rel}","templated":true}]}}