{"id":145,"date":"2019-11-25T15:20:47","date_gmt":"2019-11-25T13:20:47","guid":{"rendered":"https:\/\/blogi.eoppimispalvelut.fi\/parttioworkwear\/?page_id=145"},"modified":"2020-01-31T10:05:37","modified_gmt":"2020-01-31T08:05:37","slug":"tilaus-ja-toimitusehdot","status":"publish","type":"page","link":"https:\/\/blogi.eoppimispalvelut.fi\/parttioworkwear\/tilaus-ja-toimitusehdot\/","title":{"rendered":"Tilaus- ja toimitusehdot"},"content":{"rendered":"<div class=\"wrap mcb-wrap one column-margin-50px valign-top clearfix\">\n<div class=\"mcb-wrap-inner\">\n<div class=\"column mcb-column one column_visual\">\n<p><strong>Toimitusehdot<\/strong><\/p>\n<p>Parttio Workwear Opy\u00a0 1267228-5<\/p>\n<p>S\u00e4hk\u00f6posti: parttioworkwear@hotmail.com<br \/>\nPuhelin: 040 000 0000<br \/>\nPostiosoite: Vihrel\u00e4nkuja 15, 96500 Napalaakso<\/p>\n<p>Pid\u00e4t\u00e4mme oikeuden toimitusehtojen ja hintojen muutoksiin. Tuotteiden hinnat sis\u00e4lt\u00e4v\u00e4t arvonlis\u00e4veron.<\/p>\n<p><strong>Tilaaminen<\/strong><\/p>\n<p>Tilattavat tuotteet valitaan kotisivuilla lis\u00e4\u00e4m\u00e4ll\u00e4 ne ostoskoriin. Tilaus l\u00e4hetet\u00e4\u00e4n maksamalla ostoskorin sis\u00e4lt\u00f6 verkkokaupan kassatoiminnossa. Tehdess\u00e4si tilauksen hyv\u00e4ksyt n\u00e4m\u00e4 toimitusehdot, tuotteiden hinnat sek\u00e4 toimituskulut. Mik\u00e4li tilaushetkell\u00e4 annetaan s\u00e4hk\u00f6postiosoite, tilauksesta l\u00e4hetet\u00e4\u00e4n tilausvahvistus s\u00e4hk\u00f6postitse. Tilausvahvistuksesta ilmenev\u00e4t tilatut tuotteet sek\u00e4 hinta.<\/p>\n<p>Tarjouspyynt\u00f6lomakkeella voitte tarkentaa tilaustarvettanne sek\u00e4 yksil\u00f6id\u00e4 tilausta. Sopii erinomaisesti suuriin tilausm\u00e4\u00e4riin. Tarjouspyynn\u00f6n l\u00e4het\u00e4minen ei sido Teit\u00e4 mihink\u00e4\u00e4n. L\u00e4het\u00e4mme tarjouksemme teille 1-3 arkip\u00e4iv\u00e4ss\u00e4.<\/p>\n<p><strong>Maksaminen<\/strong><\/p>\n<p>Verkkokaupan maksuv\u00e4litt\u00e4j\u00e4n\u00e4 toimii Paytrail , joka on rekister\u00f6ity Finanssivalvonnan yll\u00e4pit\u00e4m\u00e4\u00e4n maksulaitosrekisteriin.<\/p>\n<p>K\u00e4ytett\u00e4viss\u00e4 ovat seuraavat maksutavat: Osuuspankki, Paikallisosuuspankit, S-Pankki, Nordea, Danske Bank, Oma S\u00e4\u00e4st\u00f6pankki, S\u00e4\u00e4st\u00f6pankki, Aktia, Handelsbanken, \u00c5landsbanken, Visa-, Visa Debit-, Visa Electron-, MasterCard- ja Debit MasterCard -kortit.<\/p>\n<p><strong>Toimitus<\/strong><\/p>\n<p>Varastosta toimitettavien tuotteiden toimitusaika on yleens\u00e4 3-5 arkip\u00e4iv\u00e4\u00e4. Mik\u00e4li toimitettavat tuotteet ovat tilaustuotteita, toimitusaika on yleens\u00e4 1-3 viikkoa. Juhlap\u00e4iv\u00e4t ja kampanjat voivat viiv\u00e4stytt\u00e4\u00e4 tilauksia. Toimitustavat: Postipaketti, matkahuollon paketti tai rahtina.<\/p>\n<p>Toimituskulut m\u00e4\u00e4r\u00e4ytyv\u00e4t valitun toimitustavan, mahdollisten lis\u00e4palvelujen, tilauksen painon ja koon mukaan. N\u00e4et toimituskulut verkkokaupan kassatoiminnossa ennen tilauksen lopullista hyv\u00e4ksymist\u00e4.<\/p>\n<p>Mik\u00e4li tuote on kadonnut tai vioittunut toimituksen aikana, tulee t\u00e4st\u00e4 ilmoittaa viipym\u00e4tt\u00e4, mutta kuitenkin 14 vuorokauden kuluessa verkkokaupalle. Toimituksessa vioittuneista paketeista tulee viipym\u00e4tt\u00e4 ilmoittaa toimituksesta vastanneelle kuljetusyritykselle.<\/p>\n<p><strong>Palautukset<\/strong><\/p>\n<p>Verkkokaupan asiakkaalla on kuluttajansuojalain mukainen 14 vuorokauden vaihto- ja palautusoikeus. Asiakkaalla on oikeus vaihtaa tai palauttaa osa tai kaikki tilauksen tuotteet. Palautettavat tai vaihdettavat tuotteet tulee olla alkuper\u00e4ispakkauksessa ja myyntikuntoisia. Halutessasi palauttaa tai vaihtaa tuotteita, ota ensin yhteytt\u00e4 verkkokauppaan ja kysy palautusohjeita. Liit\u00e4th\u00e4n palautukseen mukaan nimesi, yhteystietosi sek\u00e4 tilinumerosi mahdollista maksunpalautusta varten.<\/p>\n<p><em>Tilauksen peruuttaminen, virhevastuu ja reklamaatiot<\/em><\/p>\n<p>Ennen tilauksen toimitusta tilauksen voi peruuttaa kirjallisella ilmoituksella s\u00e4hk\u00f6postitse.<\/p>\n<p>Verkkokaupalla on lakis\u00e4\u00e4teinen virhevastuu myydyist\u00e4 tuotteista. Reklamaatiotapauksissa pyyd\u00e4mme olemaan yhteydess\u00e4 asiakaspalveluumme. Kuluttajalla on oikeus vied\u00e4 mahdolliset riitatilanteet kuluttajariitalautakunnan ratkaistavaksi.<\/p>\n<\/div>\n<\/div>\n<\/div>\n","protected":false},"excerpt":{"rendered":"<p>Toimitusehdot Parttio Workwear Opy\u00a0 1267228-5 S\u00e4hk\u00f6posti: parttioworkwear@hotmail.com Puhelin: 040 000 0000 Postiosoite: Vihrel\u00e4nkuja 15, 96500 Napalaakso Pid\u00e4t\u00e4mme oikeuden toimitusehtojen ja hintojen muutoksiin. Tuotteiden hinnat sis\u00e4lt\u00e4v\u00e4t arvonlis\u00e4veron. Tilaaminen Tilattavat tuotteet valitaan kotisivuilla lis\u00e4\u00e4m\u00e4ll\u00e4 ne ostoskoriin. Tilaus l\u00e4hetet\u00e4\u00e4n maksamalla ostoskorin sis\u00e4lt\u00f6 verkkokaupan kassatoiminnossa. Tehdess\u00e4si tilauksen hyv\u00e4ksyt n\u00e4m\u00e4 toimitusehdot, tuotteiden hinnat sek\u00e4 toimituskulut. Mik\u00e4li tilaushetkell\u00e4 annetaan s\u00e4hk\u00f6postiosoite, tilauksesta [&hellip;]<\/p>\n","protected":false},"author":3980,"featured_media":0,"parent":0,"menu_order":0,"comment_status":"closed","ping_status":"closed","template":"","meta":{"footnotes":""},"class_list":["post-145","page","type-page","status-publish","hentry"],"_links":{"self":[{"href":"https:\/\/blogi.eoppimispalvelut.fi\/parttioworkwear\/wp-json\/wp\/v2\/pages\/145","targetHints":{"allow":["GET"]}}],"collection":[{"href":"https:\/\/blogi.eoppimispalvelut.fi\/parttioworkwear\/wp-json\/wp\/v2\/pages"}],"about":[{"href":"https:\/\/blogi.eoppimispalvelut.fi\/parttioworkwear\/wp-json\/wp\/v2\/types\/page"}],"author":[{"embeddable":true,"href":"https:\/\/blogi.eoppimispalvelut.fi\/parttioworkwear\/wp-json\/wp\/v2\/users\/3980"}],"replies":[{"embeddable":true,"href":"https:\/\/blogi.eoppimispalvelut.fi\/parttioworkwear\/wp-json\/wp\/v2\/comments?post=145"}],"version-history":[{"count":7,"href":"https:\/\/blogi.eoppimispalvelut.fi\/parttioworkwear\/wp-json\/wp\/v2\/pages\/145\/revisions"}],"predecessor-version":[{"id":238,"href":"https:\/\/blogi.eoppimispalvelut.fi\/parttioworkwear\/wp-json\/wp\/v2\/pages\/145\/revisions\/238"}],"wp:attachment":[{"href":"https:\/\/blogi.eoppimispalvelut.fi\/parttioworkwear\/wp-json\/wp\/v2\/media?parent=145"}],"curies":[{"name":"wp","href":"https:\/\/api.w.org\/{rel}","templated":true}]}}