{"id":20,"date":"2019-11-14T09:54:30","date_gmt":"2019-11-14T07:54:30","guid":{"rendered":"https:\/\/blogi.eoppimispalvelut.fi\/parttioworkwear\/?page_id=20"},"modified":"2020-01-31T10:07:01","modified_gmt":"2020-01-31T08:07:01","slug":"tuotteet","status":"publish","type":"page","link":"https:\/\/blogi.eoppimispalvelut.fi\/parttioworkwear\/tuotteet\/","title":{"rendered":"Tietoa meist\u00e4"},"content":{"rendered":"<p><em><strong>Helpotamme ty\u00f6ntekoasi joustavilla, mukavilla ja turvallisilla ty\u00f6asuillamme.\u00a0<\/strong><\/em><\/p>\n<p>Yrityksemme Parttio Workwear Opy on 2019 vuonna perustettu uusi yritys.\u00a0 Tavoitteemme on tarjota teille laadukaita ja mukavia ty\u00f6vaatteita, jotka ovat valmistettu Suomessa ja toimia j\u00e4lleenmyyj\u00e4n\u00e4 muiden huippumerkkien osalta. Myymme tuotteita p\u00e4\u00e4s\u00e4\u00e4nt\u00f6isesti verkkokaupassa, mutta tarjoamme my\u00f6s mahdollisuuden asioida kivijalkamyym\u00e4l\u00e4ss\u00e4mme (Vihrel\u00e4nkuja 15, 95600 Napalaakso).<\/p>\n<p>Asiakkaillamme on my\u00f6s mahdollista meill\u00e4 suunnitella omia ty\u00f6vaatteita suunnitteluohjelman kautta, jossa p\u00e4\u00e4sette vaikuttamaan ty\u00f6vaatteiden mm. v\u00e4reihin ja kuvioihin.<\/p>\n<p><em><strong>Vastuullista toimintaa<\/strong><\/em><\/p>\n<p>Yrityksess\u00e4mme on t\u00e4rke\u00e4\u00e4 tuotteiden materiaalit ja valmistusprosessi, joissa kiinnit\u00e4mme huomion vastuullisuuteen. Tuotteidemme materiaalit ovat kotimaisia ja valmistus tehd\u00e4\u00e4n mahdollisimman ymp\u00e4rist\u00f6yst\u00e4v\u00e4llisesti.<\/p>\n<p><em><strong>Parttio br\u00e4ndi<\/strong><\/em><\/p>\n<p>Tavoitteenamme on luoda luotettava ja kotimainen ty\u00f6vaate br\u00e4ndi, jossa keskitymme palvelu- ja hyvinvointialojen vaatettamiseen ja turvallisuuteen tarjoamiemme ty\u00f6vaatteiden ja kerrastojen avulla.<\/p>\n<p><b>Visiomme<\/b>\u00a0on\u00a0olla tulevaisuudessa maan johtavin ty\u00f6vaatteiden valmistaja.\u00a0 Avaamalla\u00a0showroomeja\u00a0useammalle paikkakunnalle p\u00e4\u00e4semme l\u00e4hemm\u00e4s asiakasta ja pystymme paremmin vastaamaan asiakkaan tarpeisiin. Luomme imagon laadukkaista, kest\u00e4vist\u00e4 ja ymp\u00e4rist\u00f6arvot t\u00e4ytt\u00e4vist\u00e4 tuotteista. Br\u00e4nd\u00e4yksen my\u00f6t\u00e4 tavoittelemme my\u00f6s maailmanmarkkinoita.<\/p>\n<p><b>Missiomme<\/b>\u00a0on\u00a0tuoda\u00a0markkinoille turvallisia, k\u00e4yt\u00e4nn\u00f6llisi\u00e4 ja moderneja ty\u00f6vaatteita ja asusteita. Haluamme vastata muuttuvan ty\u00f6el\u00e4m\u00e4n tarpeisiin ja kehitt\u00e4\u00e4 toimivampia ja turvallisempia ty\u00f6vaatteita. Tavoitteemme on luoda maailmanlaajuinen br\u00e4ndi.<\/p>\n<p>Parttio Workwear Opy:n\u00a0<b>strategiana<\/b>\u00a0on\u00a0tarjota\u00a0kokonaisvaltainen\u00a0ja\u00a0laadukas valikoima\u00a0ty\u00f6vaatteita oman malliston lis\u00e4ksi toimimalla j\u00e4lleenmyyj\u00e4n\u00e4 luotettaville ty\u00f6vaatteiden valmistajille. Omaan mallistoon tulee kuulumaan palvelu- ja hyvinvointialoille suunnatut vaatteet sek\u00e4 tekniset kerrastot. Kuuntelemalla asiakkaiden tarpeita ja toiveita sek\u00e4 pysytellen jatkuvasti ajanhermolla markkinoita tunnustellen pystymme tarjoamaan innovatiivisia, laadukkaita ja kest\u00e4vi\u00e4 ty\u00f6vaatteita. Panostamme laadunvalvontaan, niin ty\u00f6ss\u00e4 kuin materiaalien osalta sek\u00e4 jatkuvaan tuotekehittelyyn pyrimme reagoimaan nopeasti erilaisiin muutostarpeisiin. Ty\u00f6vaatteiden kokonaiskustannukset ovat kohtuulliset materiaalien pitk\u00e4\u00e4n k\u00e4ytt\u00f6ik\u00e4\u00e4n verrattuna. Ymp\u00e4rist\u00f6yst\u00e4v\u00e4lliset tuotantotavat ovat meille arvo asia.<\/p>\n","protected":false},"excerpt":{"rendered":"<p>Helpotamme ty\u00f6ntekoasi joustavilla, mukavilla ja turvallisilla ty\u00f6asuillamme.\u00a0 Yrityksemme Parttio Workwear Opy on 2019 vuonna perustettu uusi yritys.\u00a0 Tavoitteemme on tarjota teille laadukaita ja mukavia ty\u00f6vaatteita, jotka ovat valmistettu Suomessa ja toimia j\u00e4lleenmyyj\u00e4n\u00e4 muiden huippumerkkien osalta. Myymme tuotteita p\u00e4\u00e4s\u00e4\u00e4nt\u00f6isesti verkkokaupassa, mutta tarjoamme my\u00f6s mahdollisuuden asioida kivijalkamyym\u00e4l\u00e4ss\u00e4mme (Vihrel\u00e4nkuja 15, 95600 Napalaakso). Asiakkaillamme on my\u00f6s mahdollista meill\u00e4 suunnitella [&hellip;]<\/p>\n","protected":false},"author":3978,"featured_media":0,"parent":0,"menu_order":0,"comment_status":"closed","ping_status":"closed","template":"","meta":{"footnotes":""},"class_list":["post-20","page","type-page","status-publish","hentry"],"_links":{"self":[{"href":"https:\/\/blogi.eoppimispalvelut.fi\/parttioworkwear\/wp-json\/wp\/v2\/pages\/20","targetHints":{"allow":["GET"]}}],"collection":[{"href":"https:\/\/blogi.eoppimispalvelut.fi\/parttioworkwear\/wp-json\/wp\/v2\/pages"}],"about":[{"href":"https:\/\/blogi.eoppimispalvelut.fi\/parttioworkwear\/wp-json\/wp\/v2\/types\/page"}],"author":[{"embeddable":true,"href":"https:\/\/blogi.eoppimispalvelut.fi\/parttioworkwear\/wp-json\/wp\/v2\/users\/3978"}],"replies":[{"embeddable":true,"href":"https:\/\/blogi.eoppimispalvelut.fi\/parttioworkwear\/wp-json\/wp\/v2\/comments?post=20"}],"version-history":[{"count":15,"href":"https:\/\/blogi.eoppimispalvelut.fi\/parttioworkwear\/wp-json\/wp\/v2\/pages\/20\/revisions"}],"predecessor-version":[{"id":240,"href":"https:\/\/blogi.eoppimispalvelut.fi\/parttioworkwear\/wp-json\/wp\/v2\/pages\/20\/revisions\/240"}],"wp:attachment":[{"href":"https:\/\/blogi.eoppimispalvelut.fi\/parttioworkwear\/wp-json\/wp\/v2\/media?parent=20"}],"curies":[{"name":"wp","href":"https:\/\/api.w.org\/{rel}","templated":true}]}}