{"id":26,"date":"2019-11-14T09:55:21","date_gmt":"2019-11-14T07:55:21","guid":{"rendered":"https:\/\/blogi.eoppimispalvelut.fi\/parttioworkwear\/?page_id=26"},"modified":"2019-11-26T09:16:17","modified_gmt":"2019-11-26T07:16:17","slug":"tuotteet-2","status":"publish","type":"page","link":"https:\/\/blogi.eoppimispalvelut.fi\/parttioworkwear\/tuotteet-2\/","title":{"rendered":"Tuotteet"},"content":{"rendered":"<p>Valikoimastamme l\u00f6yd\u00e4tte ty\u00f6takkeja ja -housuja teollisuus- ja rakennusaloille, ty\u00f6suojaimia, jalkineita sek\u00e4 Parttio-malliston ty\u00f6vaatteita ravintola- ja hoiva-aloille sek\u00e4 kerrastoja.<\/p>\n<p>Tarjoamme k\u00e4ytt\u00f6\u00f6nne suunnitteluohjelmamme, jonka avulla Parttio-malliston vaatteiden r\u00e4\u00e4t\u00e4l\u00f6inti on helppoa.\u00a0 <span class=\"TextRun SCXW82137013 BCX2\" lang=\"FI-FI\" xml:lang=\"FI-FI\" data-contrast=\"auto\"><span class=\"NormalTextRun SCXW82137013 BCX2\">Ohjelmassa p\u00e4\u00e4sette kokeilemaan valmiin vaatteen kuvaan erilaisia v\u00e4ri ja kuosi variaatioita, muutellen esimerkiksi kauluksen tai taskujen v\u00e4rej\u00e4 sek\u00e4 kuoseja.<\/span><\/span><\/p>\n","protected":false},"excerpt":{"rendered":"<p>Valikoimastamme l\u00f6yd\u00e4tte ty\u00f6takkeja ja -housuja teollisuus- ja rakennusaloille, ty\u00f6suojaimia, jalkineita sek\u00e4 Parttio-malliston ty\u00f6vaatteita ravintola- ja hoiva-aloille sek\u00e4 kerrastoja. Tarjoamme k\u00e4ytt\u00f6\u00f6nne suunnitteluohjelmamme, jonka avulla Parttio-malliston vaatteiden r\u00e4\u00e4t\u00e4l\u00f6inti on helppoa.\u00a0 Ohjelmassa p\u00e4\u00e4sette kokeilemaan valmiin vaatteen kuvaan erilaisia v\u00e4ri ja kuosi variaatioita, muutellen esimerkiksi kauluksen tai taskujen v\u00e4rej\u00e4 sek\u00e4 kuoseja.<\/p>\n","protected":false},"author":3978,"featured_media":0,"parent":0,"menu_order":0,"comment_status":"closed","ping_status":"closed","template":"","meta":{"footnotes":""},"class_list":["post-26","page","type-page","status-publish","hentry"],"_links":{"self":[{"href":"https:\/\/blogi.eoppimispalvelut.fi\/parttioworkwear\/wp-json\/wp\/v2\/pages\/26","targetHints":{"allow":["GET"]}}],"collection":[{"href":"https:\/\/blogi.eoppimispalvelut.fi\/parttioworkwear\/wp-json\/wp\/v2\/pages"}],"about":[{"href":"https:\/\/blogi.eoppimispalvelut.fi\/parttioworkwear\/wp-json\/wp\/v2\/types\/page"}],"author":[{"embeddable":true,"href":"https:\/\/blogi.eoppimispalvelut.fi\/parttioworkwear\/wp-json\/wp\/v2\/users\/3978"}],"replies":[{"embeddable":true,"href":"https:\/\/blogi.eoppimispalvelut.fi\/parttioworkwear\/wp-json\/wp\/v2\/comments?post=26"}],"version-history":[{"count":10,"href":"https:\/\/blogi.eoppimispalvelut.fi\/parttioworkwear\/wp-json\/wp\/v2\/pages\/26\/revisions"}],"predecessor-version":[{"id":165,"href":"https:\/\/blogi.eoppimispalvelut.fi\/parttioworkwear\/wp-json\/wp\/v2\/pages\/26\/revisions\/165"}],"wp:attachment":[{"href":"https:\/\/blogi.eoppimispalvelut.fi\/parttioworkwear\/wp-json\/wp\/v2\/media?parent=26"}],"curies":[{"name":"wp","href":"https:\/\/api.w.org\/{rel}","templated":true}]}}