{"id":28,"date":"2019-11-14T09:56:09","date_gmt":"2019-11-14T07:56:09","guid":{"rendered":"https:\/\/blogi.eoppimispalvelut.fi\/parttioworkwear\/?page_id=28"},"modified":"2020-01-31T10:02:40","modified_gmt":"2020-01-31T08:02:40","slug":"yhteystiedot","status":"publish","type":"page","link":"https:\/\/blogi.eoppimispalvelut.fi\/parttioworkwear\/yhteystiedot\/","title":{"rendered":"Yhteystiedot"},"content":{"rendered":"<p style=\"text-align: left\">Myym\u00e4l\u00e4n osoite: Vihrel\u00e4nkuja 15, 95600 Napalaakso<\/p>\n<p>Aukioloajat:<br \/>\nma-pe 9-18<br \/>\nla 10-17<br \/>\nsu 12-17<\/p>\n<p>Puh. 040 000 0000<\/p>\n<p>Asiakaspalvelu: parttioworkwear@hotmail.com<br \/>\netunimi.sukunimi@hotmail.com<\/p>\n<p>Toimitusjohtaja\/Talousvastaava<br \/>\nJoonas M\u00e4kel\u00e4, puh. 040 100 0000<\/p>\n<p>Talousvastaava<br \/>\nAtte Siltakoski, puh. 040 200 0000<\/p>\n<p>Markkinointivastaava<br \/>\nHannele Leskel\u00e4, puh. 040 300 0000<\/p>\n<p>Markkinointivastaava<br \/>\nNoora Piirainen, puh. 040 400 0000<\/p>\n<p>Hankintavastaava<br \/>\nTaina Lankila, puh. 040 500 0000<\/p>\n<p>Hankintavastaava<br \/>\nPinja Varonen, puh. 040 600 000<\/p>\n","protected":false},"excerpt":{"rendered":"<p>Myym\u00e4l\u00e4n osoite: Vihrel\u00e4nkuja 15, 95600 Napalaakso Aukioloajat: ma-pe 9-18 la 10-17 su 12-17 Puh. 040 000 0000 Asiakaspalvelu: parttioworkwear@hotmail.com etunimi.sukunimi@hotmail.com Toimitusjohtaja\/Talousvastaava Joonas M\u00e4kel\u00e4, puh. 040 100 0000 Talousvastaava Atte Siltakoski, puh. 040 200 0000 Markkinointivastaava Hannele Leskel\u00e4, puh. 040 300 0000 Markkinointivastaava Noora Piirainen, puh. 040 400 0000 Hankintavastaava Taina Lankila, puh. 040 500 0000 [&hellip;]<\/p>\n","protected":false},"author":3978,"featured_media":0,"parent":0,"menu_order":0,"comment_status":"closed","ping_status":"closed","template":"","meta":{"footnotes":""},"class_list":["post-28","page","type-page","status-publish","hentry"],"_links":{"self":[{"href":"https:\/\/blogi.eoppimispalvelut.fi\/parttioworkwear\/wp-json\/wp\/v2\/pages\/28","targetHints":{"allow":["GET"]}}],"collection":[{"href":"https:\/\/blogi.eoppimispalvelut.fi\/parttioworkwear\/wp-json\/wp\/v2\/pages"}],"about":[{"href":"https:\/\/blogi.eoppimispalvelut.fi\/parttioworkwear\/wp-json\/wp\/v2\/types\/page"}],"author":[{"embeddable":true,"href":"https:\/\/blogi.eoppimispalvelut.fi\/parttioworkwear\/wp-json\/wp\/v2\/users\/3978"}],"replies":[{"embeddable":true,"href":"https:\/\/blogi.eoppimispalvelut.fi\/parttioworkwear\/wp-json\/wp\/v2\/comments?post=28"}],"version-history":[{"count":14,"href":"https:\/\/blogi.eoppimispalvelut.fi\/parttioworkwear\/wp-json\/wp\/v2\/pages\/28\/revisions"}],"predecessor-version":[{"id":234,"href":"https:\/\/blogi.eoppimispalvelut.fi\/parttioworkwear\/wp-json\/wp\/v2\/pages\/28\/revisions\/234"}],"wp:attachment":[{"href":"https:\/\/blogi.eoppimispalvelut.fi\/parttioworkwear\/wp-json\/wp\/v2\/media?parent=28"}],"curies":[{"name":"wp","href":"https:\/\/api.w.org\/{rel}","templated":true}]}}