{"id":75,"date":"2019-11-14T10:27:39","date_gmt":"2019-11-14T08:27:39","guid":{"rendered":"https:\/\/blogi.eoppimispalvelut.fi\/parttioworkwear\/?page_id=75"},"modified":"2020-01-31T10:04:38","modified_gmt":"2020-01-31T08:04:38","slug":"etusivu","status":"publish","type":"page","link":"https:\/\/blogi.eoppimispalvelut.fi\/parttioworkwear\/","title":{"rendered":"Etusivu"},"content":{"rendered":"<p><strong>Parttio Workwearilta mukavat, joustavat, kest\u00e4v\u00e4t ja turvalliset ty\u00f6vaatteet!<\/strong><\/p>\n<p>Verkkokaupastamme l\u00f6yd\u00e4t ty\u00f6vaatteita rakennus- ja teollisuusaloille sek\u00e4 ravintola- ja hoiva-aloille. Tuotteissamme n\u00e4kyv\u00e4t lappilaiset innovaatiot yhdistettyn\u00e4 k\u00e4ytt\u00f6mukavuuteen.<\/p>\n<p>Mik\u00e4li ette l\u00f6yd\u00e4 mieleist\u00e4nne tuotetta tai olette ep\u00e4varmoja tuotteen sopivuudesta, voitte ottaa meihin yhteytt\u00e4 tarjouspyynt\u00f6lomakkeen kautta. Lomakkeen t\u00e4ytt\u00e4minen ei sido Teit\u00e4 mihink\u00e4\u00e4n.<\/p>\n<p>Nettikaupan lis\u00e4ksi l\u00f6yd\u00e4tte meid\u00e4t kivijalkamyym\u00e4l\u00e4st\u00e4mme sek\u00e4 showroomeista, joita meill\u00e4 on jo 15 eri paikkakunnalla.<\/p>\n<p>Ekologisuus on meille syd\u00e4men asia ja k\u00e4yt\u00e4mme pitk\u00e4lti lappilaisten yritysten palveluita. Lis\u00e4ksi voitte tuoda k\u00e4ytetyt ty\u00f6vaatteet kivijalkamyym\u00e4l\u00e4\u00e4mme kierr\u00e4tett\u00e4v\u00e4ksi. Palauttaessanne kierr\u00e4tett\u00e4v\u00e4ksi takit, housut tai haalarit, saatte -10% alennusta seuraavasta ostoksestanne.<\/p>\n<p><strong>Tervetuloa ostoksille!<\/strong><\/p>\n","protected":false},"excerpt":{"rendered":"<p>Parttio Workwearilta mukavat, joustavat, kest\u00e4v\u00e4t ja turvalliset ty\u00f6vaatteet! Verkkokaupastamme l\u00f6yd\u00e4t ty\u00f6vaatteita rakennus- ja teollisuusaloille sek\u00e4 ravintola- ja hoiva-aloille. Tuotteissamme n\u00e4kyv\u00e4t lappilaiset innovaatiot yhdistettyn\u00e4 k\u00e4ytt\u00f6mukavuuteen. Mik\u00e4li ette l\u00f6yd\u00e4 mieleist\u00e4nne tuotetta tai olette ep\u00e4varmoja tuotteen sopivuudesta, voitte ottaa meihin yhteytt\u00e4 tarjouspyynt\u00f6lomakkeen kautta. Lomakkeen t\u00e4ytt\u00e4minen ei sido Teit\u00e4 mihink\u00e4\u00e4n. Nettikaupan lis\u00e4ksi l\u00f6yd\u00e4tte meid\u00e4t kivijalkamyym\u00e4l\u00e4st\u00e4mme sek\u00e4 showroomeista, joita meill\u00e4 [&hellip;]<\/p>\n","protected":false},"author":3978,"featured_media":0,"parent":0,"menu_order":0,"comment_status":"closed","ping_status":"closed","template":"","meta":{"footnotes":""},"class_list":["post-75","page","type-page","status-publish","hentry"],"_links":{"self":[{"href":"https:\/\/blogi.eoppimispalvelut.fi\/parttioworkwear\/wp-json\/wp\/v2\/pages\/75","targetHints":{"allow":["GET"]}}],"collection":[{"href":"https:\/\/blogi.eoppimispalvelut.fi\/parttioworkwear\/wp-json\/wp\/v2\/pages"}],"about":[{"href":"https:\/\/blogi.eoppimispalvelut.fi\/parttioworkwear\/wp-json\/wp\/v2\/types\/page"}],"author":[{"embeddable":true,"href":"https:\/\/blogi.eoppimispalvelut.fi\/parttioworkwear\/wp-json\/wp\/v2\/users\/3978"}],"replies":[{"embeddable":true,"href":"https:\/\/blogi.eoppimispalvelut.fi\/parttioworkwear\/wp-json\/wp\/v2\/comments?post=75"}],"version-history":[{"count":6,"href":"https:\/\/blogi.eoppimispalvelut.fi\/parttioworkwear\/wp-json\/wp\/v2\/pages\/75\/revisions"}],"predecessor-version":[{"id":236,"href":"https:\/\/blogi.eoppimispalvelut.fi\/parttioworkwear\/wp-json\/wp\/v2\/pages\/75\/revisions\/236"}],"wp:attachment":[{"href":"https:\/\/blogi.eoppimispalvelut.fi\/parttioworkwear\/wp-json\/wp\/v2\/media?parent=75"}],"curies":[{"name":"wp","href":"https:\/\/api.w.org\/{rel}","templated":true}]}}