{"id":34,"date":"2020-11-22T14:14:55","date_gmt":"2020-11-22T12:14:55","guid":{"rendered":"https:\/\/blogi.eoppimispalvelut.fi\/pekkakakkonen\/?post_type=product&#038;p=34"},"modified":"2020-12-07T09:46:35","modified_gmt":"2020-12-07T07:46:35","slug":"innovaation-arviointi","status":"publish","type":"product","link":"https:\/\/blogi.eoppimispalvelut.fi\/pekkakakkonen\/product\/innovaation-arviointi\/","title":{"rendered":"Innovaation arviointi"},"content":{"rendered":"<p>Uuden tuotteen tai palvelun arviointi, nimenomaan tuotteen tai palvelun uutuuden arviointi erilaisten ty\u00f6kalujen avulla. Alustava markkinointisuunnitelma sen perusteella mihin tuote sijoittuu innovaation jatkuvuus-asteikolla. Tarkastellaan, onko kyseess\u00e4 jatkuva innovaatio vai ep\u00e4jatkuva innovaatio. Innovaatiota kuvataan my\u00f6s sen aiheuttaman distruption kautta. Innovaation ep\u00e4jatkuvuuden aste vaikuttaa siihen, miten sit\u00e4 tulisi myyd\u00e4 ja markkinoida. PIENI MUUTOS<\/p>\n","protected":false},"excerpt":{"rendered":"<p>Uuden tuotteen tai palvelun arviointi, nimenomaan tuotteen tai palvelun uutuuden arviointi erilaisten ty\u00f6kalujen avulla. Alustava markkinointisuunnitelma sen perusteella mihin tuote sijoittuu innovaation jatkuvuus-asteikolla. Tarkastellaan, onko kyseess\u00e4 jatkuva innovaatio vai ep\u00e4jatkuva innovaatio. Innovaatiota kuvataan my\u00f6s sen aiheuttaman distruption kautta. Innovaation ep\u00e4jatkuvuuden aste vaikuttaa siihen, miten sit\u00e4 tulisi myyd\u00e4 ja markkinoida. PIENI MUUTOS<\/p>\n","protected":false},"featured_media":0,"comment_status":"open","ping_status":"closed","template":"","meta":{"content-type":"","_monsterinsights_skip_tracking":false,"_monsterinsights_sitenote_active":false,"_monsterinsights_sitenote_note":"","_monsterinsights_sitenote_category":0},"product_brand":[],"product_cat":[698128],"product_tag":[],"class_list":{"0":"post-34","1":"product","2":"type-product","3":"status-publish","5":"product_cat-innovaatiot","7":"first","8":"instock","9":"taxable","10":"shipping-taxable","11":"product-type-simple"},"yoast_head":"<!-- This site is optimized with the Yoast SEO plugin v27.1.1 - https:\/\/yoast.com\/product\/yoast-seo-wordpress\/ -->\n<title>Innovaation arviointi - Startup Consulting<\/title>\n<meta name=\"description\" content=\"Innovaation ep\u00e4jatkuvuuden aste. Onko tuote tai palveluinnovaatio radikaali, arkkitehtuuri PARI SANAA\" \/>\n<meta name=\"robots\" content=\"index, follow, max-snippet:-1, max-image-preview:large, max-video-preview:-1\" \/>\n<link rel=\"canonical\" href=\"https:\/\/blogi.eoppimispalvelut.fi\/pekkakakkonen\/product\/innovaation-arviointi\/\" \/>\n<meta property=\"og:locale\" content=\"fi_FI\" \/>\n<meta property=\"og:type\" content=\"article\" \/>\n<meta property=\"og:title\" content=\"Innovaation arviointi - Startup Consulting\" \/>\n<meta property=\"og:description\" content=\"Innovaation ep\u00e4jatkuvuuden aste. Onko tuote tai palveluinnovaatio radikaali, arkkitehtuuri PARI SANAA\" \/>\n<meta property=\"og:url\" content=\"https:\/\/blogi.eoppimispalvelut.fi\/pekkakakkonen\/product\/innovaation-arviointi\/\" \/>\n<meta property=\"og:site_name\" content=\"Startup Consulting\" \/>\n<meta property=\"article:modified_time\" content=\"2020-12-07T07:46:35+00:00\" \/>\n<meta name=\"twitter:card\" content=\"summary_large_image\" \/>\n<script type=\"application\/ld+json\" class=\"yoast-schema-graph\">{\"@context\":\"https:\/\/schema.org\",\"@graph\":[{\"@type\":\"WebPage\",\"@id\":\"https:\/\/blogi.eoppimispalvelut.fi\/pekkakakkonen\/product\/innovaation-arviointi\/\",\"url\":\"https:\/\/blogi.eoppimispalvelut.fi\/pekkakakkonen\/product\/innovaation-arviointi\/\",\"name\":\"Innovaation arviointi - Startup Consulting\",\"isPartOf\":{\"@id\":\"https:\/\/blogi.eoppimispalvelut.fi\/pekkakakkonen\/#website\"},\"datePublished\":\"2020-11-22T12:14:55+00:00\",\"dateModified\":\"2020-12-07T07:46:35+00:00\",\"description\":\"Innovaation ep\u00e4jatkuvuuden aste. Onko tuote tai palveluinnovaatio radikaali, arkkitehtuuri PARI SANAA\",\"breadcrumb\":{\"@id\":\"https:\/\/blogi.eoppimispalvelut.fi\/pekkakakkonen\/product\/innovaation-arviointi\/#breadcrumb\"},\"inLanguage\":\"fi\",\"potentialAction\":[{\"@type\":\"ReadAction\",\"target\":[\"https:\/\/blogi.eoppimispalvelut.fi\/pekkakakkonen\/product\/innovaation-arviointi\/\"]}]},{\"@type\":\"BreadcrumbList\",\"@id\":\"https:\/\/blogi.eoppimispalvelut.fi\/pekkakakkonen\/product\/innovaation-arviointi\/#breadcrumb\",\"itemListElement\":[{\"@type\":\"ListItem\",\"position\":1,\"name\":\"Home\",\"item\":\"https:\/\/blogi.eoppimispalvelut.fi\/pekkakakkonen\/\"},{\"@type\":\"ListItem\",\"position\":2,\"name\":\"Shop\",\"item\":\"https:\/\/blogi.eoppimispalvelut.fi\/pekkakakkonen\/shop\/\"},{\"@type\":\"ListItem\",\"position\":3,\"name\":\"Innovaation arviointi\"}]},{\"@type\":\"WebSite\",\"@id\":\"https:\/\/blogi.eoppimispalvelut.fi\/pekkakakkonen\/#website\",\"url\":\"https:\/\/blogi.eoppimispalvelut.fi\/pekkakakkonen\/\",\"name\":\"Startup Consulting\",\"description\":\"Uusi eOppimispalvelut.fi Blogs -sivusto\",\"potentialAction\":[{\"@type\":\"SearchAction\",\"target\":{\"@type\":\"EntryPoint\",\"urlTemplate\":\"https:\/\/blogi.eoppimispalvelut.fi\/pekkakakkonen\/?s={search_term_string}\"},\"query-input\":{\"@type\":\"PropertyValueSpecification\",\"valueRequired\":true,\"valueName\":\"search_term_string\"}}],\"inLanguage\":\"fi\"}]}<\/script>\n<!-- \/ Yoast SEO plugin. -->","yoast_head_json":{"title":"Innovaation arviointi - Startup Consulting","description":"Innovaation ep\u00e4jatkuvuuden aste. Onko tuote tai palveluinnovaatio radikaali, arkkitehtuuri PARI SANAA","robots":{"index":"index","follow":"follow","max-snippet":"max-snippet:-1","max-image-preview":"max-image-preview:large","max-video-preview":"max-video-preview:-1"},"canonical":"https:\/\/blogi.eoppimispalvelut.fi\/pekkakakkonen\/product\/innovaation-arviointi\/","og_locale":"fi_FI","og_type":"article","og_title":"Innovaation arviointi - Startup Consulting","og_description":"Innovaation ep\u00e4jatkuvuuden aste. Onko tuote tai palveluinnovaatio radikaali, arkkitehtuuri PARI SANAA","og_url":"https:\/\/blogi.eoppimispalvelut.fi\/pekkakakkonen\/product\/innovaation-arviointi\/","og_site_name":"Startup Consulting","article_modified_time":"2020-12-07T07:46:35+00:00","twitter_card":"summary_large_image","schema":{"@context":"https:\/\/schema.org","@graph":[{"@type":"WebPage","@id":"https:\/\/blogi.eoppimispalvelut.fi\/pekkakakkonen\/product\/innovaation-arviointi\/","url":"https:\/\/blogi.eoppimispalvelut.fi\/pekkakakkonen\/product\/innovaation-arviointi\/","name":"Innovaation arviointi - Startup Consulting","isPartOf":{"@id":"https:\/\/blogi.eoppimispalvelut.fi\/pekkakakkonen\/#website"},"datePublished":"2020-11-22T12:14:55+00:00","dateModified":"2020-12-07T07:46:35+00:00","description":"Innovaation ep\u00e4jatkuvuuden aste. Onko tuote tai palveluinnovaatio radikaali, arkkitehtuuri PARI SANAA","breadcrumb":{"@id":"https:\/\/blogi.eoppimispalvelut.fi\/pekkakakkonen\/product\/innovaation-arviointi\/#breadcrumb"},"inLanguage":"fi","potentialAction":[{"@type":"ReadAction","target":["https:\/\/blogi.eoppimispalvelut.fi\/pekkakakkonen\/product\/innovaation-arviointi\/"]}]},{"@type":"BreadcrumbList","@id":"https:\/\/blogi.eoppimispalvelut.fi\/pekkakakkonen\/product\/innovaation-arviointi\/#breadcrumb","itemListElement":[{"@type":"ListItem","position":1,"name":"Home","item":"https:\/\/blogi.eoppimispalvelut.fi\/pekkakakkonen\/"},{"@type":"ListItem","position":2,"name":"Shop","item":"https:\/\/blogi.eoppimispalvelut.fi\/pekkakakkonen\/shop\/"},{"@type":"ListItem","position":3,"name":"Innovaation arviointi"}]},{"@type":"WebSite","@id":"https:\/\/blogi.eoppimispalvelut.fi\/pekkakakkonen\/#website","url":"https:\/\/blogi.eoppimispalvelut.fi\/pekkakakkonen\/","name":"Startup Consulting","description":"Uusi eOppimispalvelut.fi Blogs -sivusto","potentialAction":[{"@type":"SearchAction","target":{"@type":"EntryPoint","urlTemplate":"https:\/\/blogi.eoppimispalvelut.fi\/pekkakakkonen\/?s={search_term_string}"},"query-input":{"@type":"PropertyValueSpecification","valueRequired":true,"valueName":"search_term_string"}}],"inLanguage":"fi"}]}},"_links":{"self":[{"href":"https:\/\/blogi.eoppimispalvelut.fi\/pekkakakkonen\/wp-json\/wp\/v2\/product\/34","targetHints":{"allow":["GET"]}}],"collection":[{"href":"https:\/\/blogi.eoppimispalvelut.fi\/pekkakakkonen\/wp-json\/wp\/v2\/product"}],"about":[{"href":"https:\/\/blogi.eoppimispalvelut.fi\/pekkakakkonen\/wp-json\/wp\/v2\/types\/product"}],"replies":[{"embeddable":true,"href":"https:\/\/blogi.eoppimispalvelut.fi\/pekkakakkonen\/wp-json\/wp\/v2\/comments?post=34"}],"wp:attachment":[{"href":"https:\/\/blogi.eoppimispalvelut.fi\/pekkakakkonen\/wp-json\/wp\/v2\/media?parent=34"}],"wp:term":[{"taxonomy":"product_brand","embeddable":true,"href":"https:\/\/blogi.eoppimispalvelut.fi\/pekkakakkonen\/wp-json\/wp\/v2\/product_brand?post=34"},{"taxonomy":"product_cat","embeddable":true,"href":"https:\/\/blogi.eoppimispalvelut.fi\/pekkakakkonen\/wp-json\/wp\/v2\/product_cat?post=34"},{"taxonomy":"product_tag","embeddable":true,"href":"https:\/\/blogi.eoppimispalvelut.fi\/pekkakakkonen\/wp-json\/wp\/v2\/product_tag?post=34"}],"curies":[{"name":"wp","href":"https:\/\/api.w.org\/{rel}","templated":true}]}}