{"id":1025,"date":"2020-03-11T08:45:30","date_gmt":"2020-03-11T06:45:30","guid":{"rendered":"https:\/\/blogi.eoppimispalvelut.fi\/peppi-ohjeet\/?page_id=1025"},"modified":"2024-08-07T15:46:49","modified_gmt":"2024-08-07T12:46:49","slug":"opintojakson-luonti","status":"publish","type":"page","link":"https:\/\/blogi.eoppimispalvelut.fi\/peppi-ohjeet\/opetus_ohjaus\/arviointi-2\/opintojakson-luonti\/","title":{"rendered":"Henkil\u00f6kohtaisen opintojakson lis\u00e4\u00e4minen HOPSiin ja sen arviointi"},"content":{"rendered":"<p>Katso <a href=\"https:\/\/youtu.be\/oWdHTtEIBMk\" target=\"_blank\" rel=\"noopener noreferrer\">video<\/a> (tekstityksen saa p\u00e4\u00e4lle [cc]-painikkeesta).<\/p>\n<p>Opettajalla\/opinto-ohjaajalla on mahdollisuus lis\u00e4t\u00e4 opiskelijalle henkil\u00f6kohtainen opintojakso HOPSille esimerkiksi silloin, kun opiskelija tekee tutkintoonsa liittyvi\u00e4 opintoja, joille ei ole opetustarjonnassa valmista opintojaksoa.<\/p>\n<p>Opiskelijan opiskeluoikeuden voit hakea Opettajan ty\u00f6p\u00f6d\u00e4n yl\u00e4valikosta l\u00f6ytyv\u00e4st\u00e4 kohdasta &#8220;Opiskelijat&#8221;. Hae opiskelija opiskeluoikeushaun kautta ja avaa opiskeluoikeuden tiedot klikkaamalla opiskelijan tietoja haun tuloksista.<\/p>\n<p><strong>Henkil\u00f6kohtaisen opintojakson lis\u00e4\u00e4minen HOPSille<\/strong><\/p>\n<ul>\n<li>Henkil\u00f6kohtainen opintojakso tehd\u00e4\u00e4n opiskelijan HOPSiin eli siirry ensin opiskeluoikeuden tiedoista HOPSiin valitsemalla vasemmasta sivuvalikosta &#8220;Siirry HOPSiin&#8221;. Siirry opiskelijan HOPSilla Opintojen valinta -v\u00e4lilehdelle.<\/li>\n<li>Henkil\u00f6kohtainen opintojakso luodaan halutun opintokokonaisuuden alle.<\/li>\n<\/ul>\n<div id=\"attachment_6920\" style=\"width: 594px\" class=\"wp-caption alignnone\"><a href=\"https:\/\/blogi.eoppimispalvelut.fi\/peppi-ohjeet\/files\/2024\/08\/Henkilokohtaisen-opintojakson-lisaaminen.png\" rel=\"attachment wp-att-1481\"><img loading=\"lazy\" decoding=\"async\" aria-describedby=\"caption-attachment-6920\" class=\"wp-image-6920 size-large\" src=\"https:\/\/blogi.eoppimispalvelut.fi\/peppi-ohjeet\/files\/2024\/08\/Henkilokohtaisen-opintojakson-lisaaminen-1280x306.png\" alt=\"Henkil\u00f6kohtaisen opintojakson lis\u00e4\u00e4minen\" width=\"584\" height=\"140\" srcset=\"https:\/\/blogi.eoppimispalvelut.fi\/peppi-ohjeet\/files\/2024\/08\/Henkilokohtaisen-opintojakson-lisaaminen-1280x306.png 1280w, https:\/\/blogi.eoppimispalvelut.fi\/peppi-ohjeet\/files\/2024\/08\/Henkilokohtaisen-opintojakson-lisaaminen-600x144.png 600w, https:\/\/blogi.eoppimispalvelut.fi\/peppi-ohjeet\/files\/2024\/08\/Henkilokohtaisen-opintojakson-lisaaminen-768x184.png 768w, https:\/\/blogi.eoppimispalvelut.fi\/peppi-ohjeet\/files\/2024\/08\/Henkilokohtaisen-opintojakson-lisaaminen-1536x368.png 1536w, https:\/\/blogi.eoppimispalvelut.fi\/peppi-ohjeet\/files\/2024\/08\/Henkilokohtaisen-opintojakson-lisaaminen-2048x490.png 2048w, https:\/\/blogi.eoppimispalvelut.fi\/peppi-ohjeet\/files\/2024\/08\/Henkilokohtaisen-opintojakson-lisaaminen-500x120.png 500w\" sizes=\"auto, (max-width: 584px) 100vw, 584px\" \/><\/a><p id=\"caption-attachment-6920\" class=\"wp-caption-text\">Klikkaa kuvaa suuremmaksi<\/p><\/div>\n<p>Valitse opintokokonaisuuden nimen lopusta + Lis\u00e4\u00e4 henkil\u00f6kohtainen opintojakso<\/p>\n<ul>\n<li style=\"list-style-type: none\">\n<ul>\n<li>Jos +-merkki puuttuu Opintojen valinta <a href=\"https:\/\/blogi.eoppimispalvelut.fi\/peppi-ohjeet\/opetus_ohjaus\/arviointi-2\/opintojakson-luonti\/\">\u2013<\/a>v\u00e4lilehdell\u00e4, ota yhteytt\u00e4 opintosuunnittelijaan, joka alustaa HOPSin uudelleen. HOPSin uudelleen alustamisen vuoksi, HOPSin ulkopuoliset opinnot mm. sis\u00e4llytykset siirtyv\u00e4t HOPSin ulkopuolisiin opintoihin. Opintosuunnittelija j\u00e4rjest\u00e4\u00e4 HOPSin ennalleen.<\/li>\n<\/ul>\n<\/li>\n<\/ul>\n<p>Tallenna avautuvassa ikkunassa henkil\u00f6kohtaisen opintojakson tiedot.<\/p>\n<div id=\"attachment_6921\" style=\"width: 943px\" class=\"wp-caption alignnone\"><a href=\"https:\/\/blogi.eoppimispalvelut.fi\/peppi-ohjeet\/files\/2024\/08\/Henkilokohtaisen-opintojakson-tiedot.png\" rel=\"attachment wp-att-1483\"><img loading=\"lazy\" decoding=\"async\" aria-describedby=\"caption-attachment-6921\" class=\"wp-image-6921 size-full\" src=\"https:\/\/blogi.eoppimispalvelut.fi\/peppi-ohjeet\/files\/2024\/08\/Henkilokohtaisen-opintojakson-tiedot.png\" alt=\"Henkil\u00f6kohtaisen opintojakson tiedot\" width=\"933\" height=\"879\" srcset=\"https:\/\/blogi.eoppimispalvelut.fi\/peppi-ohjeet\/files\/2024\/08\/Henkilokohtaisen-opintojakson-tiedot.png 933w, https:\/\/blogi.eoppimispalvelut.fi\/peppi-ohjeet\/files\/2024\/08\/Henkilokohtaisen-opintojakson-tiedot-600x565.png 600w, https:\/\/blogi.eoppimispalvelut.fi\/peppi-ohjeet\/files\/2024\/08\/Henkilokohtaisen-opintojakson-tiedot-768x724.png 768w, https:\/\/blogi.eoppimispalvelut.fi\/peppi-ohjeet\/files\/2024\/08\/Henkilokohtaisen-opintojakson-tiedot-318x300.png 318w\" sizes=\"auto, (max-width: 933px) 100vw, 933px\" \/><\/a><p id=\"caption-attachment-6921\" class=\"wp-caption-text\">Klikkaa kuvaa suuremmaksi<\/p><\/div>\n<ol>\n<li>Lis\u00e4\u00e4 opintojakso nimi <strong>suomeksi ja englanniksi<\/strong> (tulee n\u00e4kyviin opiskelijan opintosuoritusotteella, tutkintotodistuksen liitteeseen sek\u00e4 Virta- ja KOSKI-palvelussa). Kiinnit\u00e4 em. syist\u00e4 huomioita opintojakson nimen kirjoitusasuun.<\/li>\n<li>Lis\u00e4\u00e4 laajuus opintopistein\u00e4.<\/li>\n<li>Lis\u00e4\u00e4 opintojakson kuvaus suomeksi ja\/tai englanniksi.<\/li>\n<li>Valitse Tallenna.<\/li>\n<\/ol>\n<p><strong>Henkil\u00f6kohtaisen opintojakson arviointi<\/strong><\/p>\n<p>Henkil\u00f6kohtainen opintojakso tulee n\u00e4kyviin opiskelijan HOPSille. Arviointi tehd\u00e4\u00e4n opiskelijan HOPSin Tarkastelu-v\u00e4lilehdell\u00e4.<\/p>\n<p>Avaa opiskelijan HOPSin Tarkastelu-v\u00e4lilehti<\/p>\n<div id=\"attachment_6922\" style=\"width: 594px\" class=\"wp-caption alignnone\"><a href=\"https:\/\/blogi.eoppimispalvelut.fi\/peppi-ohjeet\/files\/2024\/08\/Henkilokohtaisen-opintojakson-arviointi.png\" rel=\"attachment wp-att-1485\"><img loading=\"lazy\" decoding=\"async\" aria-describedby=\"caption-attachment-6922\" class=\"wp-image-6922 size-large\" src=\"https:\/\/blogi.eoppimispalvelut.fi\/peppi-ohjeet\/files\/2024\/08\/Henkilokohtaisen-opintojakson-arviointi-1280x495.png\" alt=\"Henkil\u00f6kohtaisen opintojakson arviointi\" width=\"584\" height=\"226\" srcset=\"https:\/\/blogi.eoppimispalvelut.fi\/peppi-ohjeet\/files\/2024\/08\/Henkilokohtaisen-opintojakson-arviointi-1280x495.png 1280w, https:\/\/blogi.eoppimispalvelut.fi\/peppi-ohjeet\/files\/2024\/08\/Henkilokohtaisen-opintojakson-arviointi-600x232.png 600w, https:\/\/blogi.eoppimispalvelut.fi\/peppi-ohjeet\/files\/2024\/08\/Henkilokohtaisen-opintojakson-arviointi-768x297.png 768w, https:\/\/blogi.eoppimispalvelut.fi\/peppi-ohjeet\/files\/2024\/08\/Henkilokohtaisen-opintojakson-arviointi-1536x594.png 1536w, https:\/\/blogi.eoppimispalvelut.fi\/peppi-ohjeet\/files\/2024\/08\/Henkilokohtaisen-opintojakson-arviointi-2048x792.png 2048w, https:\/\/blogi.eoppimispalvelut.fi\/peppi-ohjeet\/files\/2024\/08\/Henkilokohtaisen-opintojakson-arviointi-500x193.png 500w\" sizes=\"auto, (max-width: 584px) 100vw, 584px\" \/><\/a><p id=\"caption-attachment-6922\" class=\"wp-caption-text\">Klikkaa kuvaa suuremmaksi<\/p><\/div>\n<ol>\n<li>Valitse opintojaksorivin lopusta kolme pistett\u00e4<\/li>\n<li>Klikkaa avautuvasta valikosta &#8220;Arviointi&#8221;.<\/li>\n<\/ol>\n<p>Arviointi tehd\u00e4\u00e4n Arvioi opinto -lomakkeella.<\/p>\n<div id=\"attachment_1486\" style=\"width: 1288px\" class=\"wp-caption alignnone\"><a href=\"https:\/\/blogi.eoppimispalvelut.fi\/peppi-ohjeet\/opetus_ohjaus\/arviointi-2\/opintojakson-luonti\/henkilokohtaisen-opintojakson-arvioinnin-tietojen-taydentaminen\/\" rel=\"attachment wp-att-1486\"><img loading=\"lazy\" decoding=\"async\" aria-describedby=\"caption-attachment-1486\" class=\"size-full wp-image-1486\" src=\"https:\/\/blogi.eoppimispalvelut.fi\/peppi-ohjeet\/files\/2020\/03\/Henkil\u00f6kohtaisen-opintojakson-arvioinnin-tietojen-t\u00e4ydent\u00e4minen.png\" alt=\"Henkil\u00f6kohtaisen opintojakson arvioinnin tietojen t\u00e4ydent\u00e4minen\" width=\"1278\" height=\"563\" srcset=\"https:\/\/blogi.eoppimispalvelut.fi\/peppi-ohjeet\/files\/2020\/03\/Henkil\u00f6kohtaisen-opintojakson-arvioinnin-tietojen-t\u00e4ydent\u00e4minen.png 1278w, https:\/\/blogi.eoppimispalvelut.fi\/peppi-ohjeet\/files\/2020\/03\/Henkil\u00f6kohtaisen-opintojakson-arvioinnin-tietojen-t\u00e4ydent\u00e4minen-900x396.png 900w, https:\/\/blogi.eoppimispalvelut.fi\/peppi-ohjeet\/files\/2020\/03\/Henkil\u00f6kohtaisen-opintojakson-arvioinnin-tietojen-t\u00e4ydent\u00e4minen-768x338.png 768w, https:\/\/blogi.eoppimispalvelut.fi\/peppi-ohjeet\/files\/2020\/03\/Henkil\u00f6kohtaisen-opintojakson-arvioinnin-tietojen-t\u00e4ydent\u00e4minen-500x220.png 500w\" sizes=\"auto, (max-width: 1278px) 100vw, 1278px\" \/><\/a><p id=\"caption-attachment-1486\" class=\"wp-caption-text\">Klikkaa kuva suuremmaksi<\/p><\/div>\n<ol>\n<li>T\u00e4ydenn\u00e4 seuraavat tiedot:\n<ul>\n<li>Suoritusotteessa n\u00e4kyv\u00e4 nimi (suosituksena suorituksen nimi eli HOPSille luodun henkil\u00f6kohtaisen opintojakson nimi, mik\u00e4li halutaan antaa vaihtoehtoinen nimi, tulee se kirjata seuraaviin kenttiin suomeksi ja englanniksi)<\/li>\n<li>Arviointi (arvosana valitaan alasvetovalikosta)<\/li>\n<li>Kieli<\/li>\n<li>TKI-pisteet<\/li>\n<li>Virtuaalipisteet<\/li>\n<li>Suoritusp\u00e4iv\u00e4<\/li>\n<li>Suoritusmerkinn\u00e4n antaja<\/li>\n<li>Opintojakson tarkentava tyyppi<\/li>\n<li>Koulutusala<\/li>\n<\/ul>\n<\/li>\n<\/ol>\n<p>2. Valitse Tallenna. Henkil\u00f6kohtaisen opintojakson ikoni muuttuu vihre\u00e4ksi (suoritettu) eli opinto on arvioitu onnistuneesti.<\/p>\n<p>&nbsp;<\/p>\n<hr \/>\n<p>Takaisin\u00a0<a href=\"https:\/\/blogi.eoppimispalvelut.fi\/peppi-ohjeet\/opetus_ohjaus\/\">Opetus ja ohjaus <\/a>-sivulle<\/p>\n","protected":false},"excerpt":{"rendered":"<p>Katso video (tekstityksen saa p\u00e4\u00e4lle [cc]-painikkeesta). Opettajalla\/opinto-ohjaajalla on mahdollisuus lis\u00e4t\u00e4 opiskelijalle henkil\u00f6kohtainen opintojakso HOPSille esimerkiksi silloin, kun opiskelija tekee tutkintoonsa liittyvi\u00e4 opintoja, joille ei ole opetustarjonnassa valmista opintojaksoa. Opiskelijan opiskeluoikeuden voit hakea Opettajan ty\u00f6p\u00f6d\u00e4n yl\u00e4valikosta l\u00f6ytyv\u00e4st\u00e4 kohdasta &#8220;Opiskelijat&#8221;. Hae opiskelija &hellip; <a href=\"https:\/\/blogi.eoppimispalvelut.fi\/peppi-ohjeet\/opetus_ohjaus\/arviointi-2\/opintojakson-luonti\/\">Continue reading <span class=\"meta-nav\">&rarr;<\/span><\/a><\/p>\n","protected":false},"author":6,"featured_media":0,"parent":296,"menu_order":0,"comment_status":"closed","ping_status":"closed","template":"","meta":{"_monsterinsights_skip_tracking":false,"_monsterinsights_sitenote_active":false,"_monsterinsights_sitenote_note":"","_monsterinsights_sitenote_category":0,"footnotes":""},"class_list":["post-1025","page","type-page","status-publish","hentry"],"_links":{"self":[{"href":"https:\/\/blogi.eoppimispalvelut.fi\/peppi-ohjeet\/wp-json\/wp\/v2\/pages\/1025","targetHints":{"allow":["GET"]}}],"collection":[{"href":"https:\/\/blogi.eoppimispalvelut.fi\/peppi-ohjeet\/wp-json\/wp\/v2\/pages"}],"about":[{"href":"https:\/\/blogi.eoppimispalvelut.fi\/peppi-ohjeet\/wp-json\/wp\/v2\/types\/page"}],"author":[{"embeddable":true,"href":"https:\/\/blogi.eoppimispalvelut.fi\/peppi-ohjeet\/wp-json\/wp\/v2\/users\/6"}],"replies":[{"embeddable":true,"href":"https:\/\/blogi.eoppimispalvelut.fi\/peppi-ohjeet\/wp-json\/wp\/v2\/comments?post=1025"}],"version-history":[{"count":33,"href":"https:\/\/blogi.eoppimispalvelut.fi\/peppi-ohjeet\/wp-json\/wp\/v2\/pages\/1025\/revisions"}],"predecessor-version":[{"id":6924,"href":"https:\/\/blogi.eoppimispalvelut.fi\/peppi-ohjeet\/wp-json\/wp\/v2\/pages\/1025\/revisions\/6924"}],"up":[{"embeddable":true,"href":"https:\/\/blogi.eoppimispalvelut.fi\/peppi-ohjeet\/wp-json\/wp\/v2\/pages\/296"}],"wp:attachment":[{"href":"https:\/\/blogi.eoppimispalvelut.fi\/peppi-ohjeet\/wp-json\/wp\/v2\/media?parent=1025"}],"curies":[{"name":"wp","href":"https:\/\/api.w.org\/{rel}","templated":true}]}}