{"id":1203,"date":"2020-03-24T14:38:46","date_gmt":"2020-03-24T12:38:46","guid":{"rendered":"https:\/\/blogi.eoppimispalvelut.fi\/peppi-ohjeet\/?page_id=1203"},"modified":"2024-08-13T15:53:53","modified_gmt":"2024-08-13T12:53:53","slug":"hops-ohjaus","status":"publish","type":"page","link":"https:\/\/blogi.eoppimispalvelut.fi\/peppi-ohjeet\/opetus_ohjaus\/hops-ohjaus\/","title":{"rendered":"HOPS-ohjaus"},"content":{"rendered":"<p>Katso <a href=\"https:\/\/youtu.be\/sYbxv0OB0hE\" target=\"_blank\" rel=\"noopener\">video<\/a> (tekstityksen saa p\u00e4\u00e4lle [cc]-painikkeesta).<\/p>\n<p>HOPS-ohjauksen ty\u00f6kalut l\u00f6ytyv\u00e4t opettajan ty\u00f6p\u00f6yd\u00e4lt\u00e4 Opiskelijat-valikon alta kohdasta HOPS-ohjaus.<\/p>\n<div id=\"attachment_6983\" style=\"width: 594px\" class=\"wp-caption alignnone\"><a href=\"https:\/\/blogi.eoppimispalvelut.fi\/peppi-ohjeet\/files\/2024\/08\/HOPS-ohjaus.png\" rel=\"attachment wp-att-1347\"><img loading=\"lazy\" decoding=\"async\" aria-describedby=\"caption-attachment-6983\" class=\"wp-image-6983 size-large\" src=\"https:\/\/blogi.eoppimispalvelut.fi\/peppi-ohjeet\/files\/2024\/08\/HOPS-ohjaus-1280x349.png\" alt=\"HOPS-ohjaus\" width=\"584\" height=\"159\" srcset=\"https:\/\/blogi.eoppimispalvelut.fi\/peppi-ohjeet\/files\/2024\/08\/HOPS-ohjaus-1280x349.png 1280w, https:\/\/blogi.eoppimispalvelut.fi\/peppi-ohjeet\/files\/2024\/08\/HOPS-ohjaus-600x164.png 600w, https:\/\/blogi.eoppimispalvelut.fi\/peppi-ohjeet\/files\/2024\/08\/HOPS-ohjaus-768x209.png 768w, https:\/\/blogi.eoppimispalvelut.fi\/peppi-ohjeet\/files\/2024\/08\/HOPS-ohjaus-1536x419.png 1536w, https:\/\/blogi.eoppimispalvelut.fi\/peppi-ohjeet\/files\/2024\/08\/HOPS-ohjaus-2048x559.png 2048w, https:\/\/blogi.eoppimispalvelut.fi\/peppi-ohjeet\/files\/2024\/08\/HOPS-ohjaus-500x136.png 500w\" sizes=\"auto, (max-width: 584px) 100vw, 584px\" \/><\/a><p id=\"caption-attachment-6983\" class=\"wp-caption-text\">Klikkaa kuvaa suuremmaksi<\/p><\/div>\n<ul>\n<li>Valitsemalla Opiskelijat, voit hakea yksitt\u00e4isen opiskelijan tiedot ja siirty\u00e4 sit\u00e4 kautta h\u00e4nen HOPSiin.<\/li>\n<li>Valitsemalla HOPS-ohjaus, p\u00e4\u00e4set k\u00e4sittelem\u00e4\u00e4n ryhmien tai ryhm\u00e4\u00e4n kuuluvan yksitt\u00e4isen opiskelijan tietoja.<\/li>\n<\/ul>\n<p>Ohjauksen tueksi alan opinto-ohjaaja ja suunnittelija on kiinnitetty alan opiskelijaryhmiin. Alan opinto-ohjaaja ja suunnittelija on my\u00f6s kiinnitetty jokaisen opiskelijan ohjaajatietoihin.<\/p>\n<p>&nbsp;<\/p>\n<hr \/>\n<p>Takaisin <a href=\"https:\/\/blogi.eoppimispalvelut.fi\/peppi-ohjeet\/opetus_ohjaus\/\">Opetus ja ohjaus -sivulle<\/a><\/p>\n","protected":false},"excerpt":{"rendered":"<p>Katso video (tekstityksen saa p\u00e4\u00e4lle [cc]-painikkeesta). HOPS-ohjauksen ty\u00f6kalut l\u00f6ytyv\u00e4t opettajan ty\u00f6p\u00f6yd\u00e4lt\u00e4 Opiskelijat-valikon alta kohdasta HOPS-ohjaus. Valitsemalla Opiskelijat, voit hakea yksitt\u00e4isen opiskelijan tiedot ja siirty\u00e4 sit\u00e4 kautta h\u00e4nen HOPSiin. Valitsemalla HOPS-ohjaus, p\u00e4\u00e4set k\u00e4sittelem\u00e4\u00e4n ryhmien tai ryhm\u00e4\u00e4n kuuluvan yksitt\u00e4isen opiskelijan tietoja. Ohjauksen &hellip; <a href=\"https:\/\/blogi.eoppimispalvelut.fi\/peppi-ohjeet\/opetus_ohjaus\/hops-ohjaus\/\">Continue reading <span class=\"meta-nav\">&rarr;<\/span><\/a><\/p>\n","protected":false},"author":4339,"featured_media":0,"parent":2,"menu_order":0,"comment_status":"closed","ping_status":"closed","template":"","meta":{"_monsterinsights_skip_tracking":false,"_monsterinsights_sitenote_active":false,"_monsterinsights_sitenote_note":"","_monsterinsights_sitenote_category":0,"footnotes":""},"class_list":["post-1203","page","type-page","status-publish","hentry"],"_links":{"self":[{"href":"https:\/\/blogi.eoppimispalvelut.fi\/peppi-ohjeet\/wp-json\/wp\/v2\/pages\/1203","targetHints":{"allow":["GET"]}}],"collection":[{"href":"https:\/\/blogi.eoppimispalvelut.fi\/peppi-ohjeet\/wp-json\/wp\/v2\/pages"}],"about":[{"href":"https:\/\/blogi.eoppimispalvelut.fi\/peppi-ohjeet\/wp-json\/wp\/v2\/types\/page"}],"author":[{"embeddable":true,"href":"https:\/\/blogi.eoppimispalvelut.fi\/peppi-ohjeet\/wp-json\/wp\/v2\/users\/4339"}],"replies":[{"embeddable":true,"href":"https:\/\/blogi.eoppimispalvelut.fi\/peppi-ohjeet\/wp-json\/wp\/v2\/comments?post=1203"}],"version-history":[{"count":11,"href":"https:\/\/blogi.eoppimispalvelut.fi\/peppi-ohjeet\/wp-json\/wp\/v2\/pages\/1203\/revisions"}],"predecessor-version":[{"id":6985,"href":"https:\/\/blogi.eoppimispalvelut.fi\/peppi-ohjeet\/wp-json\/wp\/v2\/pages\/1203\/revisions\/6985"}],"up":[{"embeddable":true,"href":"https:\/\/blogi.eoppimispalvelut.fi\/peppi-ohjeet\/wp-json\/wp\/v2\/pages\/2"}],"wp:attachment":[{"href":"https:\/\/blogi.eoppimispalvelut.fi\/peppi-ohjeet\/wp-json\/wp\/v2\/media?parent=1203"}],"curies":[{"name":"wp","href":"https:\/\/api.w.org\/{rel}","templated":true}]}}