{"id":1206,"date":"2020-03-24T14:39:13","date_gmt":"2020-03-24T12:39:13","guid":{"rendered":"https:\/\/blogi.eoppimispalvelut.fi\/peppi-ohjeet\/?page_id=1206"},"modified":"2024-08-09T16:18:29","modified_gmt":"2024-08-09T13:18:29","slug":"hot-hakemusten-kasittely-opinto-ohjaajat","status":"publish","type":"page","link":"https:\/\/blogi.eoppimispalvelut.fi\/peppi-ohjeet\/opetus_ohjaus\/hot-hakemusten-kasittely-opinto-ohjaajat\/","title":{"rendered":"eAHOT-hakemusten k\u00e4sittely (opinto-ohjaajat)"},"content":{"rendered":"<p>Opiskelija laatii hakemuksen Pepiss\u00e4 ja valitsee k\u00e4sittelij\u00e4ksi oman koulutuksensa suunnittelijan. Suunnittelija tarkastaa hakemuksen ja hakemuksen liitteet. Jos hakemuksessa on puutteita\/korjattavaa, suunnittelija palauttaa hakemuksen opiskelijalle ja pyyt\u00e4\u00e4 tekem\u00e4\u00e4n tarvittavat muutokset. T\u00e4m\u00e4n j\u00e4lkeen suunnittelija ohjaa hakemuksen p\u00e4\u00e4tett\u00e4v\u00e4ksi opinto-ohjaajalle.<\/p>\n<p>Opinto-ohjaaja arvioi hakemuksessa esitetty\u00e4 osaamista ja tekee hakemukseen p\u00e4\u00e4t\u00f6ksen. Jos hakemus hyv\u00e4ksyt\u00e4\u00e4n, opinto-ohjaaja tallentaa arvioinnin ja opintopistem\u00e4\u00e4r\u00e4n rekisteriin. Jos kyseess\u00e4 on osittainen hyv\u00e4ksiluku, t\u00e4ydennett\u00e4v\u00e4st\u00e4 suorituksesta voidaan tehd\u00e4 tarvittaessa lis\u00e4ksi Sopimuspankkiin sopimus ja sopimukseen liitet\u00e4\u00e4n se opettaja, joka ottaa suorituksen vastaan. T\u00e4ydennett\u00e4v\u00e4 suoritus voidaan arvioida henkil\u00f6kohtaiselle opintojaksolle. Jos hakemus hyl\u00e4t\u00e4\u00e4n, opinto-ohjaaja kirjoittaa p\u00e4\u00e4t\u00f6kseen perustelut opiskelijalle ja merkitsee hakemuksen k\u00e4sitellyksi.<\/p>\n<p>Suunnittelija tekee hyv\u00e4ksilukukirjaukset rekisteriin seuraavissa tapauksissa:<\/p>\n<ul>\n<li>opiskelija siirtyy avoimesta ammattikorkeakoulusta tutkinto-opiskelijaksi<\/li>\n<li>siirto-opiskelijoiden toisessa korkeakoulussa suorittamat opinnot<\/li>\n<li>erillishaun kautta tulleiden opiskelijoiden aikaisemmin suorittamat opinnot<\/li>\n<li>Campusonlinen kautta suoritetut opinnot (opiskelija tekee siirtopyynn\u00f6n eLomakkeella)<\/li>\n<li>Yhteisty\u00f6verkostojen opinnot<\/li>\n<\/ul>\n<p>Ohjeita eAHOT-hakemusten k\u00e4sittelyyn:<\/p>\n<p><a href=\"https:\/\/blogi.eoppimispalvelut.fi\/peppi-ohjeet\/sisallytyksen-kasittely-uusi\/\" target=\"_blank\" rel=\"noopener\">Sis\u00e4llytyksen k\u00e4sittely<\/a><\/p>\n<p><a href=\"https:\/\/blogi.eoppimispalvelut.fi\/peppi-ohjeet\/korvaavuuden-kasittely-opinto-ohjaajat\/\" target=\"_blank\" rel=\"noopener\">Korvaavuuden k\u00e4sittely<\/a><\/p>\n<p><a href=\"https:\/\/blogi.eoppimispalvelut.fi\/peppi-ohjeet\/esiahotointi-ohjaajan-ohje\/\" target=\"_blank\" rel=\"noopener\">Esiahothakemusten k\u00e4sittely<\/a><\/p>\n<p>&nbsp;<\/p>\n<hr \/>\n<p>Takaisin\u00a0<a href=\"https:\/\/blogi.eoppimispalvelut.fi\/peppi-ohjeet\/opetus_ohjaus\/\">Opetus ja ohjaus -sivulle<\/a><\/p>\n","protected":false},"excerpt":{"rendered":"<p>Opiskelija laatii hakemuksen Pepiss\u00e4 ja valitsee k\u00e4sittelij\u00e4ksi oman koulutuksensa suunnittelijan. Suunnittelija tarkastaa hakemuksen ja hakemuksen liitteet. Jos hakemuksessa on puutteita\/korjattavaa, suunnittelija palauttaa hakemuksen opiskelijalle ja pyyt\u00e4\u00e4 tekem\u00e4\u00e4n tarvittavat muutokset. T\u00e4m\u00e4n j\u00e4lkeen suunnittelija ohjaa hakemuksen p\u00e4\u00e4tett\u00e4v\u00e4ksi opinto-ohjaajalle. Opinto-ohjaaja arvioi hakemuksessa esitetty\u00e4 &hellip; <a href=\"https:\/\/blogi.eoppimispalvelut.fi\/peppi-ohjeet\/opetus_ohjaus\/hot-hakemusten-kasittely-opinto-ohjaajat\/\">Continue reading <span class=\"meta-nav\">&rarr;<\/span><\/a><\/p>\n","protected":false},"author":4339,"featured_media":0,"parent":2,"menu_order":0,"comment_status":"closed","ping_status":"closed","template":"","meta":{"_monsterinsights_skip_tracking":false,"_monsterinsights_sitenote_active":false,"_monsterinsights_sitenote_note":"","_monsterinsights_sitenote_category":0,"footnotes":""},"class_list":["post-1206","page","type-page","status-publish","hentry"],"_links":{"self":[{"href":"https:\/\/blogi.eoppimispalvelut.fi\/peppi-ohjeet\/wp-json\/wp\/v2\/pages\/1206","targetHints":{"allow":["GET"]}}],"collection":[{"href":"https:\/\/blogi.eoppimispalvelut.fi\/peppi-ohjeet\/wp-json\/wp\/v2\/pages"}],"about":[{"href":"https:\/\/blogi.eoppimispalvelut.fi\/peppi-ohjeet\/wp-json\/wp\/v2\/types\/page"}],"author":[{"embeddable":true,"href":"https:\/\/blogi.eoppimispalvelut.fi\/peppi-ohjeet\/wp-json\/wp\/v2\/users\/4339"}],"replies":[{"embeddable":true,"href":"https:\/\/blogi.eoppimispalvelut.fi\/peppi-ohjeet\/wp-json\/wp\/v2\/comments?post=1206"}],"version-history":[{"count":20,"href":"https:\/\/blogi.eoppimispalvelut.fi\/peppi-ohjeet\/wp-json\/wp\/v2\/pages\/1206\/revisions"}],"predecessor-version":[{"id":6975,"href":"https:\/\/blogi.eoppimispalvelut.fi\/peppi-ohjeet\/wp-json\/wp\/v2\/pages\/1206\/revisions\/6975"}],"up":[{"embeddable":true,"href":"https:\/\/blogi.eoppimispalvelut.fi\/peppi-ohjeet\/wp-json\/wp\/v2\/pages\/2"}],"wp:attachment":[{"href":"https:\/\/blogi.eoppimispalvelut.fi\/peppi-ohjeet\/wp-json\/wp\/v2\/media?parent=1206"}],"curies":[{"name":"wp","href":"https:\/\/api.w.org\/{rel}","templated":true}]}}