{"id":1229,"date":"2020-03-24T19:40:00","date_gmt":"2020-03-24T17:40:00","guid":{"rendered":"https:\/\/blogi.eoppimispalvelut.fi\/peppi-ohjeet\/?page_id=1229"},"modified":"2025-11-11T13:36:15","modified_gmt":"2025-11-11T11:36:15","slug":"toteutuksen-arviointi-ei-sisalla-toteutuksen-osia","status":"publish","type":"page","link":"https:\/\/blogi.eoppimispalvelut.fi\/peppi-ohjeet\/opetus_ohjaus\/arviointi-2\/toteutuksen-arviointi-ei-sisalla-toteutuksen-osia\/","title":{"rendered":"Toteutuksen arviointi, massa-arviointi ja massamuokkaus"},"content":{"rendered":"<p>Katso <a href=\"https:\/\/youtu.be\/8MisBRBF78w\" target=\"_blank\" rel=\"noopener noreferrer\">video<\/a> (tekstityksen saa p\u00e4\u00e4lle [cc]-painikkeesta).<\/p>\n<div id=\"attachment_6885\" style=\"width: 594px\" class=\"wp-caption alignnone\"><a href=\"https:\/\/blogi.eoppimispalvelut.fi\/peppi-ohjeet\/files\/2024\/08\/Toteutuksen-arviointi.png\" rel=\"attachment wp-att-1148\"><img loading=\"lazy\" decoding=\"async\" aria-describedby=\"caption-attachment-6885\" class=\"wp-image-6885 size-large\" src=\"https:\/\/blogi.eoppimispalvelut.fi\/peppi-ohjeet\/files\/2024\/08\/Toteutuksen-arviointi-1280x216.png\" alt=\"Toteutuksen arviointi\" width=\"584\" height=\"99\" srcset=\"https:\/\/blogi.eoppimispalvelut.fi\/peppi-ohjeet\/files\/2024\/08\/Toteutuksen-arviointi-1280x216.png 1280w, https:\/\/blogi.eoppimispalvelut.fi\/peppi-ohjeet\/files\/2024\/08\/Toteutuksen-arviointi-600x101.png 600w, https:\/\/blogi.eoppimispalvelut.fi\/peppi-ohjeet\/files\/2024\/08\/Toteutuksen-arviointi-768x129.png 768w, https:\/\/blogi.eoppimispalvelut.fi\/peppi-ohjeet\/files\/2024\/08\/Toteutuksen-arviointi-1536x259.png 1536w, https:\/\/blogi.eoppimispalvelut.fi\/peppi-ohjeet\/files\/2024\/08\/Toteutuksen-arviointi-2048x345.png 2048w, https:\/\/blogi.eoppimispalvelut.fi\/peppi-ohjeet\/files\/2024\/08\/Toteutuksen-arviointi-500x84.png 500w\" sizes=\"auto, (max-width: 584px) 100vw, 584px\" \/><\/a><p id=\"caption-attachment-6885\" class=\"wp-caption-text\">Klikkaa kuvaa suuremmaksi<\/p><\/div>\n<ol>\n<li>Valitse arvosana alasvetovalikosta. Tieto tallentuu opiskelijalle automaattisesti. Onnistunut arvosanan kirjaaminen n\u00e4kyy opiskelijan nimen edess\u00e4 oleva Tilanne-kuvakkeen v\u00e4rin muuttumisena vihre\u00e4ksi.<\/li>\n<li>Toteutuksen laajuus opintopistein\u00e4. Mik\u00e4li opiskelija suorittaa toteutuksen opintopisteist\u00e4 poikkeavan m\u00e4\u00e4r\u00e4n opintopisteit\u00e4, voit merkit\u00e4 t\u00e4h\u00e4n opiskelijan suoritettaman laajuuden. Laajuus muutetaan arvioinnin yhteydess\u00e4.<\/li>\n<li>Suoritusp\u00e4iv\u00e4ksi tulee automaattisesti kuluva p\u00e4iv\u00e4. Valitse suoritusp\u00e4iv\u00e4 arviointikohtaisesti tai kaikille arvioitaville valitsemalla n\u00e4kym\u00e4n yl\u00e4reunasta &#8220;Aseta oletussuoritusp\u00e4iv\u00e4&#8221;. Asettamalla oletussuoritusp\u00e4iv\u00e4n kirjautuu kaikille annettaville suoritukselle kyseinen p\u00e4iv\u00e4m\u00e4\u00e4r\u00e4. Suoritusp\u00e4iv\u00e4m\u00e4\u00e4r\u00e4 on arvioitavan suorituksen suoritusp\u00e4iv\u00e4 tai harjoitusty\u00f6n, raportin tai vastaavan palautusp\u00e4iv\u00e4.<\/li>\n<li>Suoritusmerkinn\u00e4n antajaksi tulee automaattisesti sen henkil\u00f6n nimi, joka on kirjautuneena Peppiin. Tarvittaessa ennen arvioinnin antamista voit valita yl\u00e4reunasta &#8220;Aseta oletusarvioija&#8221;, jolloin arvioitaville tulee asetettu henkil\u00f6 arvioinnin antajaksi. Yksitt\u00e4isen arvioinnin antajan voit vaihtaa tekstilaatikkoon\u00a0 klikkaamalla kyn\u00e4-painiketta. J\u00e4rjestelm\u00e4\u00e4n tallennetaan my\u00f6s suoritusmerkinn\u00e4n tallentaja = henkil\u00f6, joka on kirjautuneena Peppiin. H\u00e4n voi olla eri kuin suoritusmerkinn\u00e4n antaja.<\/li>\n<\/ol>\n<p>Sarakkeet-painikkeen alta voit lis\u00e4t\u00e4 uusia sarakkeita lis\u00e4tietotarpeen mukaan. Mik\u00e4li toteutukselta puuttuu esim. suorituskieli, voit joutua t\u00e4ydent\u00e4m\u00e4\u00e4n kielen arvioinnin yhteydess\u00e4. T\u00e4ll\u00f6in sinun tulee lis\u00e4t\u00e4 uusi sarake &#8220;Kieli&#8221; ja merkit\u00e4 suorituskieli.<\/p>\n<p>Jos arviointi tehd\u00e4\u00e4n sen j\u00e4lkeen kun opiskelijan opiskeluaika on p\u00e4\u00e4ttynyt esim. vaihto-opiskelijat, tulee sinun ensin lis\u00e4t\u00e4 opiskeluoikeusajan aikainen <em>suoritusp\u00e4iv\u00e4 ja arviointip\u00e4iv\u00e4, jonka j\u00e4lkeen voit arvioida suorituksen.<\/em><\/p>\n<p>TKI- ja Virtuaalipisteet tulevat automaattisesti toteutuksen tiedoista, mik\u00e4li ne on merkitty toteutukselle. Pisteiden m\u00e4\u00e4r\u00e4\u00e4 on mahdollista muokata opiskelijakohtaisesti merkitsem\u00e4ll\u00e4 pisteet arvioinnin yhteydess\u00e4. Pisteiden merkitsemiseksi sinun tulee lis\u00e4t\u00e4 tarvittavat sarakkeet (TKI ja\/tai Virtuaalinen).<\/p>\n<p><strong>Huomioita harjoittelun arviointiin<\/strong><\/p>\n<p>Mik\u00e4li opintojakso on harjoitteluun liittyv\u00e4 opintojakso, tarkista, ett\u00e4 opintojen tyypiksi tallentuu \u201dSuoritus on kotimainen harjoittelu\u201d. Mik\u00e4li harjoittelu on suoritettu kokonaan ulkomailla, vaihda opintojen tyypiksi \u201dSuoritus on ulkomainen harjoittelu\u201d. Opinnon tarkentava tyyppi on t\u00e4rke\u00e4\u00e4 kirjata oikein, jotta opintopisteet tilastoituvat oikein.<\/p>\n<p><strong>Ulkomaisen harjoittelun<\/strong> kirjaajan on muistettava lis\u00e4t\u00e4 suorituksen yhteyteen lis\u00e4ksi seuraavat lis\u00e4tiedot. Tiedot voi lis\u00e4t\u00e4 arviointirivin p\u00e4\u00e4st\u00e4 avautuvasta valikosta valitsemalla &#8220;Muokkaa&#8221;.<\/p>\n<ul>\n<li><strong>Kieli:<\/strong> Arvioinnin kieleksi merkit\u00e4\u00e4n englanti tai muu p\u00e4\u00e4asiallinen ty\u00f6skentelykieli, jota harjoittelussa on k\u00e4ytetty. Kieli ei siis m\u00e4\u00e4r\u00e4ydy harjoittelumaan mukaan vaan sen perusteella, mill\u00e4 kielell\u00e4 harjoittelu on suoritettu.<\/li>\n<li><strong>Lis\u00e4tieto suoritusotteeseen:<\/strong> Kohtaan kirjataan harjoittelun suorituspaikka sek\u00e4 suoritusmaa maa, esim. <em>Hyatt Centric Gran Via Madrid, Spain<\/em>. N\u00e4in my\u00f6s opintosuoritusotteeseen tulee n\u00e4kyviin, mink\u00e4 harjoittelujakson opiskelija on tehnyt ulkomailla.<\/li>\n<li><strong>Toimintaohje, jos harjoittelu suoritetaan vain osittain ulkomailla: <\/strong>Sairaanhoitajaopiskelija voi sopia koulutuksen kanssa harjoittelujakson tekemisest\u00e4 osittain ulkomailla. Mik\u00e4li opiskelija suorittaa vain osan harjoittelustaan ulkomailla, arvioinnin kirjaaja tekee opiskelijan HOPSiin uuden <a href=\"https:\/\/blogi.eoppimispalvelut.fi\/peppi-ohjeet\/opetus_ohjaus\/arviointi-2\/opintojakson-luonti\/\" target=\"_blank\" rel=\"noopener\">henkil\u00f6kohtaisen opintojakson<\/a>, johon ulkomailla suoritettu osuus kirjataan. Lis\u00e4ksi HOPS:issa alun perin olleen harjoittelujakson laajuus pienennet\u00e4\u00e4n vastaamaan Suomessa suoritettua osuutta. T\u00e4ll\u00e4 tavalla ulkomaan ty\u00f6harjoittelussa suoritettu osa saadaan tilastoitua ulkomailla suoritetuksi harjoitteluksi.<\/li>\n<\/ul>\n<p><strong>Huomioita opinn\u00e4ytety\u00f6h\u00f6n liittyvien opintojen arviointiin<\/strong><\/p>\n<p>Opinn\u00e4ytety\u00f6h\u00f6n liittyvien opintojaksojen osalta on syyt\u00e4 tarkistaa, ett\u00e4 opintojen tyypiksi on merkitty \u201dOpinn\u00e4ytety\u00f6h\u00f6n liittyv\u00e4 opinto\u201d. Mik\u00e4li opintojen tyyppi puuttuu, t\u00e4ydenn\u00e4 opintojen tyypiksi \u201dOpinn\u00e4ytety\u00f6h\u00f6n liittyv\u00e4 opinto\u201d.<\/p>\n<p><strong>Massa-arviointi\u00a0<\/strong><\/p>\n<p>Toteutuksen arviointin\u00e4kym\u00e4ss\u00e4 voit my\u00f6s arvioida suorituksia massa-arviointi-ty\u00f6kalulla.<\/p>\n<ol>\n<li>Valitse Arvioinnit-n\u00e4kym\u00e4n yl\u00e4reunasta Aktivoi massa-arviointi.<\/li>\n<li>Valitse vasemmasta reunasta haluamasi opiskelijat. Huomioi, ett\u00e4 poissaolevia opiskelijoita tai arvioinnin jo saaneita opiskelijoita ei voi valita massa-arviointiin.<\/li>\n<li>Valittuasi arvioitavat opiskelijat, valitse sivun alareunasta Massa-arvioi valitut. T\u00e4yt\u00e4 arviointilomakkeelle vaadittavat tiedot ja Tallenna.<\/li>\n<\/ol>\n<p><strong>Massamuokkaus<\/strong><\/p>\n<p>Toteutuksen arviointin\u00e4kym\u00e4ss\u00e4 voit massamuokkaus-toiminnolla muokata suorituksen tietoja.<\/p>\n<ol>\n<li>Valitse Arvioinnit-n\u00e4kym\u00e4n yl\u00e4reunasta Aktivoi massamuokkaus.<\/li>\n<li>Valitse vasemmasta reunasta haluamasi opiskelijat.<\/li>\n<li>Valittuasi arvioitavat opiskelijat, valitse sivun alareunasta Massamuokkaa valitut.<\/li>\n<li>Aseta haluamasi tiedot ja tallenna lopuksi.<\/li>\n<\/ol>\n<p>Massamuokkauksella voi muokata seuraavia arvioinnin tietoja:<\/p>\n<ul>\n<li>Suorituskieli<\/li>\n<li>Virtuaaliosuus<\/li>\n<li>Tarkistettava laajuus (TKI)<\/li>\n<li>Suoritusmerkinn\u00e4n antaja<\/li>\n<li>Opinnon tyyppi (Opintojakson tarkentava tyyppi)<\/li>\n<li>Suorituspaikka<\/li>\n<li>Kunta<\/li>\n<li>Koulutusala<\/li>\n<\/ul>\n<p>HUOM! Mik\u00e4li kyseess\u00e4 on yhteistoteutus (AMK+YO), massamuokkaus ei kaikkien tietojen osalta toimi.<\/p>\n<p>&nbsp;<\/p>\n<hr \/>\n<p>Takaisin\u00a0<a href=\"https:\/\/blogi.eoppimispalvelut.fi\/peppi-ohjeet\/opetus_ohjaus\/\">Opetus ja ohjaus -sivulle<\/a><\/p>\n","protected":false},"excerpt":{"rendered":"<p>Katso video (tekstityksen saa p\u00e4\u00e4lle [cc]-painikkeesta). Valitse arvosana alasvetovalikosta. Tieto tallentuu opiskelijalle automaattisesti. Onnistunut arvosanan kirjaaminen n\u00e4kyy opiskelijan nimen edess\u00e4 oleva Tilanne-kuvakkeen v\u00e4rin muuttumisena vihre\u00e4ksi. Toteutuksen laajuus opintopistein\u00e4. Mik\u00e4li opiskelija suorittaa toteutuksen opintopisteist\u00e4 poikkeavan m\u00e4\u00e4r\u00e4n opintopisteit\u00e4, voit merkit\u00e4 t\u00e4h\u00e4n opiskelijan &hellip; <a href=\"https:\/\/blogi.eoppimispalvelut.fi\/peppi-ohjeet\/opetus_ohjaus\/arviointi-2\/toteutuksen-arviointi-ei-sisalla-toteutuksen-osia\/\">Continue reading <span class=\"meta-nav\">&rarr;<\/span><\/a><\/p>\n","protected":false},"author":4339,"featured_media":0,"parent":296,"menu_order":0,"comment_status":"closed","ping_status":"closed","template":"","meta":{"_monsterinsights_skip_tracking":false,"_monsterinsights_sitenote_active":false,"_monsterinsights_sitenote_note":"","_monsterinsights_sitenote_category":0,"footnotes":""},"class_list":["post-1229","page","type-page","status-publish","hentry"],"_links":{"self":[{"href":"https:\/\/blogi.eoppimispalvelut.fi\/peppi-ohjeet\/wp-json\/wp\/v2\/pages\/1229","targetHints":{"allow":["GET"]}}],"collection":[{"href":"https:\/\/blogi.eoppimispalvelut.fi\/peppi-ohjeet\/wp-json\/wp\/v2\/pages"}],"about":[{"href":"https:\/\/blogi.eoppimispalvelut.fi\/peppi-ohjeet\/wp-json\/wp\/v2\/types\/page"}],"author":[{"embeddable":true,"href":"https:\/\/blogi.eoppimispalvelut.fi\/peppi-ohjeet\/wp-json\/wp\/v2\/users\/4339"}],"replies":[{"embeddable":true,"href":"https:\/\/blogi.eoppimispalvelut.fi\/peppi-ohjeet\/wp-json\/wp\/v2\/comments?post=1229"}],"version-history":[{"count":22,"href":"https:\/\/blogi.eoppimispalvelut.fi\/peppi-ohjeet\/wp-json\/wp\/v2\/pages\/1229\/revisions"}],"predecessor-version":[{"id":7266,"href":"https:\/\/blogi.eoppimispalvelut.fi\/peppi-ohjeet\/wp-json\/wp\/v2\/pages\/1229\/revisions\/7266"}],"up":[{"embeddable":true,"href":"https:\/\/blogi.eoppimispalvelut.fi\/peppi-ohjeet\/wp-json\/wp\/v2\/pages\/296"}],"wp:attachment":[{"href":"https:\/\/blogi.eoppimispalvelut.fi\/peppi-ohjeet\/wp-json\/wp\/v2\/media?parent=1229"}],"curies":[{"name":"wp","href":"https:\/\/api.w.org\/{rel}","templated":true}]}}