{"id":1232,"date":"2020-03-24T19:44:42","date_gmt":"2020-03-24T17:44:42","guid":{"rendered":"https:\/\/blogi.eoppimispalvelut.fi\/peppi-ohjeet\/?page_id=1232"},"modified":"2024-08-06T14:49:27","modified_gmt":"2024-08-06T11:49:27","slug":"toteutuksen-arviointi-sisaltaa-toteutuksen-osia-2","status":"publish","type":"page","link":"https:\/\/blogi.eoppimispalvelut.fi\/peppi-ohjeet\/opetus_ohjaus\/arviointi-2\/toteutuksen-arviointi-sisaltaa-toteutuksen-osia-2\/","title":{"rendered":"Toteutuksen arviointi, sis\u00e4lt\u00e4\u00e4 toteutuksen osia"},"content":{"rendered":"<p>Katso <a href=\"https:\/\/youtu.be\/8kkvTqybYeM\" target=\"_blank\" rel=\"noopener noreferrer\">video<\/a> (tekstityksen saa p\u00e4\u00e4lle [cc]-painikkeesta).<\/p>\n<p><em><strong>Toteutusten osia lis\u00e4t\u00e4\u00e4n ensisijaisesti\u00a0toteutusten suunnittelun yhteydess\u00e4 <\/strong><\/em>tai Toteutuksen arviointi -sivulla. Toteutuksen osan minimilaajuus on viisi (5) opintopistett\u00e4 (poikkeuksena tarvittaessa kieliss\u00e4 kirjallinen ja suullinen toteutuksen osa).<\/p>\n<p>Kun toteutusten perustiedoissa on lis\u00e4ttyn\u00e4 toteutusten osat, niin ne kopidaan opiskelijalle, kun h\u00e4net hyv\u00e4ksyt\u00e4\u00e4n toteutukselle Ilmoittautumiset-sivulla tai h\u00e4net lis\u00e4t\u00e4\u00e4n toteutukselle Arviointi-n\u00e4kym\u00e4ss\u00e4.<\/p>\n<p>Mik\u00e4li k\u00e4yt muuttamassa toteutukselta osatoteutuksen m\u00e4\u00e4rittely\u00e4, niin se ei en\u00e4\u00e4 uudestaan kopioidu niille, jotka ovat jo hyv\u00e4ksytysti toteutuksella.<\/p>\n<p>Mik\u00e4li toteutuksen ilmoittautuminen on jo alkanut, tulisi toteutuksen osat luoda sen j\u00e4lkeen, kun kaikkien opiskelijoiden ilmoittautumiset on hyv\u00e4ksytty toteutukselle. Kun opiskelija on jo hyv\u00e4ksytty toteutukselle ja jos sen j\u00e4lkeen tehd\u00e4\u00e4n toteutuksen osia, muuttuu toteutus arviointitilaan, eik\u00e4 opettaja voi poistaa opiskelijaa en\u00e4\u00e4 toteutukselta. T\u00e4llaisessa tapauksessa tulee ottaa yhteytt\u00e4 Pepin p\u00e4\u00e4k\u00e4ytt\u00e4j\u00e4\u00e4n opiskelijan poistamiseksi toteutukselta.<\/p>\n<p>Mik\u00e4li toteutuksen osia ei ole luotu toteutuksen suunnittelun yhteydess\u00e4, luodaan ensin toteutusten osat <a href=\"https:\/\/blogi.eoppimispalvelut.fi\/peppi-ohjeet\/toteutuksen-osan-luonti-arviointi-nakymassa-kaikille-opiskelijoille\/\">kaikille opiskelijoille<\/a> tai tarvittaessa <a href=\"https:\/\/blogi.eoppimispalvelut.fi\/peppi-ohjeet\/toteutuksen-osan-lisaaminen-yksittaiselle-opiskelijalle\/\">yksitt\u00e4iselle opiskelijalle.<\/a><\/p>\n<hr \/>\n<p><strong>Toteutuksen arviointi\u00a0<\/strong><\/p>\n<p>Katso <a href=\"https:\/\/youtu.be\/vTygmiB9u8g\" target=\"_blank\" rel=\"noopener noreferrer\">video<\/a> (tekstityksen saa p\u00e4\u00e4lle [cc]-painikkeesta).<\/p>\n<div id=\"attachment_6895\" style=\"width: 594px\" class=\"wp-caption alignnone\"><a href=\"https:\/\/blogi.eoppimispalvelut.fi\/peppi-ohjeet\/files\/2024\/08\/Arviointi-toteutuksen-osia.png\" rel=\"attachment wp-att-1158\"><img loading=\"lazy\" decoding=\"async\" aria-describedby=\"caption-attachment-6895\" class=\"wp-image-6895 size-large\" src=\"https:\/\/blogi.eoppimispalvelut.fi\/peppi-ohjeet\/files\/2024\/08\/Arviointi-toteutuksen-osia-1280x281.png\" alt=\"Arviointi, toteutuksen osia\" width=\"584\" height=\"128\" srcset=\"https:\/\/blogi.eoppimispalvelut.fi\/peppi-ohjeet\/files\/2024\/08\/Arviointi-toteutuksen-osia-1280x281.png 1280w, https:\/\/blogi.eoppimispalvelut.fi\/peppi-ohjeet\/files\/2024\/08\/Arviointi-toteutuksen-osia-600x132.png 600w, https:\/\/blogi.eoppimispalvelut.fi\/peppi-ohjeet\/files\/2024\/08\/Arviointi-toteutuksen-osia-768x169.png 768w, https:\/\/blogi.eoppimispalvelut.fi\/peppi-ohjeet\/files\/2024\/08\/Arviointi-toteutuksen-osia-1536x337.png 1536w, https:\/\/blogi.eoppimispalvelut.fi\/peppi-ohjeet\/files\/2024\/08\/Arviointi-toteutuksen-osia-2048x450.png 2048w, https:\/\/blogi.eoppimispalvelut.fi\/peppi-ohjeet\/files\/2024\/08\/Arviointi-toteutuksen-osia-500x110.png 500w\" sizes=\"auto, (max-width: 584px) 100vw, 584px\" \/><\/a><p id=\"caption-attachment-6895\" class=\"wp-caption-text\">Klikkaa kuvaa suuremmaksi<\/p><\/div>\n<ol>\n<li>Ensin arvoidaan toteutuksen osat. Valitse toteutuksen osan arvosana alasvetovalikosta.<\/li>\n<li>Toteutuksen\u00a0 ja toteutuksen osien laajuus opintopistein\u00e4. Mik\u00e4li opiskelija suorittaa toteutuksen opintopisteist\u00e4 poikkeavan m\u00e4\u00e4r\u00e4n opintopisteit\u00e4, voit merkit\u00e4 t\u00e4h\u00e4n opiskelijan suorittaman laajuuden. Laajuus muutetaan arvioinnin yhteydess\u00e4.<\/li>\n<li>Valitse suoritusp\u00e4iv\u00e4. Suoritusp\u00e4iv\u00e4m\u00e4\u00e4r\u00e4 on arvioitavan suorituksen suoritusp\u00e4iv\u00e4 tai harjoitusty\u00f6n, raportin tai vastaavan palautusp\u00e4iv\u00e4.<\/li>\n<li>Suoritusmerkinn\u00e4n antajaksi tulee automaattisesti sen henkil\u00f6n nimi, joka on kirjautuneena Peppiin. Tarvittaessa muuta tekstilaatikkoon &#8220;Suoritusmerkinn\u00e4n antaja&#8221; klikkaamalla kyn\u00e4-painiketta. J\u00e4rjestelm\u00e4\u00e4n tallennetaan my\u00f6s suoritusmerkinn\u00e4n tallentaja = henkil\u00f6, joka on kirjautuneena Peppiin. H\u00e4n voi olla eri kuin suoritusmerkinn\u00e4n antaja.<\/li>\n<li>Kun toteutuksen osat on arvioitu, valitse toteutuksen kokonaisarvosana alasvetovalikosta. Toteutuksen vastuuopettaja tarkastaa, ett\u00e4 kaikkien osallistujien kokonaisarvioinnit on tehty sovitussa aikataulussa. Tieto tallentuu opiskelijalle automaattisesti. Onnistunut arvosanan kirjaaminen n\u00e4kyy opiskelijan nimen edess\u00e4 olevan Tilanne-kuvakkeen v\u00e4rin muuttumisena vihre\u00e4ksi. Peppi laskee my\u00f6s keskiarvon toteutuksien osien perusteella, jonka voi asettaa opinnolle kokonaisarvosanaksi, mik\u00e4li olet valinnut n\u00e4kyville Ka (keskiarvo) -sarakkeen. Huomioi kuitenkin seuraavat seikat:\n<ul>\n<li>Mik\u00e4li annat toteutuksen osalle kirjainarvosanan (HYV), kyseist\u00e4 toteutuksen osaa ei oteta huomioon keskiarvoa laskettaessa.<\/li>\n<li class=\"confluence-link\">Riippumatta toteutusten osien laajuudesta, annetuista osa-arvioinneista lasketaan ei-painotettu keskiarvo.<\/li>\n<li class=\"confluence-link\">Valitsemalla harmaan nuolisymbolin, opintojakson toteutukselle kirjataan keskiarvon mukaisesti py\u00f6ristyss\u00e4\u00e4nn\u00f6t huomioiva kokonaisarvosana.<\/li>\n<li class=\"confluence-link\">Voit kirjata toteutuksen kokonaisarvosanan my\u00f6s laskennallisista tekij\u00f6ist\u00e4 riippumatta valitsemalla Arvosana-sarakkeeseen haluamasi arvon alasvetovalikosta.<\/li>\n<\/ul>\n<\/li>\n<li>N\u00e4yt\u00e4\/piilota osat -painikkeilla voit m\u00e4\u00e4ritell\u00e4, haluatko toteutuksien osien n\u00e4kyv\u00e4n arviointisivulla.<\/li>\n<\/ol>\n<p>&nbsp;<\/p>\n<hr \/>\n<p>Takaisin\u00a0<a href=\"https:\/\/blogi.eoppimispalvelut.fi\/peppi-ohjeet\/opetus_ohjaus\/\">Opetus ja ohjaus -sivulle<\/a><\/p>\n","protected":false},"excerpt":{"rendered":"<p>Katso video (tekstityksen saa p\u00e4\u00e4lle [cc]-painikkeesta). Toteutusten osia lis\u00e4t\u00e4\u00e4n ensisijaisesti\u00a0toteutusten suunnittelun yhteydess\u00e4 tai Toteutuksen arviointi -sivulla. Toteutuksen osan minimilaajuus on viisi (5) opintopistett\u00e4 (poikkeuksena tarvittaessa kieliss\u00e4 kirjallinen ja suullinen toteutuksen osa). Kun toteutusten perustiedoissa on lis\u00e4ttyn\u00e4 toteutusten osat, niin ne &hellip; <a href=\"https:\/\/blogi.eoppimispalvelut.fi\/peppi-ohjeet\/opetus_ohjaus\/arviointi-2\/toteutuksen-arviointi-sisaltaa-toteutuksen-osia-2\/\">Continue reading <span class=\"meta-nav\">&rarr;<\/span><\/a><\/p>\n","protected":false},"author":4339,"featured_media":0,"parent":296,"menu_order":0,"comment_status":"closed","ping_status":"closed","template":"","meta":{"_monsterinsights_skip_tracking":false,"_monsterinsights_sitenote_active":false,"_monsterinsights_sitenote_note":"","_monsterinsights_sitenote_category":0,"footnotes":""},"class_list":["post-1232","page","type-page","status-publish","hentry"],"_links":{"self":[{"href":"https:\/\/blogi.eoppimispalvelut.fi\/peppi-ohjeet\/wp-json\/wp\/v2\/pages\/1232","targetHints":{"allow":["GET"]}}],"collection":[{"href":"https:\/\/blogi.eoppimispalvelut.fi\/peppi-ohjeet\/wp-json\/wp\/v2\/pages"}],"about":[{"href":"https:\/\/blogi.eoppimispalvelut.fi\/peppi-ohjeet\/wp-json\/wp\/v2\/types\/page"}],"author":[{"embeddable":true,"href":"https:\/\/blogi.eoppimispalvelut.fi\/peppi-ohjeet\/wp-json\/wp\/v2\/users\/4339"}],"replies":[{"embeddable":true,"href":"https:\/\/blogi.eoppimispalvelut.fi\/peppi-ohjeet\/wp-json\/wp\/v2\/comments?post=1232"}],"version-history":[{"count":23,"href":"https:\/\/blogi.eoppimispalvelut.fi\/peppi-ohjeet\/wp-json\/wp\/v2\/pages\/1232\/revisions"}],"predecessor-version":[{"id":6897,"href":"https:\/\/blogi.eoppimispalvelut.fi\/peppi-ohjeet\/wp-json\/wp\/v2\/pages\/1232\/revisions\/6897"}],"up":[{"embeddable":true,"href":"https:\/\/blogi.eoppimispalvelut.fi\/peppi-ohjeet\/wp-json\/wp\/v2\/pages\/296"}],"wp:attachment":[{"href":"https:\/\/blogi.eoppimispalvelut.fi\/peppi-ohjeet\/wp-json\/wp\/v2\/media?parent=1232"}],"curies":[{"name":"wp","href":"https:\/\/api.w.org\/{rel}","templated":true}]}}