{"id":1239,"date":"2020-03-24T19:51:47","date_gmt":"2020-03-24T17:51:47","guid":{"rendered":"https:\/\/blogi.eoppimispalvelut.fi\/peppi-ohjeet\/?page_id=1239"},"modified":"2024-08-06T16:01:48","modified_gmt":"2024-08-06T13:01:48","slug":"toteutuksen-osan-lisaaminen-yksittaiselle-opiskelijalle","status":"publish","type":"page","link":"https:\/\/blogi.eoppimispalvelut.fi\/peppi-ohjeet\/opetus_ohjaus\/arviointi-2\/toteutuksen-arviointi-sisaltaa-toteutuksen-osia-2\/toteutuksen-osan-lisaaminen-yksittaiselle-opiskelijalle\/","title":{"rendered":"Toteutuksen osan lis\u00e4\u00e4minen yksitt\u00e4iselle opiskelijalle"},"content":{"rendered":"<ol>\n<li>Mene toteutuksen Arvioinnit-v\u00e4lilehdelle.<\/li>\n<li>Valitse &#8220;Lis\u00e4\u00e4 toteutuksen osa&#8221; opiskelijarivin lopusta, nuoli-painikkeen alta avautuvasta valikosta.<\/li>\n<li>Mik\u00e4li haluat m\u00e4\u00e4ritell\u00e4 toteutuksen osalle painokertoimen, lis\u00e4\u00e4 ensin Arvosanan osuus -sarake Sarakkeet-painikkeesta. T\u00e4ll\u00f6in avautuvaan ikkunaan tulee Arvosanan osuus -sarake.<\/li>\n<li>Sy\u00f6t\u00e4 avautuvassa ikkunassa toteutuksen osan nimet suomeksi ja englanniksi, mahdollinen arvosanan osuus sek\u00e4 osan laajuus. Tallenna tiedot valitsemalla Lis\u00e4\u00e4. Kiinnit\u00e4 huomiota toteutuksen osien kirjoitusasuun, koska kyseiset tiedot n\u00e4kyv\u00e4t opiskelijan opintosuoritusotteella.<\/li>\n<\/ol>\n<div id=\"attachment_6907\" style=\"width: 594px\" class=\"wp-caption alignnone\"><a href=\"https:\/\/blogi.eoppimispalvelut.fi\/peppi-ohjeet\/files\/2024\/08\/Toteutuksen-osan-lisaaminen-yksittaiselle-opiskelijalle.png\" rel=\"attachment wp-att-1154\"><img loading=\"lazy\" decoding=\"async\" aria-describedby=\"caption-attachment-6907\" class=\"wp-image-6907 size-large\" src=\"https:\/\/blogi.eoppimispalvelut.fi\/peppi-ohjeet\/files\/2024\/08\/Toteutuksen-osan-lisaaminen-yksittaiselle-opiskelijalle-1280x417.png\" alt=\"Toteutuksen osan lis\u00e4\u00e4minen yksitt\u00e4iselle opiskelijalle\" width=\"584\" height=\"190\" srcset=\"https:\/\/blogi.eoppimispalvelut.fi\/peppi-ohjeet\/files\/2024\/08\/Toteutuksen-osan-lisaaminen-yksittaiselle-opiskelijalle-1280x417.png 1280w, https:\/\/blogi.eoppimispalvelut.fi\/peppi-ohjeet\/files\/2024\/08\/Toteutuksen-osan-lisaaminen-yksittaiselle-opiskelijalle-600x195.png 600w, https:\/\/blogi.eoppimispalvelut.fi\/peppi-ohjeet\/files\/2024\/08\/Toteutuksen-osan-lisaaminen-yksittaiselle-opiskelijalle-768x250.png 768w, https:\/\/blogi.eoppimispalvelut.fi\/peppi-ohjeet\/files\/2024\/08\/Toteutuksen-osan-lisaaminen-yksittaiselle-opiskelijalle-1536x500.png 1536w, https:\/\/blogi.eoppimispalvelut.fi\/peppi-ohjeet\/files\/2024\/08\/Toteutuksen-osan-lisaaminen-yksittaiselle-opiskelijalle-2048x667.png 2048w, https:\/\/blogi.eoppimispalvelut.fi\/peppi-ohjeet\/files\/2024\/08\/Toteutuksen-osan-lisaaminen-yksittaiselle-opiskelijalle-500x163.png 500w\" sizes=\"auto, (max-width: 584px) 100vw, 584px\" \/><\/a><p id=\"caption-attachment-6907\" class=\"wp-caption-text\">Klikkaa kuvaa suuremmaksi<\/p><\/div>\n<p>&nbsp;<\/p>\n<hr \/>\n<p>Takaisin\u00a0<a href=\"https:\/\/blogi.eoppimispalvelut.fi\/peppi-ohjeet\/opetus_ohjaus\/\">Opetus ja ohjaus -sivulle<\/a><\/p>\n","protected":false},"excerpt":{"rendered":"<p>Mene toteutuksen Arvioinnit-v\u00e4lilehdelle. Valitse &#8220;Lis\u00e4\u00e4 toteutuksen osa&#8221; opiskelijarivin lopusta, nuoli-painikkeen alta avautuvasta valikosta. Mik\u00e4li haluat m\u00e4\u00e4ritell\u00e4 toteutuksen osalle painokertoimen, lis\u00e4\u00e4 ensin Arvosanan osuus -sarake Sarakkeet-painikkeesta. T\u00e4ll\u00f6in avautuvaan ikkunaan tulee Arvosanan osuus -sarake. Sy\u00f6t\u00e4 avautuvassa ikkunassa toteutuksen osan nimet suomeksi ja &hellip; <a href=\"https:\/\/blogi.eoppimispalvelut.fi\/peppi-ohjeet\/opetus_ohjaus\/arviointi-2\/toteutuksen-arviointi-sisaltaa-toteutuksen-osia-2\/toteutuksen-osan-lisaaminen-yksittaiselle-opiskelijalle\/\">Continue reading <span class=\"meta-nav\">&rarr;<\/span><\/a><\/p>\n","protected":false},"author":4339,"featured_media":0,"parent":1232,"menu_order":0,"comment_status":"closed","ping_status":"closed","template":"","meta":{"_monsterinsights_skip_tracking":false,"_monsterinsights_sitenote_active":false,"_monsterinsights_sitenote_note":"","_monsterinsights_sitenote_category":0,"footnotes":""},"class_list":["post-1239","page","type-page","status-publish","hentry"],"_links":{"self":[{"href":"https:\/\/blogi.eoppimispalvelut.fi\/peppi-ohjeet\/wp-json\/wp\/v2\/pages\/1239","targetHints":{"allow":["GET"]}}],"collection":[{"href":"https:\/\/blogi.eoppimispalvelut.fi\/peppi-ohjeet\/wp-json\/wp\/v2\/pages"}],"about":[{"href":"https:\/\/blogi.eoppimispalvelut.fi\/peppi-ohjeet\/wp-json\/wp\/v2\/types\/page"}],"author":[{"embeddable":true,"href":"https:\/\/blogi.eoppimispalvelut.fi\/peppi-ohjeet\/wp-json\/wp\/v2\/users\/4339"}],"replies":[{"embeddable":true,"href":"https:\/\/blogi.eoppimispalvelut.fi\/peppi-ohjeet\/wp-json\/wp\/v2\/comments?post=1239"}],"version-history":[{"count":5,"href":"https:\/\/blogi.eoppimispalvelut.fi\/peppi-ohjeet\/wp-json\/wp\/v2\/pages\/1239\/revisions"}],"predecessor-version":[{"id":6908,"href":"https:\/\/blogi.eoppimispalvelut.fi\/peppi-ohjeet\/wp-json\/wp\/v2\/pages\/1239\/revisions\/6908"}],"up":[{"embeddable":true,"href":"https:\/\/blogi.eoppimispalvelut.fi\/peppi-ohjeet\/wp-json\/wp\/v2\/pages\/1232"}],"wp:attachment":[{"href":"https:\/\/blogi.eoppimispalvelut.fi\/peppi-ohjeet\/wp-json\/wp\/v2\/media?parent=1239"}],"curies":[{"name":"wp","href":"https:\/\/api.w.org\/{rel}","templated":true}]}}