{"id":1247,"date":"2020-03-24T20:06:33","date_gmt":"2020-03-24T18:06:33","guid":{"rendered":"https:\/\/blogi.eoppimispalvelut.fi\/peppi-ohjeet\/?page_id=1247"},"modified":"2024-08-07T13:24:52","modified_gmt":"2024-08-07T10:24:52","slug":"uusintasuorituksen-lisaaminen-2","status":"publish","type":"page","link":"https:\/\/blogi.eoppimispalvelut.fi\/peppi-ohjeet\/opetus_ohjaus\/arviointi-2\/uusintasuorituksen-lisaaminen-2\/","title":{"rendered":"Uusintasuorituksen lis\u00e4\u00e4minen"},"content":{"rendered":"<p>Katso <a href=\"https:\/\/youtu.be\/h5wCW-LehoM\" target=\"_blank\" rel=\"noopener\">video<\/a> (tekstityksen saa p\u00e4\u00e4lle [cc]-painikkeesta).<\/p>\n<p>Kun opiskelija uusii hyl\u00e4tyn suorituksen tai korottaa arvosanaa, merkit\u00e4\u00e4n suoritukset Peppiin uusintasuorituksena.<\/p>\n<div id=\"attachment_6910\" style=\"width: 594px\" class=\"wp-caption alignnone\"><a href=\"https:\/\/blogi.eoppimispalvelut.fi\/peppi-ohjeet\/files\/2024\/08\/Uusintasuorituksen-lisaaminen.png\" rel=\"attachment wp-att-1161\"><img loading=\"lazy\" decoding=\"async\" aria-describedby=\"caption-attachment-6910\" class=\"wp-image-6910 size-large\" src=\"https:\/\/blogi.eoppimispalvelut.fi\/peppi-ohjeet\/files\/2024\/08\/Uusintasuorituksen-lisaaminen-1280x504.png\" alt=\"Uusintasuorituksen lis\u00e4\u00e4minen\" width=\"584\" height=\"230\" srcset=\"https:\/\/blogi.eoppimispalvelut.fi\/peppi-ohjeet\/files\/2024\/08\/Uusintasuorituksen-lisaaminen-1280x504.png 1280w, https:\/\/blogi.eoppimispalvelut.fi\/peppi-ohjeet\/files\/2024\/08\/Uusintasuorituksen-lisaaminen-600x236.png 600w, https:\/\/blogi.eoppimispalvelut.fi\/peppi-ohjeet\/files\/2024\/08\/Uusintasuorituksen-lisaaminen-768x302.png 768w, https:\/\/blogi.eoppimispalvelut.fi\/peppi-ohjeet\/files\/2024\/08\/Uusintasuorituksen-lisaaminen-1536x604.png 1536w, https:\/\/blogi.eoppimispalvelut.fi\/peppi-ohjeet\/files\/2024\/08\/Uusintasuorituksen-lisaaminen-2048x806.png 2048w, https:\/\/blogi.eoppimispalvelut.fi\/peppi-ohjeet\/files\/2024\/08\/Uusintasuorituksen-lisaaminen-500x197.png 500w\" sizes=\"auto, (max-width: 584px) 100vw, 584px\" \/><\/a><p id=\"caption-attachment-6910\" class=\"wp-caption-text\">Klikkaa kuvaa suuremmaksi<\/p><\/div>\n<ol>\n<li>Valitse &#8220;Lis\u00e4\u00e4 uusintasuoritus&#8221; opiskelijarivin lopussa olevasta nuolipainikkeen alta avautuvasta valikosta.<\/li>\n<li>Lis\u00e4\u00e4 arviointi valitsemalla arvosana alasvetovalikosta.<\/li>\n<li>Valitse arviointi- ja suoritusp\u00e4iv\u00e4m\u00e4\u00e4r\u00e4.<\/li>\n<li>Tallenna tiedot valitsemalla Lis\u00e4\u00e4.<\/li>\n<\/ol>\n<p>&nbsp;<\/p>\n<hr \/>\n<p>Takaisin\u00a0<a href=\"https:\/\/blogi.eoppimispalvelut.fi\/peppi-ohjeet\/opetus_ohjaus\/\">Opetus ja ohjaus -sivulle<\/a><\/p>\n","protected":false},"excerpt":{"rendered":"<p>Katso video (tekstityksen saa p\u00e4\u00e4lle [cc]-painikkeesta). Kun opiskelija uusii hyl\u00e4tyn suorituksen tai korottaa arvosanaa, merkit\u00e4\u00e4n suoritukset Peppiin uusintasuorituksena. Valitse &#8220;Lis\u00e4\u00e4 uusintasuoritus&#8221; opiskelijarivin lopussa olevasta nuolipainikkeen alta avautuvasta valikosta. Lis\u00e4\u00e4 arviointi valitsemalla arvosana alasvetovalikosta. Valitse arviointi- ja suoritusp\u00e4iv\u00e4m\u00e4\u00e4r\u00e4. Tallenna tiedot valitsemalla &hellip; <a href=\"https:\/\/blogi.eoppimispalvelut.fi\/peppi-ohjeet\/opetus_ohjaus\/arviointi-2\/uusintasuorituksen-lisaaminen-2\/\">Continue reading <span class=\"meta-nav\">&rarr;<\/span><\/a><\/p>\n","protected":false},"author":4339,"featured_media":0,"parent":296,"menu_order":0,"comment_status":"closed","ping_status":"closed","template":"","meta":{"_monsterinsights_skip_tracking":false,"_monsterinsights_sitenote_active":false,"_monsterinsights_sitenote_note":"","_monsterinsights_sitenote_category":0,"footnotes":""},"class_list":["post-1247","page","type-page","status-publish","hentry"],"_links":{"self":[{"href":"https:\/\/blogi.eoppimispalvelut.fi\/peppi-ohjeet\/wp-json\/wp\/v2\/pages\/1247","targetHints":{"allow":["GET"]}}],"collection":[{"href":"https:\/\/blogi.eoppimispalvelut.fi\/peppi-ohjeet\/wp-json\/wp\/v2\/pages"}],"about":[{"href":"https:\/\/blogi.eoppimispalvelut.fi\/peppi-ohjeet\/wp-json\/wp\/v2\/types\/page"}],"author":[{"embeddable":true,"href":"https:\/\/blogi.eoppimispalvelut.fi\/peppi-ohjeet\/wp-json\/wp\/v2\/users\/4339"}],"replies":[{"embeddable":true,"href":"https:\/\/blogi.eoppimispalvelut.fi\/peppi-ohjeet\/wp-json\/wp\/v2\/comments?post=1247"}],"version-history":[{"count":7,"href":"https:\/\/blogi.eoppimispalvelut.fi\/peppi-ohjeet\/wp-json\/wp\/v2\/pages\/1247\/revisions"}],"predecessor-version":[{"id":6911,"href":"https:\/\/blogi.eoppimispalvelut.fi\/peppi-ohjeet\/wp-json\/wp\/v2\/pages\/1247\/revisions\/6911"}],"up":[{"embeddable":true,"href":"https:\/\/blogi.eoppimispalvelut.fi\/peppi-ohjeet\/wp-json\/wp\/v2\/pages\/296"}],"wp:attachment":[{"href":"https:\/\/blogi.eoppimispalvelut.fi\/peppi-ohjeet\/wp-json\/wp\/v2\/media?parent=1247"}],"curies":[{"name":"wp","href":"https:\/\/api.w.org\/{rel}","templated":true}]}}